{"id":8845,"date":"2025-09-03T22:38:09","date_gmt":"2025-09-03T20:38:09","guid":{"rendered":"https:\/\/www.une.edu.pe\/viceacademico\/?page_id=8845"},"modified":"2026-04-23T23:00:36","modified_gmt":"2026-04-23T21:00:36","slug":"unidad-de-servicios-alimentarios","status":"publish","type":"page","link":"https:\/\/www.une.edu.pe\/viceacademico\/unidad-de-servicios-alimentarios\/","title":{"rendered":"Unidad de Servicios Alimentarios"},"content":{"rendered":"\t\t<div data-elementor-type=\"wp-page\" data-elementor-id=\"8845\" class=\"elementor elementor-8845\">\n\t\t\t\t<div class=\"elementor-element elementor-element-9a84f11 e-flex e-con-boxed e-con e-parent\" data-id=\"9a84f11\" data-element_type=\"container\" data-e-type=\"container\" data-settings=\"{&quot;background_background&quot;:&quot;classic&quot;}\">\n\t\t\t\t\t<div class=\"e-con-inner\">\n\t\t<div class=\"elementor-element elementor-element-7dcf2bf e-con-full e-flex e-con e-child\" data-id=\"7dcf2bf\" data-element_type=\"container\" data-e-type=\"container\">\n\t\t<div class=\"elementor-element elementor-element-358e574 e-con-full e-flex e-con e-child\" data-id=\"358e574\" data-element_type=\"container\" data-e-type=\"container\">\n\t\t\t\t<div class=\"elementor-element elementor-element-0905b6a elementor-widget__width-initial elementor-widget elementor-widget-image\" data-id=\"0905b6a\" data-element_type=\"widget\" data-e-type=\"widget\" data-widget_type=\"image.default\">\n\t\t\t\t\t\t\t\t\t\t\t\t\t\t\t\t<a href=\"https:\/\/www.une.edu.pe\/viceacademico\/\">\n\t\t\t\t\t\t\t<img fetchpriority=\"high\" decoding=\"async\" width=\"737\" height=\"220\" src=\"https:\/\/www.une.edu.pe\/viceacademico\/wp-content\/uploads\/2026\/03\/logova.png\" class=\"attachment-large size-large wp-image-13336\" alt=\"\" srcset=\"https:\/\/www.une.edu.pe\/viceacademico\/wp-content\/uploads\/2026\/03\/logova.png 737w, https:\/\/www.une.edu.pe\/viceacademico\/wp-content\/uploads\/2026\/03\/logova-300x90.png 300w\" sizes=\"(max-width: 737px) 100vw, 737px\" \/>\t\t\t\t\t\t\t\t<\/a>\n\t\t\t\t\t\t\t\t\t\t\t\t\t\t\t<\/div>\n\t\t\t\t<\/div>\n\t\t<div class=\"elementor-element elementor-element-36b0554 e-con-full e-flex e-con e-child\" data-id=\"36b0554\" data-element_type=\"container\" data-e-type=\"container\">\n\t\t\t\t<div class=\"elementor-element elementor-element-1bc2646 elesapre-nav-menu__breakpoint-tablet-small elementor-widget__width-initial elespare-submenu-icon-elespare-submenu-icon-arrow elementor-widget elementor-widget-elespare-nav-horziontal-menu\" data-id=\"1bc2646\" data-element_type=\"widget\" data-e-type=\"widget\" data-widget_type=\"elespare-nav-horziontal-menu.default\">\n\t\t\t\t\t    <div class=\"elespare-navigation--widget elespare-navigation-wrapper horizontal center elespare-mobile-responsive-center sub-hover drawer\" data-opt=\"sub-hover\">\n      <nav class=\"elespare-main-navigation elespare-nav-default elespare-nav elespare-header-navigation  elespare--hover-none elespare-submenu-icon-arrow\"        aria-label=\"Primary navigation\"\n        data-closeicon=\"demo-icon elespare-icons-cancel\">\n        <ul id=\"menu-bienestar\" class=\"elespare-menu animation-1\"><li id=\"menu-item-13345\" class=\"menu-item menu-item-type-post_type menu-item-object-page menu-item-13345\"><a href=\"https:\/\/www.une.edu.pe\/viceacademico\/about\/unidad-de-deportes-y-recreacion\/\" class=\"menu-link\">Deportes y Recreaci\u00f3n<\/a><\/li>\n<li id=\"menu-item-13346\" class=\"menu-item menu-item-type-post_type menu-item-object-page menu-item-13346\"><a href=\"https:\/\/www.une.edu.pe\/viceacademico\/unidad-de-servicios-alimentarios\/\" class=\"menu-link\">Servicios Alimentarios<\/a><\/li>\n<li id=\"menu-item-13347\" class=\"menu-item menu-item-type-post_type menu-item-object-page menu-item-13347\"><a href=\"https:\/\/www.une.edu.pe\/viceacademico\/unidad-de-servicio-social\/\" class=\"menu-link\">Servicio Social<\/a><\/li>\n<li id=\"menu-item-13439\" class=\"menu-item menu-item-type-post_type menu-item-object-page menu-item-13439\"><a href=\"https:\/\/www.une.edu.pe\/viceacademico\/unidad-de-servicios-medicos-y-psicopedagogicos\/\" class=\"menu-link\">Servicios M\u00e9dicos y Psicopedag\u00f3gicos<\/a><\/li>\n<li id=\"menu-item-13357\" class=\"menu-item menu-item-type-taxonomy menu-item-object-category menu-item-has-children menu-item-13357\"><a aria-expanded=\"false\" href=\"https:\/\/www.une.edu.pe\/viceacademico\/category\/beneficiarios\/\" class=\"menu-link\">Beneficiarios<span role=\"button\" class=\"dropdown-menu-toggle ast-header-navigation-arrow\" tabindex=\"0\" aria-expanded=\"false\" aria-label=\"Alternar men\u00fa\" aria-haspopup=\"true\"><\/span><\/a><button class=\"ast-menu-toggle\" aria-expanded=\"false\" aria-label=\"Alternar men\u00fa\"><span class=\"ast-icon icon-arrow\"><svg class=\"ast-arrow-svg\" xmlns=\"http:\/\/www.w3.org\/2000\/svg\" xmlns:xlink=\"http:\/\/www.w3.org\/1999\/xlink\" version=\"1.1\" x=\"0px\" y=\"0px\" width=\"26px\" height=\"16.043px\" viewBox=\"57 35.171 26 16.043\" enable-background=\"new 57 35.171 26 16.043\" xml:space=\"preserve\">\n                <path d=\"M57.5,38.193l12.5,12.5l12.5-12.5l-2.5-2.5l-10,10l-10-10L57.5,38.193z\" \/>\n                <\/svg><\/span><\/button>\n<ul class=\"sub-menu\">\n\t<li id=\"menu-item-13393\" class=\"menu-item menu-item-type-custom menu-item-object-custom menu-item-13393\"><a href=\"https:\/\/www.une.edu.pe\/indicador-deportes\/\" class=\"menu-link\">Indicador deportes<\/a><\/li>\n<\/ul>\n<\/li>\n<\/ul>      <\/nav>\n\n          <a href=\"#\" class=\"elespare-menu-toggle\" aria-expanded=\"false\">\n      <span class=\"elespare-menu-icon-toggle  elespare-open-toggle demo-icon elespare-icons-menu\"><\/span>\n      <!-- .menu-toggle-wrapper -->\n      <span class=\"elespare-menu-icon-toggle  elespare-close-toggle demo-icon elespare-icons-cancel\"><\/span>\n      <!-- .menu-toggle-wrapper -->\n      <span class=\"screen-reader-text menu-toggle-text\">Menu<\/span>\n    <\/a><!-- .menu-toggle -->\n\n        <div class=\"elespare-moblie-ham-menu elespare-menu-sidebar elespare-menu-left elespare--hover-none\">\n                      <a href=\"#\"\n              class=\"elespare--close-menu-side-bar demo-icon elespare-icons-cancel\"\n              aria-label=\"Close menu\"><\/a>\n                    <div class=\"elespare-menu-sidebar--wrapper\">\n\n            <nav class=\"elespare-menu-dropdown bienestar elespare-submenu-icon-arrow\"              aria-label=\"Dropdown navigation\">\n              <ul id=\"menu-bienestar-1\" class=\"elespare-dropdown-menu\"><li class=\"menu-item menu-item-type-post_type menu-item-object-page menu-item-13345\"><a href=\"https:\/\/www.une.edu.pe\/viceacademico\/about\/unidad-de-deportes-y-recreacion\/\" class=\"menu-link\">Deportes y Recreaci\u00f3n<\/a><\/li>\n<li class=\"menu-item menu-item-type-post_type menu-item-object-page menu-item-13346\"><a href=\"https:\/\/www.une.edu.pe\/viceacademico\/unidad-de-servicios-alimentarios\/\" class=\"menu-link\">Servicios Alimentarios<\/a><\/li>\n<li class=\"menu-item menu-item-type-post_type menu-item-object-page menu-item-13347\"><a href=\"https:\/\/www.une.edu.pe\/viceacademico\/unidad-de-servicio-social\/\" class=\"menu-link\">Servicio Social<\/a><\/li>\n<li class=\"menu-item menu-item-type-post_type menu-item-object-page menu-item-13439\"><a href=\"https:\/\/www.une.edu.pe\/viceacademico\/unidad-de-servicios-medicos-y-psicopedagogicos\/\" class=\"menu-link\">Servicios M\u00e9dicos y Psicopedag\u00f3gicos<\/a><\/li>\n<li class=\"menu-item menu-item-type-taxonomy menu-item-object-category menu-item-has-children menu-item-13357\"><a aria-expanded=\"false\" href=\"https:\/\/www.une.edu.pe\/viceacademico\/category\/beneficiarios\/\" class=\"menu-link\">Beneficiarios<span role=\"button\" class=\"dropdown-menu-toggle ast-header-navigation-arrow\" tabindex=\"0\" aria-expanded=\"false\" aria-label=\"Alternar men\u00fa\" aria-haspopup=\"true\"><\/span><\/a><button class=\"ast-menu-toggle\" aria-expanded=\"false\" aria-label=\"Alternar men\u00fa\"><span class=\"ast-icon icon-arrow\"><svg class=\"ast-arrow-svg\" xmlns=\"http:\/\/www.w3.org\/2000\/svg\" xmlns:xlink=\"http:\/\/www.w3.org\/1999\/xlink\" version=\"1.1\" x=\"0px\" y=\"0px\" width=\"26px\" height=\"16.043px\" viewBox=\"57 35.171 26 16.043\" enable-background=\"new 57 35.171 26 16.043\" xml:space=\"preserve\">\n                <path d=\"M57.5,38.193l12.5,12.5l12.5-12.5l-2.5-2.5l-10,10l-10-10L57.5,38.193z\" \/>\n                <\/svg><\/span><\/button>\n<ul class=\"sub-menu\">\n\t<li class=\"menu-item menu-item-type-custom menu-item-object-custom menu-item-13393\"><a href=\"https:\/\/www.une.edu.pe\/indicador-deportes\/\" class=\"menu-link\">Indicador deportes<\/a><\/li>\n<\/ul>\n<\/li>\n<\/ul>            <\/nav>\n          <\/div>\n        <\/div>\n\n      \n              <div class=\"elespare-overlay\"><\/div>\n          <\/div>\n  \t\t\t\t<\/div>\n\t\t\t\t<\/div>\n\t\t\t\t<\/div>\n\t\t\t\t\t<\/div>\n\t\t\t\t<\/div>\n\t\t<div class=\"elementor-element elementor-element-73a4e85 e-flex e-con-boxed e-con e-parent\" data-id=\"73a4e85\" data-element_type=\"container\" data-e-type=\"container\" data-settings=\"{&quot;background_background&quot;:&quot;classic&quot;}\">\n\t\t\t\t\t<div class=\"e-con-inner\">\n\t\t\t\t<div class=\"elementor-element elementor-element-31f849d elementor-widget elementor-widget-heading\" data-id=\"31f849d\" data-element_type=\"widget\" data-e-type=\"widget\" data-widget_type=\"heading.default\">\n\t\t\t\t\t<h1 class=\"elementor-heading-title elementor-size-default\">Unidad de Servicios Alimentarios<\/h1>\t\t\t\t<\/div>\n\t\t\t\t\t<\/div>\n\t\t\t\t<\/div>\n\t\t<div class=\"elementor-element elementor-element-b729892 e-flex e-con-boxed e-con e-parent\" data-id=\"b729892\" data-element_type=\"container\" data-e-type=\"container\">\n\t\t\t\t\t<div class=\"e-con-inner\">\n\t\t<div class=\"elementor-element elementor-element-5d34e2a e-con-full e-flex e-con e-child\" data-id=\"5d34e2a\" data-element_type=\"container\" data-e-type=\"container\">\n\t\t\t\t<div class=\"elementor-element elementor-element-bf6bb4a elementor-widget elementor-widget-heading\" data-id=\"bf6bb4a\" data-element_type=\"widget\" data-e-type=\"widget\" data-widget_type=\"heading.default\">\n\t\t\t\t\t<h2 class=\"elementor-heading-title elementor-size-default\">Objetivo general: <\/h2>\t\t\t\t<\/div>\n\t\t\t\t<div class=\"elementor-element elementor-element-e84fea1 elementor-widget elementor-widget-text-editor\" data-id=\"e84fea1\" data-element_type=\"widget\" data-e-type=\"widget\" data-widget_type=\"text-editor.default\">\n\t\t\t\t\t\t\t\t\t<p><span style=\"color: #000000;\">Brindar atenci\u00f3n alimentaria a toda la comunidad universitaria, contribuyendo al bienestar y al rendimiento acad\u00e9mico de los estudiantes de la UNE.<\/span><\/p>\t\t\t\t\t\t\t\t<\/div>\n\t\t\t\t<div class=\"elementor-element elementor-element-1b0ae1b elementor-widget elementor-widget-heading\" data-id=\"1b0ae1b\" data-element_type=\"widget\" data-e-type=\"widget\" data-widget_type=\"heading.default\">\n\t\t\t\t\t<h2 class=\"elementor-heading-title elementor-size-default\">Plan estrat\u00e9gico:<\/h2>\t\t\t\t<\/div>\n\t\t\t\t<div class=\"elementor-element elementor-element-2c5b928 elementor-widget elementor-widget-text-editor\" data-id=\"2c5b928\" data-element_type=\"widget\" data-e-type=\"widget\" data-widget_type=\"text-editor.default\">\n\t\t\t\t\t\t\t\t\t<p>Las actividades programadas est\u00e1n contempladas en el PIA y cuentan con presupuesto asignado al centro de costos de la Unidad de Servicios Alimentarios.\u00a0<\/p>\t\t\t\t\t\t\t\t<\/div>\n\t\t\t\t<\/div>\n\t\t<div class=\"elementor-element elementor-element-30cbeac e-con-full e-flex e-con e-child\" data-id=\"30cbeac\" data-element_type=\"container\" data-e-type=\"container\">\n\t\t\t\t<div class=\"elementor-element elementor-element-e054267 elementor-widget elementor-widget-image\" data-id=\"e054267\" data-element_type=\"widget\" data-e-type=\"widget\" data-widget_type=\"image.default\">\n\t\t\t\t\t\t\t\t\t\t\t\t\t\t\t<img decoding=\"async\" width=\"1193\" height=\"809\" src=\"https:\/\/www.une.edu.pe\/viceacademico\/wp-content\/uploads\/2026\/04\/Foto_Elegida.png\" class=\"attachment-full size-full wp-image-13480\" alt=\"\" srcset=\"https:\/\/www.une.edu.pe\/viceacademico\/wp-content\/uploads\/2026\/04\/Foto_Elegida.png 1193w, https:\/\/www.une.edu.pe\/viceacademico\/wp-content\/uploads\/2026\/04\/Foto_Elegida-300x203.png 300w, https:\/\/www.une.edu.pe\/viceacademico\/wp-content\/uploads\/2026\/04\/Foto_Elegida-1024x694.png 1024w, https:\/\/www.une.edu.pe\/viceacademico\/wp-content\/uploads\/2026\/04\/Foto_Elegida-768x521.png 768w\" sizes=\"(max-width: 1193px) 100vw, 1193px\" \/>\t\t\t\t\t\t\t\t\t\t\t\t\t\t\t<\/div>\n\t\t\t\t<\/div>\n\t\t\t\t\t<\/div>\n\t\t\t\t<\/div>\n\t\t<div class=\"elementor-element elementor-element-d4f1d4c e-flex e-con-boxed e-con e-parent\" data-id=\"d4f1d4c\" data-element_type=\"container\" data-e-type=\"container\">\n\t\t\t\t\t<div class=\"e-con-inner\">\n\t\t\t\t<div class=\"elementor-element elementor-element-add4dcb elementor-widget elementor-widget-heading\" data-id=\"add4dcb\" data-element_type=\"widget\" data-e-type=\"widget\" data-widget_type=\"heading.default\">\n\t\t\t\t\t<h2 class=\"elementor-heading-title elementor-size-default\">Normas de comensales: <\/h2>\t\t\t\t<\/div>\n\t\t\t\t\t<\/div>\n\t\t\t\t<\/div>\n\t\t<div class=\"elementor-element elementor-element-5d90495 e-flex e-con-boxed e-con e-parent\" data-id=\"5d90495\" data-element_type=\"container\" data-e-type=\"container\">\n\t\t\t\t\t<div class=\"e-con-inner\">\n\t\t\t\t<div class=\"elementor-element elementor-element-cabbc3d elementor-widget elementor-widget-text-editor\" data-id=\"cabbc3d\" data-element_type=\"widget\" data-e-type=\"widget\" data-widget_type=\"text-editor.default\">\n\t\t\t\t\t\t\t\t\t<ol><li><span style=\"color: #000000;\">Respetar el horario de atenci\u00f3n del Comedor Universitario establecido por el reglamento.<\/span><\/li><li><span style=\"color: #000000;\">Portar su carnet universitario o DNI de manera obligatoria.<\/span><\/li><li><span style=\"color: #000000;\">El estudiante que hace uso del Comedor Universitario, portar\u00e1 su utensilio preferentemente y en caso excepcionales ser\u00e1 cedido por la UNE EGyV.<\/span><\/li><li><span style=\"color: #000000;\">Mantener el orden y la limpieza dentro del ambiente de la infraestructura del Comedor Universitario.<\/span><\/li><li><span style=\"color: #000000;\">Respetar y\/o mantener el orden de llegada para acceder al servicio y atenci\u00f3n del Comedor Universitario.<\/span><\/li><li><span style=\"color: #000000;\">Acercar\u00e1 su bandeja al servidor para solicitar las raciones que le corresponda consumir, evitando el desperdicio de las mismas.<\/span><\/li><li><span style=\"color: #000000;\">La p\u00e9rdida o deterioro de vajillas o enseres del comedor por parte del comensal causante, ser\u00e1 repuesto por \u00e9ste bajo responsabilidad.<\/span><\/li><li><span style=\"color: #000000;\">Respetar al personal administrativo y del comedor, as\u00ed como fomentar un ambiente de respeto y convivencia entre compa\u00f1eros.<\/span><\/li><\/ol>\t\t\t\t\t\t\t\t<\/div>\n\t\t\t\t\t<\/div>\n\t\t\t\t<\/div>\n\t\t<div class=\"elementor-element elementor-element-3e52e9a e-flex e-con-boxed e-con e-parent\" data-id=\"3e52e9a\" data-element_type=\"container\" data-e-type=\"container\">\n\t\t\t\t\t<div class=\"e-con-inner\">\n\t\t\t\t<div class=\"elementor-element elementor-element-baae99e elementor-widget elementor-widget-spacer\" data-id=\"baae99e\" data-element_type=\"widget\" data-e-type=\"widget\" data-widget_type=\"spacer.default\">\n\t\t\t\t\t\t\t<div class=\"elementor-spacer\">\n\t\t\t<div class=\"elementor-spacer-inner\"><\/div>\n\t\t<\/div>\n\t\t\t\t\t\t<\/div>\n\t\t\t\t\t<\/div>\n\t\t\t\t<\/div>\n\t\t<div class=\"elementor-element elementor-element-f1612c9 e-flex e-con-boxed e-con e-parent\" data-id=\"f1612c9\" data-element_type=\"container\" data-e-type=\"container\">\n\t\t\t\t\t<div class=\"e-con-inner\">\n\t\t\t\t<div class=\"elementor-element elementor-element-71e13d3 elementor-widget elementor-widget-image\" data-id=\"71e13d3\" data-element_type=\"widget\" data-e-type=\"widget\" data-widget_type=\"image.default\">\n\t\t\t\t\t\t\t\t\t\t\t\t\t\t\t<img decoding=\"async\" width=\"837\" height=\"608\" src=\"https:\/\/www.une.edu.pe\/viceacademico\/wp-content\/uploads\/2026\/04\/Horaio.png\" class=\"attachment-full size-full wp-image-13520\" alt=\"\" srcset=\"https:\/\/www.une.edu.pe\/viceacademico\/wp-content\/uploads\/2026\/04\/Horaio.png 837w, https:\/\/www.une.edu.pe\/viceacademico\/wp-content\/uploads\/2026\/04\/Horaio-300x218.png 300w, https:\/\/www.une.edu.pe\/viceacademico\/wp-content\/uploads\/2026\/04\/Horaio-768x558.png 768w\" sizes=\"(max-width: 837px) 100vw, 837px\" \/>\t\t\t\t\t\t\t\t\t\t\t\t\t\t\t<\/div>\n\t\t<div class=\"elementor-element elementor-element-f9085bf e-con-full e-flex e-con e-child\" data-id=\"f9085bf\" data-element_type=\"container\" data-e-type=\"container\">\n\t\t\t\t<div class=\"elementor-element elementor-element-e7542b1 elementor-widget elementor-widget-heading\" data-id=\"e7542b1\" data-element_type=\"widget\" data-e-type=\"widget\" data-widget_type=\"heading.default\">\n\t\t\t\t\t<h2 class=\"elementor-heading-title elementor-size-default\">Horario de atenci\u00f3n:<\/h2>\t\t\t\t<\/div>\n\t\t\t\t<div class=\"elementor-element elementor-element-2a6cda5 elementor-widget elementor-widget-text-editor\" data-id=\"2a6cda5\" data-element_type=\"widget\" data-e-type=\"widget\" data-widget_type=\"text-editor.default\">\n\t\t\t\t\t\t\t\t\t<h5><span style=\"color: #000000;\"><strong>Estudiantes:<\/strong><\/span><\/h5><ul><li>Desayuno: 7:00 a 8:00 a.m.<\/li><li>Almuerzo: 12:00 a 1:45 p.m.<\/li><li>Cena: 4:30 a 5:30 p.m.<\/li><\/ul><p><strong><span style=\"color: #000000;\">NOTA: La espera de la atenci\u00f3n del almuerzo ser\u00e1 a partir de las 11:30 a.m., seg\u00fan la entrada que le corresponde a cada facultad.<\/span><\/strong><\/p>\t\t\t\t\t\t\t\t<\/div>\n\t\t\t\t<\/div>\n\t\t\t\t\t<\/div>\n\t\t\t\t<\/div>\n\t\t<div class=\"elementor-element elementor-element-bd94161 e-flex e-con-boxed e-con e-parent\" data-id=\"bd94161\" data-element_type=\"container\" data-e-type=\"container\">\n\t\t\t\t\t<div class=\"e-con-inner\">\n\t\t\t\t<div class=\"elementor-element elementor-element-0a9ae91 elementor-widget elementor-widget-spacer\" data-id=\"0a9ae91\" data-element_type=\"widget\" data-e-type=\"widget\" data-widget_type=\"spacer.default\">\n\t\t\t\t\t\t\t<div class=\"elementor-spacer\">\n\t\t\t<div class=\"elementor-spacer-inner\"><\/div>\n\t\t<\/div>\n\t\t\t\t\t\t<\/div>\n\t\t\t\t\t<\/div>\n\t\t\t\t<\/div>\n\t\t<div class=\"elementor-element elementor-element-533357a e-flex e-con-boxed e-con e-parent\" data-id=\"533357a\" data-element_type=\"container\" data-e-type=\"container\">\n\t\t\t\t\t<div class=\"e-con-inner\">\n\t\t\t\t<div class=\"elementor-element elementor-element-5f57b84 elementor-widget elementor-widget-text-editor\" data-id=\"5f57b84\" data-element_type=\"widget\" data-e-type=\"widget\" data-widget_type=\"text-editor.default\">\n\t\t\t\t\t\t\t\t\t<h4><b>RESPONSABLES<\/b><\/h4><p><b>JEFE DE LA UNIDAD:\u00a0<\/b>C.P.C Rosa Bertha Ticlayauri Maldonado<\/p><p><b>ASISTENTE<\/b>\u00a0<b>ADMINISTRATIVO<\/b><b>:\u00a0<\/b>Bach. Diana Janet Josefa Rivasplata Silva<\/p><p><b>SECRETARIA: <\/b>Lic. Raquel Mar\u00eda Calixto Serna<\/p><p><b>HORARIO DE ATENCI\u00d3N: Lunes a Viernes de\u00a0 8:00 a.m. \u2013 4:00 p.m.<\/b><\/p>\t\t\t\t\t\t\t\t<\/div>\n\t\t\t\t\t<\/div>\n\t\t\t\t<\/div>\n\t\t<div class=\"elementor-element elementor-element-1e5b3fd e-flex e-con-boxed e-con e-parent\" data-id=\"1e5b3fd\" data-element_type=\"container\" data-e-type=\"container\">\n\t\t\t\t\t<div class=\"e-con-inner\">\n\t\t\t\t<div class=\"elementor-element elementor-element-7523fc5 elementor-widget elementor-widget-spacer\" data-id=\"7523fc5\" data-element_type=\"widget\" data-e-type=\"widget\" data-widget_type=\"spacer.default\">\n\t\t\t\t\t\t\t<div class=\"elementor-spacer\">\n\t\t\t<div class=\"elementor-spacer-inner\"><\/div>\n\t\t<\/div>\n\t\t\t\t\t\t<\/div>\n\t\t\t\t\t<\/div>\n\t\t\t\t<\/div>\n\t\t<div class=\"elementor-element elementor-element-5911422 e-flex e-con-boxed e-con e-parent\" data-id=\"5911422\" data-element_type=\"container\" data-e-type=\"container\">\n\t\t\t\t\t<div class=\"e-con-inner\">\n\t\t\t\t<div class=\"elementor-element elementor-element-3c1593d elementor-widget elementor-widget-heading\" data-id=\"3c1593d\" data-element_type=\"widget\" data-e-type=\"widget\" data-widget_type=\"heading.default\">\n\t\t\t\t\t<h5 class=\"elementor-heading-title elementor-size-default\">\u201cLa Unidad de Servicios Alimentarios se compromete a brindar un servicio de calidad a los estudiantes, garantizando una alimentaci\u00f3n saludable, segura y accesible.\u201d<\/h5>\t\t\t\t<\/div>\n\t\t\t\t\t<\/div>\n\t\t\t\t<\/div>\n\t\t<div class=\"elementor-element elementor-element-4b4a57a e-flex e-con-boxed e-con e-parent\" data-id=\"4b4a57a\" data-element_type=\"container\" data-e-type=\"container\">\n\t\t\t\t\t<div class=\"e-con-inner\">\n\t\t\t\t<div class=\"elementor-element elementor-element-63113b2 elementor-widget elementor-widget-spacer\" data-id=\"63113b2\" data-element_type=\"widget\" data-e-type=\"widget\" data-widget_type=\"spacer.default\">\n\t\t\t\t\t\t\t<div class=\"elementor-spacer\">\n\t\t\t<div class=\"elementor-spacer-inner\"><\/div>\n\t\t<\/div>\n\t\t\t\t\t\t<\/div>\n\t\t\t\t\t<\/div>\n\t\t\t\t<\/div>\n\t\t\t\t<\/div>\n\t\t","protected":false},"excerpt":{"rendered":"<p>Deportes y Recreaci\u00f3n Servicios Alimentarios Servicio Social Servicios M\u00e9dicos y Psicopedag\u00f3gicos Beneficiarios Indicador deportes Menu Deportes y Recreaci\u00f3n Servicios Alimentarios [&hellip;]<\/p>\n","protected":false},"author":1,"featured_media":0,"parent":0,"menu_order":0,"comment_status":"closed","ping_status":"closed","template":"","meta":{"site-sidebar-layout":"no-sidebar","site-content-layout":"","ast-site-content-layout":"full-width-container","site-content-style":"default","site-sidebar-style":"default","ast-global-header-display":"","ast-banner-title-visibility":"","ast-main-header-display":"","ast-hfb-above-header-display":"","ast-hfb-below-header-display":"","ast-hfb-mobile-header-display":"","site-post-title":"","ast-breadcrumbs-content":"","ast-featured-img":"disabled","footer-sml-layout":"","ast-disable-related-posts":"","theme-transparent-header-meta":"","adv-header-id-meta":"","stick-header-meta":"","header-above-stick-meta":"","header-main-stick-meta":"","header-below-stick-meta":"","astra-migrate-meta-layouts":"default","ast-page-background-enabled":"default","ast-page-background-meta":{"desktop":{"background-color":"var(--ast-global-color-4)","background-image":"","background-repeat":"repeat","background-position":"center center","background-size":"auto","background-attachment":"scroll","background-type":"","background-media":"","overlay-type":"","overlay-color":"","overlay-opacity":"","overlay-gradient":""},"tablet":{"background-color":"","background-image":"","background-repeat":"repeat","background-position":"center center","background-size":"auto","background-attachment":"scroll","background-type":"","background-media":"","overlay-type":"","overlay-color":"","overlay-opacity":"","overlay-gradient":""},"mobile":{"background-color":"","background-image":"","background-repeat":"repeat","background-position":"center center","background-size":"auto","background-attachment":"scroll","background-type":"","background-media":"","overlay-type":"","overlay-color":"","overlay-opacity":"","overlay-gradient":""}},"ast-content-background-meta":{"desktop":{"background-color":"var(--ast-global-color-5)","background-image":"","background-repeat":"repeat","background-position":"center center","background-size":"auto","background-attachment":"scroll","background-type":"","background-media":"","overlay-type":"","overlay-color":"","overlay-opacity":"","overlay-gradient":""},"tablet":{"background-color":"var(--ast-global-color-5)","background-image":"","background-repeat":"repeat","background-position":"center center","background-size":"auto","background-attachment":"scroll","background-type":"","background-media":"","overlay-type":"","overlay-color":"","overlay-opacity":"","overlay-gradient":""},"mobile":{"background-color":"var(--ast-global-color-5)","background-image":"","background-repeat":"repeat","background-position":"center center","background-size":"auto","background-attachment":"scroll","background-type":"","background-media":"","overlay-type":"","overlay-color":"","overlay-opacity":"","overlay-gradient":""}},"ngg_post_thumbnail":0,"footnotes":""},"class_list":["post-8845","page","type-page","status-publish","hentry"],"_links":{"self":[{"href":"https:\/\/www.une.edu.pe\/viceacademico\/wp-json\/wp\/v2\/pages\/8845","targetHints":{"allow":["GET"]}}],"collection":[{"href":"https:\/\/www.une.edu.pe\/viceacademico\/wp-json\/wp\/v2\/pages"}],"about":[{"href":"https:\/\/www.une.edu.pe\/viceacademico\/wp-json\/wp\/v2\/types\/page"}],"author":[{"embeddable":true,"href":"https:\/\/www.une.edu.pe\/viceacademico\/wp-json\/wp\/v2\/users\/1"}],"replies":[{"embeddable":true,"href":"https:\/\/www.une.edu.pe\/viceacademico\/wp-json\/wp\/v2\/comments?post=8845"}],"version-history":[{"count":91,"href":"https:\/\/www.une.edu.pe\/viceacademico\/wp-json\/wp\/v2\/pages\/8845\/revisions"}],"predecessor-version":[{"id":14031,"href":"https:\/\/www.une.edu.pe\/viceacademico\/wp-json\/wp\/v2\/pages\/8845\/revisions\/14031"}],"wp:attachment":[{"href":"https:\/\/www.une.edu.pe\/viceacademico\/wp-json\/wp\/v2\/media?parent=8845"}],"curies":[{"name":"wp","href":"https:\/\/api.w.org\/{rel}","templated":true}]}}