{"id":7896,"date":"2025-09-01T16:38:50","date_gmt":"2025-09-01T14:38:50","guid":{"rendered":"https:\/\/www.une.edu.pe\/viceacademico\/?page_id=7896"},"modified":"2025-09-05T20:04:36","modified_gmt":"2025-09-05T18:04:36","slug":"directorio","status":"publish","type":"page","link":"https:\/\/www.une.edu.pe\/viceacademico\/directorio\/","title":{"rendered":"Directorio"},"content":{"rendered":"\t\t<div data-elementor-type=\"wp-page\" data-elementor-id=\"7896\" class=\"elementor elementor-7896\">\n\t\t\t\t<div class=\"elementor-element elementor-element-cf5b42d e-flex e-con-boxed e-con e-parent\" data-id=\"cf5b42d\" data-element_type=\"container\" data-e-type=\"container\" data-settings=\"{&quot;background_background&quot;:&quot;classic&quot;}\">\n\t\t\t\t\t<div class=\"e-con-inner\">\n\t\t\t\t<div class=\"elementor-element elementor-element-df0c1f7 elementor-widget elementor-widget-heading\" data-id=\"df0c1f7\" data-element_type=\"widget\" data-e-type=\"widget\" data-widget_type=\"heading.default\">\n\t\t\t\t\t<h1 class=\"elementor-heading-title elementor-size-default\">Directorio<\/h1>\t\t\t\t<\/div>\n\t\t\t\t\t<\/div>\n\t\t\t\t<\/div>\n\t\t<div class=\"elementor-element elementor-element-7975601 e-flex e-con-boxed e-con e-parent\" data-id=\"7975601\" data-element_type=\"container\" data-e-type=\"container\">\n\t\t\t\t\t<div class=\"e-con-inner\">\n\t\t\t\t<div class=\"elementor-element elementor-element-1628069 elementor-widget elementor-widget-spacer\" data-id=\"1628069\" data-element_type=\"widget\" data-e-type=\"widget\" data-widget_type=\"spacer.default\">\n\t\t\t\t\t\t\t<div class=\"elementor-spacer\">\n\t\t\t<div class=\"elementor-spacer-inner\"><\/div>\n\t\t<\/div>\n\t\t\t\t\t\t<\/div>\n\t\t\t\t\t<\/div>\n\t\t\t\t<\/div>\n\t\t<div class=\"elementor-element elementor-element-35ab077 e-flex e-con-boxed e-con e-parent\" data-id=\"35ab077\" data-element_type=\"container\" data-e-type=\"container\">\n\t\t\t\t\t<div class=\"e-con-inner\">\n\t\t\t\t<div class=\"elementor-element elementor-element-aa65e6c elementor-widget elementor-widget-shortcode\" data-id=\"aa65e6c\" data-element_type=\"widget\" data-e-type=\"widget\" data-widget_type=\"shortcode.default\">\n\t\t\t\t\t\t\t<div class=\"elementor-shortcode\">\n<table id=\"tablepress-1\" class=\"tablepress tablepress-id-1\">\n<thead>\n<tr class=\"row-1\">\n\t<th class=\"column-1\">N\u00b0<\/th><th class=\"column-2\">Oficina <\/th><th class=\"column-3\">Correo electr\u00f3nico<\/th><th class=\"column-4\">Numero Anexo<\/th>\n<\/tr>\n<\/thead>\n<tbody class=\"row-striping row-hover\">\n<tr class=\"row-2\">\n\t<td class=\"column-1\">1<\/td><td class=\"column-2\">Vicerrectorado Acad\u00e9mico<\/td><td class=\"column-3\">vice-academico@une.edu.pe<\/td><td class=\"column-4\">Anexo: 3020<\/td>\n<\/tr>\n<tr class=\"row-3\">\n\t<td class=\"column-1\">2<\/td><td class=\"column-2\">Unidad de Vicerrectorado Acad\u00e9mico<\/td><td class=\"column-3\"><\/td><td class=\"column-4\">Anexo: 3010<\/td>\n<\/tr>\n<tr class=\"row-4\">\n\t<td class=\"column-1\">3<\/td><td class=\"column-2\">Direcci\u00f3n de Proyecci\u00f3n Social y Extensi\u00f3n Cultural<\/td><td class=\"column-3\">proysoc@une.edu.pe<\/td><td class=\"column-4\">Anexo: 3600<\/td>\n<\/tr>\n<tr class=\"row-5\">\n\t<td class=\"column-1\">4<\/td><td class=\"column-2\">Direcci\u00f3n de Bienestar Universitario<\/td><td class=\"column-3\">bienestar@une.edu.pe<\/td><td class=\"column-4\">Anexo: 6210<\/td>\n<\/tr>\n<tr class=\"row-6\">\n\t<td class=\"column-1\">5<\/td><td class=\"column-2\">Unidad de Servicios M\u00e9dicos y Psicopedag\u00f3gicos<\/td><td class=\"column-3\">salud@une.edu.pe \/ spsicologicos.consultas@une.edu.pe<\/td><td class=\"column-4\"><\/td>\n<\/tr>\n<tr class=\"row-7\">\n\t<td class=\"column-1\">6<\/td><td class=\"column-2\">Unidad de Servicio Social<\/td><td class=\"column-3\">ssocial@une.edu.pe<\/td><td class=\"column-4\">Anexo: 6250<\/td>\n<\/tr>\n<tr class=\"row-8\">\n\t<td class=\"column-1\">7<\/td><td class=\"column-2\">Unidad de Servicios Alimentarios<\/td><td class=\"column-3\">salimentarios@une.edu.pe<\/td><td class=\"column-4\">Anexo: 6240 \u2013 6241<\/td>\n<\/tr>\n<tr class=\"row-9\">\n\t<td class=\"column-1\">8<\/td><td class=\"column-2\">Unidad de Deportes y Recreaci\u00f3n<\/td><td class=\"column-3\">deportes@une.edu.pe<\/td><td class=\"column-4\">Anexo: 6237<\/td>\n<\/tr>\n<tr class=\"row-10\">\n\t<td class=\"column-1\">9<\/td><td class=\"column-2\">Direcci\u00f3n de Admisi\u00f3n<\/td><td class=\"column-3\">admision@une.edu.pe<\/td><td class=\"column-4\">Anexo: 3210<\/td>\n<\/tr>\n<tr class=\"row-11\">\n\t<td class=\"column-1\">10<\/td><td class=\"column-2\">Direcci\u00f3n de Registro y Servicios Acad\u00e9micos<\/td><td class=\"column-3\">registro@une.edu.pe<\/td><td class=\"column-4\">Anexo: 3310<\/td>\n<\/tr>\n<tr class=\"row-12\">\n\t<td class=\"column-1\">11<\/td><td class=\"column-2\">Unidad de Servicios Acad\u00e9micos<\/td><td class=\"column-3\">serviacad@une.edu.pe<\/td><td class=\"column-4\">Anexo: 3331 \u2013 3334<\/td>\n<\/tr>\n<tr class=\"row-13\">\n\t<td class=\"column-1\">12<\/td><td class=\"column-2\">Unidad de Grados y T\u00edtulos<\/td><td class=\"column-3\">ungradosytitulos@une.edu.pe<\/td><td class=\"column-4\">Anexo: 3332<\/td>\n<\/tr>\n<tr class=\"row-14\">\n\t<td class=\"column-1\">13<\/td><td class=\"column-2\">Direcci\u00f3n de Programas de Segunda Especialidad Profesional<\/td><td class=\"column-3\">procase@une.edu.pe<\/td><td class=\"column-4\">Anexo: 3710<\/td>\n<\/tr>\n<tr class=\"row-15\">\n\t<td class=\"column-1\">14<\/td><td class=\"column-2\">Direcci\u00f3n de Seguimiento del Egresado y Formaci\u00f3n Continua<\/td><td class=\"column-3\">centrocontinua@une.edu.pe<\/td><td class=\"column-4\">Anexo: 3810 \u2013 1040<\/td>\n<\/tr>\n<tr class=\"row-16\">\n\t<td class=\"column-1\">15<\/td><td class=\"column-2\">Direcci\u00f3n de Pr\u00e1cticas Preprofesionales<\/td><td class=\"column-3\">practicacomunidad@une.edu.pe<\/td><td class=\"column-4\">Anexo: 3100<\/td>\n<\/tr>\n<tr class=\"row-17\">\n\t<td class=\"column-1\">16<\/td><td class=\"column-2\">Direcci\u00f3n de Centro de Experimentaci\u00f3n Pedag\u00f3gica<\/td><td class=\"column-3\">cexperimental@une.edu.pe<\/td><td class=\"column-4\">Anexo: 3401<\/td>\n<\/tr>\n<tr class=\"row-18\">\n\t<td class=\"column-1\"><\/td><td class=\"column-2\"><\/td><td class=\"column-3\"><\/td><td class=\"column-4\"><\/td>\n<\/tr>\n<tr class=\"row-19\">\n\t<td class=\"column-1\"><\/td><td class=\"column-2\"><\/td><td class=\"column-3\"><\/td><td class=\"column-4\"><\/td>\n<\/tr>\n<tr class=\"row-20\">\n\t<td class=\"column-1\"><\/td><td class=\"column-2\"><\/td><td class=\"column-3\"><\/td><td class=\"column-4\"><\/td>\n<\/tr>\n<\/tbody>\n<\/table>\n<!-- #tablepress-1 from cache --><\/div>\n\t\t\t\t\t\t<\/div>\n\t\t\t\t\t<\/div>\n\t\t\t\t<\/div>\n\t\t<div class=\"elementor-element elementor-element-9e7a199 e-flex e-con-boxed e-con e-parent\" data-id=\"9e7a199\" data-element_type=\"container\" data-e-type=\"container\">\n\t\t\t\t\t<div class=\"e-con-inner\">\n\t\t\t\t<div class=\"elementor-element elementor-element-efa5f8d elementor-widget-divider--view-line_icon elementor-view-default elementor-widget-divider--element-align-center elementor-widget elementor-widget-divider\" data-id=\"efa5f8d\" data-element_type=\"widget\" data-e-type=\"widget\" data-widget_type=\"divider.default\">\n\t\t\t\t\t\t\t<div class=\"elementor-divider\">\n\t\t\t<span class=\"elementor-divider-separator\">\n\t\t\t\t\t\t\t<div class=\"elementor-icon elementor-divider__element\">\n\t\t\t\t\t<svg aria-hidden=\"true\" class=\"e-font-icon-svg e-fas-blender-phone\" viewBox=\"0 0 576 512\" xmlns=\"http:\/\/www.w3.org\/2000\/svg\"><path d=\"M392 64h166.54L576 0H192v352h288l17.46-64H392c-4.42 0-8-3.58-8-8v-16c0-4.42 3.58-8 8-8h114.18l17.46-64H392c-4.42 0-8-3.58-8-8v-16c0-4.42 3.58-8 8-8h140.36l17.46-64H392c-4.42 0-8-3.58-8-8V72c0-4.42 3.58-8 8-8zM158.8 335.01l-25.78-63.26c-2.78-6.81-9.8-10.99-17.24-10.26l-45.03 4.42c-17.28-46.94-17.65-99.78 0-147.72l45.03 4.42c7.43.73 14.46-3.46 17.24-10.26l25.78-63.26c3.02-7.39.2-15.85-6.68-20.07l-39.28-24.1C98.51-3.87 80.09-.5 68.95 11.97c-92.57 103.6-92 259.55 2.1 362.49 9.87 10.8 29.12 12.48 41.65 4.8l39.41-24.18c6.89-4.22 9.7-12.67 6.69-20.07zM480 384H192c-35.35 0-64 28.65-64 64v32c0 17.67 14.33 32 32 32h352c17.67 0 32-14.33 32-32v-32c0-35.35-28.65-64-64-64zm-144 96c-17.67 0-32-14.33-32-32s14.33-32 32-32 32 14.33 32 32-14.33 32-32 32z\"><\/path><\/svg><\/div>\n\t\t\t\t\t\t<\/span>\n\t\t<\/div>\n\t\t\t\t\t\t<\/div>\n\t\t\t\t\t<\/div>\n\t\t\t\t<\/div>\n\t\t\t\t<\/div>\n\t\t","protected":false},"excerpt":{"rendered":"<p>Directorio<\/p>\n","protected":false},"author":1,"featured_media":0,"parent":0,"menu_order":0,"comment_status":"closed","ping_status":"closed","template":"","meta":{"site-sidebar-layout":"no-sidebar","site-content-layout":"","ast-site-content-layout":"full-width-container","site-content-style":"default","site-sidebar-style":"default","ast-global-header-display":"","ast-banner-title-visibility":"","ast-main-header-display":"","ast-hfb-above-header-display":"","ast-hfb-below-header-display":"","ast-hfb-mobile-header-display":"","site-post-title":"","ast-breadcrumbs-content":"","ast-featured-img":"disabled","footer-sml-layout":"","ast-disable-related-posts":"","theme-transparent-header-meta":"","adv-header-id-meta":"","stick-header-meta":"","header-above-stick-meta":"","header-main-stick-meta":"","header-below-stick-meta":"","astra-migrate-meta-layouts":"default","ast-page-background-enabled":"default","ast-page-background-meta":{"desktop":{"background-color":"var(--ast-global-color-4)","background-image":"","background-repeat":"repeat","background-position":"center center","background-size":"auto","background-attachment":"scroll","background-type":"","background-media":"","overlay-type":"","overlay-color":"","overlay-opacity":"","overlay-gradient":""},"tablet":{"background-color":"","background-image":"","background-repeat":"repeat","background-position":"center center","background-size":"auto","background-attachment":"scroll","background-type":"","background-media":"","overlay-type":"","overlay-color":"","overlay-opacity":"","overlay-gradient":""},"mobile":{"background-color":"","background-image":"","background-repeat":"repeat","background-position":"center center","background-size":"auto","background-attachment":"scroll","background-type":"","background-media":"","overlay-type":"","overlay-color":"","overlay-opacity":"","overlay-gradient":""}},"ast-content-background-meta":{"desktop":{"background-color":"var(--ast-global-color-5)","background-image":"","background-repeat":"repeat","background-position":"center center","background-size":"auto","background-attachment":"scroll","background-type":"","background-media":"","overlay-type":"","overlay-color":"","overlay-opacity":"","overlay-gradient":""},"tablet":{"background-color":"var(--ast-global-color-5)","background-image":"","background-repeat":"repeat","background-position":"center center","background-size":"auto","background-attachment":"scroll","background-type":"","background-media":"","overlay-type":"","overlay-color":"","overlay-opacity":"","overlay-gradient":""},"mobile":{"background-color":"var(--ast-global-color-5)","background-image":"","background-repeat":"repeat","background-position":"center center","background-size":"auto","background-attachment":"scroll","background-type":"","background-media":"","overlay-type":"","overlay-color":"","overlay-opacity":"","overlay-gradient":""}},"ngg_post_thumbnail":0,"footnotes":""},"class_list":["post-7896","page","type-page","status-publish","hentry"],"_links":{"self":[{"href":"https:\/\/www.une.edu.pe\/viceacademico\/wp-json\/wp\/v2\/pages\/7896","targetHints":{"allow":["GET"]}}],"collection":[{"href":"https:\/\/www.une.edu.pe\/viceacademico\/wp-json\/wp\/v2\/pages"}],"about":[{"href":"https:\/\/www.une.edu.pe\/viceacademico\/wp-json\/wp\/v2\/types\/page"}],"author":[{"embeddable":true,"href":"https:\/\/www.une.edu.pe\/viceacademico\/wp-json\/wp\/v2\/users\/1"}],"replies":[{"embeddable":true,"href":"https:\/\/www.une.edu.pe\/viceacademico\/wp-json\/wp\/v2\/comments?post=7896"}],"version-history":[{"count":22,"href":"https:\/\/www.une.edu.pe\/viceacademico\/wp-json\/wp\/v2\/pages\/7896\/revisions"}],"predecessor-version":[{"id":9453,"href":"https:\/\/www.une.edu.pe\/viceacademico\/wp-json\/wp\/v2\/pages\/7896\/revisions\/9453"}],"wp:attachment":[{"href":"https:\/\/www.une.edu.pe\/viceacademico\/wp-json\/wp\/v2\/media?parent=7896"}],"curies":[{"name":"wp","href":"https:\/\/api.w.org\/{rel}","templated":true}]}}