{"id":7848,"date":"2025-09-01T15:55:21","date_gmt":"2025-09-01T13:55:21","guid":{"rendered":"https:\/\/www.une.edu.pe\/viceacademico\/?page_id=7848"},"modified":"2026-03-06T16:29:38","modified_gmt":"2026-03-06T15:29:38","slug":"nuestro-vicerrector-academico","status":"publish","type":"page","link":"https:\/\/www.une.edu.pe\/viceacademico\/nuestro-vicerrector-academico\/","title":{"rendered":"Nuestro Vicerrector Acad\u00e9mico"},"content":{"rendered":"\t\t<div data-elementor-type=\"wp-page\" data-elementor-id=\"7848\" class=\"elementor elementor-7848\">\n\t\t\t\t<div class=\"elementor-element elementor-element-b2e6416 e-flex e-con-boxed e-con e-parent\" data-id=\"b2e6416\" data-element_type=\"container\" data-e-type=\"container\" data-settings=\"{&quot;background_background&quot;:&quot;classic&quot;}\">\n\t\t\t\t\t<div class=\"e-con-inner\">\n\t\t\t\t<div class=\"elementor-element elementor-element-4a64825 elementor-widget elementor-widget-heading\" data-id=\"4a64825\" data-element_type=\"widget\" data-e-type=\"widget\" data-widget_type=\"heading.default\">\n\t\t\t\t\t<h1 class=\"elementor-heading-title elementor-size-default\">Nuestro Vicerrector Acad\u00e9mico<\/h1>\t\t\t\t<\/div>\n\t\t\t\t\t<\/div>\n\t\t\t\t<\/div>\n\t\t<div class=\"elementor-element elementor-element-db08a72 e-flex e-con-boxed e-con e-parent\" data-id=\"db08a72\" data-element_type=\"container\" data-e-type=\"container\">\n\t\t\t\t\t<div class=\"e-con-inner\">\n\t\t\t\t<div class=\"elementor-element elementor-element-a2a3490 elementor-widget elementor-widget-spacer\" data-id=\"a2a3490\" data-element_type=\"widget\" data-e-type=\"widget\" data-widget_type=\"spacer.default\">\n\t\t\t\t\t\t\t<div class=\"elementor-spacer\">\n\t\t\t<div class=\"elementor-spacer-inner\"><\/div>\n\t\t<\/div>\n\t\t\t\t\t\t<\/div>\n\t\t\t\t\t<\/div>\n\t\t\t\t<\/div>\n\t\t<div class=\"elementor-element elementor-element-8b657c5 e-flex e-con-boxed e-con e-parent\" data-id=\"8b657c5\" data-element_type=\"container\" data-e-type=\"container\">\n\t\t\t\t\t<div class=\"e-con-inner\">\n\t\t<div class=\"elementor-element elementor-element-6f789b2 e-con-full e-flex e-con e-child\" data-id=\"6f789b2\" data-element_type=\"container\" data-e-type=\"container\">\n\t\t\t\t<div class=\"elementor-element elementor-element-f65e20a elementor-widget elementor-widget-image\" data-id=\"f65e20a\" data-element_type=\"widget\" data-e-type=\"widget\" data-widget_type=\"image.default\">\n\t\t\t\t\t\t\t\t\t\t\t\t\t\t\t<img fetchpriority=\"high\" decoding=\"async\" width=\"403\" height=\"619\" src=\"https:\/\/www.une.edu.pe\/viceacademico\/wp-content\/uploads\/2026\/03\/Captura-removebg-preview-1.png\" class=\"attachment-large size-large wp-image-12697\" alt=\"\" srcset=\"https:\/\/www.une.edu.pe\/viceacademico\/wp-content\/uploads\/2026\/03\/Captura-removebg-preview-1.png 403w, https:\/\/www.une.edu.pe\/viceacademico\/wp-content\/uploads\/2026\/03\/Captura-removebg-preview-1-195x300.png 195w\" sizes=\"(max-width: 403px) 100vw, 403px\" \/>\t\t\t\t\t\t\t\t\t\t\t\t\t\t\t<\/div>\n\t\t\t\t<\/div>\n\t\t<div class=\"elementor-element elementor-element-42a2acb e-con-full e-flex e-con e-child\" data-id=\"42a2acb\" data-element_type=\"container\" data-e-type=\"container\">\n\t\t\t\t<div class=\"elementor-element elementor-element-fa62ec1 elementor-widget elementor-widget-heading\" data-id=\"fa62ec1\" data-element_type=\"widget\" data-e-type=\"widget\" data-widget_type=\"heading.default\">\n\t\t\t\t\t<h4 class=\"elementor-heading-title elementor-size-default\">Dr. Vladimiro Del Castillo Narro<\/h4>\t\t\t\t<\/div>\n\t\t\t\t<div class=\"elementor-element elementor-element-ea3cb3b elementor-widget elementor-widget-text-editor\" data-id=\"ea3cb3b\" data-element_type=\"widget\" data-e-type=\"widget\" data-widget_type=\"text-editor.default\">\n\t\t\t\t\t\t\t\t\t<p>Vicerrector Acad\u00e9mico de la UNE desde el 31 de mayo del 2021 (Res. N\u00b01139-2021-R-UNE)<\/p>\t\t\t\t\t\t\t\t<\/div>\n\t\t\t\t<div class=\"elementor-element elementor-element-a00096f elementor-widget elementor-widget-heading\" data-id=\"a00096f\" data-element_type=\"widget\" data-e-type=\"widget\" data-widget_type=\"heading.default\">\n\t\t\t\t\t<h4 class=\"elementor-heading-title elementor-size-default\">Presentaci\u00f3n<\/h4>\t\t\t\t<\/div>\n\t\t\t\t<div class=\"elementor-element elementor-element-534ee3a elementor-widget elementor-widget-text-editor\" data-id=\"534ee3a\" data-element_type=\"widget\" data-e-type=\"widget\" data-widget_type=\"text-editor.default\">\n\t\t\t\t\t\t\t\t\t<p><span style=\"font-weight: 400;\">Un saludo fraterno para todos ustedes, se\u00f1ores usuarios. Sean bienvenidos a esta p\u00e1gina web del Vicerrectorado Acad\u00e9mico, que constituir\u00e1 un canal de comunicaci\u00f3n permanente, amigable y actualizado entre nosotros.<\/span><\/p><p><span style=\"font-weight: 400;\">Estoy seguro que a trav\u00e9s de ella, nuestra presencia e interacciones en l\u00ednea ser\u00e1n cada vez mejores dado que se considerar\u00e1n nuestros servicios acad\u00e9micos, planes, actividades, noticias, comunicados, efem\u00e9rides, resoluciones, directivas, ciclos regulares y de nivelaci\u00f3n, calendario acad\u00e9mico, tasas educativas y todo aquello que se halle involucrado o exprese vida acad\u00e9mica, tanto del Vicerrectorado Acad\u00e9mico propiamente dicho, como de sus \u00d3rganos de L\u00ednea: Proyecci\u00f3n Social y Extensi\u00f3n Cultural; Bienestar Universitario; Admisi\u00f3n; Registro y Servicios Acad\u00e9micos; Programas de Segunda Especialidad Profesional; Seguimiento del Egresado y Formaci\u00f3n Continua; Pr\u00e1cticas Preprofesionales y Centro de Experimentaci\u00f3n Pedag\u00f3gica.<\/span><\/p><p><span style=\"font-weight: 400;\">Tenemos, como Universidad Licenciada, Alma M\u00e1ter del Magisterio Nacional, marcadamente intercultural y practicante de la formaci\u00f3n integral que incluye la conciencia social transformadora, el ferviente deseo de ir mejorando esta p\u00e1gina junto con ustedes.<\/span><\/p><p><span style=\"font-weight: 400;\">Hasta cada instante.<\/span><\/p><p><strong>Dr. Vladimiro Del Castillo Narro\u00a0 \u00a0 \u00a0 \u00a0 \u00a0 \u00a0 \u00a0 \u00a0 \u00a0 \u00a0 \u00a0 \u00a0 \u00a0 \u00a0 \u00a0 \u00a0 \u00a0 \u00a0 \u00a0 \u00a0 \u00a0 \u00a0 \u00a0 \u00a0 \u00a0 \u00a0 \u00a0 \u00a0 \u00a0 \u00a0 \u00a0 \u00a0 \u00a0 \u00a0 \u00a0 \u00a0 \u00a0 \u00a0 \u00a0 \u00a0 \u00a0 \u00a0 \u00a0 \u00a0 \u00a0 \u00a0 \u00a0 \u00a0 \u00a0 \u00a0 \u00a0 \u00a0 \u00a0 \u00a0 \u00a0 \u00a0 \u00a0 \u00a0 \u00a0 \u00a0 \u00a0 \u00a0 <\/strong><em>Vicerrector Acad\u00e9mico<\/em><\/p>\t\t\t\t\t\t\t\t<\/div>\n\t\t\t\t<\/div>\n\t\t\t\t\t<\/div>\n\t\t\t\t<\/div>\n\t\t<div class=\"elementor-element elementor-element-9db7808 e-flex e-con-boxed e-con e-parent\" data-id=\"9db7808\" data-element_type=\"container\" data-e-type=\"container\">\n\t\t\t\t\t<div class=\"e-con-inner\">\n\t\t\t\t<div class=\"elementor-element elementor-element-68f643f elementor-widget elementor-widget-spacer\" data-id=\"68f643f\" data-element_type=\"widget\" data-e-type=\"widget\" data-widget_type=\"spacer.default\">\n\t\t\t\t\t\t\t<div class=\"elementor-spacer\">\n\t\t\t<div class=\"elementor-spacer-inner\"><\/div>\n\t\t<\/div>\n\t\t\t\t\t\t<\/div>\n\t\t\t\t\t<\/div>\n\t\t\t\t<\/div>\n\t\t\t\t<\/div>\n\t\t","protected":false},"excerpt":{"rendered":"<p>Nuestro Vicerrector Acad\u00e9mico Dr. Vladimiro Del Castillo Narro Vicerrector Acad\u00e9mico de la UNE desde el 31 de mayo del 2021 [&hellip;]<\/p>\n","protected":false},"author":1,"featured_media":0,"parent":0,"menu_order":0,"comment_status":"closed","ping_status":"closed","template":"","meta":{"site-sidebar-layout":"no-sidebar","site-content-layout":"","ast-site-content-layout":"full-width-container","site-content-style":"default","site-sidebar-style":"default","ast-global-header-display":"","ast-banner-title-visibility":"","ast-main-header-display":"","ast-hfb-above-header-display":"","ast-hfb-below-header-display":"","ast-hfb-mobile-header-display":"","site-post-title":"","ast-breadcrumbs-content":"","ast-featured-img":"disabled","footer-sml-layout":"","ast-disable-related-posts":"","theme-transparent-header-meta":"","adv-header-id-meta":"","stick-header-meta":"","header-above-stick-meta":"","header-main-stick-meta":"","header-below-stick-meta":"","astra-migrate-meta-layouts":"default","ast-page-background-enabled":"default","ast-page-background-meta":{"desktop":{"background-color":"var(--ast-global-color-4)","background-image":"","background-repeat":"repeat","background-position":"center center","background-size":"auto","background-attachment":"scroll","background-type":"","background-media":"","overlay-type":"","overlay-color":"","overlay-opacity":"","overlay-gradient":""},"tablet":{"background-color":"","background-image":"","background-repeat":"repeat","background-position":"center center","background-size":"auto","background-attachment":"scroll","background-type":"","background-media":"","overlay-type":"","overlay-color":"","overlay-opacity":"","overlay-gradient":""},"mobile":{"background-color":"","background-image":"","background-repeat":"repeat","background-position":"center center","background-size":"auto","background-attachment":"scroll","background-type":"","background-media":"","overlay-type":"","overlay-color":"","overlay-opacity":"","overlay-gradient":""}},"ast-content-background-meta":{"desktop":{"background-color":"var(--ast-global-color-5)","background-image":"","background-repeat":"repeat","background-position":"center center","background-size":"auto","background-attachment":"scroll","background-type":"","background-media":"","overlay-type":"","overlay-color":"","overlay-opacity":"","overlay-gradient":""},"tablet":{"background-color":"var(--ast-global-color-5)","background-image":"","background-repeat":"repeat","background-position":"center center","background-size":"auto","background-attachment":"scroll","background-type":"","background-media":"","overlay-type":"","overlay-color":"","overlay-opacity":"","overlay-gradient":""},"mobile":{"background-color":"var(--ast-global-color-5)","background-image":"","background-repeat":"repeat","background-position":"center center","background-size":"auto","background-attachment":"scroll","background-type":"","background-media":"","overlay-type":"","overlay-color":"","overlay-opacity":"","overlay-gradient":""}},"ngg_post_thumbnail":0,"footnotes":""},"class_list":["post-7848","page","type-page","status-publish","hentry"],"_links":{"self":[{"href":"https:\/\/www.une.edu.pe\/viceacademico\/wp-json\/wp\/v2\/pages\/7848","targetHints":{"allow":["GET"]}}],"collection":[{"href":"https:\/\/www.une.edu.pe\/viceacademico\/wp-json\/wp\/v2\/pages"}],"about":[{"href":"https:\/\/www.une.edu.pe\/viceacademico\/wp-json\/wp\/v2\/types\/page"}],"author":[{"embeddable":true,"href":"https:\/\/www.une.edu.pe\/viceacademico\/wp-json\/wp\/v2\/users\/1"}],"replies":[{"embeddable":true,"href":"https:\/\/www.une.edu.pe\/viceacademico\/wp-json\/wp\/v2\/comments?post=7848"}],"version-history":[{"count":46,"href":"https:\/\/www.une.edu.pe\/viceacademico\/wp-json\/wp\/v2\/pages\/7848\/revisions"}],"predecessor-version":[{"id":12724,"href":"https:\/\/www.une.edu.pe\/viceacademico\/wp-json\/wp\/v2\/pages\/7848\/revisions\/12724"}],"wp:attachment":[{"href":"https:\/\/www.une.edu.pe\/viceacademico\/wp-json\/wp\/v2\/media?parent=7848"}],"curies":[{"name":"wp","href":"https:\/\/api.w.org\/{rel}","templated":true}]}}