{"id":7745,"date":"2025-08-29T19:35:40","date_gmt":"2025-08-29T17:35:40","guid":{"rendered":"https:\/\/www.une.edu.pe\/viceacademico\/?page_id=7745"},"modified":"2026-03-06T16:26:49","modified_gmt":"2026-03-06T15:26:49","slug":"acerca-del-vr-acad","status":"publish","type":"page","link":"https:\/\/www.une.edu.pe\/viceacademico\/acerca-del-vr-acad\/","title":{"rendered":"Acerca del VR-ACAD"},"content":{"rendered":"\t\t<div data-elementor-type=\"wp-page\" data-elementor-id=\"7745\" class=\"elementor elementor-7745\">\n\t\t\t\t<div class=\"elementor-element elementor-element-cb4bf06 e-flex e-con-boxed e-con e-parent\" data-id=\"cb4bf06\" data-element_type=\"container\" data-e-type=\"container\" data-settings=\"{&quot;background_background&quot;:&quot;classic&quot;}\">\n\t\t\t\t\t<div class=\"e-con-inner\">\n\t\t\t\t<div class=\"elementor-element elementor-element-e5ef5e8 elementor-widget elementor-widget-heading\" data-id=\"e5ef5e8\" data-element_type=\"widget\" data-e-type=\"widget\" data-widget_type=\"heading.default\">\n\t\t\t\t\t<h1 class=\"elementor-heading-title elementor-size-default\">Acerca del Vicerrectorado Acad\u00e9mico<\/h1>\t\t\t\t<\/div>\n\t\t\t\t\t<\/div>\n\t\t\t\t<\/div>\n\t\t<div class=\"elementor-element elementor-element-240d677 e-flex e-con-boxed e-con e-parent\" data-id=\"240d677\" data-element_type=\"container\" data-e-type=\"container\">\n\t\t\t\t\t<div class=\"e-con-inner\">\n\t\t<div class=\"elementor-element elementor-element-5ffba43 e-con-full e-flex e-con e-child\" data-id=\"5ffba43\" data-element_type=\"container\" data-e-type=\"container\">\n\t\t\t\t<div class=\"elementor-element elementor-element-463ad07 elementor-widget elementor-widget-heading\" data-id=\"463ad07\" data-element_type=\"widget\" data-e-type=\"widget\" data-widget_type=\"heading.default\">\n\t\t\t\t\t<h2 class=\"elementor-heading-title elementor-size-default\">Funciones <\/h2>\t\t\t\t<\/div>\n\t\t\t\t<div class=\"elementor-element elementor-element-b320f61 elementor-widget elementor-widget-heading\" data-id=\"b320f61\" data-element_type=\"widget\" data-e-type=\"widget\" data-widget_type=\"heading.default\">\n\t\t\t\t\t<h2 class=\"elementor-heading-title elementor-size-default\">del VR-ACAD<\/h2>\t\t\t\t<\/div>\n\t\t\t\t<div class=\"elementor-element elementor-element-f45407d elementor-widget elementor-widget-text-editor\" data-id=\"f45407d\" data-element_type=\"widget\" data-e-type=\"widget\" data-widget_type=\"text-editor.default\">\n\t\t\t\t\t\t\t\t\t<ul><li>Dirigir y ejecutar la pol\u00edtica general de formaci\u00f3n acad\u00e9mica y profesional en la Universidad en coordinaci\u00f3n con las facultades, la Escuela de Posgrado y el Vicerrectorado de Investigaci\u00f3n.<\/li><li>Supervisar y monitorear la ejecuci\u00f3n de las pol\u00edticas acad\u00e9micas en concordancia con la visi\u00f3n y misi\u00f3n de la Universidad en las facultades, en la Escuela de Posgrado y dem\u00e1s unidades acad\u00e9micas, con la finalidad de garantizar la calidad del servicio educativo.<\/li><li>Promover y atender las necesidades de capacitaci\u00f3n permanente del personal docente mediante el plan de desarrollo integral.<\/li><li>Reemplazar al Rector en los casos previstos en el Estatuto y en el presente Reglamento.<\/li><li>Promover y monitorear la cultura de evaluaci\u00f3n de los dise\u00f1os curriculares, del desempe\u00f1o docente y la actualizaci\u00f3n de los m\u00e9todos, medios y materiales de la tecnolog\u00eda educativa para mejorar la calidad de la formaci\u00f3n profesional.<\/li><li>Promover la sistematizaci\u00f3n de la informaci\u00f3n acerca del rendimiento acad\u00e9mico de los estudiantes y del desempe\u00f1o docente.<\/li><li>Informar a la comunidad universitaria por medio virtual y escrito acerca del desempe\u00f1o de sus funciones, basado en fuentes de verificaci\u00f3n, semestral y anualmente.<\/li><li>Participar en la elaboraci\u00f3n del Plan Operativo Institucional y del Proyecto de Presupuesto de la UNE EGyV.<\/li><li>Presentar, ante el Consejo Universitario, las propuestas acad\u00e9micas generadas en las diferentes facultades y en la Escuela de Posgrado.<\/li><li>Proponer ante el Consejo Universitario el modelo educativo y las pol\u00edticas curriculares de la Universidad.<\/li><li>Supervisar y controlar los procesos de admisi\u00f3n y matr\u00edcula de pregrado y de posgrado, conducidos por la Direcci\u00f3n de Admisi\u00f3n y la Direcci\u00f3n de Registro y Servicios Acad\u00e9micos, respectivamente.<\/li><li>Proponer ante el Consejo Universitario el cuadro de vacantes para pregrado y posgrado aprobado por las unidades respectivas.<\/li><li>Proponer la elaboraci\u00f3n de reglamentos y directivas correspondientes a la actividad acad\u00e9mica.<\/li><\/ul><p style=\"text-align: left;\">Las dem\u00e1s que le otorgan la Ley Universitaria y otras normas complementarias.<\/p>\t\t\t\t\t\t\t\t<\/div>\n\t\t\t\t<\/div>\n\t\t\t\t\t<\/div>\n\t\t\t\t<\/div>\n\t\t\t\t<\/div>\n\t\t","protected":false},"excerpt":{"rendered":"<p>Acerca del Vicerrectorado Acad\u00e9mico Funciones del VR-ACAD Dirigir y ejecutar la pol\u00edtica general de formaci\u00f3n acad\u00e9mica y profesional en la [&hellip;]<\/p>\n","protected":false},"author":1,"featured_media":0,"parent":0,"menu_order":0,"comment_status":"closed","ping_status":"closed","template":"","meta":{"site-sidebar-layout":"no-sidebar","site-content-layout":"","ast-site-content-layout":"full-width-container","site-content-style":"default","site-sidebar-style":"default","ast-global-header-display":"","ast-banner-title-visibility":"","ast-main-header-display":"","ast-hfb-above-header-display":"","ast-hfb-below-header-display":"","ast-hfb-mobile-header-display":"","site-post-title":"","ast-breadcrumbs-content":"","ast-featured-img":"disabled","footer-sml-layout":"","ast-disable-related-posts":"","theme-transparent-header-meta":"","adv-header-id-meta":"","stick-header-meta":"","header-above-stick-meta":"","header-main-stick-meta":"","header-below-stick-meta":"","astra-migrate-meta-layouts":"default","ast-page-background-enabled":"default","ast-page-background-meta":{"desktop":{"background-color":"var(--ast-global-color-4)","background-image":"","background-repeat":"repeat","background-position":"center center","background-size":"auto","background-attachment":"scroll","background-type":"","background-media":"","overlay-type":"","overlay-color":"","overlay-opacity":"","overlay-gradient":""},"tablet":{"background-color":"","background-image":"","background-repeat":"repeat","background-position":"center center","background-size":"auto","background-attachment":"scroll","background-type":"","background-media":"","overlay-type":"","overlay-color":"","overlay-opacity":"","overlay-gradient":""},"mobile":{"background-color":"","background-image":"","background-repeat":"repeat","background-position":"center center","background-size":"auto","background-attachment":"scroll","background-type":"","background-media":"","overlay-type":"","overlay-color":"","overlay-opacity":"","overlay-gradient":""}},"ast-content-background-meta":{"desktop":{"background-color":"var(--ast-global-color-5)","background-image":"","background-repeat":"repeat","background-position":"center center","background-size":"auto","background-attachment":"scroll","background-type":"","background-media":"","overlay-type":"","overlay-color":"","overlay-opacity":"","overlay-gradient":""},"tablet":{"background-color":"var(--ast-global-color-5)","background-image":"","background-repeat":"repeat","background-position":"center center","background-size":"auto","background-attachment":"scroll","background-type":"","background-media":"","overlay-type":"","overlay-color":"","overlay-opacity":"","overlay-gradient":""},"mobile":{"background-color":"var(--ast-global-color-5)","background-image":"","background-repeat":"repeat","background-position":"center center","background-size":"auto","background-attachment":"scroll","background-type":"","background-media":"","overlay-type":"","overlay-color":"","overlay-opacity":"","overlay-gradient":""}},"ngg_post_thumbnail":0,"footnotes":""},"class_list":["post-7745","page","type-page","status-publish","hentry"],"_links":{"self":[{"href":"https:\/\/www.une.edu.pe\/viceacademico\/wp-json\/wp\/v2\/pages\/7745","targetHints":{"allow":["GET"]}}],"collection":[{"href":"https:\/\/www.une.edu.pe\/viceacademico\/wp-json\/wp\/v2\/pages"}],"about":[{"href":"https:\/\/www.une.edu.pe\/viceacademico\/wp-json\/wp\/v2\/types\/page"}],"author":[{"embeddable":true,"href":"https:\/\/www.une.edu.pe\/viceacademico\/wp-json\/wp\/v2\/users\/1"}],"replies":[{"embeddable":true,"href":"https:\/\/www.une.edu.pe\/viceacademico\/wp-json\/wp\/v2\/comments?post=7745"}],"version-history":[{"count":40,"href":"https:\/\/www.une.edu.pe\/viceacademico\/wp-json\/wp\/v2\/pages\/7745\/revisions"}],"predecessor-version":[{"id":12718,"href":"https:\/\/www.une.edu.pe\/viceacademico\/wp-json\/wp\/v2\/pages\/7745\/revisions\/12718"}],"wp:attachment":[{"href":"https:\/\/www.une.edu.pe\/viceacademico\/wp-json\/wp\/v2\/media?parent=7745"}],"curies":[{"name":"wp","href":"https:\/\/api.w.org\/{rel}","templated":true}]}}