{"id":10948,"date":"2025-12-05T21:21:12","date_gmt":"2025-12-05T20:21:12","guid":{"rendered":"https:\/\/www.une.edu.pe\/viceacademico\/?page_id=10948"},"modified":"2026-01-22T19:13:07","modified_gmt":"2026-01-22T18:13:07","slug":"equipos-representativos","status":"publish","type":"page","link":"https:\/\/www.une.edu.pe\/viceacademico\/about\/equipos-representativos\/","title":{"rendered":"Equipos Representativos"},"content":{"rendered":"\t\t<div data-elementor-type=\"wp-page\" data-elementor-id=\"10948\" class=\"elementor elementor-10948\">\n\t\t\t\t<div class=\"elementor-element elementor-element-d5b0b79 e-flex e-con-boxed e-con e-parent\" data-id=\"d5b0b79\" data-element_type=\"container\" data-e-type=\"container\">\n\t\t\t\t\t<div class=\"e-con-inner\">\n\t\t\t\t<div class=\"elementor-element elementor-element-bd0a59c elementor-widget elementor-widget-spacer\" data-id=\"bd0a59c\" data-element_type=\"widget\" data-e-type=\"widget\" data-widget_type=\"spacer.default\">\n\t\t\t\t\t\t\t<div class=\"elementor-spacer\">\n\t\t\t<div class=\"elementor-spacer-inner\"><\/div>\n\t\t<\/div>\n\t\t\t\t\t\t<\/div>\n\t\t\t\t\t<\/div>\n\t\t\t\t<\/div>\n\t\t<div class=\"elementor-element elementor-element-c91b51a e-flex e-con-boxed e-con e-parent\" data-id=\"c91b51a\" data-element_type=\"container\" data-e-type=\"container\">\n\t\t\t\t\t<div class=\"e-con-inner\">\n\t\t\t\t<div class=\"elementor-element elementor-element-c44a3a3 elementor-widget elementor-widget-heading\" data-id=\"c44a3a3\" data-element_type=\"widget\" data-e-type=\"widget\" data-widget_type=\"heading.default\">\n\t\t\t\t\t<h2 class=\"elementor-heading-title elementor-size-default\">EQUIPOS REPRESENTATIVOS<\/h2>\t\t\t\t<\/div>\n\t\t\t\t\t<\/div>\n\t\t\t\t<\/div>\n\t\t<div class=\"elementor-element elementor-element-4d4fafb e-flex e-con-boxed e-con e-parent\" data-id=\"4d4fafb\" data-element_type=\"container\" data-e-type=\"container\">\n\t\t\t\t\t<div class=\"e-con-inner\">\n\t\t<div class=\"elementor-element elementor-element-c9a8b96 e-con-full e-flex e-con e-child\" data-id=\"c9a8b96\" data-element_type=\"container\" data-e-type=\"container\">\n\t\t\t\t<div class=\"elementor-element elementor-element-939f2ea elementor-widget elementor-widget-image\" data-id=\"939f2ea\" data-element_type=\"widget\" data-e-type=\"widget\" data-widget_type=\"image.default\">\n\t\t\t\t\t\t\t\t\t\t\t\t<figure class=\"wp-caption\">\n\t\t\t\t\t\t\t\t\t\t<img fetchpriority=\"high\" decoding=\"async\" width=\"1024\" height=\"683\" src=\"https:\/\/www.une.edu.pe\/viceacademico\/wp-content\/uploads\/2025\/12\/Futbol-Varones-1024x683.jpg\" class=\"attachment-large size-large wp-image-11225\" alt=\"\" srcset=\"https:\/\/www.une.edu.pe\/viceacademico\/wp-content\/uploads\/2025\/12\/Futbol-Varones-1024x683.jpg 1024w, https:\/\/www.une.edu.pe\/viceacademico\/wp-content\/uploads\/2025\/12\/Futbol-Varones-300x200.jpg 300w, https:\/\/www.une.edu.pe\/viceacademico\/wp-content\/uploads\/2025\/12\/Futbol-Varones-768x512.jpg 768w, https:\/\/www.une.edu.pe\/viceacademico\/wp-content\/uploads\/2025\/12\/Futbol-Varones.jpg 1182w\" sizes=\"(max-width: 1024px) 100vw, 1024px\" \/>\t\t\t\t\t\t\t\t\t\t\t<figcaption class=\"widget-image-caption wp-caption-text\">F\u00fatbol Varones <\/figcaption>\n\t\t\t\t\t\t\t\t\t\t<\/figure>\n\t\t\t\t\t\t\t\t\t<\/div>\n\t\t\t\t<\/div>\n\t\t<div class=\"elementor-element elementor-element-10793d2 e-con-full e-flex e-con e-child\" data-id=\"10793d2\" data-element_type=\"container\" data-e-type=\"container\">\n\t\t\t\t<div class=\"elementor-element elementor-element-98743e0 elementor-widget elementor-widget-image\" data-id=\"98743e0\" data-element_type=\"widget\" data-e-type=\"widget\" data-widget_type=\"image.default\">\n\t\t\t\t\t\t\t\t\t\t\t\t<figure class=\"wp-caption\">\n\t\t\t\t\t\t\t\t\t\t<img decoding=\"async\" width=\"1188\" height=\"794\" src=\"https:\/\/www.une.edu.pe\/viceacademico\/wp-content\/uploads\/2025\/12\/Futsal-Varones.jpg\" class=\"attachment-full size-full wp-image-11229\" alt=\"\" srcset=\"https:\/\/www.une.edu.pe\/viceacademico\/wp-content\/uploads\/2025\/12\/Futsal-Varones.jpg 1188w, https:\/\/www.une.edu.pe\/viceacademico\/wp-content\/uploads\/2025\/12\/Futsal-Varones-300x201.jpg 300w, https:\/\/www.une.edu.pe\/viceacademico\/wp-content\/uploads\/2025\/12\/Futsal-Varones-1024x684.jpg 1024w, https:\/\/www.une.edu.pe\/viceacademico\/wp-content\/uploads\/2025\/12\/Futsal-Varones-768x513.jpg 768w\" sizes=\"(max-width: 1188px) 100vw, 1188px\" \/>\t\t\t\t\t\t\t\t\t\t\t<figcaption class=\"widget-image-caption wp-caption-text\">Futsal Varones <\/figcaption>\n\t\t\t\t\t\t\t\t\t\t<\/figure>\n\t\t\t\t\t\t\t\t\t<\/div>\n\t\t\t\t<\/div>\n\t\t<div class=\"elementor-element elementor-element-3b35afc e-con-full e-flex e-con e-child\" data-id=\"3b35afc\" data-element_type=\"container\" data-e-type=\"container\">\n\t\t\t\t<div class=\"elementor-element elementor-element-d114ce4 elementor-widget elementor-widget-image\" data-id=\"d114ce4\" data-element_type=\"widget\" data-e-type=\"widget\" data-widget_type=\"image.default\">\n\t\t\t\t\t\t\t\t\t\t\t\t<figure class=\"wp-caption\">\n\t\t\t\t\t\t\t\t\t\t<img decoding=\"async\" src=\"https:\/\/www.une.edu.pe\/viceacademico\/wp-content\/uploads\/elementor\/thumbs\/Futsal-Varones2-rgz9uxm0n2qqrbsc7x41pprxn9jndn0y0b90xq6qna.jpg\" title=\"Futsal Varones2\" alt=\"Futsal Varones2\" loading=\"lazy\" \/>\t\t\t\t\t\t\t\t\t\t\t<figcaption class=\"widget-image-caption wp-caption-text\">Futsal Varones<\/figcaption>\n\t\t\t\t\t\t\t\t\t\t<\/figure>\n\t\t\t\t\t\t\t\t\t<\/div>\n\t\t\t\t<\/div>\n\t\t<div class=\"elementor-element elementor-element-96928d7 e-con-full e-flex e-con e-child\" data-id=\"96928d7\" data-element_type=\"container\" data-e-type=\"container\">\n\t\t\t\t<div class=\"elementor-element elementor-element-d1fb992 elementor-widget elementor-widget-image\" data-id=\"d1fb992\" data-element_type=\"widget\" data-e-type=\"widget\" data-widget_type=\"image.default\">\n\t\t\t\t\t\t\t\t\t\t\t\t<figure class=\"wp-caption\">\n\t\t\t\t\t\t\t\t\t\t<img decoding=\"async\" width=\"1024\" height=\"679\" src=\"https:\/\/www.une.edu.pe\/viceacademico\/wp-content\/uploads\/2025\/12\/Futsal-Damas-1024x679.jpg\" class=\"attachment-large size-large wp-image-11240\" alt=\"\" srcset=\"https:\/\/www.une.edu.pe\/viceacademico\/wp-content\/uploads\/2025\/12\/Futsal-Damas-1024x679.jpg 1024w, https:\/\/www.une.edu.pe\/viceacademico\/wp-content\/uploads\/2025\/12\/Futsal-Damas-300x199.jpg 300w, https:\/\/www.une.edu.pe\/viceacademico\/wp-content\/uploads\/2025\/12\/Futsal-Damas-768x509.jpg 768w, https:\/\/www.une.edu.pe\/viceacademico\/wp-content\/uploads\/2025\/12\/Futsal-Damas.jpg 1182w\" sizes=\"(max-width: 1024px) 100vw, 1024px\" \/>\t\t\t\t\t\t\t\t\t\t\t<figcaption class=\"widget-image-caption wp-caption-text\">Futsal Damas<\/figcaption>\n\t\t\t\t\t\t\t\t\t\t<\/figure>\n\t\t\t\t\t\t\t\t\t<\/div>\n\t\t\t\t<\/div>\n\t\t<div class=\"elementor-element elementor-element-fdcb7aa e-con-full e-flex e-con e-child\" data-id=\"fdcb7aa\" data-element_type=\"container\" data-e-type=\"container\">\n\t\t\t\t<div class=\"elementor-element elementor-element-1ce6a44 elementor-widget elementor-widget-image\" data-id=\"1ce6a44\" data-element_type=\"widget\" data-e-type=\"widget\" data-widget_type=\"image.default\">\n\t\t\t\t\t\t\t\t\t\t\t\t<figure class=\"wp-caption\">\n\t\t\t\t\t\t\t\t\t\t<img loading=\"lazy\" decoding=\"async\" width=\"1024\" height=\"688\" src=\"https:\/\/www.une.edu.pe\/viceacademico\/wp-content\/uploads\/2025\/12\/Voley-Damas-1024x688.jpg\" class=\"attachment-large size-large wp-image-11244\" alt=\"\" srcset=\"https:\/\/www.une.edu.pe\/viceacademico\/wp-content\/uploads\/2025\/12\/Voley-Damas-1024x688.jpg 1024w, https:\/\/www.une.edu.pe\/viceacademico\/wp-content\/uploads\/2025\/12\/Voley-Damas-300x202.jpg 300w, https:\/\/www.une.edu.pe\/viceacademico\/wp-content\/uploads\/2025\/12\/Voley-Damas-768x516.jpg 768w, https:\/\/www.une.edu.pe\/viceacademico\/wp-content\/uploads\/2025\/12\/Voley-Damas.jpg 1175w\" sizes=\"(max-width: 1024px) 100vw, 1024px\" \/>\t\t\t\t\t\t\t\t\t\t\t<figcaption class=\"widget-image-caption wp-caption-text\">V\u00f3ley Damas<\/figcaption>\n\t\t\t\t\t\t\t\t\t\t<\/figure>\n\t\t\t\t\t\t\t\t\t<\/div>\n\t\t\t\t<\/div>\n\t\t<div class=\"elementor-element elementor-element-906bbbf e-con-full e-flex e-con e-child\" data-id=\"906bbbf\" data-element_type=\"container\" data-e-type=\"container\">\n\t\t\t\t<div class=\"elementor-element elementor-element-1ac45f8 elementor-widget elementor-widget-image\" data-id=\"1ac45f8\" data-element_type=\"widget\" data-e-type=\"widget\" data-widget_type=\"image.default\">\n\t\t\t\t\t\t\t\t\t\t\t\t<figure class=\"wp-caption\">\n\t\t\t\t\t\t\t\t\t\t<img loading=\"lazy\" decoding=\"async\" width=\"1024\" height=\"683\" src=\"https:\/\/www.une.edu.pe\/viceacademico\/wp-content\/uploads\/2025\/12\/Voley-Varones-1024x683.jpg\" class=\"attachment-large size-large wp-image-11245\" alt=\"\" srcset=\"https:\/\/www.une.edu.pe\/viceacademico\/wp-content\/uploads\/2025\/12\/Voley-Varones-1024x683.jpg 1024w, https:\/\/www.une.edu.pe\/viceacademico\/wp-content\/uploads\/2025\/12\/Voley-Varones-300x200.jpg 300w, https:\/\/www.une.edu.pe\/viceacademico\/wp-content\/uploads\/2025\/12\/Voley-Varones-768x512.jpg 768w, https:\/\/www.une.edu.pe\/viceacademico\/wp-content\/uploads\/2025\/12\/Voley-Varones.jpg 1184w\" sizes=\"(max-width: 1024px) 100vw, 1024px\" \/>\t\t\t\t\t\t\t\t\t\t\t<figcaption class=\"widget-image-caption wp-caption-text\">V\u00f3ley Varones<\/figcaption>\n\t\t\t\t\t\t\t\t\t\t<\/figure>\n\t\t\t\t\t\t\t\t\t<\/div>\n\t\t\t\t<\/div>\n\t\t\t\t\t<\/div>\n\t\t\t\t<\/div>\n\t\t\t\t<\/div>\n\t\t","protected":false},"excerpt":{"rendered":"<p>EQUIPOS REPRESENTATIVOS F\u00fatbol Varones Futsal Varones Futsal Varones Futsal Damas V\u00f3ley Damas V\u00f3ley Varones<\/p>\n","protected":false},"author":1,"featured_media":0,"parent":7678,"menu_order":0,"comment_status":"closed","ping_status":"closed","template":"elementor_canvas","meta":{"site-sidebar-layout":"no-sidebar","site-content-layout":"","ast-site-content-layout":"full-width-container","site-content-style":"default","site-sidebar-style":"default","ast-global-header-display":"","ast-banner-title-visibility":"","ast-main-header-display":"","ast-hfb-above-header-display":"","ast-hfb-below-header-display":"","ast-hfb-mobile-header-display":"","site-post-title":"","ast-breadcrumbs-content":"","ast-featured-img":"disabled","footer-sml-layout":"","ast-disable-related-posts":"","theme-transparent-header-meta":"","adv-header-id-meta":"","stick-header-meta":"","header-above-stick-meta":"","header-main-stick-meta":"","header-below-stick-meta":"","astra-migrate-meta-layouts":"default","ast-page-background-enabled":"default","ast-page-background-meta":{"desktop":{"background-color":"var(--ast-global-color-4)","background-image":"","background-repeat":"repeat","background-position":"center center","background-size":"auto","background-attachment":"scroll","background-type":"","background-media":"","overlay-type":"","overlay-color":"","overlay-opacity":"","overlay-gradient":""},"tablet":{"background-color":"","background-image":"","background-repeat":"repeat","background-position":"center center","background-size":"auto","background-attachment":"scroll","background-type":"","background-media":"","overlay-type":"","overlay-color":"","overlay-opacity":"","overlay-gradient":""},"mobile":{"background-color":"","background-image":"","background-repeat":"repeat","background-position":"center center","background-size":"auto","background-attachment":"scroll","background-type":"","background-media":"","overlay-type":"","overlay-color":"","overlay-opacity":"","overlay-gradient":""}},"ast-content-background-meta":{"desktop":{"background-color":"var(--ast-global-color-5)","background-image":"","background-repeat":"repeat","background-position":"center center","background-size":"auto","background-attachment":"scroll","background-type":"","background-media":"","overlay-type":"","overlay-color":"","overlay-opacity":"","overlay-gradient":""},"tablet":{"background-color":"var(--ast-global-color-5)","background-image":"","background-repeat":"repeat","background-position":"center center","background-size":"auto","background-attachment":"scroll","background-type":"","background-media":"","overlay-type":"","overlay-color":"","overlay-opacity":"","overlay-gradient":""},"mobile":{"background-color":"var(--ast-global-color-5)","background-image":"","background-repeat":"repeat","background-position":"center center","background-size":"auto","background-attachment":"scroll","background-type":"","background-media":"","overlay-type":"","overlay-color":"","overlay-opacity":"","overlay-gradient":""}},"ngg_post_thumbnail":0,"footnotes":""},"class_list":["post-10948","page","type-page","status-publish","hentry"],"_links":{"self":[{"href":"https:\/\/www.une.edu.pe\/viceacademico\/wp-json\/wp\/v2\/pages\/10948","targetHints":{"allow":["GET"]}}],"collection":[{"href":"https:\/\/www.une.edu.pe\/viceacademico\/wp-json\/wp\/v2\/pages"}],"about":[{"href":"https:\/\/www.une.edu.pe\/viceacademico\/wp-json\/wp\/v2\/types\/page"}],"author":[{"embeddable":true,"href":"https:\/\/www.une.edu.pe\/viceacademico\/wp-json\/wp\/v2\/users\/1"}],"replies":[{"embeddable":true,"href":"https:\/\/www.une.edu.pe\/viceacademico\/wp-json\/wp\/v2\/comments?post=10948"}],"version-history":[{"count":38,"href":"https:\/\/www.une.edu.pe\/viceacademico\/wp-json\/wp\/v2\/pages\/10948\/revisions"}],"predecessor-version":[{"id":11689,"href":"https:\/\/www.une.edu.pe\/viceacademico\/wp-json\/wp\/v2\/pages\/10948\/revisions\/11689"}],"up":[{"embeddable":true,"href":"https:\/\/www.une.edu.pe\/viceacademico\/wp-json\/wp\/v2\/pages\/7678"}],"wp:attachment":[{"href":"https:\/\/www.une.edu.pe\/viceacademico\/wp-json\/wp\/v2\/media?parent=10948"}],"curies":[{"name":"wp","href":"https:\/\/api.w.org\/{rel}","templated":true}]}}