{"id":9573,"date":"2021-11-10T13:24:34","date_gmt":"2021-11-10T18:24:34","guid":{"rendered":"http:\/\/www.une.edu.pe\/uneweb\/?page_id=9573"},"modified":"2021-11-19T12:52:32","modified_gmt":"2021-11-19T17:52:32","slug":"requerimiento-de-consultoria","status":"publish","type":"page","link":"https:\/\/www.une.edu.pe\/uneweb\/requerimiento-de-consultoria\/","title":{"rendered":"Requerimiento de consultor\u00eda"},"content":{"rendered":"<p>[vc_row][vc_column][vc_column_text]<\/p>\n<ul class=\"wp-block-list\">\n<li><strong><a href=\"http:\/\/www.une.edu.pe\/uneweb\/wp-content\/uploads\/2021\/11\/CBC-1-2.pdf\" target=\"_blank\" rel=\"noopener noreferrer\">SOLICITUD DE SERVICIOS COTIZACI\u00d3N N\u00ba 0400-2021-UCyC-UNE<\/a><\/strong><br \/>SERVICIO DE RECOJO Y AN\u00c1LISIS DE INFORMACI\u00d3NSOBRE LAS CONDICIONES B\u00c1SICAS DE CALIDAD<\/li>\n<\/ul>\n<p>&nbsp;<\/p>\n<ul>\n<li><strong><a href=\"http:\/\/www.une.edu.pe\/uneweb\/wp-content\/uploads\/2021\/11\/CONSULTORIA-NUTRICION-2-2.pdf\" target=\"_blank\" rel=\"noopener noreferrer\">SOLICITUD DE SERVICIOS COTIZACI\u00d3N N\u00ba 0402-2021-UCyC-UNE<\/a><\/strong><br \/>SERVICIO DE CONSULTORIA ESPECIALIZADA DE REVISI\u00d3N Y ACOMPA\u00d1AMIENTO EN EL REDISE\u00d1O DE LOS CURR\u00cdCULOS DEL PROGRAMA DE ESTUDIO DE EDUCACI\u00d3N CON ESPECIALIDAD DE INDUSTRIA ALIMENTARIA Y NUTRICI\u00d3N DE LA UNIVERSIDAD NACIONAL DE EDUCACI\u00d3N ENRIQUE GUZM\u00c1N Y<br \/>VALLE<\/li>\n<\/ul>\n<p>&nbsp;<\/p>\n<ul>\n<li><a href=\"http:\/\/www.une.edu.pe\/uneweb\/wp-content\/uploads\/2021\/11\/TDR-Consultor\u00eda-levantamiento-procesos-invest.-y-responsabilidad-social.pdf\" target=\"_blank\" rel=\"noreferrer noopener\" aria-label=\"T\u00c9RMINOS DE REFERENCIA - Servicio de consultor\u00eda en general (abre en una nueva pesta\u00f1a)\"><strong>T\u00c9RMINOS DE REFERENCIA &#8211; Servicio de consultor\u00eda en general<\/strong><\/a><br \/><strong><a href=\"http:\/\/www.une.edu.pe\/uneweb\/wp-content\/uploads\/2021\/11\/TDR-Consultor\u00eda-levantamiento-procesos-invest.-y-responsabilidad-social.pdf\" target=\"_blank\" rel=\"noreferrer noopener\" aria-label=\"CONSULTOR\u00cdA PARA EL LEVANTAMIENTO DE PROCESOS DE INVESTIGACI\u00d3N Y RESPONSABILIDAD SOCIAL DE LA UNE (abre en una nueva pesta\u00f1a)\">CONSULTOR\u00cdA PARA EL LEVANTAMIENTO DE PROCESOS DE INVESTIGACI\u00d3N Y RESPONSABILIDAD SOCIAL DE LA UNE<\/a><\/strong><br \/>Env\u00edo de propuestas es:\u00a0<a href=\"mailto:oficinagrupocompras@gmail.com\" target=\"_blank\" rel=\"noreferrer noopener\">oficinagrupocompras@gmail.com<\/a>\u00a0&#8211; Srta. Julyth\u00a0G\u00f3mez Yvana &#8211; Celular: 987804253<br \/>Plazo de env\u00edo de propuestas: dos d\u00edas<\/li>\n<\/ul>\n\n<p>&nbsp;<\/p>\n<p>[\/vc_column_text][\/vc_column][\/vc_row]<\/p>\n ","protected":false},"excerpt":{"rendered":"<p>[vc_row][vc_column][vc_column_text] SOLICITUD DE SERVICIOS COTIZACI\u00d3N N\u00ba 0400-2021-UCyC-UNESERVICIO DE RECOJO Y AN\u00c1LISIS DE INFORMACI\u00d3NSOBRE LAS CONDICIONES B\u00c1SICAS DE CALIDAD &nbsp; SOLICITUD DE SERVICIOS COTIZACI\u00d3N N\u00ba 0402-2021-UCyC-UNESERVICIO DE CONSULTORIA ESPECIALIZADA DE REVISI\u00d3N Y ACOMPA\u00d1AMIENTO EN EL REDISE\u00d1O DE LOS CURR\u00cdCULOS DEL PROGRAMA DE ESTUDIO DE EDUCACI\u00d3N CON ESPECIALIDAD DE INDUSTRIA ALIMENTARIA Y NUTRICI\u00d3N DE LA UNIVERSIDAD NACIONAL [&hellip;]<\/p>\n","protected":false},"author":1,"featured_media":0,"parent":0,"menu_order":0,"comment_status":"closed","ping_status":"closed","template":"","meta":{"footnotes":""},"class_list":["post-9573","page","type-page","status-publish","hentry"],"_links":{"self":[{"href":"https:\/\/www.une.edu.pe\/uneweb\/wp-json\/wp\/v2\/pages\/9573","targetHints":{"allow":["GET"]}}],"collection":[{"href":"https:\/\/www.une.edu.pe\/uneweb\/wp-json\/wp\/v2\/pages"}],"about":[{"href":"https:\/\/www.une.edu.pe\/uneweb\/wp-json\/wp\/v2\/types\/page"}],"author":[{"embeddable":true,"href":"https:\/\/www.une.edu.pe\/uneweb\/wp-json\/wp\/v2\/users\/1"}],"replies":[{"embeddable":true,"href":"https:\/\/www.une.edu.pe\/uneweb\/wp-json\/wp\/v2\/comments?post=9573"}],"version-history":[{"count":11,"href":"https:\/\/www.une.edu.pe\/uneweb\/wp-json\/wp\/v2\/pages\/9573\/revisions"}],"predecessor-version":[{"id":9700,"href":"https:\/\/www.une.edu.pe\/uneweb\/wp-json\/wp\/v2\/pages\/9573\/revisions\/9700"}],"wp:attachment":[{"href":"https:\/\/www.une.edu.pe\/uneweb\/wp-json\/wp\/v2\/media?parent=9573"}],"curies":[{"name":"wp","href":"https:\/\/api.w.org\/{rel}","templated":true}]}}