{"id":8469,"date":"2021-06-23T12:27:18","date_gmt":"2021-06-23T17:27:18","guid":{"rendered":"http:\/\/www.une.edu.pe\/uneweb\/?page_id=8469"},"modified":"2021-07-02T21:29:01","modified_gmt":"2021-07-03T02:29:01","slug":"diplomado-de-especializacion-en-educacion-basica-alternativa","status":"publish","type":"page","link":"https:\/\/www.une.edu.pe\/uneweb\/diplomado-de-especializacion-en-educacion-basica-alternativa\/","title":{"rendered":"Diplomado de Especializaci\u00f3n en Educaci\u00f3n B\u00e1sica Alternativa"},"content":{"rendered":"<p>[vc_row][vc_column][vc_column_text]<\/p>\n<figure class=\"wp-block-image\"><a href=\"http:\/\/200.48.31.93\/capacitacion\/\" target=\"_blank\" rel=\"noopener noreferrer\"><img decoding=\"async\" class=\"alignnone size-medium wp-image-8538 aligncenter\" src=\"http:\/\/www.une.edu.pe\/uneweb\/wp-content\/uploads\/2021\/07\/images-300x64.png\" alt=\"\" width=\"300\" height=\"64\" srcset=\"https:\/\/www.une.edu.pe\/uneweb\/wp-content\/uploads\/2021\/07\/images-300x64.png 300w, https:\/\/www.une.edu.pe\/uneweb\/wp-content\/uploads\/2021\/07\/images.png 485w\" sizes=\"(max-width: 300px) 100vw, 300px\" \/><\/a><\/figure>\n<figure class=\"wp-block-image\"><img fetchpriority=\"high\" decoding=\"async\" width=\"888\" height=\"1024\" class=\"wp-image-8474 aligncenter\" src=\"http:\/\/www.une.edu.pe\/uneweb\/wp-content\/uploads\/2021\/06\/PUBLICIDAD-DIPLOMADO_EBA-888x1024.jpg\" alt=\"\" srcset=\"https:\/\/www.une.edu.pe\/uneweb\/wp-content\/uploads\/2021\/06\/PUBLICIDAD-DIPLOMADO_EBA-888x1024.jpg 888w, https:\/\/www.une.edu.pe\/uneweb\/wp-content\/uploads\/2021\/06\/PUBLICIDAD-DIPLOMADO_EBA-260x300.jpg 260w, https:\/\/www.une.edu.pe\/uneweb\/wp-content\/uploads\/2021\/06\/PUBLICIDAD-DIPLOMADO_EBA-768x886.jpg 768w\" sizes=\"(max-width: 888px) 100vw, 888px\" \/><\/figure>\n\n\n<div class=\"wp-block-image\">\n<figure class=\"alignleft\"><a href=\"https:\/\/docs.google.com\/forms\/d\/e\/1FAIpQLSfLU9WK0zo7xALAlfL_dzgmn5ehD5fjwq_8QODsbjHxzwTFlA\/viewform?usp=pp_url\" target=\"_blank\" rel=\"noreferrer noopener\"><img decoding=\"async\" width=\"653\" height=\"78\" class=\"wp-image-8480\" src=\"http:\/\/www.une.edu.pe\/uneweb\/wp-content\/uploads\/2021\/06\/bn-formulario.jpg\" alt=\"\" srcset=\"https:\/\/www.une.edu.pe\/uneweb\/wp-content\/uploads\/2021\/06\/bn-formulario.jpg 653w, https:\/\/www.une.edu.pe\/uneweb\/wp-content\/uploads\/2021\/06\/bn-formulario-300x36.jpg 300w\" sizes=\"(max-width: 653px) 100vw, 653px\" \/><\/a><\/figure>\n<\/div>\n\n<p><br \/><strong>S\u00edrvase llenar el Formulario de inscripci\u00f3n al Diplomado.<\/strong><\/p>\n\n\n<p>&nbsp;<\/p>\n<p>[\/vc_column_text][\/vc_column][\/vc_row]<\/p>\n ","protected":false},"excerpt":{"rendered":"<p>[vc_row][vc_column][vc_column_text] S\u00edrvase llenar el Formulario de inscripci\u00f3n al Diplomado. &nbsp; [\/vc_column_text][\/vc_column][\/vc_row]<\/p>\n","protected":false},"author":1,"featured_media":0,"parent":0,"menu_order":0,"comment_status":"closed","ping_status":"closed","template":"","meta":{"footnotes":""},"class_list":["post-8469","page","type-page","status-publish","hentry"],"_links":{"self":[{"href":"https:\/\/www.une.edu.pe\/uneweb\/wp-json\/wp\/v2\/pages\/8469","targetHints":{"allow":["GET"]}}],"collection":[{"href":"https:\/\/www.une.edu.pe\/uneweb\/wp-json\/wp\/v2\/pages"}],"about":[{"href":"https:\/\/www.une.edu.pe\/uneweb\/wp-json\/wp\/v2\/types\/page"}],"author":[{"embeddable":true,"href":"https:\/\/www.une.edu.pe\/uneweb\/wp-json\/wp\/v2\/users\/1"}],"replies":[{"embeddable":true,"href":"https:\/\/www.une.edu.pe\/uneweb\/wp-json\/wp\/v2\/comments?post=8469"}],"version-history":[{"count":10,"href":"https:\/\/www.une.edu.pe\/uneweb\/wp-json\/wp\/v2\/pages\/8469\/revisions"}],"predecessor-version":[{"id":8540,"href":"https:\/\/www.une.edu.pe\/uneweb\/wp-json\/wp\/v2\/pages\/8469\/revisions\/8540"}],"wp:attachment":[{"href":"https:\/\/www.une.edu.pe\/uneweb\/wp-json\/wp\/v2\/media?parent=8469"}],"curies":[{"name":"wp","href":"https:\/\/api.w.org\/{rel}","templated":true}]}}