{"id":7977,"date":"2021-04-03T10:10:36","date_gmt":"2021-04-03T15:10:36","guid":{"rendered":"http:\/\/www.une.edu.pe\/uneweb\/?page_id=7977"},"modified":"2021-12-17T13:45:37","modified_gmt":"2021-12-17T18:45:37","slug":"calendario-academico-2021","status":"publish","type":"page","link":"https:\/\/www.une.edu.pe\/uneweb\/calendario-academico-2021\/","title":{"rendered":"Calendario Acad\u00e9mico 2021"},"content":{"rendered":"<p>[vc_row][vc_column][vc_column_text]<\/p>\r\n<h2 class=\"wp-block-heading\">\u00a0<\/h2>\r\n\r\n\r\n\r\n<ul class=\"wp-block-list\">\r\n<li><span style=\"color: #000080;\"><a style=\"color: #000080;\" href=\"http:\/\/www.une.edu.pe\/uneweb\/wp-content\/uploads\/2021\/12\/Resolucion_2772-2021-R-UNE_matricula-semipresencial.pdf\" target=\"_blank\" rel=\"noreferrer noopener\" aria-label=\" RESOLUCI\u00d3N N\u00b0 1798-2020-R-UNE: APROBAR el Calendario Acad\u00e9mico de la Universidad Nacional de Educaci\u00f3n Enrique Guzm\u00e1n y Valle 2021 (abre en una nueva pesta\u00f1a)\"><strong><span style=\"color: #800000;\">RESOLUCI\u00d3N N\u00b0 2772-2021-R-UNE:<\/span> MODIFICAR los alcances de la Resoluci\u00f3n N\u00b0 1798-2020-R-UNE, del 31 de diciembre del 2020, a fin de ampliar la fecha correspondiente a la continuaci\u00f3n de la matr\u00edcula virtual del ex Centro de Formaci\u00f3n Profesional Semipresencial, en el Periodo Lectivo 2021-II<\/strong><\/a><\/span><\/li>\r\n<li><span style=\"color: #000080;\"><a style=\"color: #000080;\" href=\"http:\/\/www.une.edu.pe\/uneweb\/wp-content\/uploads\/2021\/11\/Resolucion_2275-2021-R-UNE_modificar-calendario.pdf\" target=\"_blank\" rel=\"noreferrer noopener\" aria-label=\" RESOLUCI\u00d3N N\u00b0 1798-2020-R-UNE: APROBAR el Calendario Acad\u00e9mico de la Universidad Nacional de Educaci\u00f3n Enrique Guzm\u00e1n y Valle 2021 (abre en una nueva pesta\u00f1a)\"><strong><span style=\"color: #800000;\">RESOLUCI\u00d3N N\u00b0 2275-2021-R-UNE:<\/span> <\/strong> <strong>MODIFICAR el Calendario Acad\u00e9mico de la Universidad Nacional de Educaci\u00f3n Enrique Guzm\u00e1n y Valle 2021<\/strong><\/a><\/span><\/li>\r\n<li><span style=\"color: #000080;\"><a style=\"color: #000080;\" href=\"http:\/\/www.une.edu.pe\/uneweb\/wp-content\/uploads\/2021\/08\/Resolucion-1726-2021-R-UNE_modificar-calendario-academico.pdf\" target=\"_blank\" rel=\"noreferrer noopener\" aria-label=\" RESOLUCI\u00d3N N\u00b0 1798-2020-R-UNE: APROBAR el Calendario Acad\u00e9mico de la Universidad Nacional de Educaci\u00f3n Enrique Guzm\u00e1n y Valle 2021 (abre en una nueva pesta\u00f1a)\"><strong><span style=\"color: #800000;\">RESOLUCI\u00d3N N\u00b0 1726-2021-R-UNE:<\/span> <\/strong> <strong>MODIFICAR el Calendario Acad\u00e9mico de la Universidad Nacional de Educaci\u00f3n Enrique Guzm\u00e1n y Valle 2021<\/strong><\/a><\/span><\/li>\r\n<li><strong><a href=\"http:\/\/www.une.edu.pe\/uneweb\/wp-content\/uploads\/2021\/04\/Resoluci\u00f3n-N\u00b0-0768-2021-R-UNE.pdf\" target=\"_blank\" rel=\"noreferrer noopener\" aria-label=\"RESOLUCI\u00d3N N\u00b0 0768-2021-R-UNE: MODIFICAR el Calendario Acad\u00e9mico 2021 de la Universidad Nacional de Educaci\u00f3n Enrique Guzm\u00e1n y Valle, aprobado con Resoluci\u00f3n N\u00b0 1798-2020-R-UNE (abre en una nueva pesta\u00f1a)\">RESOLUCI\u00d3N N\u00b0 0768-2021-R-UNE:<\/a><\/strong><a href=\"http:\/\/www.une.edu.pe\/uneweb\/wp-content\/uploads\/2021\/04\/Resoluci\u00f3n-N\u00b0-0768-2021-R-UNE.pdf\" target=\"_blank\" rel=\"noreferrer noopener\" aria-label=\"RESOLUCI\u00d3N N\u00b0 0768-2021-R-UNE: MODIFICAR el Calendario Acad\u00e9mico 2021 de la Universidad Nacional de Educaci\u00f3n Enrique Guzm\u00e1n y Valle, aprobado con Resoluci\u00f3n N\u00b0 1798-2020-R-UNE (abre en una nueva pesta\u00f1a)\"> MODIFICAR el Calendario Acad\u00e9mico 2021 de la Universidad Nacional de Educaci\u00f3n Enrique Guzm\u00e1n y Valle, aprobado con Resoluci\u00f3n N\u00b0 1798-2020-R-UNE <\/a><\/li>\r\n<li><a href=\"http:\/\/www.une.edu.pe\/uneweb\/wp-content\/uploads\/2021\/01\/Resoluci%C3%B3n-N%C2%B0-1798-2020-R-UNE-2021.pdf\" target=\"_blank\" rel=\"noreferrer noopener\" aria-label=\" RESOLUCI\u00d3N N\u00b0 1798-2020-R-UNE: APROBAR el Calendario Acad\u00e9mico de la Universidad Nacional de Educaci\u00f3n Enrique Guzm\u00e1n y Valle 2021 (abre en una nueva pesta\u00f1a)\"><strong>RESOLUCI\u00d3N N\u00b0 1798-2020-R-UNE: <\/strong> APROBAR el Calendario Acad\u00e9mico de la Universidad Nacional de Educaci\u00f3n Enrique Guzm\u00e1n y Valle 2021<\/a><\/li>\r\n<li><strong><a href=\"http:\/\/www.une.edu.pe\/uneweb\/wp-content\/uploads\/2021\/04\/Anexo-de-la-Resoluci\u00f3n-N\u00b0-0768-2021-R-UNE.pdf\" target=\"_blank\" rel=\"noreferrer noopener\" aria-label=\"Anexo de la Resoluci\u00f3n N\u00b0 0768-2021-R-UNE (abre en una nueva pesta\u00f1a)\">Anexo de la Resoluci\u00f3n N\u00b0 0768-2021-R-UNE<\/a><\/strong><\/li>\r\n<\/ul>\r\n\r\n<p>&nbsp;<\/p>\r\n<p>[\/vc_column_text][\/vc_column][\/vc_row]<\/p> ","protected":false},"excerpt":{"rendered":"<p>[vc_row][vc_column][vc_column_text] \u00a0 RESOLUCI\u00d3N N\u00b0 2772-2021-R-UNE: MODIFICAR los alcances de la Resoluci\u00f3n N\u00b0 1798-2020-R-UNE, del 31 de diciembre del 2020, a fin de ampliar la fecha correspondiente a la continuaci\u00f3n de la matr\u00edcula virtual del ex Centro de Formaci\u00f3n Profesional Semipresencial, en el Periodo Lectivo 2021-II RESOLUCI\u00d3N N\u00b0 2275-2021-R-UNE: MODIFICAR el Calendario Acad\u00e9mico de la Universidad [&hellip;]<\/p>\n","protected":false},"author":1,"featured_media":0,"parent":0,"menu_order":0,"comment_status":"closed","ping_status":"closed","template":"","meta":{"footnotes":""},"class_list":["post-7977","page","type-page","status-publish","hentry"],"_links":{"self":[{"href":"https:\/\/www.une.edu.pe\/uneweb\/wp-json\/wp\/v2\/pages\/7977","targetHints":{"allow":["GET"]}}],"collection":[{"href":"https:\/\/www.une.edu.pe\/uneweb\/wp-json\/wp\/v2\/pages"}],"about":[{"href":"https:\/\/www.une.edu.pe\/uneweb\/wp-json\/wp\/v2\/types\/page"}],"author":[{"embeddable":true,"href":"https:\/\/www.une.edu.pe\/uneweb\/wp-json\/wp\/v2\/users\/1"}],"replies":[{"embeddable":true,"href":"https:\/\/www.une.edu.pe\/uneweb\/wp-json\/wp\/v2\/comments?post=7977"}],"version-history":[{"count":12,"href":"https:\/\/www.une.edu.pe\/uneweb\/wp-json\/wp\/v2\/pages\/7977\/revisions"}],"predecessor-version":[{"id":9946,"href":"https:\/\/www.une.edu.pe\/uneweb\/wp-json\/wp\/v2\/pages\/7977\/revisions\/9946"}],"wp:attachment":[{"href":"https:\/\/www.une.edu.pe\/uneweb\/wp-json\/wp\/v2\/media?parent=7977"}],"curies":[{"name":"wp","href":"https:\/\/api.w.org\/{rel}","templated":true}]}}