{"id":5197,"date":"2020-04-30T21:02:09","date_gmt":"2020-05-01T02:02:09","guid":{"rendered":"http:\/\/www.une.edu.pe\/uneweb\/?page_id=5197"},"modified":"2021-01-27T10:48:40","modified_gmt":"2021-01-27T15:48:40","slug":"biblioteca-virtual-de-la-une","status":"publish","type":"page","link":"https:\/\/www.une.edu.pe\/uneweb\/biblioteca-virtual-de-la-une\/","title":{"rendered":"Biblioteca Virtual de la UNE"},"content":{"rendered":"\n<table class=\"wp-block-table\"><tbody><tr><td> <figure><a href=\"https:\/\/www.biblioteca.une.edu.pe\/\" target=\"_blank\" rel=\"noreferrer noopener\" aria-label=\"\ufffc (abre en una nueva pesta\u00f1a)\"><img fetchpriority=\"high\" decoding=\"async\" width=\"1000\" height=\"266\" class=\"wp-image-5224\" style=\"width: 1000px;\" src=\"http:\/\/www.une.edu.pe\/uneweb\/wp-content\/uploads\/2020\/05\/banner-biblioteca-virtual.jpeg\" alt=\"\" srcset=\"https:\/\/www.une.edu.pe\/uneweb\/wp-content\/uploads\/2020\/05\/banner-biblioteca-virtual.jpeg 1280w, https:\/\/www.une.edu.pe\/uneweb\/wp-content\/uploads\/2020\/05\/banner-biblioteca-virtual-300x80.jpeg 300w, https:\/\/www.une.edu.pe\/uneweb\/wp-content\/uploads\/2020\/05\/banner-biblioteca-virtual-768x204.jpeg 768w, https:\/\/www.une.edu.pe\/uneweb\/wp-content\/uploads\/2020\/05\/banner-biblioteca-virtual-1024x272.jpeg 1024w\" sizes=\"(max-width: 1000px) 100vw, 1000px\" \/><\/a><\/figure> <\/td><\/tr><\/tbody><\/table>\n\n\n\n<table class=\"wp-block-table aligncenter\"><tbody><tr><td><figure><figure><a href=\"http:\/\/www.une.edu.pe\/uneweb\/wp-content\/uploads\/2020\/12\/procedimiento-biblioteca-virtual.jpg\" target=\"_blank\" rel=\"noreferrer noopener\" aria-label=\"\ufffc (abre en una nueva pesta\u00f1a)\"><img decoding=\"async\" width=\"200\" height=\"107\" class=\"wp-image-5199\" style=\"width: 200px;\" src=\"http:\/\/www.une.edu.pe\/uneweb\/wp-content\/uploads\/2020\/04\/bn-procedimiento.jpg\" alt=\"\"><\/a><\/figure><\/figure><\/td><td><\/td><td><\/td><td><figure><figure><a href=\"https:\/\/forms.gle\/JNXwNUvuuWC3ggSq5\" target=\"_blank\" rel=\"noreferrer noopener\" aria-label=\"\ufffc (abre en una nueva pesta\u00f1a)\"><img decoding=\"async\" width=\"200\" height=\"106\" class=\"wp-image-5201\" style=\"width: 200px;\" src=\"http:\/\/www.une.edu.pe\/uneweb\/wp-content\/uploads\/2020\/04\/bn-formulario.jpg\" alt=\"\"><\/a><\/figure><\/figure><\/td><td><\/td><td><\/td><td><figure><figure><a href=\"http:\/\/www.une.edu.pe\/uneweb\/wp-content\/uploads\/2020\/12\/Gu\u00eda-para-el-uso-de-la-biblioteca-virtual.pdf\"><img loading=\"lazy\" decoding=\"async\" width=\"200\" height=\"105\" class=\"wp-image-5203\" style=\"width: 200px;\" src=\"http:\/\/www.une.edu.pe\/uneweb\/wp-content\/uploads\/2020\/04\/bn-guia-uso.jpg\" alt=\"\"><\/a><\/figure><\/figure><\/td><td><\/td><td><a href=\"http:\/\/www.une.edu.pe\/uneweb\/capacitacion-virtual-uso-y-manejo-de-la-biblioteca-virtual-de-la-une\/\" target=\"_blank\" rel=\"noreferrer noopener\" aria-label=\"\ufffc (abre en una nueva pesta\u00f1a)\"><img loading=\"lazy\" decoding=\"async\" width=\"200\" height=\"89\" class=\"wp-image-7568\" style=\"width: 200px;\" src=\"http:\/\/www.une.edu.pe\/uneweb\/wp-content\/uploads\/2021\/01\/cv-bibliotecavirtual.jpg\" alt=\"\" srcset=\"https:\/\/www.une.edu.pe\/uneweb\/wp-content\/uploads\/2021\/01\/cv-bibliotecavirtual.jpg 386w, https:\/\/www.une.edu.pe\/uneweb\/wp-content\/uploads\/2021\/01\/cv-bibliotecavirtual-300x134.jpg 300w\" sizes=\"(max-width: 200px) 100vw, 200px\" \/><\/a><a rel=\"noreferrer noopener\" aria-label=\"\ufffc (abre en una nueva pesta\u00f1a)\" href=\"http:\/\/www.une.edu.pe\/uneweb\/wp-content\/uploads\/2020\/11\/capacitacion-virtual-biblioteca.jpg\" target=\"_blank\"><\/a><\/td><\/tr><\/tbody><\/table>\n\n\n\n<h2 class=\"wp-block-heading\"><\/h2>\n\n\n\n<div class=\"wp-block-columns has-2-columns is-layout-flex wp-container-core-columns-is-layout-9d6595d7 wp-block-columns-is-layout-flex\">\n<div class=\"wp-block-column is-layout-flow wp-block-column-is-layout-flow\">\n\n\n<p><\/p>\n<\/div>\n\n\n\n<div class=\"wp-block-column is-layout-flow wp-block-column-is-layout-flow\">\n\n\n\n\n<p><\/p>\n<\/div>\n<\/div>\n\n\n\n<h2 class=\"wp-block-heading\"><strong>Videos de capacitaciones online<\/strong><\/h2>\n\n\n\n<table class=\"wp-block-table\"><tbody><tr><td> EBSCO: B\u00fasquedas b\u00e1sicas<\/td><td><a href=\"https:\/\/drive.google.com\/file\/d\/1XQ1pHjq7TfxnPm9C7VeV35_xmzoC-NxR\/view?usp=sharing\" target=\"_blank\" rel=\"noreferrer noopener\" aria-label=\"\ufffc (abre en una nueva pesta\u00f1a)\"><img loading=\"lazy\" decoding=\"async\" width=\"130\" height=\"48\" class=\"wp-image-5475\" style=\"width: 130px;\" src=\"http:\/\/www.une.edu.pe\/uneweb\/wp-content\/uploads\/2020\/06\/bn-vervideo.png\" alt=\"\"><\/a><\/td><\/tr><tr><td> EBSCO: B\u00fasquedas avanzadas <\/td><td><a href=\"https:\/\/drive.google.com\/file\/d\/1E3H3ufM9D5YtKVPwJt0CwehO7cBk-1hN\/view?usp=sharing\" target=\"_blank\" rel=\"noreferrer noopener\" aria-label=\"\ufffc (abre en una nueva pesta\u00f1a)\"><img loading=\"lazy\" decoding=\"async\" width=\"130\" height=\"48\" class=\"wp-image-5475\" style=\"width: 130px;\" src=\"http:\/\/www.une.edu.pe\/uneweb\/wp-content\/uploads\/2020\/06\/bn-vervideo.png\" alt=\"\"><\/a><\/td><\/tr><tr><td> Scopus <\/td><td><a href=\"https:\/\/drive.google.com\/file\/d\/15lSaAYx1Ufy8tJhnnuGLQ7toaDFi_vBM\/view?usp=sharing\" target=\"_blank\" rel=\"noreferrer noopener\" aria-label=\"\ufffc (abre en una nueva pesta\u00f1a)\"><img loading=\"lazy\" decoding=\"async\" width=\"130\" height=\"48\" class=\"wp-image-5475\" style=\"width: 130px;\" src=\"http:\/\/www.une.edu.pe\/uneweb\/wp-content\/uploads\/2020\/06\/bn-vervideo.png\" alt=\"\"><\/a><\/td><\/tr><tr><td> eLibro <\/td><td><a href=\"https:\/\/drive.google.com\/file\/d\/1JiXwGh7pYyH4dNvcNC4m3ZGHTZWoS6Yc\/view?usp=sharing\" target=\"_blank\" rel=\"noreferrer noopener\" aria-label=\"\ufffc (abre en una nueva pesta\u00f1a)\"><img loading=\"lazy\" decoding=\"async\" width=\"130\" height=\"48\" class=\"wp-image-5475\" style=\"width: 130px;\" src=\"http:\/\/www.une.edu.pe\/uneweb\/wp-content\/uploads\/2020\/06\/bn-vervideo.png\" alt=\"\"><\/a><\/td><\/tr><tr><td>VirtualPro<\/td><td><a href=\"https:\/\/drive.google.com\/file\/d\/1ttst4VbZEXgARVlZSk_U2dzNyb9vWp27\/view?usp=sharing\" target=\"_blank\" rel=\"noreferrer noopener\" aria-label=\"\ufffc (abre en una nueva pesta\u00f1a)\"><img loading=\"lazy\" decoding=\"async\" width=\"130\" height=\"48\" class=\"wp-image-5475\" style=\"width: 130px;\" src=\"http:\/\/www.une.edu.pe\/uneweb\/wp-content\/uploads\/2020\/06\/bn-vervideo.png\" alt=\"\"><\/a><\/td><\/tr><\/tbody><\/table>\n\n\n\n<p><\/p>\n\n\n\n<p><\/p>\n ","protected":false},"excerpt":{"rendered":"<p>Videos de capacitaciones online EBSCO: B\u00fasquedas b\u00e1sicas EBSCO: B\u00fasquedas avanzadas Scopus eLibro VirtualPro<\/p>\n","protected":false},"author":1,"featured_media":0,"parent":0,"menu_order":0,"comment_status":"closed","ping_status":"closed","template":"","meta":{"footnotes":""},"class_list":["post-5197","page","type-page","status-publish","hentry"],"_links":{"self":[{"href":"https:\/\/www.une.edu.pe\/uneweb\/wp-json\/wp\/v2\/pages\/5197","targetHints":{"allow":["GET"]}}],"collection":[{"href":"https:\/\/www.une.edu.pe\/uneweb\/wp-json\/wp\/v2\/pages"}],"about":[{"href":"https:\/\/www.une.edu.pe\/uneweb\/wp-json\/wp\/v2\/types\/page"}],"author":[{"embeddable":true,"href":"https:\/\/www.une.edu.pe\/uneweb\/wp-json\/wp\/v2\/users\/1"}],"replies":[{"embeddable":true,"href":"https:\/\/www.une.edu.pe\/uneweb\/wp-json\/wp\/v2\/comments?post=5197"}],"version-history":[{"count":56,"href":"https:\/\/www.une.edu.pe\/uneweb\/wp-json\/wp\/v2\/pages\/5197\/revisions"}],"predecessor-version":[{"id":7570,"href":"https:\/\/www.une.edu.pe\/uneweb\/wp-json\/wp\/v2\/pages\/5197\/revisions\/7570"}],"wp:attachment":[{"href":"https:\/\/www.une.edu.pe\/uneweb\/wp-json\/wp\/v2\/media?parent=5197"}],"curies":[{"name":"wp","href":"https:\/\/api.w.org\/{rel}","templated":true}]}}