{"id":3656,"date":"2019-11-09T15:57:17","date_gmt":"2019-11-09T20:57:17","guid":{"rendered":"http:\/\/www.une.edu.pe\/uneweb\/?page_id=3656"},"modified":"2019-11-09T16:13:28","modified_gmt":"2019-11-09T21:13:28","slug":"resena-historica","status":"publish","type":"page","link":"https:\/\/www.une.edu.pe\/uneweb\/resena-historica\/","title":{"rendered":"Rese\u00f1a hist\u00f3rica"},"content":{"rendered":"<p>[vc_row][vc_column width=&#8221;1\/2&#8243;][vc_column_text]<\/p>\r\n<h2 class=\"wp-block-heading\"><span style=\"color: #993300;\">Historia de la UNE<\/span><\/h2>\r\n<p>La historia de la Universidad Nacional de Educaci\u00f3n se remonta al 6 de Julio de 1822, cuando el Libertador don Jos\u00e9 de San Mart\u00edn, por Decreto Supremo, cre\u00f3 la primera Escuela Normal de Preceptores, fecha que dio lugar a la celebraci\u00f3n del D\u00eda del Maestro.<\/p>\r\n<p>Inaugurada oficialmente dos meses despu\u00e9s, inici\u00f3 su fecunda y azarosa vida como forjadora de preceptores para los primeros a\u00f1os del Per\u00fa independiente. Su primer Director fue el ciudadano ingl\u00e9s Diego Thompson, quien implant\u00f3 el modelo educativo llamado Sistema Lancasteriano en la preparaci\u00f3n de los maestros. De acuerdo con este sistema, los alumnos m\u00e1s avanzados se convert\u00edan en monitores y contribu\u00edan mediante la pr\u00e1ctica en el aula a la mejor formaci\u00f3n de sus condisc\u00edpulos.<\/p>\r\n<p>En 1850, durante el gobierno de don Ram\u00f3n Castilla, reinicio sus actividades eudactivas con la denominaci\u00f3n de Escuela Normal Central de Lima. En 1871 modific\u00f3 su nombre por escuela Modelo de Instrucci\u00f3n Primaria; y en 1905, durante el gobierno de Jose Pardo, se transforma en escuela normal de Segundo Grado. El ilustre educador Jose antonio Encinas se formo en sus aulas. Egreso en 1906, y a\u00f1os m\u00e1s tarde retorno para ejercer la docencia (1911 &#8211; 1923). El insigne maestro es autor de la obra pedag\u00f3gica Un Ensayo de la Escuela Nueva en el Per\u00fa.<\/p>\r\n<p>En 1929, durante el gobierno de Augusto B. Legu\u00eda, se le dio el nombre de Instituto Pedag\u00f3gico Nacional de Varones, y ampli\u00f3 su cobertura de profesionalizaci\u00f3n a la formaci\u00f3n de maestros de Educaci\u00f3n Secundaria.<\/p>\r\n<p>En 1951, asumi\u00f3 la responsabilidad de formar profesores de Educaci\u00f3n T\u00e9cnica y suscribi\u00f3 un acuerdo con el Servicio Cooperativo Peruano Norteamericano de Educaci\u00f3n (SECPANE), que hizo posible la construcci\u00f3n de la actual ciudad universitaria.<\/p>\r\n<p>El 6 Julio de 1953 inici\u00f3 sus labores acad\u00e9micas como escuela Normal Central de Varones en su nueva sede, en La Cantuta, Chosica. Luego, en 1955, se convirti\u00f3 en Escuela Normal Superior Enrique Guzm\u00e1n y Valle, nombre en homenaje a quien fuera el primer profesor peruano que asumi\u00f3 su direcci\u00f3n entre 1919 y 1923.<\/p>\r\n<p>A partir de 1955 esta instituci\u00f3n se desarroll\u00f3 significativamente, y produjo importantes cambios curriculares que contribuyeron al sistema educativo peruano, como la concepci\u00f3n del curr\u00edculum integral, que remarco la excelencia acad\u00e9mica en la formaci\u00f3n de los maestros. Por dichos m\u00e9ritos, la ley 12502 le dio jerarqu\u00eda universitaria.<\/p>\r\n<p>En 1956 implant\u00f3 el r\u00e9gimen de profesionalizaci\u00f3n para docentes en ejercicio sin t\u00edtulo pedag\u00f3gico. Fue la primera instituci\u00f3n en brindar este servicio al magisterio nacional. En 1965, ratificando una vez m\u00e1s su significativo aporte a la educaci\u00f3n del pa\u00eds, por ley 15519 se convirti\u00f3 en Universidad Nacional de Educaci\u00f3n, hecho que se concret\u00f3 dos a\u00f1os despu\u00e9s, el 23 de Mayo de 1967.<\/p>\r\n<p>Diez a\u00f1os m\u00e1s adelante, el 20 de Febrero de 1977, cuando nuestro Pa\u00eds soportaba una dictadura militar, la UNE fue recesada, paralizando sus actividades acad\u00e9micas, hasta que con el retorno de la democracia, el presidente Fernando Bela\u00fande reabr\u00edo sus puertas el 28 de Julio de 1980.<\/p>\r\n<p>En Mayo de 1991 tras una frustada visita del Presidente de la Rep\u00fablica al claustro, la Cuidad Universitaria es ocupada por un destacamento del ejercito Peruano y se establece una base militar en el campus de la UNE. Similar maniobra se realiza en otras universidades p\u00fablicas del pa\u00eds. Esta situaci\u00f3n se mantendr\u00e1 hasta 1999.<\/p>\r\n<p>En 1995, el Alma Mater del Magisterio Nacional, conjuntamente con la Universidad Decana de Am\u00e9rica, es nuevamente intervenida por el gobierno de turno. Sus leg\u00edtimas autoridades fueron suprimidas y se instal\u00f3 una Comisi\u00f3n Reorganizadora, por mandato de la ley 26457.<\/p>\r\n<p>[\/vc_column_text][\/vc_column][vc_column width=&#8221;1\/2&#8243;][vc_single_image image=&#8221;3663&#8243; img_size=&#8221;full&#8221; alignment=&#8221;center&#8221; style=&#8221;vc_box_rounded&#8221; css_animation=&#8221;fadeIn&#8221;][\/vc_column][\/vc_row]<\/p> ","protected":false},"excerpt":{"rendered":"<p>[vc_row][vc_column width=&#8221;1\/2&#8243;][vc_column_text] Historia de la UNE La historia de la Universidad Nacional de Educaci\u00f3n se remonta al 6 de Julio de 1822, cuando el Libertador don Jos\u00e9 de San Mart\u00edn, por Decreto Supremo, cre\u00f3 la primera Escuela Normal de Preceptores, fecha que dio lugar a la celebraci\u00f3n del D\u00eda del Maestro. Inaugurada oficialmente dos meses [&hellip;]<\/p>\n","protected":false},"author":1,"featured_media":0,"parent":0,"menu_order":0,"comment_status":"closed","ping_status":"closed","template":"","meta":{"footnotes":""},"class_list":["post-3656","page","type-page","status-publish","hentry"],"_links":{"self":[{"href":"https:\/\/www.une.edu.pe\/uneweb\/wp-json\/wp\/v2\/pages\/3656","targetHints":{"allow":["GET"]}}],"collection":[{"href":"https:\/\/www.une.edu.pe\/uneweb\/wp-json\/wp\/v2\/pages"}],"about":[{"href":"https:\/\/www.une.edu.pe\/uneweb\/wp-json\/wp\/v2\/types\/page"}],"author":[{"embeddable":true,"href":"https:\/\/www.une.edu.pe\/uneweb\/wp-json\/wp\/v2\/users\/1"}],"replies":[{"embeddable":true,"href":"https:\/\/www.une.edu.pe\/uneweb\/wp-json\/wp\/v2\/comments?post=3656"}],"version-history":[{"count":6,"href":"https:\/\/www.une.edu.pe\/uneweb\/wp-json\/wp\/v2\/pages\/3656\/revisions"}],"predecessor-version":[{"id":3666,"href":"https:\/\/www.une.edu.pe\/uneweb\/wp-json\/wp\/v2\/pages\/3656\/revisions\/3666"}],"wp:attachment":[{"href":"https:\/\/www.une.edu.pe\/uneweb\/wp-json\/wp\/v2\/media?parent=3656"}],"curies":[{"name":"wp","href":"https:\/\/api.w.org\/{rel}","templated":true}]}}