{"id":25976,"date":"2026-04-16T09:09:11","date_gmt":"2026-04-16T14:09:11","guid":{"rendered":"https:\/\/www.une.edu.pe\/uneweb\/?page_id=25976"},"modified":"2026-04-16T09:17:59","modified_gmt":"2026-04-16T14:17:59","slug":"concurso-de-proyectos-de-investigacion-extraordinaria-del-programa-de-doctorado-de-la-escuela-de-posgrado-de-walter-penaloza-ramella-2026","status":"publish","type":"page","link":"https:\/\/www.une.edu.pe\/uneweb\/concurso-de-proyectos-de-investigacion-extraordinaria-del-programa-de-doctorado-de-la-escuela-de-posgrado-de-walter-penaloza-ramella-2026\/","title":{"rendered":"Concurso de Proyectos de Investigaci\u00f3n Extraordinaria del Programa de Doctorado de la Escuela de Posgrado de Walter Pe\u00f1aloza Ramella &#8211; 2026"},"content":{"rendered":"\t\t<div data-elementor-type=\"wp-page\" data-elementor-id=\"25976\" class=\"elementor elementor-25976\">\n\t\t\t\t\t\t<section class=\"elementor-section elementor-top-section elementor-element elementor-element-7e10270 elementor-section-boxed elementor-section-height-default elementor-section-height-default\" data-id=\"7e10270\" data-element_type=\"section\" data-e-type=\"section\" data-settings=\"{&quot;background_background&quot;:&quot;classic&quot;}\">\n\t\t\t\t\t\t<div class=\"elementor-container elementor-column-gap-default\">\n\t\t\t\t\t<div class=\"elementor-column elementor-col-100 elementor-top-column elementor-element elementor-element-b62ada9\" data-id=\"b62ada9\" data-element_type=\"column\" data-e-type=\"column\">\n\t\t\t<div class=\"elementor-widget-wrap elementor-element-populated\">\n\t\t\t\t\t\t<div class=\"elementor-element elementor-element-99ba2be elementor-widget elementor-widget-heading\" data-id=\"99ba2be\" data-element_type=\"widget\" data-e-type=\"widget\" data-widget_type=\"heading.default\">\n\t\t\t\t<div class=\"elementor-widget-container\">\n\t\t\t\t\t<h2 class=\"elementor-heading-title elementor-size-default\">Documentos<\/h2>\t\t\t\t<\/div>\n\t\t\t\t<\/div>\n\t\t\t\t\t<\/div>\n\t\t<\/div>\n\t\t\t\t\t<\/div>\n\t\t<\/section>\n\t\t\t\t<section class=\"elementor-section elementor-top-section elementor-element elementor-element-dd1e21b elementor-section-boxed elementor-section-height-default elementor-section-height-default\" data-id=\"dd1e21b\" data-element_type=\"section\" data-e-type=\"section\">\n\t\t\t\t\t\t<div class=\"elementor-container elementor-column-gap-default\">\n\t\t\t\t\t<div class=\"elementor-column elementor-col-100 elementor-top-column elementor-element elementor-element-7a15846\" data-id=\"7a15846\" data-element_type=\"column\" data-e-type=\"column\">\n\t\t\t<div class=\"elementor-widget-wrap elementor-element-populated\">\n\t\t\t\t\t\t<div class=\"elementor-element elementor-element-dbfe867 elementor-widget elementor-widget-spacer\" data-id=\"dbfe867\" data-element_type=\"widget\" data-e-type=\"widget\" data-widget_type=\"spacer.default\">\n\t\t\t\t<div class=\"elementor-widget-container\">\n\t\t\t\t\t\t\t<div class=\"elementor-spacer\">\n\t\t\t<div class=\"elementor-spacer-inner\"><\/div>\n\t\t<\/div>\n\t\t\t\t\t\t<\/div>\n\t\t\t\t<\/div>\n\t\t\t\t\t<\/div>\n\t\t<\/div>\n\t\t\t\t\t<\/div>\n\t\t<\/section>\n\t\t\t\t<section class=\"elementor-section elementor-top-section elementor-element elementor-element-42b6e76 elementor-section-boxed elementor-section-height-default elementor-section-height-default\" data-id=\"42b6e76\" data-element_type=\"section\" data-e-type=\"section\">\n\t\t\t\t\t\t<div class=\"elementor-container elementor-column-gap-default\">\n\t\t\t\t\t<div class=\"elementor-column elementor-col-100 elementor-top-column elementor-element elementor-element-5e9fc90\" data-id=\"5e9fc90\" data-element_type=\"column\" data-e-type=\"column\">\n\t\t\t<div class=\"elementor-widget-wrap elementor-element-populated\">\n\t\t\t\t\t\t<div class=\"elementor-element elementor-element-176a7d9 elementor-widget elementor-widget-text-editor\" data-id=\"176a7d9\" data-element_type=\"widget\" data-e-type=\"widget\" data-widget_type=\"text-editor.default\">\n\t\t\t\t<div class=\"elementor-widget-container\">\n\t\t\t\t\t\t\t\t\t<ul><li style=\"list-style-type: none;\"><ul><li><span style=\"color: #000000;\"><a style=\"color: #000000;\" href=\"https:\/\/www.une.edu.pe\/uneweb\/wp-content\/uploads\/2026\/04\/FORMATOS-Bases-del-Concurso-de-Proyectos-de-Investigacion-Extraordinaria-del-Programa-de-Doctorado-2026.docx\" target=\"_blank\" rel=\"noopener\"><strong>Formatos de Bases del Concurso de Proyectos de Investigaci\u00f3n Extraordinaria del Programa de Doctorado, 2026<\/strong><\/a><\/span><\/li><li><a href=\"https:\/\/www.une.edu.pe\/uneweb\/wp-content\/uploads\/2026\/04\/Cronograma-del-Concurso-de-Proyectos-de-Investigacion-Extraordinaria-del-Programa-de-Doctorado-2026.pdf\" target=\"_blank\" rel=\"noopener\"><span style=\"color: #000000;\"><strong>Cronograma para el desarrollo del Concurso de Proyectos de Investigaci\u00f3n Extraordinarios del Programa de Doctorado de la Escuela de Posgrado Walter Pe\u00f1aloza Ramella, 2026<\/strong><\/span><\/a><\/li><li><a href=\"https:\/\/www.une.edu.pe\/uneweb\/wp-content\/uploads\/2026\/04\/Bases-del-Concurso-de-Proyectos-de-Investigacion-Extraordinaria-del-Programa-de-Doctorado-2026.pdf\" target=\"_blank\" rel=\"noopener\"><span style=\"color: #000000;\"><strong>Bases del Concurso de Proyectos de Investigaci\u00f3n Extraordinaria del Programa de Doctorado de la Escuela de Posgrado Walter Pe\u00f1aloza Ramella, 2026<\/strong><\/span><\/a><\/li><\/ul><\/li><\/ul>\t\t\t\t\t\t\t\t<\/div>\n\t\t\t\t<\/div>\n\t\t\t\t\t<\/div>\n\t\t<\/div>\n\t\t\t\t\t<\/div>\n\t\t<\/section>\n\t\t\t\t<\/div>\n\t\t ","protected":false},"excerpt":{"rendered":"<p>Documentos Formatos de Bases del Concurso de Proyectos de Investigaci\u00f3n Extraordinaria del Programa de Doctorado, 2026 Cronograma para el desarrollo del Concurso de Proyectos de Investigaci\u00f3n Extraordinarios del Programa de Doctorado de la Escuela de Posgrado Walter Pe\u00f1aloza Ramella, 2026 Bases del Concurso de Proyectos de Investigaci\u00f3n Extraordinaria del Programa de Doctorado de la Escuela [&hellip;]<\/p>\n","protected":false},"author":2,"featured_media":0,"parent":0,"menu_order":0,"comment_status":"closed","ping_status":"closed","template":"","meta":{"footnotes":""},"class_list":["post-25976","page","type-page","status-publish","hentry"],"_links":{"self":[{"href":"https:\/\/www.une.edu.pe\/uneweb\/wp-json\/wp\/v2\/pages\/25976","targetHints":{"allow":["GET"]}}],"collection":[{"href":"https:\/\/www.une.edu.pe\/uneweb\/wp-json\/wp\/v2\/pages"}],"about":[{"href":"https:\/\/www.une.edu.pe\/uneweb\/wp-json\/wp\/v2\/types\/page"}],"author":[{"embeddable":true,"href":"https:\/\/www.une.edu.pe\/uneweb\/wp-json\/wp\/v2\/users\/2"}],"replies":[{"embeddable":true,"href":"https:\/\/www.une.edu.pe\/uneweb\/wp-json\/wp\/v2\/comments?post=25976"}],"version-history":[{"count":22,"href":"https:\/\/www.une.edu.pe\/uneweb\/wp-json\/wp\/v2\/pages\/25976\/revisions"}],"predecessor-version":[{"id":26002,"href":"https:\/\/www.une.edu.pe\/uneweb\/wp-json\/wp\/v2\/pages\/25976\/revisions\/26002"}],"wp:attachment":[{"href":"https:\/\/www.une.edu.pe\/uneweb\/wp-json\/wp\/v2\/media?parent=25976"}],"curies":[{"name":"wp","href":"https:\/\/api.w.org\/{rel}","templated":true}]}}