{"id":25937,"date":"2026-04-15T08:49:37","date_gmt":"2026-04-15T13:49:37","guid":{"rendered":"https:\/\/www.une.edu.pe\/uneweb\/?page_id=25937"},"modified":"2026-04-15T09:08:50","modified_gmt":"2026-04-15T14:08:50","slug":"concurso-otorgamiento-subvencion-economicas-pregrado-investigacion-2026","status":"publish","type":"page","link":"https:\/\/www.une.edu.pe\/uneweb\/concurso-otorgamiento-subvencion-economicas-pregrado-investigacion-2026\/","title":{"rendered":"Concurso para el otorgamiento de subvenciones econ\u00f3micas a graduados de Pregrado para el desarrollo de actividades de investigaci\u00f3n &#8211; 2026"},"content":{"rendered":"\t\t<div data-elementor-type=\"wp-page\" data-elementor-id=\"25937\" class=\"elementor elementor-25937\">\n\t\t\t\t\t\t<section class=\"elementor-section elementor-top-section elementor-element elementor-element-7e10270 elementor-section-boxed elementor-section-height-default elementor-section-height-default\" data-id=\"7e10270\" data-element_type=\"section\" data-e-type=\"section\" data-settings=\"{&quot;background_background&quot;:&quot;classic&quot;}\">\n\t\t\t\t\t\t<div class=\"elementor-container elementor-column-gap-default\">\n\t\t\t\t\t<div class=\"elementor-column elementor-col-100 elementor-top-column elementor-element elementor-element-b62ada9\" data-id=\"b62ada9\" data-element_type=\"column\" data-e-type=\"column\">\n\t\t\t<div class=\"elementor-widget-wrap elementor-element-populated\">\n\t\t\t\t\t\t<div class=\"elementor-element elementor-element-99ba2be elementor-widget elementor-widget-heading\" data-id=\"99ba2be\" data-element_type=\"widget\" data-e-type=\"widget\" data-widget_type=\"heading.default\">\n\t\t\t\t<div class=\"elementor-widget-container\">\n\t\t\t\t\t<h2 class=\"elementor-heading-title elementor-size-default\">Documentos<\/h2>\t\t\t\t<\/div>\n\t\t\t\t<\/div>\n\t\t\t\t\t<\/div>\n\t\t<\/div>\n\t\t\t\t\t<\/div>\n\t\t<\/section>\n\t\t\t\t<section class=\"elementor-section elementor-top-section elementor-element elementor-element-a9ef35b elementor-section-boxed elementor-section-height-default elementor-section-height-default\" data-id=\"a9ef35b\" data-element_type=\"section\" data-e-type=\"section\">\n\t\t\t\t\t\t<div class=\"elementor-container elementor-column-gap-default\">\n\t\t\t\t\t<div class=\"elementor-column elementor-col-100 elementor-top-column elementor-element elementor-element-bcf7d85\" data-id=\"bcf7d85\" data-element_type=\"column\" data-e-type=\"column\">\n\t\t\t<div class=\"elementor-widget-wrap elementor-element-populated\">\n\t\t\t\t\t\t<div class=\"elementor-element elementor-element-8531a85 elementor-widget elementor-widget-spacer\" data-id=\"8531a85\" data-element_type=\"widget\" data-e-type=\"widget\" data-widget_type=\"spacer.default\">\n\t\t\t\t<div class=\"elementor-widget-container\">\n\t\t\t\t\t\t\t<div class=\"elementor-spacer\">\n\t\t\t<div class=\"elementor-spacer-inner\"><\/div>\n\t\t<\/div>\n\t\t\t\t\t\t<\/div>\n\t\t\t\t<\/div>\n\t\t\t\t\t<\/div>\n\t\t<\/div>\n\t\t\t\t\t<\/div>\n\t\t<\/section>\n\t\t\t\t<section class=\"elementor-section elementor-top-section elementor-element elementor-element-42b6e76 elementor-section-boxed elementor-section-height-default elementor-section-height-default\" data-id=\"42b6e76\" data-element_type=\"section\" data-e-type=\"section\">\n\t\t\t\t\t\t<div class=\"elementor-container elementor-column-gap-default\">\n\t\t\t\t\t<div class=\"elementor-column elementor-col-100 elementor-top-column elementor-element elementor-element-5e9fc90\" data-id=\"5e9fc90\" data-element_type=\"column\" data-e-type=\"column\">\n\t\t\t<div class=\"elementor-widget-wrap elementor-element-populated\">\n\t\t\t\t\t\t<div class=\"elementor-element elementor-element-176a7d9 elementor-widget elementor-widget-text-editor\" data-id=\"176a7d9\" data-element_type=\"widget\" data-e-type=\"widget\" data-widget_type=\"text-editor.default\">\n\t\t\t\t<div class=\"elementor-widget-container\">\n\t\t\t\t\t\t\t\t\t<ul>\n<li style=\"list-style-type: none;\"><br \/>\n<ul>\n<li>\n<p><span style=\"color: #000000;\"><strong><a style=\"color: #000000;\" href=\"https:\/\/www.une.edu.pe\/uneweb\/wp-content\/uploads\/2026\/04\/Formatos-Concurso-para-Otorgamiento-de-Subvenciones-Economicas-a-Graduados-de-Pregrado-2026-1.docx\" target=\"_blank\" rel=\"noopener\">Formato 1 &#8211; Solicitud de Subvenci\u00f3n Econ\u00f3mica<\/a><\/strong><\/span><\/p>\n<\/li>\n<li><a href=\"https:\/\/www.une.edu.pe\/uneweb\/wp-content\/uploads\/2026\/04\/Cronograma-del-Concurso-para-Otorgamiento-de-Subvenciones-Economicas-a-Graduados-de-Pregrado-2026-1.pdf\" target=\"_blank\" rel=\"noopener\"><span style=\"color: #000000;\"><strong>Cronograma del Concurso para el Otorgamiento de Subvenciones Econ\u00f3micas a Graduados de Pregrado para el Desarrollo de Actividades de Investigaci\u00f3n, a\u00f1o 2026<\/strong><\/span><\/a><\/li>\n<li><a href=\"https:\/\/www.une.edu.pe\/uneweb\/wp-content\/uploads\/2026\/04\/Bases-del-Concurso-para-Otorgamiento-de-Subvenciones-Economicas-a-Graduados-de-Pregrado-2026-1.pdf\" target=\"_blank\" rel=\"noopener\"><strong>Bases del Concurso para el Otorgamiento de Subvenciones Econ\u00f3micas a Graduados de Pregrado para el Desarrollo de Actividades de Investigaci\u00f3n &#8211; 2026<\/strong><\/a><\/li>\n<\/ul>\n<\/li>\n<\/ul>\t\t\t\t\t\t\t\t<\/div>\n\t\t\t\t<\/div>\n\t\t\t\t\t<\/div>\n\t\t<\/div>\n\t\t\t\t\t<\/div>\n\t\t<\/section>\n\t\t\t\t<\/div>\n\t\t ","protected":false},"excerpt":{"rendered":"<p>Documentos Formato 1 &#8211; Solicitud de Subvenci\u00f3n Econ\u00f3mica Cronograma del Concurso para el Otorgamiento de Subvenciones Econ\u00f3micas a Graduados de Pregrado para el Desarrollo de Actividades de Investigaci\u00f3n, a\u00f1o 2026 Bases del Concurso para el Otorgamiento de Subvenciones Econ\u00f3micas a Graduados de Pregrado para el Desarrollo de Actividades de Investigaci\u00f3n &#8211; 2026<\/p>\n","protected":false},"author":2,"featured_media":0,"parent":0,"menu_order":0,"comment_status":"closed","ping_status":"closed","template":"","meta":{"footnotes":""},"class_list":["post-25937","page","type-page","status-publish","hentry"],"_links":{"self":[{"href":"https:\/\/www.une.edu.pe\/uneweb\/wp-json\/wp\/v2\/pages\/25937","targetHints":{"allow":["GET"]}}],"collection":[{"href":"https:\/\/www.une.edu.pe\/uneweb\/wp-json\/wp\/v2\/pages"}],"about":[{"href":"https:\/\/www.une.edu.pe\/uneweb\/wp-json\/wp\/v2\/types\/page"}],"author":[{"embeddable":true,"href":"https:\/\/www.une.edu.pe\/uneweb\/wp-json\/wp\/v2\/users\/2"}],"replies":[{"embeddable":true,"href":"https:\/\/www.une.edu.pe\/uneweb\/wp-json\/wp\/v2\/comments?post=25937"}],"version-history":[{"count":17,"href":"https:\/\/www.une.edu.pe\/uneweb\/wp-json\/wp\/v2\/pages\/25937\/revisions"}],"predecessor-version":[{"id":25959,"href":"https:\/\/www.une.edu.pe\/uneweb\/wp-json\/wp\/v2\/pages\/25937\/revisions\/25959"}],"wp:attachment":[{"href":"https:\/\/www.une.edu.pe\/uneweb\/wp-json\/wp\/v2\/media?parent=25937"}],"curies":[{"name":"wp","href":"https:\/\/api.w.org\/{rel}","templated":true}]}}