{"id":25792,"date":"2026-03-30T14:12:12","date_gmt":"2026-03-30T19:12:12","guid":{"rendered":"https:\/\/www.une.edu.pe\/uneweb\/?page_id=25792"},"modified":"2026-03-30T14:19:47","modified_gmt":"2026-03-30T19:19:47","slug":"codigo-etica-conducta","status":"publish","type":"page","link":"https:\/\/www.une.edu.pe\/uneweb\/codigo-etica-conducta\/","title":{"rendered":"C\u00f3digo de \u00c9tica y Conducta"},"content":{"rendered":"\t\t<div data-elementor-type=\"wp-page\" data-elementor-id=\"25792\" class=\"elementor elementor-25792\">\n\t\t\t\t\t\t<section class=\"elementor-section elementor-top-section elementor-element elementor-element-7a3e351 elementor-section-boxed elementor-section-height-default elementor-section-height-default\" data-id=\"7a3e351\" data-element_type=\"section\" data-e-type=\"section\">\n\t\t\t\t\t\t<div class=\"elementor-container elementor-column-gap-default\">\n\t\t\t\t\t<div class=\"elementor-column elementor-col-66 elementor-top-column elementor-element elementor-element-233d8fb\" data-id=\"233d8fb\" data-element_type=\"column\" data-e-type=\"column\">\n\t\t\t<div class=\"elementor-widget-wrap elementor-element-populated\">\n\t\t\t\t\t\t<div class=\"elementor-element elementor-element-cb24b12 elementor-widget elementor-widget-text-editor\" data-id=\"cb24b12\" data-element_type=\"widget\" data-e-type=\"widget\" data-widget_type=\"text-editor.default\">\n\t\t\t\t<div class=\"elementor-widget-container\">\n\t\t\t\t\t\t\t\t\t<h3><strong>RESOLUCI\u00d3N N\u00b0 3551-2019-R-UNE &#8211; APROBAR EL C\u00d3DIGO DE \u00c9TICA Y CONDUCTA DE LA UNIVERSIDAD NACIONAL DE EDUCACI\u00d3N ENRIQUE GUZMAN Y VALLE<\/strong><\/h3>\t\t\t\t\t\t\t\t<\/div>\n\t\t\t\t<\/div>\n\t\t\t\t\t<\/div>\n\t\t<\/div>\n\t\t\t\t<div class=\"elementor-column elementor-col-33 elementor-top-column elementor-element elementor-element-2158bf9\" data-id=\"2158bf9\" data-element_type=\"column\" data-e-type=\"column\">\n\t\t\t<div class=\"elementor-widget-wrap elementor-element-populated\">\n\t\t\t\t\t\t<div class=\"elementor-element elementor-element-dc74de6 elementor-align-center elementor-widget elementor-widget-button\" data-id=\"dc74de6\" data-element_type=\"widget\" data-e-type=\"widget\" data-widget_type=\"button.default\">\n\t\t\t\t<div class=\"elementor-widget-container\">\n\t\t\t\t\t\t\t\t\t<div class=\"elementor-button-wrapper\">\n\t\t\t\t\t<a class=\"elementor-button elementor-button-link elementor-size-sm\" href=\"https:\/\/www.une.edu.pe\/transparencia\/informacion\/resoluciones-varias\/RES-3551-2019-R-UNE_CODIGO%20DE%20ETICA%20Y%20CONDUCTA%20UNE.pdf\" target=\"_blank\">\n\t\t\t\t\t\t<span class=\"elementor-button-content-wrapper\">\n\t\t\t\t\t\t\t\t\t<span class=\"elementor-button-text\">DESCARGAR<\/span>\n\t\t\t\t\t<\/span>\n\t\t\t\t\t<\/a>\n\t\t\t\t<\/div>\n\t\t\t\t\t\t\t\t<\/div>\n\t\t\t\t<\/div>\n\t\t\t\t\t<\/div>\n\t\t<\/div>\n\t\t\t\t\t<\/div>\n\t\t<\/section>\n\t\t\t\t<section class=\"elementor-section elementor-top-section elementor-element elementor-element-fdb599f elementor-section-boxed elementor-section-height-default elementor-section-height-default\" data-id=\"fdb599f\" data-element_type=\"section\" data-e-type=\"section\">\n\t\t\t\t\t\t<div class=\"elementor-container elementor-column-gap-default\">\n\t\t\t\t\t<div class=\"elementor-column elementor-col-100 elementor-top-column elementor-element elementor-element-50f9aaa\" data-id=\"50f9aaa\" data-element_type=\"column\" data-e-type=\"column\">\n\t\t\t<div class=\"elementor-widget-wrap elementor-element-populated\">\n\t\t\t\t\t\t<div class=\"elementor-element elementor-element-6224258 elementor-widget elementor-widget-image\" data-id=\"6224258\" data-element_type=\"widget\" data-e-type=\"widget\" data-widget_type=\"image.default\">\n\t\t\t\t<div class=\"elementor-widget-container\">\n\t\t\t\t\t\t\t\t\t\t\t\t\t\t\t<img fetchpriority=\"high\" decoding=\"async\" width=\"724\" height=\"1024\" src=\"https:\/\/www.une.edu.pe\/uneweb\/wp-content\/uploads\/2026\/03\/WhatsApp-Image-2026-03-04-at-11.04.22-AM-1-1-724x1024.jpg\" class=\"attachment-large size-large wp-image-25795\" alt=\"\" srcset=\"https:\/\/www.une.edu.pe\/uneweb\/wp-content\/uploads\/2026\/03\/WhatsApp-Image-2026-03-04-at-11.04.22-AM-1-1-724x1024.jpg 724w, https:\/\/www.une.edu.pe\/uneweb\/wp-content\/uploads\/2026\/03\/WhatsApp-Image-2026-03-04-at-11.04.22-AM-1-1-212x300.jpg 212w, https:\/\/www.une.edu.pe\/uneweb\/wp-content\/uploads\/2026\/03\/WhatsApp-Image-2026-03-04-at-11.04.22-AM-1-1-768x1086.jpg 768w, https:\/\/www.une.edu.pe\/uneweb\/wp-content\/uploads\/2026\/03\/WhatsApp-Image-2026-03-04-at-11.04.22-AM-1-1-1086x1536.jpg 1086w, https:\/\/www.une.edu.pe\/uneweb\/wp-content\/uploads\/2026\/03\/WhatsApp-Image-2026-03-04-at-11.04.22-AM-1-1.jpg 1131w\" sizes=\"(max-width: 724px) 100vw, 724px\" \/>\t\t\t\t\t\t\t\t\t\t\t\t\t\t\t<\/div>\n\t\t\t\t<\/div>\n\t\t\t\t\t<\/div>\n\t\t<\/div>\n\t\t\t\t\t<\/div>\n\t\t<\/section>\n\t\t\t\t<\/div>\n\t\t ","protected":false},"excerpt":{"rendered":"<p>RESOLUCI\u00d3N N\u00b0 3551-2019-R-UNE &#8211; APROBAR EL C\u00d3DIGO DE \u00c9TICA Y CONDUCTA DE LA UNIVERSIDAD NACIONAL DE EDUCACI\u00d3N ENRIQUE GUZMAN Y VALLE DESCARGAR<\/p>\n","protected":false},"author":2,"featured_media":0,"parent":0,"menu_order":0,"comment_status":"closed","ping_status":"closed","template":"","meta":{"footnotes":""},"class_list":["post-25792","page","type-page","status-publish","hentry"],"_links":{"self":[{"href":"https:\/\/www.une.edu.pe\/uneweb\/wp-json\/wp\/v2\/pages\/25792","targetHints":{"allow":["GET"]}}],"collection":[{"href":"https:\/\/www.une.edu.pe\/uneweb\/wp-json\/wp\/v2\/pages"}],"about":[{"href":"https:\/\/www.une.edu.pe\/uneweb\/wp-json\/wp\/v2\/types\/page"}],"author":[{"embeddable":true,"href":"https:\/\/www.une.edu.pe\/uneweb\/wp-json\/wp\/v2\/users\/2"}],"replies":[{"embeddable":true,"href":"https:\/\/www.une.edu.pe\/uneweb\/wp-json\/wp\/v2\/comments?post=25792"}],"version-history":[{"count":4,"href":"https:\/\/www.une.edu.pe\/uneweb\/wp-json\/wp\/v2\/pages\/25792\/revisions"}],"predecessor-version":[{"id":25799,"href":"https:\/\/www.une.edu.pe\/uneweb\/wp-json\/wp\/v2\/pages\/25792\/revisions\/25799"}],"wp:attachment":[{"href":"https:\/\/www.une.edu.pe\/uneweb\/wp-json\/wp\/v2\/media?parent=25792"}],"curies":[{"name":"wp","href":"https:\/\/api.w.org\/{rel}","templated":true}]}}