{"id":25345,"date":"2026-02-10T11:09:06","date_gmt":"2026-02-10T16:09:06","guid":{"rendered":"https:\/\/www.une.edu.pe\/uneweb\/?page_id=25345"},"modified":"2026-02-10T11:17:44","modified_gmt":"2026-02-10T16:17:44","slug":"curso-taller-redaccion-de-articulos-cientificos-para-los-docentes-de-la-une","status":"publish","type":"page","link":"https:\/\/www.une.edu.pe\/uneweb\/curso-taller-redaccion-de-articulos-cientificos-para-los-docentes-de-la-une\/","title":{"rendered":"Curso taller redacci\u00f3n de art\u00edculos cient\u00edficos para los docentes de la UNE"},"content":{"rendered":"\t\t<div data-elementor-type=\"wp-page\" data-elementor-id=\"25345\" class=\"elementor elementor-25345\">\n\t\t\t\t\t\t<section class=\"elementor-section elementor-top-section elementor-element elementor-element-b950319 elementor-section-boxed elementor-section-height-default elementor-section-height-default\" data-id=\"b950319\" data-element_type=\"section\" data-e-type=\"section\">\n\t\t\t\t\t\t<div class=\"elementor-container elementor-column-gap-default\">\n\t\t\t\t\t<div class=\"elementor-column elementor-col-100 elementor-top-column elementor-element elementor-element-fb9541e\" data-id=\"fb9541e\" data-element_type=\"column\" data-e-type=\"column\">\n\t\t\t<div class=\"elementor-widget-wrap elementor-element-populated\">\n\t\t\t\t\t\t<div class=\"elementor-element elementor-element-c8a78b0 elementor-widget elementor-widget-image\" data-id=\"c8a78b0\" data-element_type=\"widget\" data-e-type=\"widget\" data-widget_type=\"image.default\">\n\t\t\t\t<div class=\"elementor-widget-container\">\n\t\t\t\t\t\t\t\t\t\t\t\t\t\t\t<img fetchpriority=\"high\" decoding=\"async\" width=\"1241\" height=\"1755\" src=\"https:\/\/www.une.edu.pe\/uneweb\/wp-content\/uploads\/2026\/02\/02-Formato-de-convocatoria_page-0001.jpg\" class=\"attachment-full size-full wp-image-25348\" alt=\"\" srcset=\"https:\/\/www.une.edu.pe\/uneweb\/wp-content\/uploads\/2026\/02\/02-Formato-de-convocatoria_page-0001.jpg 1241w, https:\/\/www.une.edu.pe\/uneweb\/wp-content\/uploads\/2026\/02\/02-Formato-de-convocatoria_page-0001-212x300.jpg 212w, https:\/\/www.une.edu.pe\/uneweb\/wp-content\/uploads\/2026\/02\/02-Formato-de-convocatoria_page-0001-724x1024.jpg 724w, https:\/\/www.une.edu.pe\/uneweb\/wp-content\/uploads\/2026\/02\/02-Formato-de-convocatoria_page-0001-768x1086.jpg 768w, https:\/\/www.une.edu.pe\/uneweb\/wp-content\/uploads\/2026\/02\/02-Formato-de-convocatoria_page-0001-1086x1536.jpg 1086w\" sizes=\"(max-width: 1241px) 100vw, 1241px\" \/>\t\t\t\t\t\t\t\t\t\t\t\t\t\t\t<\/div>\n\t\t\t\t<\/div>\n\t\t\t\t\t<\/div>\n\t\t<\/div>\n\t\t\t\t\t<\/div>\n\t\t<\/section>\n\t\t\t\t<section class=\"elementor-section elementor-top-section elementor-element elementor-element-bac33dc elementor-section-boxed elementor-section-height-default elementor-section-height-default\" data-id=\"bac33dc\" data-element_type=\"section\" data-e-type=\"section\">\n\t\t\t\t\t\t<div class=\"elementor-container elementor-column-gap-default\">\n\t\t\t\t\t<div class=\"elementor-column elementor-col-100 elementor-top-column elementor-element elementor-element-0401d21\" data-id=\"0401d21\" data-element_type=\"column\" data-e-type=\"column\">\n\t\t\t<div class=\"elementor-widget-wrap elementor-element-populated\">\n\t\t\t\t\t\t<div class=\"elementor-element elementor-element-c4c6e72 elementor-widget elementor-widget-image\" data-id=\"c4c6e72\" data-element_type=\"widget\" data-e-type=\"widget\" data-widget_type=\"image.default\">\n\t\t\t\t<div class=\"elementor-widget-container\">\n\t\t\t\t\t\t\t\t\t\t\t\t\t\t\t<img decoding=\"async\" width=\"1241\" height=\"1755\" src=\"https:\/\/www.une.edu.pe\/uneweb\/wp-content\/uploads\/2026\/02\/02-Formato-de-convocatoria_page-0002.jpg\" class=\"attachment-full size-full wp-image-25349\" alt=\"\" srcset=\"https:\/\/www.une.edu.pe\/uneweb\/wp-content\/uploads\/2026\/02\/02-Formato-de-convocatoria_page-0002.jpg 1241w, https:\/\/www.une.edu.pe\/uneweb\/wp-content\/uploads\/2026\/02\/02-Formato-de-convocatoria_page-0002-212x300.jpg 212w, https:\/\/www.une.edu.pe\/uneweb\/wp-content\/uploads\/2026\/02\/02-Formato-de-convocatoria_page-0002-724x1024.jpg 724w, https:\/\/www.une.edu.pe\/uneweb\/wp-content\/uploads\/2026\/02\/02-Formato-de-convocatoria_page-0002-768x1086.jpg 768w, https:\/\/www.une.edu.pe\/uneweb\/wp-content\/uploads\/2026\/02\/02-Formato-de-convocatoria_page-0002-1086x1536.jpg 1086w\" sizes=\"(max-width: 1241px) 100vw, 1241px\" \/>\t\t\t\t\t\t\t\t\t\t\t\t\t\t\t<\/div>\n\t\t\t\t<\/div>\n\t\t\t\t\t<\/div>\n\t\t<\/div>\n\t\t\t\t\t<\/div>\n\t\t<\/section>\n\t\t\t\t<section class=\"elementor-section elementor-top-section elementor-element elementor-element-45f0183 elementor-section-boxed elementor-section-height-default elementor-section-height-default\" data-id=\"45f0183\" data-element_type=\"section\" data-e-type=\"section\">\n\t\t\t\t\t\t<div class=\"elementor-container elementor-column-gap-default\">\n\t\t\t\t\t<div class=\"elementor-column elementor-col-100 elementor-top-column elementor-element elementor-element-9017817\" data-id=\"9017817\" data-element_type=\"column\" data-e-type=\"column\">\n\t\t\t<div class=\"elementor-widget-wrap elementor-element-populated\">\n\t\t\t\t\t\t<div class=\"elementor-element elementor-element-e43ac41 elementor-widget elementor-widget-image\" data-id=\"e43ac41\" data-element_type=\"widget\" data-e-type=\"widget\" data-widget_type=\"image.default\">\n\t\t\t\t<div class=\"elementor-widget-container\">\n\t\t\t\t\t\t\t\t\t\t\t\t\t\t\t<img decoding=\"async\" width=\"1241\" height=\"1755\" src=\"https:\/\/www.une.edu.pe\/uneweb\/wp-content\/uploads\/2026\/02\/02-Formato-de-convocatoria_page-0003.jpg\" class=\"attachment-full size-full wp-image-25350\" alt=\"\" srcset=\"https:\/\/www.une.edu.pe\/uneweb\/wp-content\/uploads\/2026\/02\/02-Formato-de-convocatoria_page-0003.jpg 1241w, https:\/\/www.une.edu.pe\/uneweb\/wp-content\/uploads\/2026\/02\/02-Formato-de-convocatoria_page-0003-212x300.jpg 212w, https:\/\/www.une.edu.pe\/uneweb\/wp-content\/uploads\/2026\/02\/02-Formato-de-convocatoria_page-0003-724x1024.jpg 724w, https:\/\/www.une.edu.pe\/uneweb\/wp-content\/uploads\/2026\/02\/02-Formato-de-convocatoria_page-0003-768x1086.jpg 768w, https:\/\/www.une.edu.pe\/uneweb\/wp-content\/uploads\/2026\/02\/02-Formato-de-convocatoria_page-0003-1086x1536.jpg 1086w\" sizes=\"(max-width: 1241px) 100vw, 1241px\" \/>\t\t\t\t\t\t\t\t\t\t\t\t\t\t\t<\/div>\n\t\t\t\t<\/div>\n\t\t\t\t\t<\/div>\n\t\t<\/div>\n\t\t\t\t\t<\/div>\n\t\t<\/section>\n\t\t\t\t<section class=\"elementor-section elementor-top-section elementor-element elementor-element-75b6c3f elementor-section-boxed elementor-section-height-default elementor-section-height-default\" data-id=\"75b6c3f\" data-element_type=\"section\" data-e-type=\"section\">\n\t\t\t\t\t\t<div class=\"elementor-container elementor-column-gap-default\">\n\t\t\t\t\t<div class=\"elementor-column elementor-col-100 elementor-top-column elementor-element elementor-element-8bbeb96\" data-id=\"8bbeb96\" data-element_type=\"column\" data-e-type=\"column\">\n\t\t\t<div class=\"elementor-widget-wrap elementor-element-populated\">\n\t\t\t\t\t\t<div class=\"elementor-element elementor-element-46e16a0 elementor-widget elementor-widget-image\" data-id=\"46e16a0\" data-element_type=\"widget\" data-e-type=\"widget\" data-widget_type=\"image.default\">\n\t\t\t\t<div class=\"elementor-widget-container\">\n\t\t\t\t\t\t\t\t\t\t\t\t\t\t\t<img loading=\"lazy\" decoding=\"async\" width=\"1241\" height=\"1755\" src=\"https:\/\/www.une.edu.pe\/uneweb\/wp-content\/uploads\/2026\/02\/02-Formato-de-convocatoria_page-0004.jpg\" class=\"attachment-full size-full wp-image-25351\" alt=\"\" srcset=\"https:\/\/www.une.edu.pe\/uneweb\/wp-content\/uploads\/2026\/02\/02-Formato-de-convocatoria_page-0004.jpg 1241w, https:\/\/www.une.edu.pe\/uneweb\/wp-content\/uploads\/2026\/02\/02-Formato-de-convocatoria_page-0004-212x300.jpg 212w, https:\/\/www.une.edu.pe\/uneweb\/wp-content\/uploads\/2026\/02\/02-Formato-de-convocatoria_page-0004-724x1024.jpg 724w, https:\/\/www.une.edu.pe\/uneweb\/wp-content\/uploads\/2026\/02\/02-Formato-de-convocatoria_page-0004-768x1086.jpg 768w, https:\/\/www.une.edu.pe\/uneweb\/wp-content\/uploads\/2026\/02\/02-Formato-de-convocatoria_page-0004-1086x1536.jpg 1086w\" sizes=\"(max-width: 1241px) 100vw, 1241px\" \/>\t\t\t\t\t\t\t\t\t\t\t\t\t\t\t<\/div>\n\t\t\t\t<\/div>\n\t\t\t\t\t<\/div>\n\t\t<\/div>\n\t\t\t\t\t<\/div>\n\t\t<\/section>\n\t\t\t\t<\/div>\n\t\t ","protected":false},"excerpt":{"rendered":"","protected":false},"author":2,"featured_media":0,"parent":0,"menu_order":0,"comment_status":"closed","ping_status":"closed","template":"","meta":{"footnotes":""},"class_list":["post-25345","page","type-page","status-publish","hentry"],"_links":{"self":[{"href":"https:\/\/www.une.edu.pe\/uneweb\/wp-json\/wp\/v2\/pages\/25345","targetHints":{"allow":["GET"]}}],"collection":[{"href":"https:\/\/www.une.edu.pe\/uneweb\/wp-json\/wp\/v2\/pages"}],"about":[{"href":"https:\/\/www.une.edu.pe\/uneweb\/wp-json\/wp\/v2\/types\/page"}],"author":[{"embeddable":true,"href":"https:\/\/www.une.edu.pe\/uneweb\/wp-json\/wp\/v2\/users\/2"}],"replies":[{"embeddable":true,"href":"https:\/\/www.une.edu.pe\/uneweb\/wp-json\/wp\/v2\/comments?post=25345"}],"version-history":[{"count":4,"href":"https:\/\/www.une.edu.pe\/uneweb\/wp-json\/wp\/v2\/pages\/25345\/revisions"}],"predecessor-version":[{"id":25354,"href":"https:\/\/www.une.edu.pe\/uneweb\/wp-json\/wp\/v2\/pages\/25345\/revisions\/25354"}],"wp:attachment":[{"href":"https:\/\/www.une.edu.pe\/uneweb\/wp-json\/wp\/v2\/media?parent=25345"}],"curies":[{"name":"wp","href":"https:\/\/api.w.org\/{rel}","templated":true}]}}