{"id":25139,"date":"2026-01-08T10:27:17","date_gmt":"2026-01-08T15:27:17","guid":{"rendered":"https:\/\/www.une.edu.pe\/uneweb\/?page_id=25139"},"modified":"2026-01-08T10:30:03","modified_gmt":"2026-01-08T15:30:03","slug":"calendario-academico-2026","status":"publish","type":"page","link":"https:\/\/www.une.edu.pe\/uneweb\/calendario-academico-2026\/","title":{"rendered":"Calendario Acad\u00e9mico 2026"},"content":{"rendered":"\t\t<div data-elementor-type=\"wp-page\" data-elementor-id=\"25139\" class=\"elementor elementor-25139\">\n\t\t\t\t\t\t<section class=\"elementor-section elementor-top-section elementor-element elementor-element-3f8112bc elementor-section-boxed elementor-section-height-default elementor-section-height-default\" data-id=\"3f8112bc\" data-element_type=\"section\" data-e-type=\"section\">\n\t\t\t\t\t\t<div class=\"elementor-container elementor-column-gap-default\">\n\t\t\t\t\t<div class=\"elementor-column elementor-col-100 elementor-top-column elementor-element elementor-element-1d96d770\" data-id=\"1d96d770\" data-element_type=\"column\" data-e-type=\"column\">\n\t\t\t<div class=\"elementor-widget-wrap elementor-element-populated\">\n\t\t\t\t\t\t<div class=\"elementor-element elementor-element-6316432e elementor-widget elementor-widget-text-editor\" data-id=\"6316432e\" data-element_type=\"widget\" data-e-type=\"widget\" data-widget_type=\"text-editor.default\">\n\t\t\t\t<div class=\"elementor-widget-container\">\n\t\t\t\t\t\t\t\t\t<p>\u00a0<\/p><ul><li><a href=\"https:\/\/www.une.edu.pe\/transparencia\/informacion\/resoluciones-varias\/2025\/Resolucion_4184-2025-R-UNE.pdf\" target=\"_blank\" rel=\"noopener\"><span class=\"Estilo53\"><span style=\"font-family: Verdana;\"><strong><span style=\"color: #993300;\">Resoluci\u00f3n N\u00ba 4184-2025-R-UNE<\/span>: <\/strong><\/span><\/span><span style=\"font-family: Verdana;\">APROBAR EL CALENDARIO ACAD\u00c9MICO DE LA UNIVERSIDAD NACIONAL DE EDUCACI\u00d3N ENRIQUE GUZM\u00c1N Y VALLE 2026<\/span><\/a><\/li><\/ul>\t\t\t\t\t\t\t\t<\/div>\n\t\t\t\t<\/div>\n\t\t\t\t\t<\/div>\n\t\t<\/div>\n\t\t\t\t\t<\/div>\n\t\t<\/section>\n\t\t\t\t<\/div>\n\t\t ","protected":false},"excerpt":{"rendered":"<p>\u00a0 Resoluci\u00f3n N\u00ba 4184-2025-R-UNE: APROBAR EL CALENDARIO ACAD\u00c9MICO DE LA UNIVERSIDAD NACIONAL DE EDUCACI\u00d3N ENRIQUE GUZM\u00c1N Y VALLE 2026<\/p>\n","protected":false},"author":2,"featured_media":0,"parent":0,"menu_order":0,"comment_status":"closed","ping_status":"closed","template":"","meta":{"footnotes":""},"class_list":["post-25139","page","type-page","status-publish","hentry"],"_links":{"self":[{"href":"https:\/\/www.une.edu.pe\/uneweb\/wp-json\/wp\/v2\/pages\/25139","targetHints":{"allow":["GET"]}}],"collection":[{"href":"https:\/\/www.une.edu.pe\/uneweb\/wp-json\/wp\/v2\/pages"}],"about":[{"href":"https:\/\/www.une.edu.pe\/uneweb\/wp-json\/wp\/v2\/types\/page"}],"author":[{"embeddable":true,"href":"https:\/\/www.une.edu.pe\/uneweb\/wp-json\/wp\/v2\/users\/2"}],"replies":[{"embeddable":true,"href":"https:\/\/www.une.edu.pe\/uneweb\/wp-json\/wp\/v2\/comments?post=25139"}],"version-history":[{"count":4,"href":"https:\/\/www.une.edu.pe\/uneweb\/wp-json\/wp\/v2\/pages\/25139\/revisions"}],"predecessor-version":[{"id":25144,"href":"https:\/\/www.une.edu.pe\/uneweb\/wp-json\/wp\/v2\/pages\/25139\/revisions\/25144"}],"wp:attachment":[{"href":"https:\/\/www.une.edu.pe\/uneweb\/wp-json\/wp\/v2\/media?parent=25139"}],"curies":[{"name":"wp","href":"https:\/\/api.w.org\/{rel}","templated":true}]}}