{"id":24850,"date":"2025-12-16T15:00:51","date_gmt":"2025-12-16T20:00:51","guid":{"rendered":"https:\/\/www.une.edu.pe\/uneweb\/?page_id=24850"},"modified":"2026-01-27T12:28:09","modified_gmt":"2026-01-27T17:28:09","slug":"concurso-de-bolsa-de-investigacion-con-estimulo-economico-2026","status":"publish","type":"page","link":"https:\/\/www.une.edu.pe\/uneweb\/concurso-de-bolsa-de-investigacion-con-estimulo-economico-2026\/","title":{"rendered":"Concurso de Bolsa de Investigaci\u00f3n con est\u00edmulo econ\u00f3mico &#8211; 2026"},"content":{"rendered":"\t\t<div data-elementor-type=\"wp-page\" data-elementor-id=\"24850\" class=\"elementor elementor-24850\">\n\t\t\t\t\t\t<section class=\"elementor-section elementor-top-section elementor-element elementor-element-7e10270 elementor-section-boxed elementor-section-height-default elementor-section-height-default\" data-id=\"7e10270\" data-element_type=\"section\" data-e-type=\"section\" data-settings=\"{&quot;background_background&quot;:&quot;classic&quot;}\">\n\t\t\t\t\t\t<div class=\"elementor-container elementor-column-gap-default\">\n\t\t\t\t\t<div class=\"elementor-column elementor-col-100 elementor-top-column elementor-element elementor-element-b62ada9\" data-id=\"b62ada9\" data-element_type=\"column\" data-e-type=\"column\">\n\t\t\t<div class=\"elementor-widget-wrap elementor-element-populated\">\n\t\t\t\t\t\t<div class=\"elementor-element elementor-element-99ba2be elementor-widget elementor-widget-heading\" data-id=\"99ba2be\" data-element_type=\"widget\" data-e-type=\"widget\" data-widget_type=\"heading.default\">\n\t\t\t\t<div class=\"elementor-widget-container\">\n\t\t\t\t\t<h2 class=\"elementor-heading-title elementor-size-default\">Documentos<\/h2>\t\t\t\t<\/div>\n\t\t\t\t<\/div>\n\t\t\t\t\t<\/div>\n\t\t<\/div>\n\t\t\t\t\t<\/div>\n\t\t<\/section>\n\t\t\t\t<section class=\"elementor-section elementor-top-section elementor-element elementor-element-42b6e76 elementor-section-boxed elementor-section-height-default elementor-section-height-default\" data-id=\"42b6e76\" data-element_type=\"section\" data-e-type=\"section\">\n\t\t\t\t\t\t<div class=\"elementor-container elementor-column-gap-default\">\n\t\t\t\t\t<div class=\"elementor-column elementor-col-100 elementor-top-column elementor-element elementor-element-5e9fc90\" data-id=\"5e9fc90\" data-element_type=\"column\" data-e-type=\"column\">\n\t\t\t<div class=\"elementor-widget-wrap elementor-element-populated\">\n\t\t\t\t\t\t<div class=\"elementor-element elementor-element-176a7d9 elementor-widget elementor-widget-text-editor\" data-id=\"176a7d9\" data-element_type=\"widget\" data-e-type=\"widget\" data-widget_type=\"text-editor.default\">\n\t\t\t\t<div class=\"elementor-widget-container\">\n\t\t\t\t\t\t\t\t\t<ul><li style=\"list-style-type: none;\"><ul><li><a href=\"https:\/\/www.une.edu.pe\/uneweb\/wp-content\/uploads\/2026\/01\/Resultado-final-Bolsa-investigacion-con-Estimulo-Economico\u20132026.pdf\" target=\"_blank\" rel=\"noopener\"><strong><span style=\"color: #000000;\">Resultado final del\u00a0<\/span><\/strong><strong><span style=\"color: #000000;\">Concurso de Bolsa de Investigaci\u00f3n con Est\u00edmulo Econ\u00f3mico &#8211; 2026<\/span><\/strong><\/a><\/li><li style=\"text-align: left;\"><a href=\"https:\/\/www.une.edu.pe\/uneweb\/wp-content\/uploads\/2025\/12\/Anexos-1-2-y-5.docx\" target=\"_blank\" rel=\"noopener\"><strong><span style=\"color: #000000;\">Anexos 1, 2 y 5<\/span><\/strong><\/a><\/li><li style=\"text-align: left;\"><a href=\"https:\/\/www.une.edu.pe\/uneweb\/wp-content\/uploads\/2025\/12\/Cronograma-para-el-Concurso-de-Bolsa-de-Investigacion-2026.pdf\" target=\"_blank\" rel=\"noopener\"><span style=\"color: #000000;\"><strong>Cronograma del Concurso de Bolsa de Investigaci\u00f3n con est\u00edmulo econ\u00f3mico &#8211; 2026<\/strong><\/span><\/a><\/li><li style=\"text-align: left;\"><a href=\"https:\/\/www.une.edu.pe\/uneweb\/wp-content\/uploads\/2025\/12\/Bases-para-el-Concurso-de-Bolsa-de-Investigacion-2026.pdf\" target=\"_blank\" rel=\"noopener\"><span style=\"color: #000000;\"><strong>Bases del Concurso de Bolsa de Investigaci\u00f3n con est\u00edmulo\u00a0 econ\u00f3mico &#8211; 2026<\/strong><\/span><\/a><\/li><li><a href=\"https:\/\/www.une.edu.pe\/uneweb\/wp-content\/uploads\/2025\/12\/Resolucion-N\u00b0-3573-2025-R-UNE-Reglamento-Bolsa-de-Investigacion.pdf\"><strong><span style=\"color: #000000;\">Reglamento de Bolsa de Investigaci\u00f3n con est\u00edmulo econ\u00f3mico &#8211; 2026<\/span><\/strong><\/a><\/li><\/ul><\/li><\/ul>\t\t\t\t\t\t\t\t<\/div>\n\t\t\t\t<\/div>\n\t\t\t\t\t<\/div>\n\t\t<\/div>\n\t\t\t\t\t<\/div>\n\t\t<\/section>\n\t\t\t\t<\/div>\n\t\t ","protected":false},"excerpt":{"rendered":"<p>Documentos Resultado final del\u00a0Concurso de Bolsa de Investigaci\u00f3n con Est\u00edmulo Econ\u00f3mico &#8211; 2026 Anexos 1, 2 y 5 Cronograma del Concurso de Bolsa de Investigaci\u00f3n con est\u00edmulo econ\u00f3mico &#8211; 2026 Bases del Concurso de Bolsa de Investigaci\u00f3n con est\u00edmulo\u00a0 econ\u00f3mico &#8211; 2026 Reglamento de Bolsa de Investigaci\u00f3n con est\u00edmulo econ\u00f3mico &#8211; 2026<\/p>\n","protected":false},"author":2,"featured_media":0,"parent":0,"menu_order":0,"comment_status":"closed","ping_status":"closed","template":"","meta":{"footnotes":""},"class_list":["post-24850","page","type-page","status-publish","hentry"],"_links":{"self":[{"href":"https:\/\/www.une.edu.pe\/uneweb\/wp-json\/wp\/v2\/pages\/24850","targetHints":{"allow":["GET"]}}],"collection":[{"href":"https:\/\/www.une.edu.pe\/uneweb\/wp-json\/wp\/v2\/pages"}],"about":[{"href":"https:\/\/www.une.edu.pe\/uneweb\/wp-json\/wp\/v2\/types\/page"}],"author":[{"embeddable":true,"href":"https:\/\/www.une.edu.pe\/uneweb\/wp-json\/wp\/v2\/users\/2"}],"replies":[{"embeddable":true,"href":"https:\/\/www.une.edu.pe\/uneweb\/wp-json\/wp\/v2\/comments?post=24850"}],"version-history":[{"count":37,"href":"https:\/\/www.une.edu.pe\/uneweb\/wp-json\/wp\/v2\/pages\/24850\/revisions"}],"predecessor-version":[{"id":25253,"href":"https:\/\/www.une.edu.pe\/uneweb\/wp-json\/wp\/v2\/pages\/24850\/revisions\/25253"}],"wp:attachment":[{"href":"https:\/\/www.une.edu.pe\/uneweb\/wp-json\/wp\/v2\/media?parent=24850"}],"curies":[{"name":"wp","href":"https:\/\/api.w.org\/{rel}","templated":true}]}}