{"id":23623,"date":"2025-10-10T15:21:13","date_gmt":"2025-10-10T20:21:13","guid":{"rendered":"https:\/\/www.une.edu.pe\/uneweb\/?page_id=23623"},"modified":"2025-10-10T16:07:45","modified_gmt":"2025-10-10T21:07:45","slug":"convocatorias-para-la-presentacion-de-manuscritos-de-libros-deresultados-de-investigacion-y-textos-academicos","status":"publish","type":"page","link":"https:\/\/www.une.edu.pe\/uneweb\/convocatorias-para-la-presentacion-de-manuscritos-de-libros-deresultados-de-investigacion-y-textos-academicos\/","title":{"rendered":"Convocatorias para la presentaci\u00f3n de Manuscritos de Libros de resultados de Investigaci\u00f3n y Textos Acad\u00e9micos"},"content":{"rendered":"\t\t<div data-elementor-type=\"wp-page\" data-elementor-id=\"23623\" class=\"elementor elementor-23623\">\n\t\t\t\t\t\t<section class=\"elementor-section elementor-top-section elementor-element elementor-element-e7ab93c elementor-section-boxed elementor-section-height-default elementor-section-height-default\" data-id=\"e7ab93c\" data-element_type=\"section\" data-e-type=\"section\">\n\t\t\t\t\t\t<div class=\"elementor-container elementor-column-gap-default\">\n\t\t\t\t\t<div class=\"elementor-column elementor-col-100 elementor-top-column elementor-element elementor-element-e32682c\" data-id=\"e32682c\" data-element_type=\"column\" data-e-type=\"column\">\n\t\t\t<div class=\"elementor-widget-wrap elementor-element-populated\">\n\t\t\t\t\t\t<div class=\"elementor-element elementor-element-448a601 elementor-widget elementor-widget-image\" data-id=\"448a601\" data-element_type=\"widget\" data-e-type=\"widget\" data-widget_type=\"image.default\">\n\t\t\t\t<div class=\"elementor-widget-container\">\n\t\t\t\t\t\t\t\t\t\t\t\t\t\t\t<img fetchpriority=\"high\" decoding=\"async\" width=\"702\" height=\"962\" src=\"https:\/\/www.une.edu.pe\/uneweb\/wp-content\/uploads\/2025\/10\/Presentacion.jpg\" class=\"attachment-large size-large wp-image-23632\" alt=\"\" srcset=\"https:\/\/www.une.edu.pe\/uneweb\/wp-content\/uploads\/2025\/10\/Presentacion.jpg 702w, https:\/\/www.une.edu.pe\/uneweb\/wp-content\/uploads\/2025\/10\/Presentacion-219x300.jpg 219w\" sizes=\"(max-width: 702px) 100vw, 702px\" \/>\t\t\t\t\t\t\t\t\t\t\t\t\t\t\t<\/div>\n\t\t\t\t<\/div>\n\t\t\t\t\t<\/div>\n\t\t<\/div>\n\t\t\t\t\t<\/div>\n\t\t<\/section>\n\t\t\t\t<section class=\"elementor-section elementor-top-section elementor-element elementor-element-38db5da elementor-section-boxed elementor-section-height-default elementor-section-height-default\" data-id=\"38db5da\" data-element_type=\"section\" data-e-type=\"section\">\n\t\t\t\t\t\t<div class=\"elementor-container elementor-column-gap-default\">\n\t\t\t\t\t<div class=\"elementor-column elementor-col-100 elementor-top-column elementor-element elementor-element-358f3de\" data-id=\"358f3de\" data-element_type=\"column\" data-e-type=\"column\">\n\t\t\t<div class=\"elementor-widget-wrap elementor-element-populated\">\n\t\t\t\t\t\t<div class=\"elementor-element elementor-element-40335c0 elementor-widget elementor-widget-text-editor\" data-id=\"40335c0\" data-element_type=\"widget\" data-e-type=\"widget\" data-widget_type=\"text-editor.default\">\n\t\t\t\t<div class=\"elementor-widget-container\">\n\t\t\t\t\t\t\t\t\t<p><b><span style=\"color: #000080;\">\u00a0 \u00a0 \u00a0 \u00a0FORMULARIO DE INSCRIPCI\u00d3N:<\/span>\u00a0<\/b><img decoding=\"async\" class=\"an1\" draggable=\"false\" src=\"https:\/\/fonts.gstatic.com\/s\/e\/notoemoji\/16.0\/1f449\/32.png\" alt=\"\ud83d\udc49\" data-emoji=\"\ud83d\udc49\" aria-label=\"\ud83d\udc49\" \/>\u00a0 \u00a0 <a href=\"http:\/\/bit.ly\/3VOqp6o\"><span style=\"color: #0000ff;\">http:\/\/bit.ly\/3VOqp6o<\/span><\/a><\/p>\t\t\t\t\t\t\t\t<\/div>\n\t\t\t\t<\/div>\n\t\t\t\t\t<\/div>\n\t\t<\/div>\n\t\t\t\t\t<\/div>\n\t\t<\/section>\n\t\t\t\t<section class=\"elementor-section elementor-top-section elementor-element elementor-element-79479fc elementor-section-full_width elementor-section-height-default elementor-section-height-default\" data-id=\"79479fc\" data-element_type=\"section\" data-e-type=\"section\">\n\t\t\t\t\t\t<div class=\"elementor-container elementor-column-gap-default\">\n\t\t\t\t\t<div class=\"elementor-column elementor-col-33 elementor-top-column elementor-element elementor-element-aeaa3e8\" data-id=\"aeaa3e8\" data-element_type=\"column\" data-e-type=\"column\">\n\t\t\t<div class=\"elementor-widget-wrap\">\n\t\t\t\t\t\t\t<\/div>\n\t\t<\/div>\n\t\t\t\t<div class=\"elementor-column elementor-col-66 elementor-top-column elementor-element elementor-element-87b797f\" data-id=\"87b797f\" data-element_type=\"column\" data-e-type=\"column\">\n\t\t\t<div class=\"elementor-widget-wrap elementor-element-populated\">\n\t\t\t\t\t\t<div class=\"elementor-element elementor-element-4758800 elementor-widget elementor-widget-heading\" data-id=\"4758800\" data-element_type=\"widget\" data-e-type=\"widget\" data-widget_type=\"heading.default\">\n\t\t\t\t<div class=\"elementor-widget-container\">\n\t\t\t\t\t<h3 class=\"elementor-heading-title elementor-size-default\"><a href=\"https:\/\/www.une.edu.pe\/uneweb\/wp-content\/uploads\/2025\/10\/1-PROCEDIMIENTO-PARA-PUBLICAR.pdf\" target=\"_blank\">--- PROCEDIMIENTO PARA SOLICITAR PUBLICACI\u00d3N POR EL FONDO EDITORIAL<\/a><\/h3>\t\t\t\t<\/div>\n\t\t\t\t<\/div>\n\t\t\t\t\t<\/div>\n\t\t<\/div>\n\t\t\t\t\t<\/div>\n\t\t<\/section>\n\t\t\t\t<section class=\"elementor-section elementor-top-section elementor-element elementor-element-866a81e elementor-section-boxed elementor-section-height-default elementor-section-height-default\" data-id=\"866a81e\" data-element_type=\"section\" data-e-type=\"section\">\n\t\t\t\t\t\t<div class=\"elementor-container elementor-column-gap-default\">\n\t\t\t\t\t<div class=\"elementor-column elementor-col-33 elementor-top-column elementor-element elementor-element-e5fd04a\" data-id=\"e5fd04a\" data-element_type=\"column\" data-e-type=\"column\">\n\t\t\t<div class=\"elementor-widget-wrap\">\n\t\t\t\t\t\t\t<\/div>\n\t\t<\/div>\n\t\t\t\t<div class=\"elementor-column elementor-col-66 elementor-top-column elementor-element elementor-element-d67fcd6\" data-id=\"d67fcd6\" data-element_type=\"column\" data-e-type=\"column\">\n\t\t\t<div class=\"elementor-widget-wrap elementor-element-populated\">\n\t\t\t\t\t\t<div class=\"elementor-element elementor-element-b4690bc elementor-widget__width-initial elementor-widget elementor-widget-heading\" data-id=\"b4690bc\" data-element_type=\"widget\" data-e-type=\"widget\" data-widget_type=\"heading.default\">\n\t\t\t\t<div class=\"elementor-widget-container\">\n\t\t\t\t\t<h3 class=\"elementor-heading-title elementor-size-default\"><a href=\"https:\/\/www.une.edu.pe\/uneweb\/wp-content\/uploads\/2025\/10\/2-DETALLES-PARA-LA-PRESENTACION-DEL-ARCHIVO-MANUSCRITO.pdf\" target=\"_blank\">--- DETALLES PARA LA PRESENTACI\u00d3N DEL ARCHIVO (MANUSCRITO) <\/a><\/h3>\t\t\t\t<\/div>\n\t\t\t\t<\/div>\n\t\t\t\t\t<\/div>\n\t\t<\/div>\n\t\t\t\t\t<\/div>\n\t\t<\/section>\n\t\t\t\t<section class=\"elementor-section elementor-top-section elementor-element elementor-element-c872c12 elementor-section-boxed elementor-section-height-default elementor-section-height-default\" data-id=\"c872c12\" data-element_type=\"section\" data-e-type=\"section\">\n\t\t\t\t\t\t<div class=\"elementor-container elementor-column-gap-default\">\n\t\t\t\t\t<div class=\"elementor-column elementor-col-33 elementor-top-column elementor-element elementor-element-2f39717\" data-id=\"2f39717\" data-element_type=\"column\" data-e-type=\"column\">\n\t\t\t<div class=\"elementor-widget-wrap\">\n\t\t\t\t\t\t\t<\/div>\n\t\t<\/div>\n\t\t\t\t<div class=\"elementor-column elementor-col-66 elementor-top-column elementor-element elementor-element-b9e5eeb\" data-id=\"b9e5eeb\" data-element_type=\"column\" data-e-type=\"column\">\n\t\t\t<div class=\"elementor-widget-wrap elementor-element-populated\">\n\t\t\t\t\t\t<div class=\"elementor-element elementor-element-61bd2de elementor-widget__width-initial elementor-widget elementor-widget-heading\" data-id=\"61bd2de\" data-element_type=\"widget\" data-e-type=\"widget\" data-widget_type=\"heading.default\">\n\t\t\t\t<div class=\"elementor-widget-container\">\n\t\t\t\t\t<h3 class=\"elementor-heading-title elementor-size-default\"><a href=\"https:\/\/www.une.edu.pe\/uneweb\/wp-content\/uploads\/2025\/10\/ANEXO-N\u00b0-01-1.docx\" target=\"_blank\">--- ANEXO N\u00b0 1 - SOLICITUD<\/a><\/h3>\t\t\t\t<\/div>\n\t\t\t\t<\/div>\n\t\t\t\t\t<\/div>\n\t\t<\/div>\n\t\t\t\t\t<\/div>\n\t\t<\/section>\n\t\t\t\t<section class=\"elementor-section elementor-top-section elementor-element elementor-element-2da655f elementor-section-boxed elementor-section-height-default elementor-section-height-default\" data-id=\"2da655f\" data-element_type=\"section\" data-e-type=\"section\">\n\t\t\t\t\t\t<div class=\"elementor-container elementor-column-gap-default\">\n\t\t\t\t\t<div class=\"elementor-column elementor-col-33 elementor-top-column elementor-element elementor-element-db0c1b0\" data-id=\"db0c1b0\" data-element_type=\"column\" data-e-type=\"column\">\n\t\t\t<div class=\"elementor-widget-wrap\">\n\t\t\t\t\t\t\t<\/div>\n\t\t<\/div>\n\t\t\t\t<div class=\"elementor-column elementor-col-66 elementor-top-column elementor-element elementor-element-a7ca02a\" data-id=\"a7ca02a\" data-element_type=\"column\" data-e-type=\"column\">\n\t\t\t<div class=\"elementor-widget-wrap elementor-element-populated\">\n\t\t\t\t\t\t<div class=\"elementor-element elementor-element-974c23d elementor-widget elementor-widget-heading\" data-id=\"974c23d\" data-element_type=\"widget\" data-e-type=\"widget\" data-widget_type=\"heading.default\">\n\t\t\t\t<div class=\"elementor-widget-container\">\n\t\t\t\t\t<h3 class=\"elementor-heading-title elementor-size-default\"><a href=\"https:\/\/www.une.edu.pe\/uneweb\/wp-content\/uploads\/2025\/10\/ANEXO-N\u00b0-02-1.docx\" target=\"_blank\">--- ANEXO N\u00b0 2 - DECLARACI\u00d3N JURADA DE DERECHO DE AUTOR<\/a><\/h3>\t\t\t\t<\/div>\n\t\t\t\t<\/div>\n\t\t\t\t\t<\/div>\n\t\t<\/div>\n\t\t\t\t\t<\/div>\n\t\t<\/section>\n\t\t\t\t<section class=\"elementor-section elementor-top-section elementor-element elementor-element-781c793 elementor-section-boxed elementor-section-height-default elementor-section-height-default\" data-id=\"781c793\" data-element_type=\"section\" data-e-type=\"section\">\n\t\t\t\t\t\t<div class=\"elementor-container elementor-column-gap-default\">\n\t\t\t\t\t<div class=\"elementor-column elementor-col-33 elementor-top-column elementor-element elementor-element-8dd25bd\" data-id=\"8dd25bd\" data-element_type=\"column\" data-e-type=\"column\">\n\t\t\t<div class=\"elementor-widget-wrap\">\n\t\t\t\t\t\t\t<\/div>\n\t\t<\/div>\n\t\t\t\t<div class=\"elementor-column elementor-col-66 elementor-top-column elementor-element elementor-element-b8177e9\" data-id=\"b8177e9\" data-element_type=\"column\" data-e-type=\"column\">\n\t\t\t<div class=\"elementor-widget-wrap elementor-element-populated\">\n\t\t\t\t\t\t<div class=\"elementor-element elementor-element-5e911cd elementor-widget__width-initial elementor-widget elementor-widget-heading\" data-id=\"5e911cd\" data-element_type=\"widget\" data-e-type=\"widget\" data-widget_type=\"heading.default\">\n\t\t\t\t<div class=\"elementor-widget-container\">\n\t\t\t\t\t<h3 class=\"elementor-heading-title elementor-size-default\"><a href=\"https:\/\/www.une.edu.pe\/uneweb\/wp-content\/uploads\/2025\/10\/ANEXO-N\u00b0-03-1.docx\" target=\"_blank\">--- ANEXO N\u00b0 3 - RESUMEN DE DATOS DE AUTOR (ES)<\/a><\/h3>\t\t\t\t<\/div>\n\t\t\t\t<\/div>\n\t\t\t\t\t<\/div>\n\t\t<\/div>\n\t\t\t\t\t<\/div>\n\t\t<\/section>\n\t\t\t\t<section class=\"elementor-section elementor-top-section elementor-element elementor-element-101fdd3 elementor-section-boxed elementor-section-height-default elementor-section-height-default\" data-id=\"101fdd3\" data-element_type=\"section\" data-e-type=\"section\">\n\t\t\t\t\t\t<div class=\"elementor-container elementor-column-gap-default\">\n\t\t\t\t\t<div class=\"elementor-column elementor-col-33 elementor-top-column elementor-element elementor-element-792090a\" data-id=\"792090a\" data-element_type=\"column\" data-e-type=\"column\">\n\t\t\t<div class=\"elementor-widget-wrap\">\n\t\t\t\t\t\t\t<\/div>\n\t\t<\/div>\n\t\t\t\t<div class=\"elementor-column elementor-col-66 elementor-top-column elementor-element elementor-element-35e7a8b\" data-id=\"35e7a8b\" data-element_type=\"column\" data-e-type=\"column\">\n\t\t\t<div class=\"elementor-widget-wrap elementor-element-populated\">\n\t\t\t\t\t\t<div class=\"elementor-element elementor-element-93fbb3b elementor-widget elementor-widget-heading\" data-id=\"93fbb3b\" data-element_type=\"widget\" data-e-type=\"widget\" data-widget_type=\"heading.default\">\n\t\t\t\t<div class=\"elementor-widget-container\">\n\t\t\t\t\t<h3 class=\"elementor-heading-title elementor-size-default\"><a href=\"https:\/\/www.une.edu.pe\/uneweb\/wp-content\/uploads\/2025\/10\/ANEXO-N\u00b0-04-.docx\" target=\"_blank\">--- ANEXO N\u00b0 4 - ESTRUCTURA PARA TEXTOS<\/a><\/h3>\t\t\t\t<\/div>\n\t\t\t\t<\/div>\n\t\t\t\t\t<\/div>\n\t\t<\/div>\n\t\t\t\t\t<\/div>\n\t\t<\/section>\n\t\t\t\t<\/div>\n\t\t ","protected":false},"excerpt":{"rendered":"<p>\u00a0 \u00a0 \u00a0 \u00a0FORMULARIO DE INSCRIPCI\u00d3N:\u00a0\u00a0 \u00a0 http:\/\/bit.ly\/3VOqp6o &#8212; PROCEDIMIENTO PARA SOLICITAR PUBLICACI\u00d3N POR EL FONDO EDITORIAL &#8212; DETALLES PARA LA PRESENTACI\u00d3N DEL ARCHIVO (MANUSCRITO) &#8212; ANEXO N\u00b0 1 &#8211; SOLICITUD &#8212; ANEXO N\u00b0 2 &#8211; DECLARACI\u00d3N JURADA DE DERECHO DE AUTOR &#8212; ANEXO N\u00b0 3 &#8211; RESUMEN DE DATOS DE AUTOR (ES) &#8212; ANEXO [&hellip;]<\/p>\n","protected":false},"author":2,"featured_media":0,"parent":0,"menu_order":0,"comment_status":"closed","ping_status":"closed","template":"","meta":{"footnotes":""},"class_list":["post-23623","page","type-page","status-publish","hentry"],"_links":{"self":[{"href":"https:\/\/www.une.edu.pe\/uneweb\/wp-json\/wp\/v2\/pages\/23623","targetHints":{"allow":["GET"]}}],"collection":[{"href":"https:\/\/www.une.edu.pe\/uneweb\/wp-json\/wp\/v2\/pages"}],"about":[{"href":"https:\/\/www.une.edu.pe\/uneweb\/wp-json\/wp\/v2\/types\/page"}],"author":[{"embeddable":true,"href":"https:\/\/www.une.edu.pe\/uneweb\/wp-json\/wp\/v2\/users\/2"}],"replies":[{"embeddable":true,"href":"https:\/\/www.une.edu.pe\/uneweb\/wp-json\/wp\/v2\/comments?post=23623"}],"version-history":[{"count":68,"href":"https:\/\/www.une.edu.pe\/uneweb\/wp-json\/wp\/v2\/pages\/23623\/revisions"}],"predecessor-version":[{"id":23704,"href":"https:\/\/www.une.edu.pe\/uneweb\/wp-json\/wp\/v2\/pages\/23623\/revisions\/23704"}],"wp:attachment":[{"href":"https:\/\/www.une.edu.pe\/uneweb\/wp-json\/wp\/v2\/media?parent=23623"}],"curies":[{"name":"wp","href":"https:\/\/api.w.org\/{rel}","templated":true}]}}