{"id":21869,"date":"2025-07-25T20:52:43","date_gmt":"2025-07-26T01:52:43","guid":{"rendered":"https:\/\/www.une.edu.pe\/uneweb\/?page_id=21869"},"modified":"2025-07-25T23:55:15","modified_gmt":"2025-07-26T04:55:15","slug":"diplomado-fortalecimiento-de-competencias-pedagogicas-en-educacion-basica-alternativa","status":"publish","type":"page","link":"https:\/\/www.une.edu.pe\/uneweb\/diplomado-fortalecimiento-de-competencias-pedagogicas-en-educacion-basica-alternativa\/","title":{"rendered":"Diplomado Fortalecimiento de competencias pedag\u00f3gicas en Educaci\u00f3n B\u00e1sica Alternativa"},"content":{"rendered":"\t\t<div data-elementor-type=\"wp-page\" data-elementor-id=\"21869\" class=\"elementor elementor-21869\">\n\t\t\t\t\t\t<section class=\"elementor-section elementor-top-section elementor-element elementor-element-7ee9bc8 elementor-section-boxed elementor-section-height-default elementor-section-height-default\" data-id=\"7ee9bc8\" data-element_type=\"section\" data-e-type=\"section\">\n\t\t\t\t\t\t<div class=\"elementor-container elementor-column-gap-default\">\n\t\t\t\t\t<div class=\"elementor-column elementor-col-66 elementor-top-column elementor-element elementor-element-7fd8ffd\" data-id=\"7fd8ffd\" data-element_type=\"column\" data-e-type=\"column\">\n\t\t\t<div class=\"elementor-widget-wrap elementor-element-populated\">\n\t\t\t\t\t\t<div class=\"elementor-element elementor-element-5d0f7e2 elementor-widget elementor-widget-text-editor\" data-id=\"5d0f7e2\" data-element_type=\"widget\" data-e-type=\"widget\" data-widget_type=\"text-editor.default\">\n\t\t\t\t<div class=\"elementor-widget-container\">\n\t\t\t\t\t\t\t\t\t<p><span style=\"color: #000000;\"><strong>DIRIGIDO A:<\/strong><\/span><\/p><ul><li>Docentes de la Universidad Nacional de Educaci\u00f3n \u201cEnrique Guzm\u00e1n y Valle\u201d<\/li><li>Directivos y Docentes de la Educaci\u00f3n B\u00e1sica.<\/li><\/ul>\t\t\t\t\t\t\t\t<\/div>\n\t\t\t\t<\/div>\n\t\t\t\t\t<\/div>\n\t\t<\/div>\n\t\t\t\t<div class=\"elementor-column elementor-col-33 elementor-top-column elementor-element elementor-element-6cdce02\" data-id=\"6cdce02\" data-element_type=\"column\" data-e-type=\"column\">\n\t\t\t<div class=\"elementor-widget-wrap elementor-element-populated\">\n\t\t\t\t\t\t<div class=\"elementor-element elementor-element-20a4e6c elementor-widget elementor-widget-image\" data-id=\"20a4e6c\" data-element_type=\"widget\" data-e-type=\"widget\" data-widget_type=\"image.default\">\n\t\t\t\t<div class=\"elementor-widget-container\">\n\t\t\t\t\t\t\t\t\t\t\t\t\t\t\t\t<a href=\"https:\/\/docs.google.com\/forms\/d\/e\/1FAIpQLSd38i4H7gXrycKdr-7HYT3ZbV9JAPrw5P1PqtE6FDlAs8XOHg\/viewform\" target=\"_blank\">\n\t\t\t\t\t\t\t<img decoding=\"async\" src=\"https:\/\/www.une.edu.pe\/uneweb\/wp-content\/uploads\/elementor\/thumbs\/bn-formulario-qs8b4gp17p6c8uleatt95m1v5tv0s8boaua0o4hayc.jpg\" title=\"bn-formulario\" alt=\"bn-formulario\" loading=\"lazy\" \/>\t\t\t\t\t\t\t\t<\/a>\n\t\t\t\t\t\t\t\t\t\t\t\t\t\t\t<\/div>\n\t\t\t\t<\/div>\n\t\t\t\t\t<\/div>\n\t\t<\/div>\n\t\t\t\t\t<\/div>\n\t\t<\/section>\n\t\t\t\t<section class=\"elementor-section elementor-top-section elementor-element elementor-element-4b872ed elementor-section-boxed elementor-section-height-default elementor-section-height-default\" data-id=\"4b872ed\" data-element_type=\"section\" data-e-type=\"section\">\n\t\t\t\t\t\t<div class=\"elementor-container elementor-column-gap-default\">\n\t\t\t\t\t<div class=\"elementor-column elementor-col-100 elementor-top-column elementor-element elementor-element-45b44d0\" data-id=\"45b44d0\" data-element_type=\"column\" data-e-type=\"column\">\n\t\t\t<div class=\"elementor-widget-wrap elementor-element-populated\">\n\t\t\t\t\t\t<div class=\"elementor-element elementor-element-0dc3b75 elementor-tabs-view-vertical elementor-widget elementor-widget-tabs\" data-id=\"0dc3b75\" data-element_type=\"widget\" data-e-type=\"widget\" data-widget_type=\"tabs.default\">\n\t\t\t\t<div class=\"elementor-widget-container\">\n\t\t\t\t\t\t\t<div class=\"elementor-tabs\">\n\t\t\t<div class=\"elementor-tabs-wrapper\" role=\"tablist\" >\n\t\t\t\t\t\t\t\t\t<div id=\"elementor-tab-title-1441\" class=\"elementor-tab-title elementor-tab-desktop-title\" aria-selected=\"true\" data-tab=\"1\" role=\"tab\" tabindex=\"0\" aria-controls=\"elementor-tab-content-1441\" aria-expanded=\"false\">JUSTIFICACI\u00d3N<\/div>\n\t\t\t\t\t\t\t\t\t<div id=\"elementor-tab-title-1442\" class=\"elementor-tab-title elementor-tab-desktop-title\" aria-selected=\"false\" data-tab=\"2\" role=\"tab\" tabindex=\"-1\" aria-controls=\"elementor-tab-content-1442\" aria-expanded=\"false\">CRONOGRAMA<\/div>\n\t\t\t\t\t\t\t\t\t<div id=\"elementor-tab-title-1443\" class=\"elementor-tab-title elementor-tab-desktop-title\" aria-selected=\"false\" data-tab=\"3\" role=\"tab\" tabindex=\"-1\" aria-controls=\"elementor-tab-content-1443\" aria-expanded=\"false\">PONENTES<\/div>\n\t\t\t\t\t\t\t\t\t<div id=\"elementor-tab-title-1444\" class=\"elementor-tab-title elementor-tab-desktop-title\" aria-selected=\"false\" data-tab=\"4\" role=\"tab\" tabindex=\"-1\" aria-controls=\"elementor-tab-content-1444\" aria-expanded=\"false\">CERTIFICACI\u00d3N<\/div>\n\t\t\t\t\t\t\t\t\t<div id=\"elementor-tab-title-1445\" class=\"elementor-tab-title elementor-tab-desktop-title\" aria-selected=\"false\" data-tab=\"5\" role=\"tab\" tabindex=\"-1\" aria-controls=\"elementor-tab-content-1445\" aria-expanded=\"false\">METODOLOG\u00cdA<\/div>\n\t\t\t\t\t\t\t\t\t<div id=\"elementor-tab-title-1446\" class=\"elementor-tab-title elementor-tab-desktop-title\" aria-selected=\"false\" data-tab=\"6\" role=\"tab\" tabindex=\"-1\" aria-controls=\"elementor-tab-content-1446\" aria-expanded=\"false\">INFORMACI\u00d3N<\/div>\n\t\t\t\t\t\t\t<\/div>\n\t\t\t<div class=\"elementor-tabs-content-wrapper\" role=\"tablist\" aria-orientation=\"vertical\">\n\t\t\t\t\t\t\t\t\t<div class=\"elementor-tab-title elementor-tab-mobile-title\" aria-selected=\"true\" data-tab=\"1\" role=\"tab\" tabindex=\"0\" aria-controls=\"elementor-tab-content-1441\" aria-expanded=\"false\">JUSTIFICACI\u00d3N<\/div>\n\t\t\t\t\t<div id=\"elementor-tab-content-1441\" class=\"elementor-tab-content elementor-clearfix\" data-tab=\"1\" role=\"tabpanel\" aria-labelledby=\"elementor-tab-title-1441\" tabindex=\"0\" hidden=\"false\"><p>El Diplomado \u201c<strong>Fortalecimiento de Competencias Pedag\u00f3gicas en Educaci\u00f3n B\u00e1sica Alternativa<\/strong>\u201d no solo es una necesidad educativa, sino tambi\u00e9n un compromiso social. Al formar docentes y gestores educativos competentes, se contribuye a la construcci\u00f3n de una sociedad m\u00e1s justa e inclusiva, donde el derecho a la educaci\u00f3n sea una realidad para todos. En ese sentido la Facultad de Pedagog\u00eda y Cultura F\u00edsica de la UNE, al ejecutar este Diplomado se posiciona como un l\u00edder en la formaci\u00f3n de profesionales en esta modalidad comprometidos con la educaci\u00f3n inclusiva y el cambio social en nuestro pa\u00eds.<\/p><p>La implementaci\u00f3n y ejecuci\u00f3n del Diplomado \u201cFortalecimiento de Competencias Pedag\u00f3gicas en Educaci\u00f3n B\u00e1sica Alternativa\u201d responde a la demanda de docentes que necesitan conocer la formaci\u00f3n de j\u00f3venes y adultos que contribuyan al desarrollo profesional en el marco del derecho a la educaci\u00f3n y los avances en las ciencias pedag\u00f3gicas, asimismo promover un enfoque de una educaci\u00f3n permanente y a lo largo de la vida que involucre a profesionales calificados nacionales e internacionales, enriqueciendo as\u00ed el proceso de ense\u00f1anza- aprendizaje de los j\u00f3venes y adultos.<\/p><\/div>\n\t\t\t\t\t\t\t\t\t<div class=\"elementor-tab-title elementor-tab-mobile-title\" aria-selected=\"false\" data-tab=\"2\" role=\"tab\" tabindex=\"-1\" aria-controls=\"elementor-tab-content-1442\" aria-expanded=\"false\">CRONOGRAMA<\/div>\n\t\t\t\t\t<div id=\"elementor-tab-content-1442\" class=\"elementor-tab-content elementor-clearfix\" data-tab=\"2\" role=\"tabpanel\" aria-labelledby=\"elementor-tab-title-1442\" tabindex=\"0\" hidden=\"hidden\"><div class=\"wp-block-image\"><img fetchpriority=\"high\" decoding=\"async\" class=\"wpa-warning wpa-image-missing-alt alignnone size-full wp-image-21877\" src=\"https:\/\/www.une.edu.pe\/uneweb\/wp-content\/uploads\/2025\/07\/cronograma2.png\" alt=\"\" width=\"798\" height=\"477\" data-warning=\"Falta el texto alternativo\" srcset=\"https:\/\/www.une.edu.pe\/uneweb\/wp-content\/uploads\/2025\/07\/cronograma2.png 798w, https:\/\/www.une.edu.pe\/uneweb\/wp-content\/uploads\/2025\/07\/cronograma2-300x179.png 300w, https:\/\/www.une.edu.pe\/uneweb\/wp-content\/uploads\/2025\/07\/cronograma2-768x459.png 768w\" sizes=\"(max-width: 798px) 100vw, 798px\" \/><\/div><\/div>\n\t\t\t\t\t\t\t\t\t<div class=\"elementor-tab-title elementor-tab-mobile-title\" aria-selected=\"false\" data-tab=\"3\" role=\"tab\" tabindex=\"-1\" aria-controls=\"elementor-tab-content-1443\" aria-expanded=\"false\">PONENTES<\/div>\n\t\t\t\t\t<div id=\"elementor-tab-content-1443\" class=\"elementor-tab-content elementor-clearfix\" data-tab=\"3\" role=\"tabpanel\" aria-labelledby=\"elementor-tab-title-1443\" tabindex=\"0\" hidden=\"hidden\"><p><span style=\"color: #000000;\">Los ponentes nacionales e internacionales son especialistas en la IA.<\/span><\/p><ul><li><p>Mg. Walter Quispe Rojas<\/p><\/li><li><p>Mg. Lucio Velarde Robles<\/p><\/li><li><p>Dr. Roberto Marroqu\u00edn Pe\u00f1a<\/p><\/li><li><p>Dr. Juan Carlos Ruiz Loayza<\/p><\/li><li><p>Mg. Walter Quispe Rojas<\/p><\/li><li>Dr. Juan Carlos Ruiz Loayza<\/li><\/ul><\/div>\n\t\t\t\t\t\t\t\t\t<div class=\"elementor-tab-title elementor-tab-mobile-title\" aria-selected=\"false\" data-tab=\"4\" role=\"tab\" tabindex=\"-1\" aria-controls=\"elementor-tab-content-1444\" aria-expanded=\"false\">CERTIFICACI\u00d3N<\/div>\n\t\t\t\t\t<div id=\"elementor-tab-content-1444\" class=\"elementor-tab-content elementor-clearfix\" data-tab=\"4\" role=\"tabpanel\" aria-labelledby=\"elementor-tab-title-1444\" tabindex=\"0\" hidden=\"hidden\"><p>Se otorgar\u00e1 certificado a nombre de la Facultad, Escuela EBA-UNE y la unidad de Posgrado, debidamente codificado a todos los participantes que cumplan el 70% de asistencia en los talleres programados.<\/p><p><strong>Para extender la certificaci\u00f3n es requisito:<\/strong><\/p><p>Haber aprobado satisfactoriamente los 6 m\u00f3dulos del Plan de Estudios La escuela profesional de educaci\u00f3n b\u00e1sica alternativa es responsable del libro de registros y la base de datos de todos los participantes. En caso de retiro del participante se le otorgar\u00e1 constancia del m\u00f3dulo desarrollado.<\/p><\/div>\n\t\t\t\t\t\t\t\t\t<div class=\"elementor-tab-title elementor-tab-mobile-title\" aria-selected=\"false\" data-tab=\"5\" role=\"tab\" tabindex=\"-1\" aria-controls=\"elementor-tab-content-1445\" aria-expanded=\"false\">METODOLOG\u00cdA<\/div>\n\t\t\t\t\t<div id=\"elementor-tab-content-1445\" class=\"elementor-tab-content elementor-clearfix\" data-tab=\"5\" role=\"tabpanel\" aria-labelledby=\"elementor-tab-title-1445\" tabindex=\"0\" hidden=\"hidden\"><p>El diplomado se ejecutar\u00e1 en forma s\u00edncrona y as\u00edncrona desarroll\u00e1ndose las 10 horas del d\u00eda, los siete d\u00edas de la semana. Las sesiones\/video conferencias se realizar\u00e1n los s\u00e1bados a trav\u00e9s de la plataforma MEET de la UNE.<\/p><p>Para el desarrollo de todos los M\u00f3dulos se han previsto actividades sincr\u00f3nicas y asincr\u00f3nicas, las cuales tienen como finalidad fortalecer la comprensi\u00f3n de conceptos, desarrollar actividades individuales y grupales de transferencia y reflexi\u00f3n sobre las tem\u00e1ticas.<\/p><div class=\"wp-block-image\"><img decoding=\"async\" class=\"wpa-warning wpa-image-missing-alt alignnone size-full wp-image-21729\" src=\"https:\/\/www.une.edu.pe\/uneweb\/wp-content\/uploads\/2025\/07\/actividades.png\" alt=\"\" width=\"870\" height=\"326\" data-warning=\"Falta el texto alternativo\" srcset=\"https:\/\/www.une.edu.pe\/uneweb\/wp-content\/uploads\/2025\/07\/actividades.png 870w, https:\/\/www.une.edu.pe\/uneweb\/wp-content\/uploads\/2025\/07\/actividades-300x112.png 300w, https:\/\/www.une.edu.pe\/uneweb\/wp-content\/uploads\/2025\/07\/actividades-768x288.png 768w\" sizes=\"(max-width: 870px) 100vw, 870px\" \/><\/div><\/div>\n\t\t\t\t\t\t\t\t\t<div class=\"elementor-tab-title elementor-tab-mobile-title\" aria-selected=\"false\" data-tab=\"6\" role=\"tab\" tabindex=\"-1\" aria-controls=\"elementor-tab-content-1446\" aria-expanded=\"false\">INFORMACI\u00d3N<\/div>\n\t\t\t\t\t<div id=\"elementor-tab-content-1446\" class=\"elementor-tab-content elementor-clearfix\" data-tab=\"6\" role=\"tabpanel\" aria-labelledby=\"elementor-tab-title-1446\" tabindex=\"0\" hidden=\"hidden\"><h3><strong>Duraci\u00f3n<\/strong>: 5 meses<\/h3><p><strong>Del 9 de agosto al 30 de enero del 2026<\/strong><\/p><p><strong>Horario<\/strong>: Sesiones s\u00edncronas s\u00e1bados: 9:00 a.m. \u2013 1:00 p.m.<\/p><h3>Inscripci\u00f3n<\/h3><p>Requisito m\u00ednimo para la inscripci\u00f3n: Bachiller y\/o T\u00edtulo Profesional en educaci\u00f3n<\/p><h3>Informes:<\/h3><p>Comisi\u00f3n de la Escuela de Educaci\u00f3n B\u00e1sica Alternativa.\u00a0\u00a0<br \/><strong>Email:<\/strong> diplomadoeba2025@gmail.com<br \/><strong>Celular:<\/strong> 917537729<br \/>Atenci\u00f3n Virtual en el horario de 8 am \u2013 10pm.<\/p><h3>Modalidad<\/h3><p>El Diplomado se desarrollar\u00e1 en la modalidad ONLINE: formas s\u00edncronas y as\u00edncronas.<\/p><p><strong>Cr\u00e9ditos<\/strong>: 24 cr\u00e9ditos acad\u00e9micos<\/p><h3>Horas acad\u00e9micas<\/h3><p>600 horas pedag\u00f3gicas:<\/p><ul><li>168 horas S\u00edncronas<\/li><li>432 horas As\u00edncronas (En la plataforma de la UNE)<\/li><\/ul><\/div>\n\t\t\t\t\t\t\t<\/div>\n\t\t<\/div>\n\t\t\t\t\t\t<\/div>\n\t\t\t\t<\/div>\n\t\t\t\t\t<\/div>\n\t\t<\/div>\n\t\t\t\t\t<\/div>\n\t\t<\/section>\n\t\t\t\t<\/div>\n\t\t ","protected":false},"excerpt":{"rendered":"<p>DIRIGIDO A: Docentes de la Universidad Nacional de Educaci\u00f3n \u201cEnrique Guzm\u00e1n y Valle\u201d Directivos y Docentes de la Educaci\u00f3n B\u00e1sica. JUSTIFICACI\u00d3N CRONOGRAMA PONENTES CERTIFICACI\u00d3N METODOLOG\u00cdA INFORMACI\u00d3N JUSTIFICACI\u00d3N El Diplomado \u201cFortalecimiento de Competencias Pedag\u00f3gicas en Educaci\u00f3n B\u00e1sica Alternativa\u201d no solo es una necesidad educativa, sino tambi\u00e9n un compromiso social. Al formar docentes y gestores educativos competentes, [&hellip;]<\/p>\n","protected":false},"author":1,"featured_media":0,"parent":0,"menu_order":0,"comment_status":"closed","ping_status":"closed","template":"","meta":{"footnotes":""},"class_list":["post-21869","page","type-page","status-publish","hentry"],"_links":{"self":[{"href":"https:\/\/www.une.edu.pe\/uneweb\/wp-json\/wp\/v2\/pages\/21869","targetHints":{"allow":["GET"]}}],"collection":[{"href":"https:\/\/www.une.edu.pe\/uneweb\/wp-json\/wp\/v2\/pages"}],"about":[{"href":"https:\/\/www.une.edu.pe\/uneweb\/wp-json\/wp\/v2\/types\/page"}],"author":[{"embeddable":true,"href":"https:\/\/www.une.edu.pe\/uneweb\/wp-json\/wp\/v2\/users\/1"}],"replies":[{"embeddable":true,"href":"https:\/\/www.une.edu.pe\/uneweb\/wp-json\/wp\/v2\/comments?post=21869"}],"version-history":[{"count":20,"href":"https:\/\/www.une.edu.pe\/uneweb\/wp-json\/wp\/v2\/pages\/21869\/revisions"}],"predecessor-version":[{"id":21901,"href":"https:\/\/www.une.edu.pe\/uneweb\/wp-json\/wp\/v2\/pages\/21869\/revisions\/21901"}],"wp:attachment":[{"href":"https:\/\/www.une.edu.pe\/uneweb\/wp-json\/wp\/v2\/media?parent=21869"}],"curies":[{"name":"wp","href":"https:\/\/api.w.org\/{rel}","templated":true}]}}