{"id":21708,"date":"2025-07-23T13:25:26","date_gmt":"2025-07-23T18:25:26","guid":{"rendered":"https:\/\/www.une.edu.pe\/uneweb\/?page_id=21708"},"modified":"2025-08-16T20:49:03","modified_gmt":"2025-08-17T01:49:03","slug":"diplomado-internacional-en-inteligencia-artificial-aplicada-a-la-investigacion","status":"publish","type":"page","link":"https:\/\/www.une.edu.pe\/uneweb\/diplomado-internacional-en-inteligencia-artificial-aplicada-a-la-investigacion\/","title":{"rendered":"Diplomado internacional en Inteligencia artificial aplicada a la investigaci\u00f3n"},"content":{"rendered":"\t\t<div data-elementor-type=\"wp-page\" data-elementor-id=\"21708\" class=\"elementor elementor-21708\">\n\t\t\t\t\t\t<section class=\"elementor-section elementor-top-section elementor-element elementor-element-7ee9bc8 elementor-section-boxed elementor-section-height-default elementor-section-height-default\" data-id=\"7ee9bc8\" data-element_type=\"section\" data-e-type=\"section\">\n\t\t\t\t\t\t<div class=\"elementor-container elementor-column-gap-default\">\n\t\t\t\t\t<div class=\"elementor-column elementor-col-66 elementor-top-column elementor-element elementor-element-7fd8ffd\" data-id=\"7fd8ffd\" data-element_type=\"column\" data-e-type=\"column\">\n\t\t\t<div class=\"elementor-widget-wrap elementor-element-populated\">\n\t\t\t\t\t\t<div class=\"elementor-element elementor-element-5d0f7e2 elementor-widget elementor-widget-text-editor\" data-id=\"5d0f7e2\" data-element_type=\"widget\" data-e-type=\"widget\" data-widget_type=\"text-editor.default\">\n\t\t\t\t<div class=\"elementor-widget-container\">\n\t\t\t\t\t\t\t\t\t<p><span style=\"color: #000000;\"><strong>DIRIGIDO A:<\/strong><\/span><\/p><ul><li>Docentes de la Universidad Nacional de Educaci\u00f3n \u201cEnrique Guzm\u00e1n y Valle\u201d<\/li><li>Directivos y Docentes de la educaci\u00f3n B\u00e1sica.<\/li><\/ul>\t\t\t\t\t\t\t\t<\/div>\n\t\t\t\t<\/div>\n\t\t\t\t\t<\/div>\n\t\t<\/div>\n\t\t\t\t<div class=\"elementor-column elementor-col-33 elementor-top-column elementor-element elementor-element-6cdce02\" data-id=\"6cdce02\" data-element_type=\"column\" data-e-type=\"column\">\n\t\t\t<div class=\"elementor-widget-wrap elementor-element-populated\">\n\t\t\t\t\t\t<div class=\"elementor-element elementor-element-20a4e6c elementor-widget elementor-widget-image\" data-id=\"20a4e6c\" data-element_type=\"widget\" data-e-type=\"widget\" data-widget_type=\"image.default\">\n\t\t\t\t<div class=\"elementor-widget-container\">\n\t\t\t\t\t\t\t\t\t\t\t\t\t\t\t\t<a href=\"https:\/\/docs.google.com\/forms\/d\/e\/1FAIpQLSdZjXiqmx-2jApoKlVYydTXyLsqE-DlfvK10ODxu7LjB0Ocxw\/viewform\" target=\"_blank\">\n\t\t\t\t\t\t\t<img decoding=\"async\" src=\"https:\/\/www.une.edu.pe\/uneweb\/wp-content\/uploads\/elementor\/thumbs\/bn-formulario-qs8b4gp17p6c8uleatt95m1v5tv0s8boaua0o4hayc.jpg\" title=\"bn-formulario\" alt=\"bn-formulario\" loading=\"lazy\" \/>\t\t\t\t\t\t\t\t<\/a>\n\t\t\t\t\t\t\t\t\t\t\t\t\t\t\t<\/div>\n\t\t\t\t<\/div>\n\t\t\t\t\t<\/div>\n\t\t<\/div>\n\t\t\t\t\t<\/div>\n\t\t<\/section>\n\t\t\t\t<section class=\"elementor-section elementor-top-section elementor-element elementor-element-4b872ed elementor-section-boxed elementor-section-height-default elementor-section-height-default\" data-id=\"4b872ed\" data-element_type=\"section\" data-e-type=\"section\">\n\t\t\t\t\t\t<div class=\"elementor-container elementor-column-gap-default\">\n\t\t\t\t\t<div class=\"elementor-column elementor-col-100 elementor-top-column elementor-element elementor-element-45b44d0\" data-id=\"45b44d0\" data-element_type=\"column\" data-e-type=\"column\">\n\t\t\t<div class=\"elementor-widget-wrap elementor-element-populated\">\n\t\t\t\t\t\t<div class=\"elementor-element elementor-element-0dc3b75 elementor-tabs-view-vertical elementor-widget elementor-widget-tabs\" data-id=\"0dc3b75\" data-element_type=\"widget\" data-e-type=\"widget\" data-widget_type=\"tabs.default\">\n\t\t\t\t<div class=\"elementor-widget-container\">\n\t\t\t\t\t\t\t<div class=\"elementor-tabs\">\n\t\t\t<div class=\"elementor-tabs-wrapper\" role=\"tablist\" >\n\t\t\t\t\t\t\t\t\t<div id=\"elementor-tab-title-1441\" class=\"elementor-tab-title elementor-tab-desktop-title\" aria-selected=\"true\" data-tab=\"1\" role=\"tab\" tabindex=\"0\" aria-controls=\"elementor-tab-content-1441\" aria-expanded=\"false\">JUSTIFICACI\u00d3N<\/div>\n\t\t\t\t\t\t\t\t\t<div id=\"elementor-tab-title-1442\" class=\"elementor-tab-title elementor-tab-desktop-title\" aria-selected=\"false\" data-tab=\"2\" role=\"tab\" tabindex=\"-1\" aria-controls=\"elementor-tab-content-1442\" aria-expanded=\"false\">CRONOGRAMA<\/div>\n\t\t\t\t\t\t\t\t\t<div id=\"elementor-tab-title-1443\" class=\"elementor-tab-title elementor-tab-desktop-title\" aria-selected=\"false\" data-tab=\"3\" role=\"tab\" tabindex=\"-1\" aria-controls=\"elementor-tab-content-1443\" aria-expanded=\"false\">PONENTES<\/div>\n\t\t\t\t\t\t\t\t\t<div id=\"elementor-tab-title-1444\" class=\"elementor-tab-title elementor-tab-desktop-title\" aria-selected=\"false\" data-tab=\"4\" role=\"tab\" tabindex=\"-1\" aria-controls=\"elementor-tab-content-1444\" aria-expanded=\"false\">CERTIFICACI\u00d3N<\/div>\n\t\t\t\t\t\t\t\t\t<div id=\"elementor-tab-title-1445\" class=\"elementor-tab-title elementor-tab-desktop-title\" aria-selected=\"false\" data-tab=\"5\" role=\"tab\" tabindex=\"-1\" aria-controls=\"elementor-tab-content-1445\" aria-expanded=\"false\">METODOLOG\u00cdA<\/div>\n\t\t\t\t\t\t\t\t\t<div id=\"elementor-tab-title-1446\" class=\"elementor-tab-title elementor-tab-desktop-title\" aria-selected=\"false\" data-tab=\"6\" role=\"tab\" tabindex=\"-1\" aria-controls=\"elementor-tab-content-1446\" aria-expanded=\"false\">INFORMACI\u00d3N<\/div>\n\t\t\t\t\t\t\t<\/div>\n\t\t\t<div class=\"elementor-tabs-content-wrapper\" role=\"tablist\" aria-orientation=\"vertical\">\n\t\t\t\t\t\t\t\t\t<div class=\"elementor-tab-title elementor-tab-mobile-title\" aria-selected=\"true\" data-tab=\"1\" role=\"tab\" tabindex=\"0\" aria-controls=\"elementor-tab-content-1441\" aria-expanded=\"false\">JUSTIFICACI\u00d3N<\/div>\n\t\t\t\t\t<div id=\"elementor-tab-content-1441\" class=\"elementor-tab-content elementor-clearfix\" data-tab=\"1\" role=\"tabpanel\" aria-labelledby=\"elementor-tab-title-1441\" tabindex=\"0\" hidden=\"false\"><p>En la era contempor\u00e1nea, la Inteligencia Artificial emerge como una fuerza transformadora con el potencial de redefinir el panorama acad\u00e9mico. La integraci\u00f3n estrat\u00e9gica de la IA en las tareas universitarias es fundamental para la excelencia, la competitividad y la innovaci\u00f3n en la investigaci\u00f3n, la docencia y la gesti\u00f3n del conocimiento. Este diplomado se justifica por la imperante necesidad de dotar a los docentes universitarios de las competencias necesarias para:<\/p><ul><li>Anticipar y adaptarse a las tendencias tecnol\u00f3gicas que est\u00e1n remodelando la producci\u00f3n y difusi\u00f3n del conocimiento.<\/li><li>Optimizar procesos inherentes a la labor acad\u00e9mica, como la formulaci\u00f3n de problemas de investigaci\u00f3n, la direcci\u00f3n de tesis, la redacci\u00f3n cient\u00edfica y la creaci\u00f3n de materiales did\u00e1cticos.<\/li><li>Fomentar la originalidad y el rigor en la investigaci\u00f3n, haciendo uso de herramientas de IA para el an\u00e1lisis de datos, la detecci\u00f3n de plagio y la mejora de la calidad de los productos acad\u00e9micos.<\/li><li>Maximizar el impacto y la visibilidad de la producci\u00f3n cient\u00edfica, aprovechando la IA para la selecci\u00f3n de revistas y la difusi\u00f3n efectiva de los hallazgos.<\/li><li>Innovar en la pedagog\u00eda y la divulgaci\u00f3n cient\u00edfica, desarrollando recursos educativos enriquecidos y adaptados a las nuevas din\u00e1micas de aprendizaje.<\/li><\/ul><p>En suma, este diplomado busca no solo informar, sino empoderar a los docentes universitarios para que sean l\u00edderes en la adopci\u00f3n responsable de la IA, transformando y enriqueciendo significativamente su quehacer acad\u00e9mico y contribuyendo al avance de sus respectivas \u00e1reas del saber.<\/p><p>El diplomado est\u00e1 dirigido a docentes, directivos, investigadores y profesionales de la educaci\u00f3n b\u00e1sica y universitaria, quienes buscan impulsar la transformaci\u00f3n digital de sus instituciones y aprovechar el potencial de la inteligencia artificial para mejorar los resultados de aprendizaje y la experiencia de los estudiantes.<\/p><\/div>\n\t\t\t\t\t\t\t\t\t<div class=\"elementor-tab-title elementor-tab-mobile-title\" aria-selected=\"false\" data-tab=\"2\" role=\"tab\" tabindex=\"-1\" aria-controls=\"elementor-tab-content-1442\" aria-expanded=\"false\">CRONOGRAMA<\/div>\n\t\t\t\t\t<div id=\"elementor-tab-content-1442\" class=\"elementor-tab-content elementor-clearfix\" data-tab=\"2\" role=\"tabpanel\" aria-labelledby=\"elementor-tab-title-1442\" tabindex=\"0\" hidden=\"hidden\"><div class=\"wp-block-image\"><img fetchpriority=\"high\" decoding=\"async\" class=\"wpa-warning wpa-image-missing-alt alignnone size-full wp-image-22145\" src=\"https:\/\/www.une.edu.pe\/uneweb\/wp-content\/uploads\/2025\/08\/cronograma-ia.png\" alt=\"\" width=\"997\" height=\"641\" data-warning=\"Falta el texto alternativo\" srcset=\"https:\/\/www.une.edu.pe\/uneweb\/wp-content\/uploads\/2025\/08\/cronograma-ia.png 997w, https:\/\/www.une.edu.pe\/uneweb\/wp-content\/uploads\/2025\/08\/cronograma-ia-300x193.png 300w, https:\/\/www.une.edu.pe\/uneweb\/wp-content\/uploads\/2025\/08\/cronograma-ia-768x494.png 768w\" sizes=\"(max-width: 997px) 100vw, 997px\" \/><\/div><\/div>\n\t\t\t\t\t\t\t\t\t<div class=\"elementor-tab-title elementor-tab-mobile-title\" aria-selected=\"false\" data-tab=\"3\" role=\"tab\" tabindex=\"-1\" aria-controls=\"elementor-tab-content-1443\" aria-expanded=\"false\">PONENTES<\/div>\n\t\t\t\t\t<div id=\"elementor-tab-content-1443\" class=\"elementor-tab-content elementor-clearfix\" data-tab=\"3\" role=\"tabpanel\" aria-labelledby=\"elementor-tab-title-1443\" tabindex=\"0\" hidden=\"hidden\"><p><span style=\"color: #000000;\">Los ponentes nacionales e internacionales son especialistas en la IA.<\/span><\/p><ul><li>Dr. Tom\u00e1s Fontaines Ruiz &#8211; Venezuela<\/li><li>Lic. Lucio Ernesto Velarde Robles-PUCP<\/li><li>Dr. Erick Miranda Pati\u00f1o &#8211; Panam\u00e1<\/li><li>Dr. Carlos Bravo Reyes &#8211; Bolivia<\/li><li>Dr. Juan de la Cruz Mamani Apaza &#8211; UNE Per\u00fa<\/li><li>Dr. Guillermo Pastor Morales Romero &#8211; UNE Per\u00fa<\/li><\/ul><\/div>\n\t\t\t\t\t\t\t\t\t<div class=\"elementor-tab-title elementor-tab-mobile-title\" aria-selected=\"false\" data-tab=\"4\" role=\"tab\" tabindex=\"-1\" aria-controls=\"elementor-tab-content-1444\" aria-expanded=\"false\">CERTIFICACI\u00d3N<\/div>\n\t\t\t\t\t<div id=\"elementor-tab-content-1444\" class=\"elementor-tab-content elementor-clearfix\" data-tab=\"4\" role=\"tabpanel\" aria-labelledby=\"elementor-tab-title-1444\" tabindex=\"0\" hidden=\"hidden\"><p>Se otorgar\u00e1 certificado a nombre de la Facultad, Escuela EBA-UNE y la unidad de Posgrado, debidamente codificado a todos los participantes que cumplan el 70% de asistencia en los talleres programados.<\/p><p><strong>Para extender la certificaci\u00f3n es requisito:<\/strong><\/p><p>Haber aprobado satisfactoriamente los 6 m\u00f3dulos del Plan de Estudios La escuela profesional de educaci\u00f3n b\u00e1sica alternativa es responsable del libro de registros y la base de datos de todos los participantes. En caso de retiro del participante se le otorgar\u00e1 constancia del m\u00f3dulo desarrollado.<\/p><\/div>\n\t\t\t\t\t\t\t\t\t<div class=\"elementor-tab-title elementor-tab-mobile-title\" aria-selected=\"false\" data-tab=\"5\" role=\"tab\" tabindex=\"-1\" aria-controls=\"elementor-tab-content-1445\" aria-expanded=\"false\">METODOLOG\u00cdA<\/div>\n\t\t\t\t\t<div id=\"elementor-tab-content-1445\" class=\"elementor-tab-content elementor-clearfix\" data-tab=\"5\" role=\"tabpanel\" aria-labelledby=\"elementor-tab-title-1445\" tabindex=\"0\" hidden=\"hidden\"><p>El diplomado se ejecutar\u00e1 en forma s\u00edncrona y as\u00edncrona desarroll\u00e1ndose las 10 horas del d\u00eda, los siete d\u00edas de la semana. Las sesiones\/video conferencias se realizar\u00e1n los s\u00e1bados a trav\u00e9s de la plataforma MEET de la UNE.<\/p><p>Para el desarrollo de todos los M\u00f3dulos se han previsto actividades sincr\u00f3nicas y asincr\u00f3nicas, las cuales tienen como finalidad fortalecer la comprensi\u00f3n de conceptos, desarrollar actividades individuales y grupales de transferencia y reflexi\u00f3n sobre las tem\u00e1ticas.<\/p><div class=\"wp-block-image\"><img decoding=\"async\" class=\"wpa-warning wpa-image-missing-alt alignnone size-full wp-image-21729\" src=\"https:\/\/www.une.edu.pe\/uneweb\/wp-content\/uploads\/2025\/07\/actividades.png\" alt=\"\" width=\"870\" height=\"326\" data-warning=\"Falta el texto alternativo\" srcset=\"https:\/\/www.une.edu.pe\/uneweb\/wp-content\/uploads\/2025\/07\/actividades.png 870w, https:\/\/www.une.edu.pe\/uneweb\/wp-content\/uploads\/2025\/07\/actividades-300x112.png 300w, https:\/\/www.une.edu.pe\/uneweb\/wp-content\/uploads\/2025\/07\/actividades-768x288.png 768w\" sizes=\"(max-width: 870px) 100vw, 870px\" \/><\/div><\/div>\n\t\t\t\t\t\t\t\t\t<div class=\"elementor-tab-title elementor-tab-mobile-title\" aria-selected=\"false\" data-tab=\"6\" role=\"tab\" tabindex=\"-1\" aria-controls=\"elementor-tab-content-1446\" aria-expanded=\"false\">INFORMACI\u00d3N<\/div>\n\t\t\t\t\t<div id=\"elementor-tab-content-1446\" class=\"elementor-tab-content elementor-clearfix\" data-tab=\"6\" role=\"tabpanel\" aria-labelledby=\"elementor-tab-title-1446\" tabindex=\"0\" hidden=\"hidden\"><h3><strong>Duraci\u00f3n<\/strong>: 5 meses<\/h3><p><strong>Del 9 de agosto al 30 de enero del 2026<\/strong><\/p><p><strong>Horario<\/strong>: Sesiones s\u00edncronas s\u00e1bados: 4:00 \u2013 8:00 p.m.<\/p><h3>Inscripci\u00f3n<\/h3><p>Requisito m\u00ednimo para la inscripci\u00f3n: Bachiller y\/o T\u00edtulo Profesional en educaci\u00f3n<\/p><h3>Informes:<\/h3><p>Comisi\u00f3n de la Escuela de Educaci\u00f3n B\u00e1sica Alternativa.\u00a0\u00a0<br \/><strong>Email:<\/strong> diplomadoiaparalainvestigacion@gmail.com<br \/><strong>Celular:<\/strong> 917537729<br \/>Atenci\u00f3n Virtual en el horario de 8 am \u2013 10pm.<\/p><h3>Modalidad<\/h3><p>El Diplomado se desarrollar\u00e1 en la modalidad ONLINE: formas s\u00edncronas y as\u00edncronas.<\/p><p><strong>Cr\u00e9ditos<\/strong>: 24 cr\u00e9ditos acad\u00e9micos<\/p><h3>Horas acad\u00e9micas<\/h3><p>600 horas pedag\u00f3gicas:<\/p><ul><li>168 horas S\u00edncronas<\/li><li>432 horas As\u00edncronas (En la plataforma3de la UNE)<\/li><\/ul><\/div>\n\t\t\t\t\t\t\t<\/div>\n\t\t<\/div>\n\t\t\t\t\t\t<\/div>\n\t\t\t\t<\/div>\n\t\t\t\t\t<\/div>\n\t\t<\/div>\n\t\t\t\t\t<\/div>\n\t\t<\/section>\n\t\t\t\t<\/div>\n\t\t ","protected":false},"excerpt":{"rendered":"<p>DIRIGIDO A: Docentes de la Universidad Nacional de Educaci\u00f3n \u201cEnrique Guzm\u00e1n y Valle\u201d Directivos y Docentes de la educaci\u00f3n B\u00e1sica. JUSTIFICACI\u00d3N CRONOGRAMA PONENTES CERTIFICACI\u00d3N METODOLOG\u00cdA INFORMACI\u00d3N JUSTIFICACI\u00d3N En la era contempor\u00e1nea, la Inteligencia Artificial emerge como una fuerza transformadora con el potencial de redefinir el panorama acad\u00e9mico. La integraci\u00f3n estrat\u00e9gica de la IA en las [&hellip;]<\/p>\n","protected":false},"author":1,"featured_media":0,"parent":0,"menu_order":0,"comment_status":"closed","ping_status":"closed","template":"","meta":{"footnotes":""},"class_list":["post-21708","page","type-page","status-publish","hentry"],"_links":{"self":[{"href":"https:\/\/www.une.edu.pe\/uneweb\/wp-json\/wp\/v2\/pages\/21708","targetHints":{"allow":["GET"]}}],"collection":[{"href":"https:\/\/www.une.edu.pe\/uneweb\/wp-json\/wp\/v2\/pages"}],"about":[{"href":"https:\/\/www.une.edu.pe\/uneweb\/wp-json\/wp\/v2\/types\/page"}],"author":[{"embeddable":true,"href":"https:\/\/www.une.edu.pe\/uneweb\/wp-json\/wp\/v2\/users\/1"}],"replies":[{"embeddable":true,"href":"https:\/\/www.une.edu.pe\/uneweb\/wp-json\/wp\/v2\/comments?post=21708"}],"version-history":[{"count":43,"href":"https:\/\/www.une.edu.pe\/uneweb\/wp-json\/wp\/v2\/pages\/21708\/revisions"}],"predecessor-version":[{"id":22148,"href":"https:\/\/www.une.edu.pe\/uneweb\/wp-json\/wp\/v2\/pages\/21708\/revisions\/22148"}],"wp:attachment":[{"href":"https:\/\/www.une.edu.pe\/uneweb\/wp-json\/wp\/v2\/media?parent=21708"}],"curies":[{"name":"wp","href":"https:\/\/api.w.org\/{rel}","templated":true}]}}