{"id":21170,"date":"2025-05-27T12:19:47","date_gmt":"2025-05-27T17:19:47","guid":{"rendered":"https:\/\/www.une.edu.pe\/uneweb\/?page_id=21170"},"modified":"2025-06-06T15:55:40","modified_gmt":"2025-06-06T20:55:40","slug":"concurso-de-proyectos-de-investigacion-extraordinaria-del-programa-de-doctorado-de-la-escuela-de-posgrado-walter-penaloza-ramella-2025","status":"publish","type":"page","link":"https:\/\/www.une.edu.pe\/uneweb\/concurso-de-proyectos-de-investigacion-extraordinaria-del-programa-de-doctorado-de-la-escuela-de-posgrado-walter-penaloza-ramella-2025\/","title":{"rendered":"Concurso de Proyectos de Investigaci\u00f3n Extraordinaria del Programa de Doctorado de la Escuela de Posgrado Walter Pe\u00f1aloza Ramella &#8211; 2025"},"content":{"rendered":"\t\t<div data-elementor-type=\"wp-page\" data-elementor-id=\"21170\" class=\"elementor elementor-21170\">\n\t\t\t\t\t\t<section class=\"elementor-section elementor-top-section elementor-element elementor-element-722b8ea elementor-section-boxed elementor-section-height-default elementor-section-height-default\" data-id=\"722b8ea\" data-element_type=\"section\" data-e-type=\"section\">\n\t\t\t\t\t\t<div class=\"elementor-container elementor-column-gap-default\">\n\t\t\t\t\t<div class=\"elementor-column elementor-col-100 elementor-top-column elementor-element elementor-element-6c389d0\" data-id=\"6c389d0\" data-element_type=\"column\" data-e-type=\"column\">\n\t\t\t<div class=\"elementor-widget-wrap elementor-element-populated\">\n\t\t\t\t\t\t<div class=\"elementor-element elementor-element-9dddd12 elementor-widget elementor-widget-heading\" data-id=\"9dddd12\" data-element_type=\"widget\" data-e-type=\"widget\" data-widget_type=\"heading.default\">\n\t\t\t\t<div class=\"elementor-widget-container\">\n\t\t\t\t\t<h2 class=\"elementor-heading-title elementor-size-default\">Documentos<\/h2>\t\t\t\t<\/div>\n\t\t\t\t<\/div>\n\t\t\t\t\t<\/div>\n\t\t<\/div>\n\t\t\t\t\t<\/div>\n\t\t<\/section>\n\t\t\t\t<section class=\"elementor-section elementor-top-section elementor-element elementor-element-e98396c elementor-section-boxed elementor-section-height-default elementor-section-height-default\" data-id=\"e98396c\" data-element_type=\"section\" data-e-type=\"section\">\n\t\t\t\t\t\t<div class=\"elementor-container elementor-column-gap-default\">\n\t\t\t\t\t<div class=\"elementor-column elementor-col-100 elementor-top-column elementor-element elementor-element-2d160ab\" data-id=\"2d160ab\" data-element_type=\"column\" data-e-type=\"column\">\n\t\t\t<div class=\"elementor-widget-wrap elementor-element-populated\">\n\t\t\t\t\t\t<div class=\"elementor-element elementor-element-5313e8d elementor-widget elementor-widget-text-editor\" data-id=\"5313e8d\" data-element_type=\"widget\" data-e-type=\"widget\" data-widget_type=\"text-editor.default\">\n\t\t\t\t<div class=\"elementor-widget-container\">\n\t\t\t\t\t\t\t\t\t<ul><li><span style=\"color: #000000;\"><strong><a style=\"color: #000000;\" href=\"https:\/\/www.une.edu.pe\/uneweb\/wp-content\/uploads\/2025\/06\/OFICIO-No-197-2025-DII-UNE-OTI-PUBLICACION-DE-RESULTADO-FINAL-DEL-CONCURSO-DE-PROYECTOS-DE-INVESTIGACION-EXTRAORDINARIOA-DEL-PROGRAMA-DE-DOCTORADO-DE-LA-ESCUELA-DE-POSG-2-1.pdf\" target=\"_blank\" rel=\"noopener\">RESULTADO FINAL DEL CONCURSO DE PROYECTOS DE INVESTIGACI\u00d3N EXTRAORDINARIA DEL PROGRAMA DE DOCTORADO DE LA ESCUELA DE POSGRADO WALTER PE\u00d1ALOZA RAMELLA &#8211; 2025<\/a><\/strong><\/span>\u00a0\u00a0<\/li><li><a href=\"https:\/\/www.une.edu.pe\/uneweb\/wp-content\/uploads\/2025\/06\/Resultados-de-la-evaluacion-por-el-Comite-de-Etica.pdf\"><strong><span style=\"color: #000000;\">RESULTADO DE LA EVALUACI\u00d3N POR EL COMIT\u00c9 DE \u00c9TICA DE LOS EXPEDIENTES\u00a0 DEL CONCURSO DE PROYECTOS DE INVESTIGACI\u00d3N\u00a0 EXTRAORDINARIA DEL PROGRAMA DE DOCTORADO DE LA ESCUELA DE POSGRADO WALTER PE\u00d1ALOZA RAMELLA &#8211; 2025\u00a0<\/span><\/strong><\/a><\/li><li><a href=\"https:\/\/www.une.edu.pe\/uneweb\/wp-content\/uploads\/2025\/05\/Resultados-de-revision-de-expediente-del-Concurso-de-Proyectos-de-Investigacion_Posgrado.pdf\"><span style=\"color: #000000;\"><strong>RESULTADO DE REVISI\u00d3N DE EXPEDIENTE DEL<\/strong><\/span> <span style=\"color: #000000;\"><strong>CONCURSO DE PROYECTOS DE INVESTIGACI\u00d3N\u00a0 EXTRAORDINARIA DEL PROGRAMA DE DOCTORADO DE LA ESCUELA DE POSGRADO WALTER PE\u00d1ALOZA RAMELLA &#8211; 2025\u00a0<\/strong><\/span><\/a><\/li><li style=\"text-align: left;\"><span style=\"color: #000000;\"><a style=\"color: #000000;\" href=\"https:\/\/www.une.edu.pe\/uneweb\/wp-content\/uploads\/2025\/05\/4-Formato-de-concurso.docx\"><strong>FORMATO N\u00b01<\/strong><strong> &#8211; <\/strong><\/a><strong>FORMULARIO DE PRESENTACI\u00d3N DEL PROYECTO DE INVESTIGACI\u00d3N EXTRAORDINARIA<\/strong><\/span><\/li><li><a href=\"https:\/\/www.une.edu.pe\/uneweb\/wp-content\/uploads\/2025\/05\/3-Estructura-de-proyecto-de-investigacion.pdf\" target=\"_blank\" rel=\"noopener\"><span style=\"color: #000000;\"><strong>ESTRUCTURA DE PROYECTO DE INVESTIGACI\u00d3N\u00a0<\/strong><\/span><\/a><\/li><li><a href=\"https:\/\/www.une.edu.pe\/uneweb\/wp-content\/uploads\/2025\/05\/2-Resolucion-N\u00b0-1367-2025-R-UNE.pdf\" target=\"_blank\" rel=\"noopener\"><span style=\"color: #000000;\"><strong>RESOLUCI\u00d3N N\u00b0 1367-2025-R-UNE &#8211; RECTIFICAR RESOLUCI\u00d3N 1340-2025-R-UNE \u00a0APROBAR EL CRONOGRAMA Y BASES PARA EL DESARROLLO DEL CONCURSO DE PROYECTOS DE INVESTIGACI\u00d3N\u00a0 EXTRAORDINARIA DEL PROGRAMA DE DOCTORADO DE LA ESCUELA DE POSGRADO WALTER PE\u00d1ALOZA RAMELLA &#8211; 2025\u00a0<\/strong><\/span><\/a><\/li><li><a href=\"https:\/\/www.une.edu.pe\/uneweb\/wp-content\/uploads\/2025\/05\/1-Resolucion-N\u00b0-1340-2025-R-UNE_Cronograma-y-Bases-del-Concurso-de-Proyectos.pdf\" target=\"_blank\" rel=\"noopener\"><span style=\"color: #000000;\"><strong>RESOLUCI\u00d3N N\u00b0 1340-2025-R-UNE &#8211; APROBAR EL CRONOGRAMA PARA EL DESARROLLO DEL CONCURSO DE PROYECTOS DE INVESTIGACI\u00d3N\u00a0 EXTRAORDINARIA DEL PROGRAMA DE DOCTORADO DE LA ESCUELA DE POSGRADO WALTER PE\u00d1ALOZA RAMELLA &#8211; 2025\u00a0<\/strong><\/span><\/a><\/li><\/ul>\t\t\t\t\t\t\t\t<\/div>\n\t\t\t\t<\/div>\n\t\t\t\t\t<\/div>\n\t\t<\/div>\n\t\t\t\t\t<\/div>\n\t\t<\/section>\n\t\t\t\t<\/div>\n\t\t ","protected":false},"excerpt":{"rendered":"<p>Documentos RESULTADO FINAL DEL CONCURSO DE PROYECTOS DE INVESTIGACI\u00d3N EXTRAORDINARIA DEL PROGRAMA DE DOCTORADO DE LA ESCUELA DE POSGRADO WALTER PE\u00d1ALOZA RAMELLA &#8211; 2025\u00a0\u00a0 RESULTADO DE LA EVALUACI\u00d3N POR EL COMIT\u00c9 DE \u00c9TICA DE LOS EXPEDIENTES\u00a0 DEL CONCURSO DE PROYECTOS DE INVESTIGACI\u00d3N\u00a0 EXTRAORDINARIA DEL PROGRAMA DE DOCTORADO DE LA ESCUELA DE POSGRADO WALTER PE\u00d1ALOZA RAMELLA [&hellip;]<\/p>\n","protected":false},"author":2,"featured_media":0,"parent":0,"menu_order":0,"comment_status":"closed","ping_status":"closed","template":"","meta":{"footnotes":""},"class_list":["post-21170","page","type-page","status-publish","hentry"],"_links":{"self":[{"href":"https:\/\/www.une.edu.pe\/uneweb\/wp-json\/wp\/v2\/pages\/21170","targetHints":{"allow":["GET"]}}],"collection":[{"href":"https:\/\/www.une.edu.pe\/uneweb\/wp-json\/wp\/v2\/pages"}],"about":[{"href":"https:\/\/www.une.edu.pe\/uneweb\/wp-json\/wp\/v2\/types\/page"}],"author":[{"embeddable":true,"href":"https:\/\/www.une.edu.pe\/uneweb\/wp-json\/wp\/v2\/users\/2"}],"replies":[{"embeddable":true,"href":"https:\/\/www.une.edu.pe\/uneweb\/wp-json\/wp\/v2\/comments?post=21170"}],"version-history":[{"count":43,"href":"https:\/\/www.une.edu.pe\/uneweb\/wp-json\/wp\/v2\/pages\/21170\/revisions"}],"predecessor-version":[{"id":21385,"href":"https:\/\/www.une.edu.pe\/uneweb\/wp-json\/wp\/v2\/pages\/21170\/revisions\/21385"}],"wp:attachment":[{"href":"https:\/\/www.une.edu.pe\/uneweb\/wp-json\/wp\/v2\/media?parent=21170"}],"curies":[{"name":"wp","href":"https:\/\/api.w.org\/{rel}","templated":true}]}}