{"id":21125,"date":"2025-05-27T11:56:03","date_gmt":"2025-05-27T16:56:03","guid":{"rendered":"https:\/\/www.une.edu.pe\/uneweb\/?page_id=21125"},"modified":"2025-06-04T10:34:08","modified_gmt":"2025-06-04T15:34:08","slug":"concurso-de-subvenciones-economicas-a-graduados-y-estudiantes-de-pregrado-para-desarrollo-de-actividades-de-investigacion-2025","status":"publish","type":"page","link":"https:\/\/www.une.edu.pe\/uneweb\/concurso-de-subvenciones-economicas-a-graduados-y-estudiantes-de-pregrado-para-desarrollo-de-actividades-de-investigacion-2025\/","title":{"rendered":"Concurso de Subvenciones Econ\u00f3micas a Graduados y Estudiantes de Pregrado para Desarrollo de Actividades de Investigaci\u00f3n 2025"},"content":{"rendered":"\t\t<div data-elementor-type=\"wp-page\" data-elementor-id=\"21125\" class=\"elementor elementor-21125\">\n\t\t\t\t\t\t<section class=\"elementor-section elementor-top-section elementor-element elementor-element-722b8ea elementor-section-boxed elementor-section-height-default elementor-section-height-default\" data-id=\"722b8ea\" data-element_type=\"section\" data-e-type=\"section\">\n\t\t\t\t\t\t<div class=\"elementor-container elementor-column-gap-default\">\n\t\t\t\t\t<div class=\"elementor-column elementor-col-100 elementor-top-column elementor-element elementor-element-6c389d0\" data-id=\"6c389d0\" data-element_type=\"column\" data-e-type=\"column\">\n\t\t\t<div class=\"elementor-widget-wrap elementor-element-populated\">\n\t\t\t\t\t\t<div class=\"elementor-element elementor-element-9dddd12 elementor-widget elementor-widget-heading\" data-id=\"9dddd12\" data-element_type=\"widget\" data-e-type=\"widget\" data-widget_type=\"heading.default\">\n\t\t\t\t<div class=\"elementor-widget-container\">\n\t\t\t\t\t<h2 class=\"elementor-heading-title elementor-size-default\">Documentos<\/h2>\t\t\t\t<\/div>\n\t\t\t\t<\/div>\n\t\t\t\t\t<\/div>\n\t\t<\/div>\n\t\t\t\t\t<\/div>\n\t\t<\/section>\n\t\t\t\t<section class=\"elementor-section elementor-top-section elementor-element elementor-element-e98396c elementor-section-boxed elementor-section-height-default elementor-section-height-default\" data-id=\"e98396c\" data-element_type=\"section\" data-e-type=\"section\">\n\t\t\t\t\t\t<div class=\"elementor-container elementor-column-gap-default\">\n\t\t\t\t\t<div class=\"elementor-column elementor-col-100 elementor-top-column elementor-element elementor-element-2d160ab\" data-id=\"2d160ab\" data-element_type=\"column\" data-e-type=\"column\">\n\t\t\t<div class=\"elementor-widget-wrap elementor-element-populated\">\n\t\t\t\t\t\t<div class=\"elementor-element elementor-element-5313e8d elementor-widget elementor-widget-text-editor\" data-id=\"5313e8d\" data-element_type=\"widget\" data-e-type=\"widget\" data-widget_type=\"text-editor.default\">\n\t\t\t\t<div class=\"elementor-widget-container\">\n\t\t\t\t\t\t\t\t\t<ul><li><a href=\"https:\/\/www.une.edu.pe\/uneweb\/wp-content\/uploads\/2025\/06\/Resultados-de-la-evaluacion_Investigacion2025.pdf\" target=\"_blank\" rel=\"noopener\"><strong><span style=\"color: #000000;\">RESULTADOS DE LA EVALUACI\u00d3N POR EL CONSEJO CONSULTIVO DE LOS EXPEDIENTES DEL CONCURSO DE SUBVENCIONES ECON\u00d3MICAS A GRADUADOS Y ESTUDIANTES DE PREGRADO PARA DESARROLLO DE ACTIVIDADES DE INVESTIGACI\u00d3N &#8211; 2025<\/span><\/strong><\/a><\/li><li><a href=\"https:\/\/www.une.edu.pe\/uneweb\/wp-content\/uploads\/2025\/05\/Formatos-de-concurso.docx\"><span style=\"color: #000000;\"><strong>FORMATO N\u00b01<\/strong><strong> &#8211; <\/strong><strong>SOLICITUD DE SUBVENCI\u00d3N ECON\u00d3MICA<\/strong><\/span><\/a><\/li><li><strong><span style=\"color: #000000;\"><a style=\"color: #000000;\" href=\"https:\/\/www.une.edu.pe\/uneweb\/wp-content\/uploads\/2025\/05\/Resolucion-N\u00b0-1364-2025-R-UNE.pdf\" target=\"_blank\" rel=\"noopener\">Resoluci\u00f3n N\u00b0 1364-2025-R-UNE &#8211; BASES DEL CONCURSO DE SUBVENCIONES ECON\u00d3MICAS A GRADUADOS Y ESTUDIANTES DE PREGRADO PARA DESARROLLO DE ACTIVIDADES DE INVESTIGACI\u00d3N &#8211; 2025<\/a><\/span><\/strong><\/li><li><strong><span style=\"color: #000000;\"><a style=\"color: #000000;\" href=\"https:\/\/www.une.edu.pe\/uneweb\/wp-content\/uploads\/2025\/05\/Resolucion-N\u00b0-1363-2025-R-UNE.pdf\" target=\"_blank\" rel=\"noopener\">Resoluci\u00f3n N\u00b0 1363-2025-R-UNE &#8211; CRONOGRAMA DEL CONCURSO DE SUBVENCIONES ECON\u00d3MICAS A GRADUADOS Y ESTUDIANTES DE PREGRADO PARA DESARROLLO DE ACTIVIDADES DE INVESTIGACI\u00d3N &#8211; 2025<\/a><\/span><\/strong><\/li><li><strong><span style=\"color: #000000;\"><a style=\"color: #000000;\" href=\"https:\/\/www.une.edu.pe\/uneweb\/wp-content\/uploads\/2025\/05\/Resolucion-N\u00b0-1354-2025-R-UNE.pdf\" target=\"_blank\" rel=\"noopener\">Resoluci\u00f3n N\u00b0 1354-2025-R-UNE &#8211; APROBAR REGLAMENTO DE OTORGAMIENTO DE SUBVENCIONES ECON\u00d3MICAS A GRADUADOS Y ESTUDIANTES DE PREGRADO PARA DESARROLLO DE ACTIVIDADES DE INVESTIGACI\u00d3N &#8211; 2025<\/a><\/span><\/strong><\/li><\/ul>\t\t\t\t\t\t\t\t<\/div>\n\t\t\t\t<\/div>\n\t\t\t\t\t<\/div>\n\t\t<\/div>\n\t\t\t\t\t<\/div>\n\t\t<\/section>\n\t\t\t\t<\/div>\n\t\t ","protected":false},"excerpt":{"rendered":"<p>Documentos RESULTADOS DE LA EVALUACI\u00d3N POR EL CONSEJO CONSULTIVO DE LOS EXPEDIENTES DEL CONCURSO DE SUBVENCIONES ECON\u00d3MICAS A GRADUADOS Y ESTUDIANTES DE PREGRADO PARA DESARROLLO DE ACTIVIDADES DE INVESTIGACI\u00d3N &#8211; 2025 FORMATO N\u00b01 &#8211; SOLICITUD DE SUBVENCI\u00d3N ECON\u00d3MICA Resoluci\u00f3n N\u00b0 1364-2025-R-UNE &#8211; BASES DEL CONCURSO DE SUBVENCIONES ECON\u00d3MICAS A GRADUADOS Y ESTUDIANTES DE PREGRADO PARA [&hellip;]<\/p>\n","protected":false},"author":2,"featured_media":0,"parent":0,"menu_order":0,"comment_status":"closed","ping_status":"closed","template":"","meta":{"footnotes":""},"class_list":["post-21125","page","type-page","status-publish","hentry"],"_links":{"self":[{"href":"https:\/\/www.une.edu.pe\/uneweb\/wp-json\/wp\/v2\/pages\/21125","targetHints":{"allow":["GET"]}}],"collection":[{"href":"https:\/\/www.une.edu.pe\/uneweb\/wp-json\/wp\/v2\/pages"}],"about":[{"href":"https:\/\/www.une.edu.pe\/uneweb\/wp-json\/wp\/v2\/types\/page"}],"author":[{"embeddable":true,"href":"https:\/\/www.une.edu.pe\/uneweb\/wp-json\/wp\/v2\/users\/2"}],"replies":[{"embeddable":true,"href":"https:\/\/www.une.edu.pe\/uneweb\/wp-json\/wp\/v2\/comments?post=21125"}],"version-history":[{"count":43,"href":"https:\/\/www.une.edu.pe\/uneweb\/wp-json\/wp\/v2\/pages\/21125\/revisions"}],"predecessor-version":[{"id":21346,"href":"https:\/\/www.une.edu.pe\/uneweb\/wp-json\/wp\/v2\/pages\/21125\/revisions\/21346"}],"wp:attachment":[{"href":"https:\/\/www.une.edu.pe\/uneweb\/wp-json\/wp\/v2\/media?parent=21125"}],"curies":[{"name":"wp","href":"https:\/\/api.w.org\/{rel}","templated":true}]}}