{"id":20158,"date":"2025-01-15T08:58:08","date_gmt":"2025-01-15T13:58:08","guid":{"rendered":"https:\/\/www.une.edu.pe\/uneweb\/?page_id=20158"},"modified":"2025-01-16T08:28:11","modified_gmt":"2025-01-16T13:28:11","slug":"formatos-de-declaraciones-juradas-2025","status":"publish","type":"page","link":"https:\/\/www.une.edu.pe\/uneweb\/formatos-de-declaraciones-juradas-2025\/","title":{"rendered":"Formatos de Declaraciones Juradas &#8211; 2025"},"content":{"rendered":"\t\t<div data-elementor-type=\"wp-page\" data-elementor-id=\"20158\" class=\"elementor elementor-20158\">\n\t\t\t\t\t\t<section class=\"elementor-section elementor-top-section elementor-element elementor-element-670549b elementor-section-boxed elementor-section-height-default elementor-section-height-default\" data-id=\"670549b\" data-element_type=\"section\" data-e-type=\"section\">\n\t\t\t\t\t\t<div class=\"elementor-container elementor-column-gap-default\">\n\t\t\t\t\t<div class=\"elementor-column elementor-col-100 elementor-top-column elementor-element elementor-element-18a447a\" data-id=\"18a447a\" data-element_type=\"column\" data-e-type=\"column\">\n\t\t\t<div class=\"elementor-widget-wrap elementor-element-populated\">\n\t\t\t\t\t\t<div class=\"elementor-element elementor-element-782e570 elementor-widget elementor-widget-heading\" data-id=\"782e570\" data-element_type=\"widget\" data-e-type=\"widget\" data-widget_type=\"heading.default\">\n\t\t\t\t<div class=\"elementor-widget-container\">\n\t\t\t\t\t<h2 class=\"elementor-heading-title elementor-size-default\">COMUNICADO<\/h2>\t\t\t\t<\/div>\n\t\t\t\t<\/div>\n\t\t\t\t\t<\/div>\n\t\t<\/div>\n\t\t\t\t\t<\/div>\n\t\t<\/section>\n\t\t\t\t<section class=\"elementor-section elementor-top-section elementor-element elementor-element-1c4ad3a0 elementor-section-boxed elementor-section-height-default elementor-section-height-default\" data-id=\"1c4ad3a0\" data-element_type=\"section\" data-e-type=\"section\">\n\t\t\t\t\t\t<div class=\"elementor-container elementor-column-gap-default\">\n\t\t\t\t\t<div class=\"elementor-column elementor-col-100 elementor-top-column elementor-element elementor-element-2e2d0a1b\" data-id=\"2e2d0a1b\" data-element_type=\"column\" data-e-type=\"column\">\n\t\t\t<div class=\"elementor-widget-wrap elementor-element-populated\">\n\t\t\t\t\t\t<div class=\"elementor-element elementor-element-289810b elementor-widget elementor-widget-text-editor\" data-id=\"289810b\" data-element_type=\"widget\" data-e-type=\"widget\" data-widget_type=\"text-editor.default\">\n\t\t\t\t<div class=\"elementor-widget-container\">\n\t\t\t\t\t\t\t\t\t<p><span style=\"color: #000000;\">Se comunica a todo el personal docente y administrativo, nombrado, contratado a plazo fijo y CAS, as\u00ed como a los pensionistas del D.L. 20530, que deben presentar la Declaraci\u00f3n Jurada del a\u00f1o 2025, para percepci\u00f3n de haberes, aguinaldos y escolaridad y otros beneficios en el presente a\u00f1o.<\/span><\/p>\n<p><span style=\"color: #000000;\">Para el efecto, dependiendo de la condici\u00f3n laboral, deben descargar los formatos en los enlaces siguientes:<\/span><\/p>\n<ol>\n<li><span style=\"color: #000000;\">Docente Nombrado:&nbsp; &nbsp; &nbsp; &nbsp; &nbsp; &nbsp; &nbsp; &nbsp; &nbsp; &nbsp; &nbsp; &nbsp; &nbsp; &nbsp; &nbsp; &nbsp; &nbsp; &nbsp; [ <a href=\"https:\/\/www.une.edu.pe\/uneweb\/wp-content\/uploads\/2025\/01\/DJ_nombrados_2025.pdf\" target=\"_blank\" rel=\"noopener\">Formato 1]<\/a> &nbsp;&nbsp;&nbsp; [ <a href=\"https:\/\/www.une.edu.pe\/uneweb\/wp-content\/uploads\/2025\/01\/DJ_Docentes_2025_Estudios.pdf\" target=\"_blank\" rel=\"noopener\">Formato 2]<\/a><br><\/span><\/li>\n<li><span style=\"color: #000000;\">Docente Contratado:&nbsp; &nbsp; &nbsp; &nbsp; &nbsp; &nbsp; &nbsp; &nbsp; &nbsp; &nbsp; &nbsp; &nbsp; &nbsp; &nbsp; &nbsp; &nbsp; &nbsp; &nbsp;[ <a href=\"https:\/\/www.une.edu.pe\/uneweb\/wp-content\/uploads\/2025\/01\/DJ_contratados_2025.pdf\" target=\"_blank\" rel=\"noopener\">Formato 1<\/a> ]&nbsp; &nbsp; [ <a href=\"https:\/\/www.une.edu.pe\/uneweb\/wp-content\/uploads\/2025\/01\/DJ_Docentes_2025_Estudios.pdf\" target=\"_blank\" rel=\"noopener\">Formato 2<\/a> ]&nbsp; &nbsp;&nbsp;<br><\/span><\/li>\n<li><span style=\"color: #000000;\">Administrativo Nombrado:&nbsp; &nbsp; &nbsp; &nbsp; &nbsp; &nbsp; &nbsp; &nbsp; &nbsp; &nbsp; &nbsp; &nbsp;&nbsp;&nbsp;[&nbsp;<a style=\"background-color: #ffffff;\" href=\"https:\/\/www.une.edu.pe\/uneweb\/wp-content\/uploads\/2025\/01\/DJ_nombrados_2025.pdf\" target=\"_blank\" rel=\"noopener\">Formato 1<\/a>&nbsp;]&nbsp; &nbsp;&nbsp;&nbsp;[ <a href=\"https:\/\/www.une.edu.pe\/uneweb\/wp-content\/uploads\/2025\/01\/DJ_ADM-ESTUDIOS.pdf\" target=\"_blank\" rel=\"noopener\">Formato 2<\/a>&nbsp;]&nbsp; &nbsp;<\/span><\/li>\n<li><span style=\"color: #000000;\">Administrativo&nbsp; contratado a plazo fijo:&nbsp; &nbsp;[ <a href=\"https:\/\/www.une.edu.pe\/uneweb\/wp-content\/uploads\/2025\/01\/DJ_contratados_2025-1.pdf\" target=\"_blank\" rel=\"noopener\">Formato 1<\/a> ]&nbsp; &nbsp; &nbsp;[ <a href=\"https:\/\/www.une.edu.pe\/uneweb\/wp-content\/uploads\/2025\/01\/DJ_ADM-ESTUDIOS.pdf\" target=\"_blank\" rel=\"noopener\">Formato 2<\/a>&nbsp;]&nbsp;<\/span><\/li>\n<li><span style=\"color: #000000;\">Personal CAS:&nbsp; &nbsp; &nbsp; &nbsp; &nbsp; &nbsp; &nbsp; &nbsp; &nbsp; &nbsp; &nbsp; &nbsp; &nbsp; &nbsp; &nbsp; &nbsp; &nbsp; &nbsp; &nbsp; &nbsp; &nbsp; &nbsp; &nbsp; &nbsp;[ <a href=\"https:\/\/www.une.edu.pe\/uneweb\/wp-content\/uploads\/2025\/01\/DJ_CAS_2025.pdf\" target=\"_blank\" rel=\"noopener\">Formato 1<\/a> ]&nbsp; &nbsp; &nbsp;[ <a href=\"https:\/\/www.une.edu.pe\/uneweb\/wp-content\/uploads\/2025\/01\/DJ_ADM-ESTUDIOS.pdf\" target=\"_blank\" rel=\"noopener\">Formato 2<\/a>&nbsp;]&nbsp;<\/span><\/li>\n<li><span style=\"color: #000000;\">Personal pensionista D.L. 20530:&nbsp;&nbsp; &nbsp; &nbsp; &nbsp; &nbsp; &nbsp;&nbsp; [ <a href=\"https:\/\/www.une.edu.pe\/uneweb\/wp-content\/uploads\/2025\/01\/DJ_cesantes_2025.pdf\" target=\"_blank\" rel=\"noopener\">Formato 1<\/a> ]<\/span><\/li>\n<\/ol>\n<p><span style=\"color: #000000;\">En caso de tener derechohabientes (c\u00f3nyuge, hijos menores de 18 a\u00f1os, hijos mayores con incapacidad permanente declarada), que no hayan sido declarados, deben presentar la D.J. en el siguiente enlace:<\/span><\/p>\n<ol start=\"7\">\n<li><span style=\"color: #000000;\">Derechohabientes:<\/span><\/li>\n<\/ol>\n<p><span style=\"color: #000000;\">Los formatos se deben <strong>imprimir, llenar los datos, firmar, escanear y remitirlos al correo<\/strong> <a style=\"color: #000000;\" href=\"mailto:compensaciones@une.edu.pe\">compensaciones@une.edu.pe<\/a>. El plazo m\u00e1ximo de presentaci\u00f3n es el 31\/01\/2025.<\/span><\/p>\n<p style=\"text-align: right;\"><span style=\"color: #000000;\">Chosica, 07 de enero de 2025<\/span><\/p>\n<p style=\"text-align: center;\"><span style=\"color: #000000;\">Unidad Funcional de Compensaciones y Pensiones<\/span><span style=\"color: #000000;\"><br><\/span><\/p>\t\t\t\t\t\t\t\t<\/div>\n\t\t\t\t<\/div>\n\t\t\t\t\t<\/div>\n\t\t<\/div>\n\t\t\t\t\t<\/div>\n\t\t<\/section>\n\t\t\t\t<\/div>\n\t\t ","protected":false},"excerpt":{"rendered":"<p>COMUNICADO Se comunica a todo el personal docente y administrativo, nombrado, contratado a plazo fijo y CAS, as\u00ed como a los pensionistas del D.L. 20530, que deben presentar la Declaraci\u00f3n Jurada del a\u00f1o 2025, para percepci\u00f3n de haberes, aguinaldos y escolaridad y otros beneficios en el presente a\u00f1o. Para el efecto, dependiendo de la condici\u00f3n [&hellip;]<\/p>\n","protected":false},"author":2,"featured_media":0,"parent":0,"menu_order":0,"comment_status":"closed","ping_status":"closed","template":"","meta":{"footnotes":""},"class_list":["post-20158","page","type-page","status-publish","hentry"],"_links":{"self":[{"href":"https:\/\/www.une.edu.pe\/uneweb\/wp-json\/wp\/v2\/pages\/20158","targetHints":{"allow":["GET"]}}],"collection":[{"href":"https:\/\/www.une.edu.pe\/uneweb\/wp-json\/wp\/v2\/pages"}],"about":[{"href":"https:\/\/www.une.edu.pe\/uneweb\/wp-json\/wp\/v2\/types\/page"}],"author":[{"embeddable":true,"href":"https:\/\/www.une.edu.pe\/uneweb\/wp-json\/wp\/v2\/users\/2"}],"replies":[{"embeddable":true,"href":"https:\/\/www.une.edu.pe\/uneweb\/wp-json\/wp\/v2\/comments?post=20158"}],"version-history":[{"count":47,"href":"https:\/\/www.une.edu.pe\/uneweb\/wp-json\/wp\/v2\/pages\/20158\/revisions"}],"predecessor-version":[{"id":20227,"href":"https:\/\/www.une.edu.pe\/uneweb\/wp-json\/wp\/v2\/pages\/20158\/revisions\/20227"}],"wp:attachment":[{"href":"https:\/\/www.une.edu.pe\/uneweb\/wp-json\/wp\/v2\/media?parent=20158"}],"curies":[{"name":"wp","href":"https:\/\/api.w.org\/{rel}","templated":true}]}}