{"id":19031,"date":"2024-08-17T23:38:10","date_gmt":"2024-08-18T04:38:10","guid":{"rendered":"https:\/\/www.une.edu.pe\/uneweb\/?page_id=19031"},"modified":"2024-08-17T23:52:59","modified_gmt":"2024-08-18T04:52:59","slug":"resultados-de-segunda-especialidad-2024-ii","status":"publish","type":"page","link":"https:\/\/www.une.edu.pe\/uneweb\/resultados-de-segunda-especialidad-2024-ii\/","title":{"rendered":"Resultados de Segunda Especialidad 2024-II"},"content":{"rendered":"\t\t<div data-elementor-type=\"wp-page\" data-elementor-id=\"19031\" class=\"elementor elementor-19031\">\n\t\t\t\t\t\t<section class=\"elementor-section elementor-top-section elementor-element elementor-element-9816bdb elementor-section-boxed elementor-section-height-default elementor-section-height-default\" data-id=\"9816bdb\" data-element_type=\"section\" data-e-type=\"section\">\n\t\t\t\t\t\t<div class=\"elementor-container elementor-column-gap-default\">\n\t\t\t\t\t<div class=\"elementor-column elementor-col-100 elementor-top-column elementor-element elementor-element-66beba5\" data-id=\"66beba5\" data-element_type=\"column\" data-e-type=\"column\">\n\t\t\t<div class=\"elementor-widget-wrap elementor-element-populated\">\n\t\t\t\t\t\t<div class=\"elementor-element elementor-element-2956462 elementor-widget elementor-widget-heading\" data-id=\"2956462\" data-element_type=\"widget\" data-e-type=\"widget\" data-widget_type=\"heading.default\">\n\t\t\t\t<div class=\"elementor-widget-container\">\n\t\t\t\t\t<h2 class=\"elementor-heading-title elementor-size-default\">Resultados de Segunda Especialidad 2024-II<\/h2>\t\t\t\t<\/div>\n\t\t\t\t<\/div>\n\t\t\t\t\t<\/div>\n\t\t<\/div>\n\t\t\t\t\t<\/div>\n\t\t<\/section>\n\t\t\t\t<section class=\"elementor-section elementor-top-section elementor-element elementor-element-fd304e7 elementor-section-boxed elementor-section-height-default elementor-section-height-default\" data-id=\"fd304e7\" data-element_type=\"section\" data-e-type=\"section\">\n\t\t\t\t\t\t<div class=\"elementor-container elementor-column-gap-default\">\n\t\t\t\t\t<div class=\"elementor-column elementor-col-100 elementor-top-column elementor-element elementor-element-c87bea6\" data-id=\"c87bea6\" data-element_type=\"column\" data-e-type=\"column\">\n\t\t\t<div class=\"elementor-widget-wrap elementor-element-populated\">\n\t\t\t\t\t\t<div class=\"elementor-element elementor-element-183cab2 elementor-widget elementor-widget-text-editor\" data-id=\"183cab2\" data-element_type=\"widget\" data-e-type=\"widget\" data-widget_type=\"text-editor.default\">\n\t\t\t\t<div class=\"elementor-widget-container\">\n\t\t\t\t\t\t\t\t\t<table border=\"0\" width=\"70%\" align=\"center\"><tbody><tr><td><a href=\"https:\/\/www.une.edu.pe\/uneweb\/wp-content\/uploads\/2024\/08\/SEP-Educacion-Basica-Alternativa-2024-II.pdf\" target=\"_blank\" rel=\"noopener\"><span style=\"color: #003366;\"><strong>SEP &#8211; Educaci\u00f3n B\u00e1sica Alternativa<\/strong><\/span><\/a><\/td><\/tr><tr><td><span style=\"color: #003366;\"><strong><a style=\"color: #003366;\" href=\"https:\/\/www.une.edu.pe\/uneweb\/wp-content\/uploads\/2024\/08\/SEP-Educacion-Fisica-2024-II.pdf\" target=\"_blank\" rel=\"noopener\">SEP &#8211; Educaci\u00f3n F\u00edsica<\/a><\/strong><\/span><\/td><\/tr><tr><td><span style=\"color: #003366;\"><strong><a style=\"color: #003366;\" href=\"https:\/\/www.une.edu.pe\/uneweb\/wp-content\/uploads\/2024\/08\/SEP-Educacion-Inicial-2024-II.pdf\" target=\"_blank\" rel=\"noopener\">SEP &#8211; Educaci\u00f3n Inicial<\/a><\/strong><\/span><\/td><\/tr><tr><td><span style=\"color: #003366;\"><strong><a style=\"color: #003366;\" href=\"https:\/\/www.une.edu.pe\/uneweb\/wp-content\/uploads\/2024\/08\/SEP-Educacion-Primaria-2024-II.pdf\" target=\"_blank\" rel=\"noopener\">SEP &#8211; Educaci\u00f3n Primaria<\/a><\/strong><\/span><\/td><\/tr><tr><td><span style=\"color: #003366;\"><strong><a style=\"color: #003366;\" href=\"https:\/\/www.une.edu.pe\/uneweb\/wp-content\/uploads\/2024\/08\/SEP-Industria-Alimentaria-2024-II.pdf\" target=\"_blank\" rel=\"noopener\">SEP &#8211; Industria Alimentaria<\/a><\/strong><\/span><\/td><\/tr><tr><td><span style=\"color: #003366;\"><strong><a style=\"color: #003366;\" href=\"https:\/\/www.une.edu.pe\/uneweb\/wp-content\/uploads\/2024\/08\/SEP-Informatica-Educativa-2024-II.pdf\" target=\"_blank\" rel=\"noopener\">SEP &#8211; Inform\u00e1tica Educativa<\/a><\/strong><\/span><\/td><\/tr><tr><td><span style=\"color: #003366;\"><strong><a style=\"color: #003366;\" href=\"https:\/\/www.une.edu.pe\/uneweb\/wp-content\/uploads\/2024\/08\/SEP-Lengua-Extranjera-Ingles-2024-II.pdf\" target=\"_blank\" rel=\"noopener\">SEP &#8211; Lengua Extranjera &#8211; Ingl\u00e9s<\/a><\/strong><\/span><\/td><\/tr><tr><td><span style=\"color: #003366;\"><strong><a style=\"color: #003366;\" href=\"https:\/\/www.une.edu.pe\/uneweb\/wp-content\/uploads\/2024\/08\/SEP-Problemas-de-Aprendizaje-2024-II.pdf\" target=\"_blank\" rel=\"noopener\">SEP &#8211; Problemas de Aprendizaje<\/a><\/strong><\/span><\/td><\/tr><\/tbody><\/table>\t\t\t\t\t\t\t\t<\/div>\n\t\t\t\t<\/div>\n\t\t\t\t\t<\/div>\n\t\t<\/div>\n\t\t\t\t\t<\/div>\n\t\t<\/section>\n\t\t\t\t<\/div>\n\t\t ","protected":false},"excerpt":{"rendered":"<p>Resultados de Segunda Especialidad 2024-II SEP &#8211; Educaci\u00f3n B\u00e1sica Alternativa SEP &#8211; Educaci\u00f3n F\u00edsica SEP &#8211; Educaci\u00f3n Inicial SEP &#8211; Educaci\u00f3n Primaria SEP &#8211; Industria Alimentaria SEP &#8211; Inform\u00e1tica Educativa SEP &#8211; Lengua Extranjera &#8211; Ingl\u00e9s SEP &#8211; Problemas de Aprendizaje<\/p>\n","protected":false},"author":1,"featured_media":0,"parent":0,"menu_order":0,"comment_status":"closed","ping_status":"closed","template":"","meta":{"footnotes":""},"class_list":["post-19031","page","type-page","status-publish","hentry"],"_links":{"self":[{"href":"https:\/\/www.une.edu.pe\/uneweb\/wp-json\/wp\/v2\/pages\/19031","targetHints":{"allow":["GET"]}}],"collection":[{"href":"https:\/\/www.une.edu.pe\/uneweb\/wp-json\/wp\/v2\/pages"}],"about":[{"href":"https:\/\/www.une.edu.pe\/uneweb\/wp-json\/wp\/v2\/types\/page"}],"author":[{"embeddable":true,"href":"https:\/\/www.une.edu.pe\/uneweb\/wp-json\/wp\/v2\/users\/1"}],"replies":[{"embeddable":true,"href":"https:\/\/www.une.edu.pe\/uneweb\/wp-json\/wp\/v2\/comments?post=19031"}],"version-history":[{"count":10,"href":"https:\/\/www.une.edu.pe\/uneweb\/wp-json\/wp\/v2\/pages\/19031\/revisions"}],"predecessor-version":[{"id":19065,"href":"https:\/\/www.une.edu.pe\/uneweb\/wp-json\/wp\/v2\/pages\/19031\/revisions\/19065"}],"wp:attachment":[{"href":"https:\/\/www.une.edu.pe\/uneweb\/wp-json\/wp\/v2\/media?parent=19031"}],"curies":[{"name":"wp","href":"https:\/\/api.w.org\/{rel}","templated":true}]}}