{"id":18613,"date":"2024-08-05T20:20:07","date_gmt":"2024-08-06T01:20:07","guid":{"rendered":"https:\/\/www.une.edu.pe\/uneweb\/?page_id=18613"},"modified":"2024-08-13T12:15:24","modified_gmt":"2024-08-13T17:15:24","slug":"diplomado-internacional-en-inteligencia-artificial-aplicada-a-la-educacion-basica-y-superior-universitaria","status":"publish","type":"page","link":"https:\/\/www.une.edu.pe\/uneweb\/diplomado-internacional-en-inteligencia-artificial-aplicada-a-la-educacion-basica-y-superior-universitaria\/","title":{"rendered":"Diplomado internacional en Inteligencia artificial aplicada a la educaci\u00f3n b\u00e1sica y superior universitaria"},"content":{"rendered":"\t\t<div data-elementor-type=\"wp-page\" data-elementor-id=\"18613\" class=\"elementor elementor-18613\">\n\t\t\t\t\t\t<section class=\"elementor-section elementor-top-section elementor-element elementor-element-7ee9bc8 elementor-section-boxed elementor-section-height-default elementor-section-height-default\" data-id=\"7ee9bc8\" data-element_type=\"section\" data-e-type=\"section\">\n\t\t\t\t\t\t<div class=\"elementor-container elementor-column-gap-default\">\n\t\t\t\t\t<div class=\"elementor-column elementor-col-66 elementor-top-column elementor-element elementor-element-7fd8ffd\" data-id=\"7fd8ffd\" data-element_type=\"column\" data-e-type=\"column\">\n\t\t\t<div class=\"elementor-widget-wrap elementor-element-populated\">\n\t\t\t\t\t\t<div class=\"elementor-element elementor-element-5d0f7e2 elementor-widget elementor-widget-text-editor\" data-id=\"5d0f7e2\" data-element_type=\"widget\" data-e-type=\"widget\" data-widget_type=\"text-editor.default\">\n\t\t\t\t<div class=\"elementor-widget-container\">\n\t\t\t\t\t\t\t\t\t<p><span style=\"color: #000000;\"><strong>DIRIGIDO a:<\/strong><\/span><\/p><ul><li><span style=\"color: #000000;\">Docentes, directivos, investigadores y profesionales de educaci\u00f3n superior y educaci\u00f3n b\u00e1sica.<\/span><\/li><li><span style=\"color: #000000;\">P\u00fablico en general interesado.<\/span><\/li><\/ul>\t\t\t\t\t\t\t\t<\/div>\n\t\t\t\t<\/div>\n\t\t\t\t\t<\/div>\n\t\t<\/div>\n\t\t\t\t<div class=\"elementor-column elementor-col-33 elementor-top-column elementor-element elementor-element-6cdce02\" data-id=\"6cdce02\" data-element_type=\"column\" data-e-type=\"column\">\n\t\t\t<div class=\"elementor-widget-wrap elementor-element-populated\">\n\t\t\t\t\t\t<div class=\"elementor-element elementor-element-20a4e6c elementor-widget elementor-widget-image\" data-id=\"20a4e6c\" data-element_type=\"widget\" data-e-type=\"widget\" data-widget_type=\"image.default\">\n\t\t\t\t<div class=\"elementor-widget-container\">\n\t\t\t\t\t\t\t\t\t\t\t\t\t\t\t\t<a href=\"https:\/\/forms.gle\/nPw59WkYgzVrSXrG8\" target=\"_blank\">\n\t\t\t\t\t\t\t<img decoding=\"async\" src=\"https:\/\/www.une.edu.pe\/uneweb\/wp-content\/uploads\/elementor\/thumbs\/bn-formulario-qs8b4gp17p6c8uleatt95m1v5tv0s8boaua0o4hayc.jpg\" title=\"bn-formulario\" alt=\"bn-formulario\" loading=\"lazy\" \/>\t\t\t\t\t\t\t\t<\/a>\n\t\t\t\t\t\t\t\t\t\t\t\t\t\t\t<\/div>\n\t\t\t\t<\/div>\n\t\t\t\t\t<\/div>\n\t\t<\/div>\n\t\t\t\t\t<\/div>\n\t\t<\/section>\n\t\t\t\t<section class=\"elementor-section elementor-top-section elementor-element elementor-element-4b872ed elementor-section-boxed elementor-section-height-default elementor-section-height-default\" data-id=\"4b872ed\" data-element_type=\"section\" data-e-type=\"section\">\n\t\t\t\t\t\t<div class=\"elementor-container elementor-column-gap-default\">\n\t\t\t\t\t<div class=\"elementor-column elementor-col-100 elementor-top-column elementor-element elementor-element-45b44d0\" data-id=\"45b44d0\" data-element_type=\"column\" data-e-type=\"column\">\n\t\t\t<div class=\"elementor-widget-wrap elementor-element-populated\">\n\t\t\t\t\t\t<div class=\"elementor-element elementor-element-0dc3b75 elementor-tabs-view-vertical elementor-widget elementor-widget-tabs\" data-id=\"0dc3b75\" data-element_type=\"widget\" data-e-type=\"widget\" data-widget_type=\"tabs.default\">\n\t\t\t\t<div class=\"elementor-widget-container\">\n\t\t\t\t\t\t\t<div class=\"elementor-tabs\">\n\t\t\t<div class=\"elementor-tabs-wrapper\" role=\"tablist\" >\n\t\t\t\t\t\t\t\t\t<div id=\"elementor-tab-title-1441\" class=\"elementor-tab-title elementor-tab-desktop-title\" aria-selected=\"true\" data-tab=\"1\" role=\"tab\" tabindex=\"0\" aria-controls=\"elementor-tab-content-1441\" aria-expanded=\"false\">JUSTIFICACI\u00d3N<\/div>\n\t\t\t\t\t\t\t\t\t<div id=\"elementor-tab-title-1442\" class=\"elementor-tab-title elementor-tab-desktop-title\" aria-selected=\"false\" data-tab=\"2\" role=\"tab\" tabindex=\"-1\" aria-controls=\"elementor-tab-content-1442\" aria-expanded=\"false\">CRONOGRAMA<\/div>\n\t\t\t\t\t\t\t\t\t<div id=\"elementor-tab-title-1443\" class=\"elementor-tab-title elementor-tab-desktop-title\" aria-selected=\"false\" data-tab=\"3\" role=\"tab\" tabindex=\"-1\" aria-controls=\"elementor-tab-content-1443\" aria-expanded=\"false\">PONENTES<\/div>\n\t\t\t\t\t\t\t\t\t<div id=\"elementor-tab-title-1444\" class=\"elementor-tab-title elementor-tab-desktop-title\" aria-selected=\"false\" data-tab=\"4\" role=\"tab\" tabindex=\"-1\" aria-controls=\"elementor-tab-content-1444\" aria-expanded=\"false\">CERTIFICACI\u00d3N<\/div>\n\t\t\t\t\t\t\t\t\t<div id=\"elementor-tab-title-1445\" class=\"elementor-tab-title elementor-tab-desktop-title\" aria-selected=\"false\" data-tab=\"5\" role=\"tab\" tabindex=\"-1\" aria-controls=\"elementor-tab-content-1445\" aria-expanded=\"false\">METODOLOG\u00cdA<\/div>\n\t\t\t\t\t\t\t\t\t<div id=\"elementor-tab-title-1446\" class=\"elementor-tab-title elementor-tab-desktop-title\" aria-selected=\"false\" data-tab=\"6\" role=\"tab\" tabindex=\"-1\" aria-controls=\"elementor-tab-content-1446\" aria-expanded=\"false\">INFORMACI\u00d3N<\/div>\n\t\t\t\t\t\t\t<\/div>\n\t\t\t<div class=\"elementor-tabs-content-wrapper\" role=\"tablist\" aria-orientation=\"vertical\">\n\t\t\t\t\t\t\t\t\t<div class=\"elementor-tab-title elementor-tab-mobile-title\" aria-selected=\"true\" data-tab=\"1\" role=\"tab\" tabindex=\"0\" aria-controls=\"elementor-tab-content-1441\" aria-expanded=\"false\">JUSTIFICACI\u00d3N<\/div>\n\t\t\t\t\t<div id=\"elementor-tab-content-1441\" class=\"elementor-tab-content elementor-clearfix\" data-tab=\"1\" role=\"tabpanel\" aria-labelledby=\"elementor-tab-title-1441\" tabindex=\"0\" hidden=\"false\"><p><span style=\"color: #000000;\">La inteligencia artificial (IA) se ha convertido en una tecnolog\u00eda disruptiva que est\u00e1 transformando diversos sectores, incluyendo la educaci\u00f3n. En los \u00faltimos a\u00f1os, hemos visto c\u00f3mo la IA puede mejorar los procesos de ense\u00f1anza-aprendizaje, personalizar la experiencia educativa, optimizar la gesti\u00f3n de recursos y generar nuevas oportunidades para la innovaci\u00f3n en el aula.<\/span><\/p><p><span style=\"color: #000000;\">Sin embargo, a\u00fan existe una brecha significativa entre el potencial de la IA y su adopci\u00f3n efectiva en los sistemas educativos, especialmente en los niveles de educaci\u00f3n b\u00e1sica y universitaria.<\/span><\/p><p><span style=\"color: #000000;\">Muchos docentes y administradores educativos carecen de los conocimientos y habilidades necesarios para integrar soluciones de IA de manera estrat\u00e9gica y responsable.<\/span><\/p><p><span style=\"color: #000000;\">Por lo tanto, este diplomado internacional surge como una respuesta a esta necesidad urgente. Su objetivo es capacitar a los profesionales de la educaci\u00f3n en la aplicaci\u00f3n pr\u00e1ctica de la inteligencia artificial en sus respectivos contextos, brind\u00e1ndoles las herramientas y el conocimiento necesarios para aprovechar al m\u00e1ximo los beneficios de esta tecnolog\u00eda.<\/span><\/p><p><span style=\"color: #000000;\">A trav\u00e9s de este diplomado, los participantes adquirir\u00e1n conocimientos s\u00f3lidos y habilidades <\/span><span style=\"color: #000000;\">pr\u00e1cticas para dise\u00f1ar, implementar y gestionar soluciones de inteligencia artificial que mejoren la calidad y la eficiencia de los procesos educativos, al mismo tiempo que abordan los desaf\u00edos \u00e9ticos <\/span><span style=\"color: #000000;\">y de privacidad asociados.<\/span><\/p><p><span style=\"color: #000000;\">El diplomado est\u00e1 dirigido a docentes, directivos, investigadores y profesionales de la educaci\u00f3n <\/span><span style=\"color: #000000;\">b\u00e1sica y universitaria, quienes buscan impulsar la transformaci\u00f3n digital de sus instituciones y <\/span><span style=\"color: #000000;\">aprovechar el potencial de la inteligencia artificial para mejorar los resultados de aprendizaje y la <\/span><span style=\"color: #000000;\">experiencia de los estudiantes.<\/span><\/p><\/div>\n\t\t\t\t\t\t\t\t\t<div class=\"elementor-tab-title elementor-tab-mobile-title\" aria-selected=\"false\" data-tab=\"2\" role=\"tab\" tabindex=\"-1\" aria-controls=\"elementor-tab-content-1442\" aria-expanded=\"false\">CRONOGRAMA<\/div>\n\t\t\t\t\t<div id=\"elementor-tab-content-1442\" class=\"elementor-tab-content elementor-clearfix\" data-tab=\"2\" role=\"tabpanel\" aria-labelledby=\"elementor-tab-title-1442\" tabindex=\"0\" hidden=\"hidden\"><div class=\"wp-block-image\"><img fetchpriority=\"high\" decoding=\"async\" class=\"wpa-warning wpa-image-missing-alt alignnone size-full wp-image-18938\" src=\"https:\/\/www.une.edu.pe\/uneweb\/wp-content\/uploads\/2024\/08\/cronograma-ia.jpg\" alt=\"\" width=\"966\" height=\"610\" data-warning=\"Falta el texto alternativo\" srcset=\"https:\/\/www.une.edu.pe\/uneweb\/wp-content\/uploads\/2024\/08\/cronograma-ia.jpg 966w, https:\/\/www.une.edu.pe\/uneweb\/wp-content\/uploads\/2024\/08\/cronograma-ia-300x189.jpg 300w, https:\/\/www.une.edu.pe\/uneweb\/wp-content\/uploads\/2024\/08\/cronograma-ia-768x485.jpg 768w, https:\/\/www.une.edu.pe\/uneweb\/wp-content\/uploads\/2024\/08\/cronograma-ia-410x260.jpg 410w\" sizes=\"(max-width: 966px) 100vw, 966px\" \/><\/div><\/div>\n\t\t\t\t\t\t\t\t\t<div class=\"elementor-tab-title elementor-tab-mobile-title\" aria-selected=\"false\" data-tab=\"3\" role=\"tab\" tabindex=\"-1\" aria-controls=\"elementor-tab-content-1443\" aria-expanded=\"false\">PONENTES<\/div>\n\t\t\t\t\t<div id=\"elementor-tab-content-1443\" class=\"elementor-tab-content elementor-clearfix\" data-tab=\"3\" role=\"tabpanel\" aria-labelledby=\"elementor-tab-title-1443\" tabindex=\"0\" hidden=\"hidden\"><p><span style=\"color: #000000;\">Los ponentes nacionales e internacionales son especialistas en la IA.<\/span><\/p><ul><li><span style=\"color: #000000;\">Lucio Ernesto Velarde Robles &#8211; PUCP<\/span><\/li><li><span style=\"color: #000000;\">Juan de la Cruz Mamani Apaza &#8211; UNE<\/span><\/li><li><span style=\"color: #000000;\">Erick Miranda Pati\u00f1o &#8211; Panam\u00e1<\/span><\/li><li><span style=\"color: #000000;\">Carlos Bravo Reyes &#8211; Bolivia<\/span><\/li><li><span style=\"color: #000000;\">Guillermo Pastor Morales Romero &#8211; UNE<\/span><\/li><\/ul><\/div>\n\t\t\t\t\t\t\t\t\t<div class=\"elementor-tab-title elementor-tab-mobile-title\" aria-selected=\"false\" data-tab=\"4\" role=\"tab\" tabindex=\"-1\" aria-controls=\"elementor-tab-content-1444\" aria-expanded=\"false\">CERTIFICACI\u00d3N<\/div>\n\t\t\t\t\t<div id=\"elementor-tab-content-1444\" class=\"elementor-tab-content elementor-clearfix\" data-tab=\"4\" role=\"tabpanel\" aria-labelledby=\"elementor-tab-title-1444\" tabindex=\"0\" hidden=\"hidden\"><p><span style=\"color: #000000;\">Se otorgar\u00e1 certificado debidamente codificado a nombre de la Facultad Pedagog\u00eda y Cultura F\u00edsica, la Escuela Profesional de Educaci\u00f3n B\u00e1sica Alternativa y la Unidad de\u00a0Posgrado.<\/span><\/p><p><span style=\"color: #000000;\">A todos los participantes que cumplan el 70% de asistencia en las sesiones s\u00edncronas y as\u00edncronas.<\/span><\/p><p><span style=\"color: #000000;\">Para extender la certificaci\u00f3n es requisito:<\/span><\/p><ul><li><span style=\"color: #000000;\">Haber aprobado satisfactoriamente los 6 m\u00f3dulos del Plan de Estudios, la Escuela Profesional de Educaci\u00f3n B\u00e1sica Alternativa es responsable del libro de\u00a0registros y la base de datos de todos los participantes. En caso de retiro del participante se\u00a0le otorgar\u00e1 constancia del m\u00f3dulo desarrollado.<\/span><\/li><\/ul><\/div>\n\t\t\t\t\t\t\t\t\t<div class=\"elementor-tab-title elementor-tab-mobile-title\" aria-selected=\"false\" data-tab=\"5\" role=\"tab\" tabindex=\"-1\" aria-controls=\"elementor-tab-content-1445\" aria-expanded=\"false\">METODOLOG\u00cdA<\/div>\n\t\t\t\t\t<div id=\"elementor-tab-content-1445\" class=\"elementor-tab-content elementor-clearfix\" data-tab=\"5\" role=\"tabpanel\" aria-labelledby=\"elementor-tab-title-1445\" tabindex=\"0\" hidden=\"hidden\"><p><span style=\"color: #000000;\">El diplomado se ejecutar\u00e1 en forma sincr\u00f3nica y asincr\u00f3nica desarroll\u00e1ndose las 24 horas del\u00a0d\u00eda, los siete d\u00edas de la semana. Las sesiones\/video conferencias se realizar\u00e1n los s\u00e1bados a\u00a0trav\u00e9s de la plataforma MEET de la UNE.<\/span><\/p><p><span style=\"color: #000000;\">Para el desarrollo de todos los M\u00f3dulos se han previsto actividades sincr\u00f3nicas y asincr\u00f3nicas, las cuales tienen como finalidad fortalecer la comprensi\u00f3n de conceptos claves de la IA, desarrollar actividades individuales y grupales de transferencia y reflexi\u00f3n sobre las tem\u00e1ticas.<\/span><\/p><div><p><span style=\"color: #000000;\"><strong><em>Actividades asincr\u00f3nicas<\/em><\/strong><\/span><\/p><ul><li><span style=\"color: #000000;\">Elaboraci\u00f3n de actividades por cada m\u00f3dulo utilizando IA<\/span><\/li><li><span style=\"color: #000000;\">Foros de discusi\u00f3n, debate, de opini\u00f3n o de consultas<\/span><\/li><\/ul><p><span style=\"color: #000000;\"><strong><em>\u00a0<\/em><\/strong><\/span><span style=\"color: #000000;\"><strong><em>Actividades sincr\u00f3nicas<\/em><\/strong><\/span><\/p><ul><li><span style=\"color: #000000;\">Foros de discusi\u00f3n, debate, de opini\u00f3n o de consultas.<\/span><\/li><\/ul><\/div><\/div>\n\t\t\t\t\t\t\t\t\t<div class=\"elementor-tab-title elementor-tab-mobile-title\" aria-selected=\"false\" data-tab=\"6\" role=\"tab\" tabindex=\"-1\" aria-controls=\"elementor-tab-content-1446\" aria-expanded=\"false\">INFORMACI\u00d3N<\/div>\n\t\t\t\t\t<div id=\"elementor-tab-content-1446\" class=\"elementor-tab-content elementor-clearfix\" data-tab=\"6\" role=\"tabpanel\" aria-labelledby=\"elementor-tab-title-1446\" tabindex=\"0\" hidden=\"hidden\"><p><span style=\"color: #000000;\"><strong>Duraci\u00f3n:<\/strong> 6 meses<\/span><br \/><span style=\"color: #000000;\">Del 24 de agosto 2024 \u2013 25 de enero del 2025<\/span><\/p><p><span style=\"color: #000000;\"><strong>Horario:<\/strong> Sesiones s\u00edncronas s\u00e1bados: 4:00 p.m. \u2013 8:00 p.m.<\/span><\/p><p><strong><span style=\"color: #000000;\">Inscripci\u00f3n<\/span><\/strong><br \/><span style=\"color: #000000;\">Requisito m\u00ednimo para la inscripci\u00f3n: Bachiller y\/o T\u00edtulo Profesional en educaci\u00f3n<\/span><\/p><p><strong><span style=\"color: #000000;\">Informes:<\/span><\/strong><\/p><ul><li><span style=\"color: #000000;\">Srta. Mercedes Urquizo 901867053 (ma\u00f1anas)<\/span><\/li><li><span style=\"color: #000000;\">Dr. Ronald Guadalupe 953019493 (tardes)<\/span><\/li><li><span style=\"color: #000000;\">Dr. Juan de la Cruz 974636335 (noches)<\/span><\/li><\/ul><p><strong><span style=\"color: #000000;\">Modalidad<\/span><\/strong><br \/><span style=\"color: #000000;\">El Diplomado se desarrollar\u00e1 en la modalidad ONLINE: formas s\u00edncronas y as\u00edncronas.<\/span><\/p><p><span style=\"color: #000000;\"><strong>Cr\u00e9ditos:<\/strong> 24 cr\u00e9ditos acad\u00e9micos<\/span><\/p><p><strong><span style=\"color: #000000;\">Horas acad\u00e9micas<\/span><\/strong><br \/><span style=\"color: #000000;\">400 horas pedag\u00f3gicas:<\/span><\/p><p><strong><span style=\"color: #000000;\">Cuotas por m\u00f3dulo <\/span><span style=\"color: #000000;\">(6 m\u00f3dulos)<\/span><\/strong><br \/><span style=\"color: #000000;\">100 soles por m\u00f3dulo.<\/span><\/p><ul><li><span style=\"color: #000000;\">Podr\u00e1n pagarse en la modalidad de transferencia al Banco de la Naci\u00f3n con CCI 018-000-000000032050-07 y a la Cuenta Corriente 0000-032050. (Diplomado).<\/span><\/li><li><span style=\"color: #000000;\">Tambi\u00e9n lo puede realizar el pago en forma presencial en cualquier agencia del Banco de la Naci\u00f3n: Tracci\u00f3n 9135-A-codigo tarifario 0929<\/span><\/li><li><span style=\"color: #000000;\">Por \u00faltimo, tambi\u00e9n puede realizar el pago en caja de la Universidad- Ciudad universitaria Chosica.<\/span><\/li><\/ul><\/div>\n\t\t\t\t\t\t\t<\/div>\n\t\t<\/div>\n\t\t\t\t\t\t<\/div>\n\t\t\t\t<\/div>\n\t\t\t\t\t<\/div>\n\t\t<\/div>\n\t\t\t\t\t<\/div>\n\t\t<\/section>\n\t\t\t\t<\/div>\n\t\t ","protected":false},"excerpt":{"rendered":"<p>DIRIGIDO a: Docentes, directivos, investigadores y profesionales de educaci\u00f3n superior y educaci\u00f3n b\u00e1sica. P\u00fablico en general interesado. JUSTIFICACI\u00d3N CRONOGRAMA PONENTES CERTIFICACI\u00d3N METODOLOG\u00cdA INFORMACI\u00d3N JUSTIFICACI\u00d3N La inteligencia artificial (IA) se ha convertido en una tecnolog\u00eda disruptiva que est\u00e1 transformando diversos sectores, incluyendo la educaci\u00f3n. En los \u00faltimos a\u00f1os, hemos visto c\u00f3mo la IA puede mejorar los [&hellip;]<\/p>\n","protected":false},"author":1,"featured_media":0,"parent":0,"menu_order":0,"comment_status":"closed","ping_status":"closed","template":"","meta":{"footnotes":""},"class_list":["post-18613","page","type-page","status-publish","hentry"],"_links":{"self":[{"href":"https:\/\/www.une.edu.pe\/uneweb\/wp-json\/wp\/v2\/pages\/18613","targetHints":{"allow":["GET"]}}],"collection":[{"href":"https:\/\/www.une.edu.pe\/uneweb\/wp-json\/wp\/v2\/pages"}],"about":[{"href":"https:\/\/www.une.edu.pe\/uneweb\/wp-json\/wp\/v2\/types\/page"}],"author":[{"embeddable":true,"href":"https:\/\/www.une.edu.pe\/uneweb\/wp-json\/wp\/v2\/users\/1"}],"replies":[{"embeddable":true,"href":"https:\/\/www.une.edu.pe\/uneweb\/wp-json\/wp\/v2\/comments?post=18613"}],"version-history":[{"count":98,"href":"https:\/\/www.une.edu.pe\/uneweb\/wp-json\/wp\/v2\/pages\/18613\/revisions"}],"predecessor-version":[{"id":18944,"href":"https:\/\/www.une.edu.pe\/uneweb\/wp-json\/wp\/v2\/pages\/18613\/revisions\/18944"}],"wp:attachment":[{"href":"https:\/\/www.une.edu.pe\/uneweb\/wp-json\/wp\/v2\/media?parent=18613"}],"curies":[{"name":"wp","href":"https:\/\/api.w.org\/{rel}","templated":true}]}}