{"id":16973,"date":"2024-02-29T09:11:24","date_gmt":"2024-02-29T14:11:24","guid":{"rendered":"https:\/\/www.une.edu.pe\/uneweb\/?page_id=16973"},"modified":"2025-02-06T13:52:38","modified_gmt":"2025-02-06T18:52:38","slug":"hojas-de-no-adeudar","status":"publish","type":"page","link":"https:\/\/www.une.edu.pe\/uneweb\/hojas-de-no-adeudar\/","title":{"rendered":"Hojas de no adeudar"},"content":{"rendered":"<p>[vc_row full_height=&#8221;yes&#8221;][vc_column][vc_column_text css_animation=&#8221;bounceInDown&#8221;]<\/p>\n<div class=\"wp-block-image\"><img decoding=\"async\" class=\"wpa-warning wpa-image-missing-alt alignnone wp-image-16976\" src=\"https:\/\/www.une.edu.pe\/uneweb\/wp-content\/uploads\/2024\/02\/HOJA-NO-ADEUDAR-ICONO-300x44.jpg\" alt=\"\" width=\"484\" height=\"71\" data-warning=\"Falta el texto alternativo\" srcset=\"https:\/\/www.une.edu.pe\/uneweb\/wp-content\/uploads\/2024\/02\/HOJA-NO-ADEUDAR-ICONO-300x44.jpg 300w, https:\/\/www.une.edu.pe\/uneweb\/wp-content\/uploads\/2024\/02\/HOJA-NO-ADEUDAR-ICONO.jpg 645w\" sizes=\"(max-width: 484px) 100vw, 484px\" \/><\/div>\n<h4><\/h4>\n<h4><strong>La Hoja de No Adeudar es un requisito indispensable para el tr\u00e1mite del bachiller, el cual debe ser solicitado con anticipaci\u00f3n, de manera virtual y al correo: <a href=\"mailto:hna.tesoreria@une.edu.pe\" target=\"_blank\" rel=\"noopener\">hna.tesoreria@une.edu.<wbr \/>pe<\/a>\u00a0<\/strong><\/h4>\n<h4><\/h4>\n<h4><strong>Se deben enviar los formatos correctamente llenados e indicar datos ver\u00eddicos y esperar la respuesta que ser\u00e1 al correo que indica en el formato llenado.<\/strong><\/h4>\n<h4><\/h4>\n<h4><strong>IMPORTANTE: La Hoja de No Adeudar s\u00f3lo lo solicitan los egresados de los siguientes reg\u00edmenes:<\/strong><\/h4>\n<h4><strong>ex CEFOPS, COMPLEMENTACI\u00d3N ACAD\u00c9MICA, SEGUNDA ESPECIALIDAD, MAESTR\u00cdA y DOCTORADO.<\/strong><\/h4>\n<h4><\/h4>\n<h4><strong>Los alumnos del r\u00e9gimen REGULAR, no requieren de \u00e9ste documento.<\/strong><\/h4>\n<h4><\/h4>\n<p>[\/vc_column_text][vc_row_inner][vc_column_inner width=&#8221;1\/2&#8243;][vc_btn title=&#8221;HOJA NO ADEUDAR &#8211; 2025&#8243; color=&#8221;sky&#8221; size=&#8221;lg&#8221; align=&#8221;center&#8221; link=&#8221;url:https%3A%2F%2Fwww.une.edu.pe%2Funeweb%2Fwp-content%2Fuploads%2F2025%2F02%2FHOJA-DE-NO-ADEUDO-2025.docx||target:%20_blank|&#8221;][vc_btn title=&#8221;HOJA NO ADEUDAR POSGRADO &#8211; 2025&#8243; color=&#8221;sky&#8221; size=&#8221;lg&#8221; align=&#8221;center&#8221; link=&#8221;url:https%3A%2F%2Fwww.une.edu.pe%2Funeweb%2Fwp-content%2Fuploads%2F2025%2F02%2FHOJA-DE-NO-ADEUDO-POSGRADO-2025.docx||target:%20_blank|&#8221;][\/vc_column_inner][\/vc_row_inner][\/vc_column][\/vc_row]<\/p>\n ","protected":false},"excerpt":{"rendered":"<p>[vc_row full_height=&#8221;yes&#8221;][vc_column][vc_column_text css_animation=&#8221;bounceInDown&#8221;] La Hoja de No Adeudar es un requisito indispensable para el tr\u00e1mite del bachiller, el cual debe ser solicitado con anticipaci\u00f3n, de manera virtual y al correo: hna.tesoreria@une.edu.pe\u00a0 Se deben enviar los formatos correctamente llenados e indicar datos ver\u00eddicos y esperar la respuesta que ser\u00e1 al correo que indica en el formato [&hellip;]<\/p>\n","protected":false},"author":2,"featured_media":0,"parent":0,"menu_order":0,"comment_status":"closed","ping_status":"closed","template":"","meta":{"footnotes":""},"class_list":["post-16973","page","type-page","status-publish","hentry"],"_links":{"self":[{"href":"https:\/\/www.une.edu.pe\/uneweb\/wp-json\/wp\/v2\/pages\/16973","targetHints":{"allow":["GET"]}}],"collection":[{"href":"https:\/\/www.une.edu.pe\/uneweb\/wp-json\/wp\/v2\/pages"}],"about":[{"href":"https:\/\/www.une.edu.pe\/uneweb\/wp-json\/wp\/v2\/types\/page"}],"author":[{"embeddable":true,"href":"https:\/\/www.une.edu.pe\/uneweb\/wp-json\/wp\/v2\/users\/2"}],"replies":[{"embeddable":true,"href":"https:\/\/www.une.edu.pe\/uneweb\/wp-json\/wp\/v2\/comments?post=16973"}],"version-history":[{"count":7,"href":"https:\/\/www.une.edu.pe\/uneweb\/wp-json\/wp\/v2\/pages\/16973\/revisions"}],"predecessor-version":[{"id":20372,"href":"https:\/\/www.une.edu.pe\/uneweb\/wp-json\/wp\/v2\/pages\/16973\/revisions\/20372"}],"wp:attachment":[{"href":"https:\/\/www.une.edu.pe\/uneweb\/wp-json\/wp\/v2\/media?parent=16973"}],"curies":[{"name":"wp","href":"https:\/\/api.w.org\/{rel}","templated":true}]}}