{"id":16769,"date":"2024-02-07T09:07:40","date_gmt":"2024-02-07T14:07:40","guid":{"rendered":"https:\/\/www.une.edu.pe\/uneweb\/?page_id=16769"},"modified":"2024-08-13T09:48:06","modified_gmt":"2024-08-13T14:48:06","slug":"tasas-educativas-y-tarifarios-2024","status":"publish","type":"page","link":"https:\/\/www.une.edu.pe\/uneweb\/tasas-educativas-y-tarifarios-2024\/","title":{"rendered":"Tasas Educativas y Tarifarios 2024"},"content":{"rendered":"\t\t<div data-elementor-type=\"wp-page\" data-elementor-id=\"16769\" class=\"elementor elementor-16769\">\n\t\t\t\t\t\t<section class=\"elementor-section elementor-top-section elementor-element elementor-element-ae2525b elementor-section-boxed elementor-section-height-default elementor-section-height-default\" data-id=\"ae2525b\" data-element_type=\"section\" data-e-type=\"section\">\n\t\t\t\t\t\t<div class=\"elementor-container elementor-column-gap-default\">\n\t\t\t\t\t<div class=\"elementor-column elementor-col-100 elementor-top-column elementor-element elementor-element-07b8a04\" data-id=\"07b8a04\" data-element_type=\"column\" data-e-type=\"column\">\n\t\t\t<div class=\"elementor-widget-wrap elementor-element-populated\">\n\t\t\t\t\t\t<div class=\"elementor-element elementor-element-1793730 elementor-widget elementor-widget-text-editor\" data-id=\"1793730\" data-element_type=\"widget\" data-e-type=\"widget\" data-widget_type=\"text-editor.default\">\n\t\t\t\t<div class=\"elementor-widget-container\">\n\t\t\t\t\t\t\t\t\t<ul><li><h4><strong><a href=\"https:\/\/www.une.edu.pe\/uneweb\/wp-content\/uploads\/2024\/03\/TASAS-EDUCATIVAS-2024.pdf\" target=\"_blank\" rel=\"noopener\"> C\u00d3DIGOS TARIFARIOS Y CONCEPTOS DE LOS SERVICIOS ACAD\u00c9MICOS &#8211; UNE- 2024<\/a><\/strong><\/h4><\/li><li><h4><a href=\"https:\/\/www.une.edu.pe\/uneweb\/wp-content\/uploads\/2024\/02\/Resolucion_0130-2024-R-UNE_Tasa-educativa-Segunda-especialidad-2024.pdf\" target=\"_blank\" rel=\"noopener\"><strong><span style=\"color: #993300;\">RESOLUCI\u00d3N N\u00b0 0130-2024-R-UNE:<\/span><\/strong> TASAS EDUCATIVAS &#8211; PRESTACION DE SERVICIOS Y TARIFARIOS DE PREGRADO, PROSEP Y OTROS PARA EL A\u00d1O 2024<\/a><\/h4><\/li><\/ul>\t\t\t\t\t\t\t\t<\/div>\n\t\t\t\t<\/div>\n\t\t\t\t\t<\/div>\n\t\t<\/div>\n\t\t\t\t\t<\/div>\n\t\t<\/section>\n\t\t\t\t<\/div>\n\t\t ","protected":false},"excerpt":{"rendered":"<p>C\u00d3DIGOS TARIFARIOS Y CONCEPTOS DE LOS SERVICIOS ACAD\u00c9MICOS &#8211; UNE- 2024 RESOLUCI\u00d3N N\u00b0 0130-2024-R-UNE: TASAS EDUCATIVAS &#8211; PRESTACION DE SERVICIOS Y TARIFARIOS DE PREGRADO, PROSEP Y OTROS PARA EL A\u00d1O 2024<\/p>\n","protected":false},"author":1,"featured_media":0,"parent":0,"menu_order":0,"comment_status":"closed","ping_status":"closed","template":"","meta":{"footnotes":""},"class_list":["post-16769","page","type-page","status-publish","hentry"],"_links":{"self":[{"href":"https:\/\/www.une.edu.pe\/uneweb\/wp-json\/wp\/v2\/pages\/16769","targetHints":{"allow":["GET"]}}],"collection":[{"href":"https:\/\/www.une.edu.pe\/uneweb\/wp-json\/wp\/v2\/pages"}],"about":[{"href":"https:\/\/www.une.edu.pe\/uneweb\/wp-json\/wp\/v2\/types\/page"}],"author":[{"embeddable":true,"href":"https:\/\/www.une.edu.pe\/uneweb\/wp-json\/wp\/v2\/users\/1"}],"replies":[{"embeddable":true,"href":"https:\/\/www.une.edu.pe\/uneweb\/wp-json\/wp\/v2\/comments?post=16769"}],"version-history":[{"count":12,"href":"https:\/\/www.une.edu.pe\/uneweb\/wp-json\/wp\/v2\/pages\/16769\/revisions"}],"predecessor-version":[{"id":18917,"href":"https:\/\/www.une.edu.pe\/uneweb\/wp-json\/wp\/v2\/pages\/16769\/revisions\/18917"}],"wp:attachment":[{"href":"https:\/\/www.une.edu.pe\/uneweb\/wp-json\/wp\/v2\/media?parent=16769"}],"curies":[{"name":"wp","href":"https:\/\/api.w.org\/{rel}","templated":true}]}}