{"id":16604,"date":"2024-01-25T11:08:40","date_gmt":"2024-01-25T16:08:40","guid":{"rendered":"https:\/\/www.une.edu.pe\/uneweb\/?page_id=16604"},"modified":"2024-12-12T12:28:22","modified_gmt":"2024-12-12T17:28:22","slug":"reglamento-general-de-la-une","status":"publish","type":"page","link":"https:\/\/www.une.edu.pe\/uneweb\/reglamento-general-de-la-une\/","title":{"rendered":"Reglamento general de la UNE"},"content":{"rendered":"\t\t<div data-elementor-type=\"wp-page\" data-elementor-id=\"16604\" class=\"elementor elementor-16604\">\n\t\t\t\t\t\t<section class=\"elementor-section elementor-top-section elementor-element elementor-element-3f8112bc elementor-section-boxed elementor-section-height-default elementor-section-height-default\" data-id=\"3f8112bc\" data-element_type=\"section\" data-e-type=\"section\">\n\t\t\t\t\t\t<div class=\"elementor-container elementor-column-gap-default\">\n\t\t\t\t\t<div class=\"elementor-column elementor-col-100 elementor-top-column elementor-element elementor-element-1d96d770\" data-id=\"1d96d770\" data-element_type=\"column\" data-e-type=\"column\">\n\t\t\t<div class=\"elementor-widget-wrap elementor-element-populated\">\n\t\t\t\t\t\t<div class=\"elementor-element elementor-element-6316432e elementor-widget elementor-widget-text-editor\" data-id=\"6316432e\" data-element_type=\"widget\" data-e-type=\"widget\" data-widget_type=\"text-editor.default\">\n\t\t\t\t<div class=\"elementor-widget-container\">\n\t\t\t\t\t\t\t\t\t<ul><li><a href=\"https:\/\/www.une.edu.pe\/uneweb\/wp-content\/uploads\/2024\/12\/Resolucion-N\u00b0-3610-2024-R-UNE.pdf\" target=\"_blank\" rel=\"noopener\"><span style=\"color: #000000;\"><strong><span style=\"color: #800000;\">Resoluci\u00f3n N\u00ba 3610-2024-R-UNE:<\/span><\/strong> MODIFICAR EL NUMERAL 4 DEL ART\u00cdCULO 66 DEL REGLAMENTO GENERAL DE LA UNIVERSIDAD NACIONAL DE EDUCACI\u00d3N ENRIQUE GUZM\u00c1N Y VALLE, APROBADO POR RESOLUCI\u00d3N N\u00b0 3255-2022-R-UNE; AS\u00cd TAMBI\u00c9N, EL NUMERAL 86.4 DEL ART\u00cdCULO 86 DEL REGLAMENTO DE ORGANIZACI\u00d3N Y FUNCIONES DE LA UNIVERSIDAD NACIONAL DE EDUCACI\u00d3N ENRIQUE GUZM\u00c1N Y VALLE, APROBADO POR RESOLUCI\u00d3N N\u00b0 3288-2022-R-UNE.<br \/><\/span><\/a><\/li><li><a href=\"https:\/\/www.une.edu.pe\/transparencia\/informacion\/resoluciones-varias\/2024\/Resolucion_1887-2024-R-UNE_modificar-articulos-Reglamento-general-UNE.pdf\" target=\"_blank\" rel=\"noopener\"><span style=\"color: #000000;\"><strong><span style=\"color: #800000;\">Resoluci\u00f3n N\u00ba 1887-2024-R-UNE:<\/span><\/strong> MODIFICAR LOS ART\u00cdCULOS 125, 221, 297, 358, 359, 361, 363, 364, 365, 366, 367 Y 368, AS\u00cd COMO LA PRIMERA Y QUINTA DISPOSICI\u00d3N COMPLEMENTARIA, TRANSITORIA Y FINAL DEL REGLAMENTO GENERAL DE LA UNIVERSIDAD NACIONAL DE EDUCACI\u00d3N ENRIQUE GUZM\u00c1N Y VALLE, APROBADO POR RESOLUCI\u00d3N N\u00b0 3255-2022-R-UNE<\/span><\/a><\/li><li>\u00a0<\/li><li><a href=\"https:\/\/www.une.edu.pe\/transparencia\/informacion\/resoluciones-varias\/2023\/Resolucion_3544-2023-R-UNE.pdf\" target=\"_blank\" rel=\"noopener\"><span style=\"color: #000000;\"><strong><span style=\"color: #993300;\">Resoluci\u00f3n N\u00ba 3544-2023-R-UNE: <\/span><\/strong><\/span>MODIFICAR EL REGLAMENTO GENERAL DE LA UNIVERSIDAD NACIONAL DE EDUCACI\u00d3N ENRIQUE GUZM\u00c1N Y VALLE<\/a><\/li><li><a href=\"https:\/\/www.une.edu.pe\/transparencia\/informacion\/resoluciones-varias\/2022\/Resolucion_3255-2022-R-UNE.pdf\" target=\"_blank\" rel=\"noopener\"><span style=\"color: #000000;\"><strong><span style=\"color: #993300;\">Resoluci\u00f3n N\u00ba 3255-2022-R-UNE: <\/span><\/strong>APROBAR EL REGLAMENTO GENERAL DE LA UNIVERSIDAD NACIONAL DE EDUCACI\u00d3N ENRIQUE GUZM\u00c1N Y VALLE, EN ADECUACI\u00d3N AL NUEVO TEXTO DEL ESTATUTO Y A LAS DIVERSAS NORMAS QUE REGULAN EL SISTEMA UNIVERSITARIO<\/span><\/a><\/li><\/ul>\t\t\t\t\t\t\t\t<\/div>\n\t\t\t\t<\/div>\n\t\t\t\t\t<\/div>\n\t\t<\/div>\n\t\t\t\t\t<\/div>\n\t\t<\/section>\n\t\t\t\t<\/div>\n\t\t ","protected":false},"excerpt":{"rendered":"<p>Resoluci\u00f3n N\u00ba 3610-2024-R-UNE: MODIFICAR EL NUMERAL 4 DEL ART\u00cdCULO 66 DEL REGLAMENTO GENERAL DE LA UNIVERSIDAD NACIONAL DE EDUCACI\u00d3N ENRIQUE GUZM\u00c1N Y VALLE, APROBADO POR RESOLUCI\u00d3N N\u00b0 3255-2022-R-UNE; AS\u00cd TAMBI\u00c9N, EL NUMERAL 86.4 DEL ART\u00cdCULO 86 DEL REGLAMENTO DE ORGANIZACI\u00d3N Y FUNCIONES DE LA UNIVERSIDAD NACIONAL DE EDUCACI\u00d3N ENRIQUE GUZM\u00c1N Y VALLE, APROBADO POR RESOLUCI\u00d3N [&hellip;]<\/p>\n","protected":false},"author":1,"featured_media":0,"parent":0,"menu_order":0,"comment_status":"closed","ping_status":"closed","template":"","meta":{"footnotes":""},"class_list":["post-16604","page","type-page","status-publish","hentry"],"_links":{"self":[{"href":"https:\/\/www.une.edu.pe\/uneweb\/wp-json\/wp\/v2\/pages\/16604","targetHints":{"allow":["GET"]}}],"collection":[{"href":"https:\/\/www.une.edu.pe\/uneweb\/wp-json\/wp\/v2\/pages"}],"about":[{"href":"https:\/\/www.une.edu.pe\/uneweb\/wp-json\/wp\/v2\/types\/page"}],"author":[{"embeddable":true,"href":"https:\/\/www.une.edu.pe\/uneweb\/wp-json\/wp\/v2\/users\/1"}],"replies":[{"embeddable":true,"href":"https:\/\/www.une.edu.pe\/uneweb\/wp-json\/wp\/v2\/comments?post=16604"}],"version-history":[{"count":18,"href":"https:\/\/www.une.edu.pe\/uneweb\/wp-json\/wp\/v2\/pages\/16604\/revisions"}],"predecessor-version":[{"id":19870,"href":"https:\/\/www.une.edu.pe\/uneweb\/wp-json\/wp\/v2\/pages\/16604\/revisions\/19870"}],"wp:attachment":[{"href":"https:\/\/www.une.edu.pe\/uneweb\/wp-json\/wp\/v2\/media?parent=16604"}],"curies":[{"name":"wp","href":"https:\/\/api.w.org\/{rel}","templated":true}]}}