{"id":16456,"date":"2024-01-15T09:33:33","date_gmt":"2024-01-15T14:33:33","guid":{"rendered":"https:\/\/www.une.edu.pe\/uneweb\/?page_id=16456"},"modified":"2024-08-23T15:48:45","modified_gmt":"2024-08-23T20:48:45","slug":"calendario-academico-2024","status":"publish","type":"page","link":"https:\/\/www.une.edu.pe\/uneweb\/calendario-academico-2024\/","title":{"rendered":"Calendario Acad\u00e9mico 2024"},"content":{"rendered":"\t\t<div data-elementor-type=\"wp-page\" data-elementor-id=\"16456\" class=\"elementor elementor-16456\">\n\t\t\t\t\t\t<section class=\"elementor-section elementor-top-section elementor-element elementor-element-3f8112bc elementor-section-boxed elementor-section-height-default elementor-section-height-default\" data-id=\"3f8112bc\" data-element_type=\"section\" data-e-type=\"section\">\n\t\t\t\t\t\t<div class=\"elementor-container elementor-column-gap-default\">\n\t\t\t\t\t<div class=\"elementor-column elementor-col-100 elementor-top-column elementor-element elementor-element-1d96d770\" data-id=\"1d96d770\" data-element_type=\"column\" data-e-type=\"column\">\n\t\t\t<div class=\"elementor-widget-wrap elementor-element-populated\">\n\t\t\t\t\t\t<div class=\"elementor-element elementor-element-6316432e elementor-widget elementor-widget-text-editor\" data-id=\"6316432e\" data-element_type=\"widget\" data-e-type=\"widget\" data-widget_type=\"text-editor.default\">\n\t\t\t\t<div class=\"elementor-widget-container\">\n\t\t\t\t\t\t\t\t\t<ul><li><a href=\"https:\/\/www.une.edu.pe\/transparencia\/informacion\/resoluciones-varias\/2024\/Resolucion_2548-2024-R-UNE.pdf\" target=\"_blank\" rel=\"noopener\"><span style=\"color: #000000;\"><span class=\"Estilo53\"><span style=\"font-family: Verdana;\"><strong><span style=\"color: #993300;\">Resoluci\u00f3n N\u00ba 2548-2024-R-UNE: <\/span><\/strong><\/span><\/span><span style=\"font-family: Verdana;\">MODIFICAR, DE MANERA EXCEPCIONAL, LOS ALCANCES DE LA RESOLUCI\u00d3N N\u00ba 0037-2024-R-UNE, DEL 10 DE ENERO DEL 2024, EN LO QUE RESPECTA AL PROCESO DE MATR\u00cdCULA PARA PREGRADO, SEGUNDA ESPECIALIDAD PROFESIONAL Y ESCUELA DE POSGRADO.<\/span><\/span><\/a><\/li><li><a href=\"https:\/\/www.une.edu.pe\/transparencia\/informacion\/resoluciones-varias\/2024\/Resolucion_0732-2024-R-UNE_modificar-calendario-academico-2024.pdf\" target=\"_blank\" rel=\"noopener\"><span class=\"Estilo53\"><span style=\"font-family: Verdana;\"><strong><span style=\"color: #993300;\">Resoluci\u00f3n N\u00ba 0732-2024-R-UNE<\/span>: <\/strong><\/span><\/span><span style=\"font-family: Verdana;\">MODIFICAR LOS ALCANCES DE LA RESOLUCI\u00d3N N\u00ba 0037-2024-R-UNE, DEL 10 DE ENERO DEL 2024, EN LO QUE RESPECTA AL PROCESO DE MATR\u00cdCULA PARA PREGRADO, SEGUNDA ESPECIALIDAD PROFESIONAL Y ESCUELA DE POSGRADO<\/span><\/a><\/li><li><a href=\"https:\/\/www.une.edu.pe\/transparencia\/informacion\/resoluciones-varias\/2024\/Resolucion_0037-2024-R-UNE.pdf\" target=\"_blank\" rel=\"noopener\"><span class=\"Estilo53\"><span style=\"font-family: Verdana;\"><strong><span style=\"color: #993300;\">Resoluci\u00f3n N\u00ba 0037-2024-R-UNE<\/span>: <\/strong><\/span><\/span><span style=\"font-family: Verdana;\">APROBAR EL CALENDARIO ACAD\u00c9MICO DE LA UNIVERSIDAD NACIONAL DE EDUCACI\u00d3N ENRIQUE GUZM\u00c1N Y VALLE 2024<\/span><\/a><\/li><\/ul>\t\t\t\t\t\t\t\t<\/div>\n\t\t\t\t<\/div>\n\t\t\t\t\t<\/div>\n\t\t<\/div>\n\t\t\t\t\t<\/div>\n\t\t<\/section>\n\t\t\t\t<\/div>\n\t\t ","protected":false},"excerpt":{"rendered":"<p>Resoluci\u00f3n N\u00ba 2548-2024-R-UNE: MODIFICAR, DE MANERA EXCEPCIONAL, LOS ALCANCES DE LA RESOLUCI\u00d3N N\u00ba 0037-2024-R-UNE, DEL 10 DE ENERO DEL 2024, EN LO QUE RESPECTA AL PROCESO DE MATR\u00cdCULA PARA PREGRADO, SEGUNDA ESPECIALIDAD PROFESIONAL Y ESCUELA DE POSGRADO. Resoluci\u00f3n N\u00ba 0732-2024-R-UNE: MODIFICAR LOS ALCANCES DE LA RESOLUCI\u00d3N N\u00ba 0037-2024-R-UNE, DEL 10 DE ENERO DEL 2024, EN [&hellip;]<\/p>\n","protected":false},"author":1,"featured_media":0,"parent":0,"menu_order":0,"comment_status":"closed","ping_status":"closed","template":"","meta":{"footnotes":""},"class_list":["post-16456","page","type-page","status-publish","hentry"],"_links":{"self":[{"href":"https:\/\/www.une.edu.pe\/uneweb\/wp-json\/wp\/v2\/pages\/16456","targetHints":{"allow":["GET"]}}],"collection":[{"href":"https:\/\/www.une.edu.pe\/uneweb\/wp-json\/wp\/v2\/pages"}],"about":[{"href":"https:\/\/www.une.edu.pe\/uneweb\/wp-json\/wp\/v2\/types\/page"}],"author":[{"embeddable":true,"href":"https:\/\/www.une.edu.pe\/uneweb\/wp-json\/wp\/v2\/users\/1"}],"replies":[{"embeddable":true,"href":"https:\/\/www.une.edu.pe\/uneweb\/wp-json\/wp\/v2\/comments?post=16456"}],"version-history":[{"count":15,"href":"https:\/\/www.une.edu.pe\/uneweb\/wp-json\/wp\/v2\/pages\/16456\/revisions"}],"predecessor-version":[{"id":19199,"href":"https:\/\/www.une.edu.pe\/uneweb\/wp-json\/wp\/v2\/pages\/16456\/revisions\/19199"}],"wp:attachment":[{"href":"https:\/\/www.une.edu.pe\/uneweb\/wp-json\/wp\/v2\/media?parent=16456"}],"curies":[{"name":"wp","href":"https:\/\/api.w.org\/{rel}","templated":true}]}}