{"id":14108,"date":"2023-05-04T08:29:03","date_gmt":"2023-05-04T13:29:03","guid":{"rendered":"https:\/\/www.une.edu.pe\/uneweb\/?page_id=14108"},"modified":"2023-05-04T09:14:27","modified_gmt":"2023-05-04T14:14:27","slug":"formatos-de-declaraciones-juradas-docente-contratado-2023","status":"publish","type":"page","link":"https:\/\/www.une.edu.pe\/uneweb\/formatos-de-declaraciones-juradas-docente-contratado-2023\/","title":{"rendered":"Formatos de Declaraciones Juradas para docentes contratados 2023"},"content":{"rendered":"\t\t<div data-elementor-type=\"wp-page\" data-elementor-id=\"14108\" class=\"elementor elementor-14108\">\n\t\t\t\t\t\t<section class=\"elementor-section elementor-top-section elementor-element elementor-element-670549b elementor-section-boxed elementor-section-height-default elementor-section-height-default\" data-id=\"670549b\" data-element_type=\"section\" data-e-type=\"section\">\n\t\t\t\t\t\t<div class=\"elementor-container elementor-column-gap-default\">\n\t\t\t\t\t<div class=\"elementor-column elementor-col-100 elementor-top-column elementor-element elementor-element-18a447a\" data-id=\"18a447a\" data-element_type=\"column\" data-e-type=\"column\">\n\t\t\t<div class=\"elementor-widget-wrap elementor-element-populated\">\n\t\t\t\t\t\t<div class=\"elementor-element elementor-element-782e570 elementor-widget elementor-widget-heading\" data-id=\"782e570\" data-element_type=\"widget\" data-e-type=\"widget\" data-widget_type=\"heading.default\">\n\t\t\t\t<div class=\"elementor-widget-container\">\n\t\t\t\t\t<h2 class=\"elementor-heading-title elementor-size-default\">COMUNICADO<\/h2>\t\t\t\t<\/div>\n\t\t\t\t<\/div>\n\t\t\t\t\t<\/div>\n\t\t<\/div>\n\t\t\t\t\t<\/div>\n\t\t<\/section>\n\t\t\t\t<section class=\"elementor-section elementor-top-section elementor-element elementor-element-1c4ad3a0 elementor-section-boxed elementor-section-height-default elementor-section-height-default\" data-id=\"1c4ad3a0\" data-element_type=\"section\" data-e-type=\"section\">\n\t\t\t\t\t\t<div class=\"elementor-container elementor-column-gap-default\">\n\t\t\t\t\t<div class=\"elementor-column elementor-col-100 elementor-top-column elementor-element elementor-element-2e2d0a1b\" data-id=\"2e2d0a1b\" data-element_type=\"column\" data-e-type=\"column\">\n\t\t\t<div class=\"elementor-widget-wrap elementor-element-populated\">\n\t\t\t\t\t\t<div class=\"elementor-element elementor-element-289810b elementor-widget elementor-widget-text-editor\" data-id=\"289810b\" data-element_type=\"widget\" data-e-type=\"widget\" data-widget_type=\"text-editor.default\">\n\t\t\t\t<div class=\"elementor-widget-container\">\n\t\t\t\t\t\t\t\t\t<p>Se comunica a todo el personal <strong>docente contratado a plazo fijo<\/strong> que deben presentar Declaraci\u00f3n Jurada del a\u00f1o 2023, para percepci\u00f3n de haberes, aguinaldos y escolaridad y otros beneficios en el presente a\u00f1o.<\/p><p>Para tal efecto, deber\u00e1n descargar los formatos en el enlace siguiente:<\/p><ul><li>Docente Contratado\u00a0 \u00a0[<strong><a href=\"https:\/\/www.une.edu.pe\/uneweb\/wp-content\/uploads\/2023\/05\/DJ_contratados_2023.pdf\" target=\"_blank\" rel=\"noopener\">Formato 1<\/a><\/strong>]\u00a0 \u00a0 [<strong><a href=\"https:\/\/www.une.edu.pe\/uneweb\/wp-content\/uploads\/2023\/05\/DJ_Docentes_2023_Estudios.pdf\" target=\"_blank\" rel=\"noopener\">Formato 2<\/a><\/strong>]<\/li><\/ul><p>En caso de tener derechohabientes (c\u00f3nyuge, hijos menores de 18 a\u00f1os, hijos mayores con incapacidad permanente declarada), que no hayan sido declarados, deben presentar la D.J. en el siguiente enlace:<\/p><ul><li>Derechohabientes\u00a0\u00a0\u00a0[<strong><a href=\"https:\/\/www.une.edu.pe\/uneweb\/wp-content\/uploads\/2023\/05\/derecho_habientes_2023.pdf\" target=\"_blank\" rel=\"noopener\">Formato 1<\/a><\/strong>]<\/li><\/ul><p>Los formatos se deben <strong>imprimir, llenar los datos, firmar, escanear y remitirlos al correo compensaciones@une.edu.pe<\/strong> asimismo adjuntar DNI escaneado en el m\u00e1s breve plazo.<\/p><p style=\"text-align: center;\">Atentamente,<br \/>Unidad de Compensaciones y Pensiones<br \/>Jefatura<\/p><p style=\"text-align: right;\">Chosica, 03 de mayo de 2023.<\/p>\t\t\t\t\t\t\t\t<\/div>\n\t\t\t\t<\/div>\n\t\t\t\t\t<\/div>\n\t\t<\/div>\n\t\t\t\t\t<\/div>\n\t\t<\/section>\n\t\t\t\t<\/div>\n\t\t ","protected":false},"excerpt":{"rendered":"<p>COMUNICADO Se comunica a todo el personal docente contratado a plazo fijo que deben presentar Declaraci\u00f3n Jurada del a\u00f1o 2023, para percepci\u00f3n de haberes, aguinaldos y escolaridad y otros beneficios en el presente a\u00f1o. Para tal efecto, deber\u00e1n descargar los formatos en el enlace siguiente: Docente Contratado&nbsp; &nbsp;[Formato 1]&nbsp; &nbsp; [Formato 2] En caso de [&hellip;]<\/p>\n","protected":false},"author":1,"featured_media":0,"parent":0,"menu_order":0,"comment_status":"closed","ping_status":"closed","template":"","meta":{"footnotes":""},"class_list":["post-14108","page","type-page","status-publish","hentry"],"_links":{"self":[{"href":"https:\/\/www.une.edu.pe\/uneweb\/wp-json\/wp\/v2\/pages\/14108","targetHints":{"allow":["GET"]}}],"collection":[{"href":"https:\/\/www.une.edu.pe\/uneweb\/wp-json\/wp\/v2\/pages"}],"about":[{"href":"https:\/\/www.une.edu.pe\/uneweb\/wp-json\/wp\/v2\/types\/page"}],"author":[{"embeddable":true,"href":"https:\/\/www.une.edu.pe\/uneweb\/wp-json\/wp\/v2\/users\/1"}],"replies":[{"embeddable":true,"href":"https:\/\/www.une.edu.pe\/uneweb\/wp-json\/wp\/v2\/comments?post=14108"}],"version-history":[{"count":20,"href":"https:\/\/www.une.edu.pe\/uneweb\/wp-json\/wp\/v2\/pages\/14108\/revisions"}],"predecessor-version":[{"id":14133,"href":"https:\/\/www.une.edu.pe\/uneweb\/wp-json\/wp\/v2\/pages\/14108\/revisions\/14133"}],"wp:attachment":[{"href":"https:\/\/www.une.edu.pe\/uneweb\/wp-json\/wp\/v2\/media?parent=14108"}],"curies":[{"name":"wp","href":"https:\/\/api.w.org\/{rel}","templated":true}]}}