{"id":13080,"date":"2023-01-17T12:12:11","date_gmt":"2023-01-17T17:12:11","guid":{"rendered":"https:\/\/www.une.edu.pe\/uneweb\/?page_id=13080"},"modified":"2023-01-17T12:46:26","modified_gmt":"2023-01-17T17:46:26","slug":"formatos-declaraciones-juradas-2023","status":"publish","type":"page","link":"https:\/\/www.une.edu.pe\/uneweb\/formatos-declaraciones-juradas-2023\/","title":{"rendered":"Formatos de Declaraciones Juradas del a\u00f1o 2023"},"content":{"rendered":"\t\t<div data-elementor-type=\"wp-page\" data-elementor-id=\"13080\" class=\"elementor elementor-13080\">\n\t\t\t\t\t\t<section class=\"elementor-section elementor-top-section elementor-element elementor-element-670549b elementor-section-boxed elementor-section-height-default elementor-section-height-default\" data-id=\"670549b\" data-element_type=\"section\" data-e-type=\"section\">\n\t\t\t\t\t\t<div class=\"elementor-container elementor-column-gap-default\">\n\t\t\t\t\t<div class=\"elementor-column elementor-col-100 elementor-top-column elementor-element elementor-element-18a447a\" data-id=\"18a447a\" data-element_type=\"column\" data-e-type=\"column\">\n\t\t\t<div class=\"elementor-widget-wrap elementor-element-populated\">\n\t\t\t\t\t\t<div class=\"elementor-element elementor-element-782e570 elementor-widget elementor-widget-heading\" data-id=\"782e570\" data-element_type=\"widget\" data-e-type=\"widget\" data-widget_type=\"heading.default\">\n\t\t\t\t<div class=\"elementor-widget-container\">\n\t\t\t\t\t<h2 class=\"elementor-heading-title elementor-size-default\">COMUNICADO<\/h2>\t\t\t\t<\/div>\n\t\t\t\t<\/div>\n\t\t\t\t\t<\/div>\n\t\t<\/div>\n\t\t\t\t\t<\/div>\n\t\t<\/section>\n\t\t\t\t<section class=\"elementor-section elementor-top-section elementor-element elementor-element-1c4ad3a0 elementor-section-boxed elementor-section-height-default elementor-section-height-default\" data-id=\"1c4ad3a0\" data-element_type=\"section\" data-e-type=\"section\">\n\t\t\t\t\t\t<div class=\"elementor-container elementor-column-gap-default\">\n\t\t\t\t\t<div class=\"elementor-column elementor-col-100 elementor-top-column elementor-element elementor-element-2e2d0a1b\" data-id=\"2e2d0a1b\" data-element_type=\"column\" data-e-type=\"column\">\n\t\t\t<div class=\"elementor-widget-wrap elementor-element-populated\">\n\t\t\t\t\t\t<div class=\"elementor-element elementor-element-289810b elementor-widget elementor-widget-text-editor\" data-id=\"289810b\" data-element_type=\"widget\" data-e-type=\"widget\" data-widget_type=\"text-editor.default\">\n\t\t\t\t<div class=\"elementor-widget-container\">\n\t\t\t\t\t\t\t\t\t<p><span style=\"color: #000000;\">Se comunica a todo el personal docente y administrativo, nombrado, contratado a plazo fijo y CAS, as\u00ed como a los pensionistas del D.L. 20530, que deben presentar la Declaraci\u00f3n Jurada del a\u00f1o 2023, para percepci\u00f3n\u00a0de haberes, aguinaldos y escolaridad y otros beneficios en el presente a\u00f1o.<\/span><\/p><p><span style=\"color: #000000;\">Para el efecto, dependiendo de la condici\u00f3n laboral, deben descargar los formatos en los enlaces siguientes:<\/span><\/p><ul><li><span style=\"color: #000000;\">Docente Nombrado:\u00a0 \u00a0 \u00a0 \u00a0 \u00a0 \u00a0 \u00a0 \u00a0 \u00a0 \u00a0 \u00a0 \u00a0 \u00a0 \u00a0 \u00a0 \u00a0 \u00a0 \u00a0[ <a href=\"https:\/\/www.une.edu.pe\/uneweb\/wp-content\/uploads\/2023\/01\/DJ_nombrados_2023.pdf\" target=\"_blank\" rel=\"noopener\">Formato 1<\/a> ]\u00a0 \u00a0 \u00a0\u00a0[ <a style=\"color: #000000;\" href=\"https:\/\/www.une.edu.pe\/uneweb\/wp-content\/uploads\/2023\/01\/DJ_Docentes_2023_Estudios.pdf\" target=\"_blank\" rel=\"noopener\">Formato 2<\/a>\u00a0]<\/span><\/li><li><span style=\"color: #000000;\">Docente Contratado:\u00a0 \u00a0 \u00a0 \u00a0 \u00a0 \u00a0 \u00a0 \u00a0 \u00a0 \u00a0 \u00a0 \u00a0 \u00a0 \u00a0 \u00a0 \u00a0 \u00a0\u00a0[ <a style=\"color: #000000;\" href=\"https:\/\/www.une.edu.pe\/uneweb\/wp-content\/uploads\/2023\/01\/DJ_contratados_2023.pdf\" target=\"_blank\" rel=\"noopener\">Formato 1<\/a> ]\u00a0 \u00a0 \u00a0\u00a0[ <a style=\"font-family: var( --e-global-typography-text-font-family ), Sans-serif; font-weight: var( --e-global-typography-text-font-weight ); background-color: #ffffff; color: #000000;\" href=\"https:\/\/www.une.edu.pe\/uneweb\/wp-content\/uploads\/2023\/01\/DJ_Docentes_2023_Estudios.pdf\" target=\"_blank\" rel=\"noopener\">Formato <\/a>2<span style=\"font-family: var( --e-global-typography-text-font-family ), Sans-serif; font-weight: var( --e-global-typography-text-font-weight );\">\u00a0]<\/span><\/span><\/li><li><span style=\"color: #000000;\">Administrativo Nombrado:\u00a0 \u00a0 \u00a0 \u00a0 \u00a0 \u00a0 \u00a0 \u00a0 \u00a0 \u00a0 \u00a0 \u00a0\u00a0[ <a href=\"https:\/\/www.une.edu.pe\/uneweb\/wp-content\/uploads\/2023\/01\/DJ_nombrados_2023.pdf\" target=\"_blank\" rel=\"noopener\">Formato 1<\/a> ]\u00a0 \u00a0 \u00a0 [ <a style=\"font-family: var( --e-global-typography-text-font-family ), Sans-serif; font-weight: var( --e-global-typography-text-font-weight ); background-color: #ffffff; color: #000000;\" href=\"https:\/\/www.une.edu.pe\/uneweb\/wp-content\/uploads\/2023\/01\/DJ_ADM-ESTUDIOS.pdf\" target=\"_blank\" rel=\"noopener\">Formato 2<\/a><span style=\"font-family: var( --e-global-typography-text-font-family ), Sans-serif; font-weight: var( --e-global-typography-text-font-weight );\"> ]<\/span><\/span><\/li><li><span style=\"color: #000000;\">Administrativo contratado a plazo fijo:\u00a0\u00a0\u00a0[ <a style=\"color: #000000;\" href=\"https:\/\/www.une.edu.pe\/uneweb\/wp-content\/uploads\/2023\/01\/DJ_contratados_2023.pdf\" target=\"_blank\" rel=\"noopener\">Formato 1<\/a> ]<\/span><\/li><li><span style=\"color: #000000;\">Personal CAS:\u00a0 \u00a0 \u00a0 \u00a0 \u00a0 \u00a0 \u00a0 \u00a0 \u00a0 \u00a0 \u00a0 \u00a0 \u00a0 \u00a0 \u00a0 \u00a0 \u00a0 \u00a0 \u00a0 \u00a0 \u00a0 \u00a0 \u00a0\u00a0[ <a style=\"color: #000000;\" href=\"https:\/\/www.une.edu.pe\/uneweb\/wp-content\/uploads\/2023\/01\/DJ_CAS_2023.pdf\" target=\"_blank\" rel=\"noopener\">Formato 1<\/a> ]<\/span><\/li><li><span style=\"color: #000000;\">Personal pensionista D.L. 20530:\u00a0 \u00a0 \u00a0 \u00a0 \u00a0 \u00a0\u00a0\u00a0[ <a style=\"color: #000000;\" href=\"https:\/\/www.une.edu.pe\/uneweb\/wp-content\/uploads\/2023\/01\/DJ_cesantes_2023.pdf\" target=\"_blank\" rel=\"noopener\">Formato 1<\/a> ]<\/span><\/li><\/ul><p style=\"padding-left: 40px;\"><span style=\"color: #000000;\">En caso de tener derechohabientes (c\u00f3nyuge, hijos menores de 18 a\u00f1os, hijos mayores con incapacidad\u00a0permanente declarada), que no hayan sido declarados, deben presentar la D.J. en el siguiente enlace:<\/span><\/p><ul><li><span style=\"color: #000000;\">Derechohabientes:\u00a0 \u00a0 \u00a0 \u00a0 \u00a0 \u00a0 \u00a0 \u00a0 \u00a0 \u00a0 \u00a0 \u00a0 \u00a0 \u00a0 \u00a0 \u00a0 \u00a0 \u00a0 \u00a0 [ <a style=\"color: #000000;\" href=\"https:\/\/www.une.edu.pe\/uneweb\/wp-content\/uploads\/2023\/01\/derecho_habientes_2023.pdf\" target=\"_blank\" rel=\"noopener\">Formato 1<\/a>]<\/span><br \/><span style=\"color: #000000;\"><br \/><\/span><\/li><\/ul><p><span style=\"color: #000000;\">Los formatos se deben <strong>imprimir, llenar los datos, firmar, escanear y remitirlos al correo\u00a0<\/strong><strong><a style=\"color: #000000;\" href=\"mailto:compensaciones@une.edu.pe\"><span style=\"color: #993300;\">compensaciones@une.edu.pe<\/span><\/a><\/strong>. El plazo m\u00e1ximo de presentaci\u00f3n es el 31\/01\/2023.<\/span><\/p><p style=\"text-align: right;\"><span style=\"color: #000000;\"><br \/>Chosica, 13 de enero de 2023.<\/span><\/p><p style=\"text-align: center;\"><span style=\"color: #000000;\">Unidad de Compensaciones y Pensiones<\/span><br \/><span style=\"color: #000000;\">Jefatura<\/span><\/p>\t\t\t\t\t\t\t\t<\/div>\n\t\t\t\t<\/div>\n\t\t\t\t\t<\/div>\n\t\t<\/div>\n\t\t\t\t\t<\/div>\n\t\t<\/section>\n\t\t\t\t<\/div>\n\t\t ","protected":false},"excerpt":{"rendered":"<p>COMUNICADO Se comunica a todo el personal docente y administrativo, nombrado, contratado a plazo fijo y CAS, as\u00ed como a los pensionistas del D.L. 20530, que deben presentar la Declaraci\u00f3n Jurada del a\u00f1o 2023, para percepci\u00f3n&nbsp;de haberes, aguinaldos y escolaridad y otros beneficios en el presente a\u00f1o. Para el efecto, dependiendo de la condici\u00f3n laboral, [&hellip;]<\/p>\n","protected":false},"author":1,"featured_media":0,"parent":0,"menu_order":0,"comment_status":"closed","ping_status":"closed","template":"","meta":{"footnotes":""},"class_list":["post-13080","page","type-page","status-publish","hentry"],"_links":{"self":[{"href":"https:\/\/www.une.edu.pe\/uneweb\/wp-json\/wp\/v2\/pages\/13080","targetHints":{"allow":["GET"]}}],"collection":[{"href":"https:\/\/www.une.edu.pe\/uneweb\/wp-json\/wp\/v2\/pages"}],"about":[{"href":"https:\/\/www.une.edu.pe\/uneweb\/wp-json\/wp\/v2\/types\/page"}],"author":[{"embeddable":true,"href":"https:\/\/www.une.edu.pe\/uneweb\/wp-json\/wp\/v2\/users\/1"}],"replies":[{"embeddable":true,"href":"https:\/\/www.une.edu.pe\/uneweb\/wp-json\/wp\/v2\/comments?post=13080"}],"version-history":[{"count":47,"href":"https:\/\/www.une.edu.pe\/uneweb\/wp-json\/wp\/v2\/pages\/13080\/revisions"}],"predecessor-version":[{"id":13135,"href":"https:\/\/www.une.edu.pe\/uneweb\/wp-json\/wp\/v2\/pages\/13080\/revisions\/13135"}],"wp:attachment":[{"href":"https:\/\/www.une.edu.pe\/uneweb\/wp-json\/wp\/v2\/media?parent=13080"}],"curies":[{"name":"wp","href":"https:\/\/api.w.org\/{rel}","templated":true}]}}