{"id":12968,"date":"2023-01-04T09:42:47","date_gmt":"2023-01-04T14:42:47","guid":{"rendered":"https:\/\/www.une.edu.pe\/uneweb\/?page_id=12968"},"modified":"2026-03-11T12:42:49","modified_gmt":"2026-03-11T17:42:49","slug":"rendicion-de-cuentas-de-titulares-y-transferencia-de-gestion","status":"publish","type":"page","link":"https:\/\/www.une.edu.pe\/uneweb\/rendicion-de-cuentas-de-titulares-y-transferencia-de-gestion\/","title":{"rendered":"Rendici\u00f3n de cuentas de Titulares y Transferencia de Gesti\u00f3n"},"content":{"rendered":"\t\t<div data-elementor-type=\"wp-page\" data-elementor-id=\"12968\" class=\"elementor elementor-12968\">\n\t\t\t\t\t\t<section class=\"elementor-section elementor-top-section elementor-element elementor-element-ae2525b elementor-section-boxed elementor-section-height-default elementor-section-height-default\" data-id=\"ae2525b\" data-element_type=\"section\" data-e-type=\"section\">\n\t\t\t\t\t\t<div class=\"elementor-container elementor-column-gap-default\">\n\t\t\t\t\t<div class=\"elementor-column elementor-col-100 elementor-top-column elementor-element elementor-element-07b8a04\" data-id=\"07b8a04\" data-element_type=\"column\" data-e-type=\"column\">\n\t\t\t<div class=\"elementor-widget-wrap elementor-element-populated\">\n\t\t\t\t\t\t<div class=\"elementor-element elementor-element-1793730 elementor-widget elementor-widget-text-editor\" data-id=\"1793730\" data-element_type=\"widget\" data-e-type=\"widget\" data-widget_type=\"text-editor.default\">\n\t\t\t\t<div class=\"elementor-widget-container\">\n\t\t\t\t\t\t\t\t\t<h2><strong><span style=\"color: #993300;\">2026<\/span><\/strong><\/h2><h3><a href=\"https:\/\/www.une.edu.pe\/uneweb\/wp-content\/uploads\/2026\/03\/1.-Constancia_TRANSFERENCIA-DE-GESTION_UNIVERSIDAD-NACIONAL-DE-EDUCACION-ENRIQUE-GUZMAN-Y-VALLE-LA-CANTUTA-2-1.pdf\" target=\"_blank\" rel=\"noopener\">1. INFORME DE TRANSFERENCIA DE GESTI\u00d3N DEL PLIEGO (14\/10\/2025 AL 24\/02\/2026)<\/a><\/h3><h3>\u00a0 \u00a0 <a href=\"https:\/\/www.une.edu.pe\/uneweb\/wp-content\/uploads\/2026\/03\/1.1-TRANSFERENCIA-DE-GESTION_UNIVERSIDAD-NACIONAL-DE-EDUCACION-ENRIQUE-GUZMAN-Y-VALLE-LA-CANTUTAF-1.pdf\" target=\"_blank\" rel=\"noopener\">1.1. CONSTANCIA DE PRESENTACI\u00d3N<\/a><\/h3><h3><a href=\"https:\/\/www.une.edu.pe\/uneweb\/wp-content\/uploads\/2026\/03\/2.-Constancia_RENDICION-DE-CUENTAS-DE-TITULARES_UNIVERSIDAD-NACIONAL-DE-EDUCACION-ENRIQUE-GUZMAN-Y-VALLE-LA-CANTUTA-5-2.pdf\" target=\"_blank\" rel=\"noopener\">2. INFORME DE RENDICI\u00d3N DE CUENTAS DE TITULARES (01\/01\/2026 AL 24\/02\/2026)<\/a><\/h3><h3>\u00a0 \u00a0 \u00a0<a href=\"https:\/\/www.une.edu.pe\/uneweb\/wp-content\/uploads\/2026\/03\/2.2-RENDICION-DE-CUENTAS-DE-TITULARES_UNIVERSIDAD-NACIONAL-DE-EDUCACION-ENRIQUE-GUZMAN-Y-VALLE-LA-CANTUTA-14-1.pdf\" target=\"_blank\" rel=\"noopener\">2.1. CONSTANCIA DE PRESENTACI\u00d3N<\/a><\/h3><h3><a href=\"https:\/\/www.une.edu.pe\/uneweb\/wp-content\/uploads\/2026\/03\/1.-Constancia_TRANSFERENCIA-DE-GESTION_UNIVERSIDAD-NACIONAL-DE-EDUCACION-ENRIQUE-GUZMAN-Y-VALLE-LA-CANTUTA-1-1.pdf\" target=\"_blank\" rel=\"noopener\">1. INFORME DE TRANSFERENCIA DE GESTI\u00d3N DEL PLIEGO (31\/05\/2021 AL 23\/02\/2026)\u00a0<\/a> \u00a0 \u00a0 \u00a0 \u00a0 \u00a0 \u00a0 \u00a0 \u00a0 \u00a0 \u00a0 \u00a0 \u00a0 \u00a0 \u00a0 \u00a0 \u00a0 \u00a0<\/h3><h3>\u00a0 \u00a0 \u00a0<a href=\"https:\/\/www.une.edu.pe\/uneweb\/wp-content\/uploads\/2026\/03\/1.1-TRANSFERENCIA-DE-GESTION_UNIVERSIDAD-NACIONAL-DE-EDUCACION-ENRIQUE-GUZMAN-Y-VALLE-LA-CANTUTA-F-1.pdf\" target=\"_blank\" rel=\"noopener\">1.1 CONSTANCIA DE PRESENTACI\u00d3N<\/a><\/h3><h3><a href=\"https:\/\/www.une.edu.pe\/uneweb\/wp-content\/uploads\/2026\/03\/2.-Constancia_RENDICION-DE-CUENTAS-DE-TITULARES_UNIVERSIDAD-NACIONAL-DE-EDUCACION-ENRIQUE-GUZMAN-Y-VALLE-LA-CANTUTA-4-1.pdf\" target=\"_blank\" rel=\"noopener\">2. INFORME DE RENDICI\u00d3N DE CUENTAS DE TITULARES (01\/01\/2026 AL 23\/02\/2026)<\/a>\u00a0 \u00a0 \u00a0 \u00a0 \u00a0 \u00a0 \u00a0 \u00a0 \u00a0 \u00a0 \u00a0 \u00a0 \u00a0 \u00a0 \u00a0 \u00a0<\/h3><h3>\u00a0 \u00a0 \u00a0<a href=\"https:\/\/www.une.edu.pe\/uneweb\/wp-content\/uploads\/2026\/03\/2.1-RENDICION-DE-CUENTAS-DE-TITULARES_UNIVERSIDAD-NACIONAL-DE-EDUCACION-ENRIQUE-GUZMAN-Y-VALLE-LA-CANTUTAF-1.pdf\" target=\"_blank\" rel=\"noopener\">2.1 CONSTANCIA DE PRESENTACI\u00d3N<\/a><\/h3><h2><strong><span style=\"color: #993300;\">2025<\/span><\/strong><\/h2><ul><li><h3><a href=\"https:\/\/www.une.edu.pe\/uneweb\/wp-content\/uploads\/2026\/03\/RENDICION-DE-CUENTAS-DE-TITULARES_UNIVERSIDAD-NACIONAL-DE-EDUCACION-ENRIQUE-GUZMAN-Y-VALLE-LA-CANTUTA-.pdf\" target=\"_blank\" rel=\"noopener\">INFORME DE RENDICI\u00d3N DE CUENTAS DE TITULARES POR PERIODO ANUAL (01\/01\/2025 AL 31\/12\/2025)<\/a><\/h3><\/li><li><h3><a href=\"https:\/\/www.une.edu.pe\/uneweb\/wp-content\/uploads\/2026\/03\/Constancia_RENDICION-DE-CUENTAS-DE-TITULARES_UNIVERSIDAD-NACIONAL-DE-EDUCACION-ENRIQUE-GUZMAN-Y-VALLE-LA-CANTUTA-.pdf\" target=\"_blank\" rel=\"noopener\">CONSTANCIA DE PRESENTACI\u00d3N<\/a><\/h3><\/li><li><h3><a href=\"https:\/\/www.une.edu.pe\/uneweb\/wp-content\/uploads\/2025\/11\/RENDICION-DE-CUENTAS-DE-TITULARES-UNE-EGyV-PERIODO-01-ENERO-A-13-OCTUBRE-2025.pdf\" target=\"_blank\" rel=\"noopener\">INFORME DE RENDICI\u00d3N DE CUENTAS DE TITULARES FINAL\u00a0 (01\/01\/2025 al 13\/10\/2025)<\/a><\/h3><\/li><li><h3><a href=\"https:\/\/www.une.edu.pe\/uneweb\/wp-content\/uploads\/2025\/11\/INFORME-DE-TRANSFERENCIA-DE-GESTION-PERIODO-02-ABRIL-2024-AL-13-OCTUBRE-2025-UNE-EGyV-1.pdf\" target=\"_blank\" rel=\"noopener\">INFORME DE TRANSFERENCIA DE GESTI\u00d3N FINAL (02\/04\/2024 al 13\/10\/2025)<\/a><\/h3><\/li><li><h3><a href=\"https:\/\/www.une.edu.pe\/uneweb\/wp-content\/uploads\/2025\/11\/CONSTANCIA-RENDICION-DE-CUENTAS-DE-TITULARES-UNE-EGyV-01-ENERO-A-13-OCTUBRE-2025.pdf\" target=\"_blank\" rel=\"noopener\">CONSTANCIA DE PRESENTACI\u00d3N DEL INFORME DE RENDICI\u00d3N DE CUENTAS DE TITULARES FINAL (el 01\/01\/2025 y el 13\/10\/2025)<\/a><\/h3><\/li><li><h3><a href=\"https:\/\/www.une.edu.pe\/uneweb\/wp-content\/uploads\/2025\/11\/CONSTANCIA-TRANSFERENCIA-DE-GESTION-ABRIL-2024-A-13-OCTUBRE-2025-1.pdf\" target=\"_blank\" rel=\"noopener\">CONSTANCIA DE PRESENTACI\u00d3N DEL INFORME DE TRANSFERENCIA DE GESTI\u00d3N FINAL (02\/04\/2024 y el 13\/10\/2025)<\/a><\/h3><\/li><\/ul><h2><strong><span style=\"color: #993300;\">2024<\/span><\/strong><\/h2><ul><li><h3><a href=\"https:\/\/www.une.edu.pe\/uneweb\/wp-content\/uploads\/2026\/02\/RENDICION-DE-CUENTAS-DE-TITULARES_UNIVERSIDAD-NACIONAL-DE-EDUCACION-ENRIQUE-GUZMAN-Y-VALLE-LA-CANTUTA-8-1.pdf\">INFORME DE RENDICI\u00d3N DE CUENTAS DE TITULARES FINAL. (01\/01\/2024 AL 31\/12\/2024) &#8211; ACTUALIZADO<\/a><\/h3><\/li><li><h3><a href=\"https:\/\/www.une.edu.pe\/uneweb\/wp-content\/uploads\/2026\/02\/Constancia_RENDICION-DE-CUENTAS-DE-TITULARES_UNIVERSIDAD-NACIONAL-DE-EDUCACION-ENRIQUE-GUZMAN-Y-VALLE-LA-CANTUTA-2-1.pdf\">CONSTANCIA DE PRESENTACI\u00d3N<\/a><\/h3><\/li><li><h3><a href=\"https:\/\/www.une.edu.pe\/uneweb\/wp-content\/uploads\/2025\/04\/INFORME-DE-RENDICION-DE-CUENTAS_UNIVERSIDAD-NACIONAL-DE-EDUCACION-ENRIQUE-GUZMAN-Y-VALLE-LA-CANTUTA-2024.pdf\" target=\"_blank\" rel=\"noopener\">INFORME DE RENDICI\u00d3N DE CUENTAS_UNIVERSIDAD NACIONAL DE EDUCACI\u00d3N ENRIQUE GUZM\u00c1N Y VALLE &#8211; 2024<\/a><\/h3><\/li><li><h3><a href=\"https:\/\/www.une.edu.pe\/uneweb\/wp-content\/uploads\/2025\/04\/CONSTANCIA-DE-RENDICION-DE-CUENTAS_UNIVERSIDAD-NACIONAL-DE-EDUCACION-ENRIQUE-GUZMAN-Y-VALLE-LA-CANTUTA-2024.pdf\" target=\"_blank\" rel=\"noopener\">CONSTANCIA DE RENDICI\u00d3N DE CUENTAS &#8211; 2024<\/a><\/h3><\/li><\/ul><h2><strong><span style=\"color: #993300;\">2023<\/span><\/strong><\/h2><ul><li><h3><a href=\"https:\/\/www.une.edu.pe\/uneweb\/wp-content\/uploads\/2023\/09\/DOCUMENTO_02242023914023919721_INFORME_TRANSFERENCIA_PLIEGO_1694701840147.29.pdf\" target=\"_blank\" rel=\"noopener\">INFORME DE TRANSFERENCIA DE GESTI\u00d3N DE UN PLIEGO &#8211; ANEXO N\u00ba 3 &#8211; SETIEMBRE 2023<\/a><\/h3><\/li><li><h3><a href=\"https:\/\/www.une.edu.pe\/uneweb\/wp-content\/uploads\/2023\/09\/CONSTANCIA_1694704502714.4.pdf\" target=\"_blank\" rel=\"noopener\">CONSTANCIA DE PRESENTACI\u00d3N DEL INFORME TRANSFERENCIA DE GESTI\u00d3N &#8211; SETIEMBRE 2023<\/a><\/h3><\/li><li><h3><a href=\"https:\/\/www.une.edu.pe\/uneweb\/wp-content\/uploads\/2023\/09\/DOCUMENTO_02242023914023727011_INFORME_RENDICION_CUENTA_1694701829710.87-1.pdf\" target=\"_blank\" rel=\"noopener\">RENDICI\u00d3N DE CUENTAS DE TITULARES POR PERIODO NO DEFINIDO O INTERRUPCI\u00d3N DE PERIODO DEFINIDO &#8211; ANEXO N\u00ba 6 SETIEMBRE 2023<\/a><\/h3><\/li><li><h3><a href=\"https:\/\/www.une.edu.pe\/uneweb\/wp-content\/uploads\/2023\/09\/CONSTANCIA_1694704498252.79.pdf\" target=\"_blank\" rel=\"noopener\">CONSTANCIA DE PRESENTACI\u00d3N DE INFORME DE RENDICION DE CUENTAS DE TITULARES &#8211; SETIEMBRE 2023<\/a><\/h3><\/li><li><h3><a href=\"https:\/\/www.une.edu.pe\/uneweb\/wp-content\/uploads\/2023\/05\/DOCUMENTO_2023570631597026_F.pdf\" target=\"_blank\" rel=\"noopener\">INFORME &#8211; TRANSFERENCIA DE GESTI\u00d3N DE UN PLIEGO &#8211; MAYO 2023<\/a><\/h3><\/li><li><h3><a href=\"https:\/\/www.une.edu.pe\/uneweb\/wp-content\/uploads\/2023\/05\/DOCUMENTO_2023570632069775_F.pdf\" target=\"_blank\" rel=\"noopener\">INFORME &#8211; RENDICI\u00d3N DE CUENTAS DE TITULARES POR PERIODO NO DEFINIDO O INTERRUPCI\u00d3N DE PERIODO DEFINIDO &#8211; MAYO 2023<\/a><\/h3><\/li><li><h3><a href=\"https:\/\/www.une.edu.pe\/transparencia\/Informe-rendicion-cuentas-marzo2023.pdf\" target=\"_blank\" rel=\"noopener\">INFORME &#8211; RENDICI\u00d3N DE CUENTAS DE TITULARES POR PERIODO ANUAL &#8211; MARZO 2023<\/a><\/h3><\/li><li><h3><a href=\"https:\/\/www.une.edu.pe\/uneweb\/wp-content\/uploads\/2023\/01\/Rendici\u00f3n-de-cuentas.pdf\" target=\"_blank\" rel=\"noopener\">INFORME &#8211; RENDICI\u00d3N DE CUENTAS DE TITULARES POR CESE EN EL CARGO &#8211; ENERO 2023<\/a><\/h3><\/li><li><h3><a href=\"https:\/\/www.une.edu.pe\/uneweb\/wp-content\/uploads\/2023\/01\/Transferencia-de-Gesti\u00f3n.pdf\" target=\"_blank\" rel=\"noopener\">INFORME &#8211; TRANSFERENCIA DE GESTI\u00d3N DE UN PLIEGO &#8211; ENERO 2023<\/a><\/h3><\/li><\/ul><h2><strong><span style=\"color: #993300;\">2022<\/span><\/strong><\/h2><ul><li><h3><a href=\"http:\/\/www.une.edu.pe\/transparencia\/rendicion-cuentas-rectora-marzo2022.pdf\" target=\"_blank\" rel=\"noopener\">INFORME DE RENDICI\u00d3N DE CUENTAS DE TITULARES POR PERIODO ANUAL- MARZO 2022<\/a><\/h3><\/li><\/ul><h2><strong><span style=\"color: #993300;\">2021<\/span><\/strong><\/h2><ul><li><h3><a href=\"https:\/\/www.une.edu.pe\/transparencia\/INFORME_RENDICION_CUENTA_POR_TERMINO_GESTION_02_09_2021.pdf\" target=\"_blank\" rel=\"noopener\">INFORME DE RENDICI\u00d3N DE CUENTAS DE TITULARES POR T\u00c9RMINO DE GESTI\u00d3N &#8211; JULIO 2021<\/a><\/h3><\/li><li><h3><a href=\"https:\/\/www.une.edu.pe\/transparencia\/INFORME_TRANSFERENCIA_DEL_PLIEGO_UNE_EGyV_02_09_2021.pdf\" target=\"_blank\" rel=\"noopener\">INFORME DE TRANSFERENCIA DE GESTI\u00d3N DEL TITULAR DEL PLIEGO 2021<\/a><\/h3><\/li><\/ul>\t\t\t\t\t\t\t\t<\/div>\n\t\t\t\t<\/div>\n\t\t\t\t\t<\/div>\n\t\t<\/div>\n\t\t\t\t\t<\/div>\n\t\t<\/section>\n\t\t\t\t<\/div>\n\t\t ","protected":false},"excerpt":{"rendered":"<p>2026 1. INFORME DE TRANSFERENCIA DE GESTI\u00d3N DEL PLIEGO (14\/10\/2025 AL 24\/02\/2026) \u00a0 \u00a0 1.1. CONSTANCIA DE PRESENTACI\u00d3N 2. INFORME DE RENDICI\u00d3N DE CUENTAS DE TITULARES (01\/01\/2026 AL 24\/02\/2026) \u00a0 \u00a0 \u00a02.1. CONSTANCIA DE PRESENTACI\u00d3N 1. INFORME DE TRANSFERENCIA DE GESTI\u00d3N DEL PLIEGO (31\/05\/2021 AL 23\/02\/2026)\u00a0 \u00a0 \u00a0 \u00a0 \u00a0 \u00a0 \u00a0 \u00a0 \u00a0 \u00a0 [&hellip;]<\/p>\n","protected":false},"author":1,"featured_media":0,"parent":0,"menu_order":0,"comment_status":"closed","ping_status":"closed","template":"","meta":{"footnotes":""},"class_list":["post-12968","page","type-page","status-publish","hentry"],"_links":{"self":[{"href":"https:\/\/www.une.edu.pe\/uneweb\/wp-json\/wp\/v2\/pages\/12968","targetHints":{"allow":["GET"]}}],"collection":[{"href":"https:\/\/www.une.edu.pe\/uneweb\/wp-json\/wp\/v2\/pages"}],"about":[{"href":"https:\/\/www.une.edu.pe\/uneweb\/wp-json\/wp\/v2\/types\/page"}],"author":[{"embeddable":true,"href":"https:\/\/www.une.edu.pe\/uneweb\/wp-json\/wp\/v2\/users\/1"}],"replies":[{"embeddable":true,"href":"https:\/\/www.une.edu.pe\/uneweb\/wp-json\/wp\/v2\/comments?post=12968"}],"version-history":[{"count":151,"href":"https:\/\/www.une.edu.pe\/uneweb\/wp-json\/wp\/v2\/pages\/12968\/revisions"}],"predecessor-version":[{"id":25712,"href":"https:\/\/www.une.edu.pe\/uneweb\/wp-json\/wp\/v2\/pages\/12968\/revisions\/25712"}],"wp:attachment":[{"href":"https:\/\/www.une.edu.pe\/uneweb\/wp-json\/wp\/v2\/media?parent=12968"}],"curies":[{"name":"wp","href":"https:\/\/api.w.org\/{rel}","templated":true}]}}