{"id":1241,"date":"2017-11-15T12:25:18","date_gmt":"2017-11-15T12:25:18","guid":{"rendered":"https:\/\/radiustheme.com\/demo\/wordpress\/eikra\/?page_id=1241"},"modified":"2024-10-22T11:40:55","modified_gmt":"2024-10-22T16:40:55","slug":"mision","status":"publish","type":"page","link":"https:\/\/www.une.edu.pe\/uneweb\/mision\/","title":{"rendered":"Misi\u00f3n"},"content":{"rendered":"<p>[vc_row css=&#8221;.vc_custom_1510748400939{padding-bottom: 65px !important;}&#8221;][vc_column width=&#8221;1\/2&#8243;][vc_column_text]<\/p>\n<h3 class=\"Estilo82\"><strong>Formar profesionales con sentido human\u00edstico, cient\u00edfico, intercultural, tecnol\u00f3gico, con responsabilidad social y principios \u00e9ticos, a los estudiantes universitarios, enfocada a la mejora continua en la competitividad e innovaci\u00f3n, orientada a contribuir al desarrollo sostenible de la educaci\u00f3n en la sociedad y en nuestro pa\u00eds.<\/strong><\/h3>\n<p class=\"Estilo82\">PEI 2021-2025<\/p>\n<p>[\/vc_column_text][\/vc_column][vc_column width=&#8221;1\/2&#8243;][vc_single_image image=&#8221;3464&#8243; img_size=&#8221;full&#8221;][\/vc_column][\/vc_row]<\/p>\n ","protected":false},"excerpt":{"rendered":"<p>[vc_row css=&#8221;.vc_custom_1510748400939{padding-bottom: 65px !important;}&#8221;][vc_column width=&#8221;1\/2&#8243;][vc_column_text] Formar profesionales con sentido human\u00edstico, cient\u00edfico, intercultural, tecnol\u00f3gico, con responsabilidad social y principios \u00e9ticos, a los estudiantes universitarios, enfocada a la mejora continua en la competitividad e innovaci\u00f3n, orientada a contribuir al desarrollo sostenible de la educaci\u00f3n en la sociedad y en nuestro pa\u00eds. PEI 2021-2025 [\/vc_column_text][\/vc_column][vc_column width=&#8221;1\/2&#8243;][vc_single_image image=&#8221;3464&#8243; img_size=&#8221;full&#8221;][\/vc_column][\/vc_row]<\/p>\n","protected":false},"author":1,"featured_media":0,"parent":0,"menu_order":0,"comment_status":"closed","ping_status":"closed","template":"","meta":{"footnotes":""},"class_list":["post-1241","page","type-page","status-publish","hentry"],"_links":{"self":[{"href":"https:\/\/www.une.edu.pe\/uneweb\/wp-json\/wp\/v2\/pages\/1241","targetHints":{"allow":["GET"]}}],"collection":[{"href":"https:\/\/www.une.edu.pe\/uneweb\/wp-json\/wp\/v2\/pages"}],"about":[{"href":"https:\/\/www.une.edu.pe\/uneweb\/wp-json\/wp\/v2\/types\/page"}],"author":[{"embeddable":true,"href":"https:\/\/www.une.edu.pe\/uneweb\/wp-json\/wp\/v2\/users\/1"}],"replies":[{"embeddable":true,"href":"https:\/\/www.une.edu.pe\/uneweb\/wp-json\/wp\/v2\/comments?post=1241"}],"version-history":[{"count":15,"href":"https:\/\/www.une.edu.pe\/uneweb\/wp-json\/wp\/v2\/pages\/1241\/revisions"}],"predecessor-version":[{"id":19529,"href":"https:\/\/www.une.edu.pe\/uneweb\/wp-json\/wp\/v2\/pages\/1241\/revisions\/19529"}],"wp:attachment":[{"href":"https:\/\/www.une.edu.pe\/uneweb\/wp-json\/wp\/v2\/media?parent=1241"}],"curies":[{"name":"wp","href":"https:\/\/api.w.org\/{rel}","templated":true}]}}