{"id":1225,"date":"2017-11-15T11:15:19","date_gmt":"2017-11-15T11:15:19","guid":{"rendered":"https:\/\/radiustheme.com\/demo\/wordpress\/eikra\/?page_id=1225"},"modified":"2026-03-25T14:48:17","modified_gmt":"2026-03-25T19:48:17","slug":"presentacion","status":"publish","type":"page","link":"https:\/\/www.une.edu.pe\/uneweb\/presentacion\/","title":{"rendered":"Presentaci\u00f3n"},"content":{"rendered":"<p>[vc_row css=&#8221;.vc_custom_1510748400939{padding-bottom: 65px !important;}&#8221;][vc_column width=&#8221;1\/2&#8243;][vc_column_text]<\/p>\n<table border=\"0\" width=\"100%\" cellspacing=\"0\" cellpadding=\"0\">\n<tbody>\n<tr>\n<td bgcolor=\"#f2efe3\">A la comunidad universitaria<\/td>\n<\/tr>\n<\/tbody>\n<\/table>\n<p style=\"text-align: justify;\">Con ocasi\u00f3n de presentar el portal web oficial de nuestra universidad, vaya para todos y cada uno de los integrantes de la vasta comunidad cantute\u00f1a nuestra m\u00e1s fervorosa y entra\u00f1able bienvenida.<\/p>\n<p style=\"text-align: justify;\">Esta plataforma virtual constituye el canal esencial mediante la cual los cantute\u00f1os y el p\u00fablico en general podr\u00e1n acceder de manera amigable, transparente y eficiente, a toda la informaci\u00f3n acad\u00e9mica, de investigaci\u00f3n, proyecci\u00f3n social, servicios administrativos, as\u00ed como a una amplia gama de noticias, enlaces, m\u00f3dulos, canales de tr\u00e1mites, denuncias, entre otras.<\/p>\n<p style=\"text-align: justify;\">En el contexto sociocultural tan din\u00e1mico y complejo en el que la Universidad Nacional de Educaci\u00f3n Enrique Guzm\u00e1n y Valle se desarrolla multifac\u00e9ticamente, esta plataforma expresa nuestra identidad hist\u00f3rica y nuestro compromiso estrat\u00e9gico con la calidad integral, la excelencia acad\u00e9mica, la mejora continua y la innovaci\u00f3n.<\/p>\n<p style=\"text-align: justify;\">Que las luminosas e infinitas avenidas del ciberespacio web mejoren significativamente a partir de ahora la calidad de nuestros servicios.<\/p>\n<p style=\"text-align: justify;\">Un fuerte abrazo para todos.<\/p>\n<p style=\"text-align: center;\">Vladimiro Del Castillo Narro<br \/>\n<strong>Rector<\/strong>[\/vc_column_text][\/vc_column][vc_column width=&#8221;1\/2&#8243;][vc_single_image image=&#8221;25772&#8243; img_size=&#8221;400&#215;580&#8243; add_caption=&#8221;yes&#8221; alignment=&#8221;center&#8221;][\/vc_column][\/vc_row]<\/p>\n ","protected":false},"excerpt":{"rendered":"<p>[vc_row css=&#8221;.vc_custom_1510748400939{padding-bottom: 65px !important;}&#8221;][vc_column width=&#8221;1\/2&#8243;][vc_column_text] A la comunidad universitaria Con ocasi\u00f3n de presentar el portal web oficial de nuestra universidad, vaya para todos y cada uno de los integrantes de la vasta comunidad cantute\u00f1a nuestra m\u00e1s fervorosa y entra\u00f1able bienvenida. Esta plataforma virtual constituye el canal esencial mediante la cual los cantute\u00f1os y el p\u00fablico [&hellip;]<\/p>\n","protected":false},"author":1,"featured_media":0,"parent":0,"menu_order":0,"comment_status":"closed","ping_status":"closed","template":"","meta":{"footnotes":""},"class_list":["post-1225","page","type-page","status-publish","hentry"],"_links":{"self":[{"href":"https:\/\/www.une.edu.pe\/uneweb\/wp-json\/wp\/v2\/pages\/1225","targetHints":{"allow":["GET"]}}],"collection":[{"href":"https:\/\/www.une.edu.pe\/uneweb\/wp-json\/wp\/v2\/pages"}],"about":[{"href":"https:\/\/www.une.edu.pe\/uneweb\/wp-json\/wp\/v2\/types\/page"}],"author":[{"embeddable":true,"href":"https:\/\/www.une.edu.pe\/uneweb\/wp-json\/wp\/v2\/users\/1"}],"replies":[{"embeddable":true,"href":"https:\/\/www.une.edu.pe\/uneweb\/wp-json\/wp\/v2\/comments?post=1225"}],"version-history":[{"count":21,"href":"https:\/\/www.une.edu.pe\/uneweb\/wp-json\/wp\/v2\/pages\/1225\/revisions"}],"predecessor-version":[{"id":25777,"href":"https:\/\/www.une.edu.pe\/uneweb\/wp-json\/wp\/v2\/pages\/1225\/revisions\/25777"}],"wp:attachment":[{"href":"https:\/\/www.une.edu.pe\/uneweb\/wp-json\/wp\/v2\/media?parent=1225"}],"curies":[{"name":"wp","href":"https:\/\/api.w.org\/{rel}","templated":true}]}}