{"id":10805,"date":"2022-04-08T11:43:40","date_gmt":"2022-04-08T16:43:40","guid":{"rendered":"https:\/\/www.une.edu.pe\/uneweb\/?page_id=10805"},"modified":"2024-06-05T10:39:22","modified_gmt":"2024-06-05T15:39:22","slug":"expedientes-tecnicos","status":"publish","type":"page","link":"https:\/\/www.une.edu.pe\/uneweb\/expedientes-tecnicos\/","title":{"rendered":"Expedientes t\u00e9cnicos"},"content":{"rendered":"<p>[vc_row][vc_column][vc_column_text]<\/p>\r\n<h3>EJECUCI\u00d3N DE LA OBRA: MEJORAMIENTO Y AMPLIACI\u00d3N DE LOS SERVICIOS DEPORTIVOS Y DE RECREACI\u00d3N QUE BRINDA LA UNE ENRIQUE GUZM\u00c1N Y VALLE EN LA LOCALIDAD DE CHOSICA DEL DISTRITO DE LURIGANCHO &#8211; PROVINCIA DE LIMA &#8211; DEPARTAMENTO DE LIMA: CON C\u00d3DIGO \u00daNICO 2465421<\/h3>\r\n<p><a href=\"https:\/\/drive.google.com\/drive\/folders\/1bDyGxP49G_sW697sVMlqctsiMRpKadqi?usp=sharing\" target=\"_blank\" rel=\"noopener\"><img decoding=\"async\" class=\"alignnone size-full wp-image-15096\" src=\"https:\/\/www.une.edu.pe\/uneweb\/wp-content\/uploads\/2023\/10\/ver-expediente.jpg\" alt=\"\" width=\"193\" height=\"55\" \/><\/a><\/p>\r\n<p>[\/vc_column_text][vc_separator color=&#8221;blue&#8221; style=&#8221;shadow&#8221; border_width=&#8221;5&#8243;][vc_column_text]<\/p>\r\n<h3>EXPEDIENTE DE CONTRATACI\u00d3N N\u00b0 054 -2023-UP-OA-UNE DEL PROCEDIMIENTO DE SELECCI\u00d3N <strong>ADJUDICACI\u00d3N SIMPLIFICADA N\u00b0 046-2023-UNE-I<\/strong> PARA LA EJECUCI\u00d3N DE OBRA DE LA IOARR: REPARACI\u00d3N DE AULA GENERAL, LABORATORIO Y AMBIENTE ADMINSITRATIVO; EN EL (LA) ESCUELA PROFESIONAL DE EDUCACI\u00d3N PRIMARIA, ESCUELA PROFESIONAL DE EDUCACI\u00d3N B\u00c1SICA ALTERNATIVA EN LA LOCALIDAD DE CHOSICA, DISTRITO DE LURIGANCHO, PROVINCIA LIMA, DEPARTAMENTO DE LIMA CUI N\u00b02606925\u201d<\/h3>\r\n<p><a href=\"https:\/\/drive.google.com\/drive\/folders\/1wGAJqYK_RBkvOp8_FaP2inDxh3sq-vNK?usp=sharing\" target=\"_blank\" rel=\"noopener noreferrer\"><img decoding=\"async\" class=\"alignnone size-full wp-image-15096\" src=\"https:\/\/www.une.edu.pe\/uneweb\/wp-content\/uploads\/2023\/10\/ver-expediente.jpg\" alt=\"\" width=\"193\" height=\"55\" \/><\/a><\/p>\r\n<p>[\/vc_column_text][vc_column_text]<\/p>\r\n<h3>EXPEDIENTE DE CONTRATACI\u00d3N N\u00b0 053 -2023-UP-OA-UNE DEL PROCEDIMIENTO DE SELECCI\u00d3N <strong>ADJUDICACI\u00d3N SIMPLIFICADA N\u00b0 044-2023-UNE-I <\/strong>PARA LA \u201cEJECUCI\u00d3N DE OBRA: REPARACI\u00d3N DE AMBIENTE ADMINISTRATIVO DE ESCUELAS PROFESIONALES; EN EL (LA) ESCUELA PROFESIONAL DE HUMANIDADES Y LENGUAS NATIVAS; ESCUELA PROFESIONAL DE LENGUAS EXTRANJERAS EN LA LOCALIDAD DE CHOSICA, DISTRITO DE LURIGANCHO, PROVINCIA LIMA, DEPARTAMENTO DE LIMA CUI 2608628\u201d<\/h3>\r\n<p><a href=\"https:\/\/drive.google.com\/drive\/folders\/1N0BrWyw9ubRKb9EIVRIriOq6_EsiWnhX?usp=sharing\" target=\"_blank\" rel=\"noopener noreferrer\"><img decoding=\"async\" class=\"alignnone size-full wp-image-15096\" src=\"https:\/\/www.une.edu.pe\/uneweb\/wp-content\/uploads\/2023\/10\/ver-expediente.jpg\" alt=\"\" width=\"193\" height=\"55\" \/><\/a><\/p>\r\n<p>[\/vc_column_text][vc_column_text]<\/p>\r\n<h3>EXPEDIENTE DE CONTRATACI\u00d3N N\u00b0 052 -2023-UP-OA-UNE DEL PROCEDIMIENTO DE SELECCI\u00d3N <strong>ADJUDICACI\u00d3N SIMPLIFICADA N\u00b0 043-2023-UNE-I<\/strong> PARA LA \u201cEJECUCI\u00d3N DE LA OBRA: REPARACI\u00d3N DE TALLER, LABORATORIO, AULA GENERAL Y AMBIENTE ADMINISTRATIVO; EN EL (LA) ESCUELA PROFESIONAL DE ELECTROMEC\u00c1NICA; ESCUELA PROFESIONAL DE DISE\u00d1O Y CONSTRUCCI\u00d3N DE LA UNIVERSIDAD NACIONAL DE EDUCACI\u00d3N ENRIQUE GUZM\u00c1N Y VALLE EN LA LOCALIDAD CHOSICA, DISTRITO DE LURIGANCHO, PROVINCIA DE LIMA, DEPARTAMENTO DE LIMA CUI 2606660\u201d<\/h3>\r\n<p><a href=\"https:\/\/drive.google.com\/drive\/folders\/10PYNrB2eUqRKka6ZZB5HnXu32csfn-B-?usp=sharing\" target=\"_blank\" rel=\"noopener noreferrer\"><img decoding=\"async\" class=\"alignnone size-full wp-image-15096\" src=\"https:\/\/www.une.edu.pe\/uneweb\/wp-content\/uploads\/2023\/10\/ver-expediente.jpg\" alt=\"\" width=\"193\" height=\"55\" \/><\/a><\/p>\r\n<p>[\/vc_column_text][vc_column_text]<\/p>\r\n<h3>EXPEDIENTE DE CONTRATACI\u00d3N N\u00b0 051 -2023-UP-OA-UNE DEL PROCEDIMIENTO DE SELECCI\u00d3N <strong>ADJUDICACI\u00d3N SIMPLIFICADA N\u00b0 042-2023-UNE-I<\/strong> PARA LA \u201cEJECUCI\u00d3N DE LA OBRA: REPARACI\u00d3N DE AMBIENTE DE ADMINISTRACI\u00d3N CENTRAL: EN EL (LA) DEPENDENCIA DE LA ADMINISTRACI\u00d3N CENTRAL (BIBLIOTECA CENTRAL) DE LA UNIVERSIDAD NACIONAL DE EDUCACI\u00d3N ENRIQUE GUZM\u00c1N Y VALLE, LOCALIDAD DE CHOSICA, DISTRITO DE LURIGANCHO, PROVINCIA LIMA, DEPARTAMENTO LIMA CUI 2604709\u201d<\/h3>\r\n<p><a href=\"https:\/\/drive.google.com\/drive\/folders\/1717xtp-FC8qNjH-QfONO14slbMF43eXo?usp=sharing\" target=\"_blank\" rel=\"noopener noreferrer\"><img decoding=\"async\" class=\"alignnone size-full wp-image-15096\" src=\"https:\/\/www.une.edu.pe\/uneweb\/wp-content\/uploads\/2023\/10\/ver-expediente.jpg\" alt=\"\" width=\"193\" height=\"55\" \/><\/a><\/p>\r\n<p>[\/vc_column_text][vc_column_text]<\/p>\r\n<h3>EXPEDIENTE DE CONTRATACI\u00d3N N\u00b0 050 -2023-UP-OA-UNE DEL PROCEDIMIENTO DE SELECCI\u00d3N <strong>ADJUDICACI\u00d3N SIMPLIFICADA N\u00b0 041-2023-UNE-I<\/strong> PARA LA \u201cEJECUCI\u00d3N DE LA OBRA: REPARACI\u00d3N DE AMBIENTE ADMINISTRATIVO; EN EL (LA) AUDITORIO CENTRAL DE LA UNE ENRIQUE GUZM\u00c1N Y VALLE EN LA LOCALIDAD DE CHOSICA, DISTRITO LURIGANCHO, LIMA \u2013 LIMA CUI 2607072\u201d<\/h3>\r\n<p><a href=\"https:\/\/drive.google.com\/drive\/folders\/1uYmKqTY49vIvKrq9OVj4ovssWmoBCL8v?usp=sharing\" target=\"_blank\" rel=\"noopener noreferrer\"><img decoding=\"async\" class=\"alignnone size-full wp-image-15096\" src=\"https:\/\/www.une.edu.pe\/uneweb\/wp-content\/uploads\/2023\/10\/ver-expediente.jpg\" alt=\"\" width=\"193\" height=\"55\" \/><\/a><\/p>\r\n<p>[\/vc_column_text][vc_column_text]<\/p>\r\n<h3>EXPEDIENTE DE CONTRATACI\u00d3N N\u00b0 049 -2023-UP-OA-UNE DEL PROCEDIMIENTO DE SELECCI\u00d3N <strong>ADJUDICACI\u00d3N SIMPLIFICADA N\u00b0 040-2023-UNE-I <\/strong>PARA LA \u201cEJECUCI\u00d3N DE LA OBRA DE LA IOARR: REPARACI\u00d3N DE AMBIENTE DE BIENESTAR Y APOYO UNIVERSITARIO; EN EL (LA) DEPENDENCIA DE LA ADMINISTRACI\u00d3N CENTRAL (COMEDOR UNIVERSITARIO) DE LA UNE ENRIQUE GUZM\u00c1N Y VALLE, LOCALIDAD DE CHOSICA, DISTRITO DE LURIGANCHO, PROVINCIA LIMA, DEPARTAMENTO LIMA CUI 2606727\u201d<\/h3>\r\n<p><a href=\"https:\/\/drive.google.com\/drive\/folders\/1wMjFyRBpLGDNWgQflr1MBhu96FtAlEZz?usp=sharing\" target=\"_blank\" rel=\"noopener noreferrer\"><img decoding=\"async\" class=\"alignnone size-full wp-image-15096\" src=\"https:\/\/www.une.edu.pe\/uneweb\/wp-content\/uploads\/2023\/10\/ver-expediente.jpg\" alt=\"\" width=\"193\" height=\"55\" \/><\/a><\/p>\r\n<p>[\/vc_column_text][\/vc_column][\/vc_row][vc_row][vc_column][vc_row_inner][vc_column_inner][vc_separator color=&#8221;blue&#8221; style=&#8221;shadow&#8221; border_width=&#8221;5&#8243;][vc_column_text]<\/p>\r\n<h3>CONTRATACI\u00d3N DE LA EJECUCI\u00d3N DE LA OBRA: MEJORAMIENTO DE LAS V\u00cdAS DE CIRCULACI\u00d3N INTERNA, SE\u00d1ALIZACI\u00d3N Y ORNATO EN LA UNIVERSIDAD NACIONAL DE EDUCACI\u00d3N ENRIQUE GUZM\u00c1N Y VALLE CUI 2251451, SALDO DE OBRA \u2013 1ERA ETAPA<\/h3>\r\n<p>[\/vc_column_text][vc_column_text]<\/p>\r\n<ul>\r\n<li><a href=\"https:\/\/www.une.edu.pe\/uneweb\/wp-content\/uploads\/2022\/07\/RES.-EXP.-TEC.-DE-OBRA.pdf\" target=\"_blank\" rel=\"noopener noreferrer\"><strong>Resoluci\u00f3n N\u00ba 1570-2022-R-UNE<\/strong>: Aprueba el Expediente T\u00e9cnico de saldo de obra del proyecto: &#8220;Mejoramiento de las v\u00edas de circulaci\u00f3n interna, se\u00f1alizaci\u00f3n y ornato en la sede central de la UNE&#8221;<\/a><\/li>\r\n<\/ul>\r\n<ul>\r\n<li><strong><a href=\"https:\/\/www.une.edu.pe\/EXPEDIENTE_VIAS_SCAN_A4.pdf\" target=\"_blank\" rel=\"noopener noreferrer\">EXPEDIENTE T\u00c9CNICO ACTUALIZADO<\/a><\/strong><\/li>\r\n<\/ul>\r\n<ul>\r\n<li><strong><a href=\"https:\/\/www.une.edu.pe\/uneweb\/wp-content\/uploads\/2022\/07\/CRONOGRAMA-DE-EJECUCION.pdf\" target=\"_blank\" rel=\"noopener noreferrer\">Cronograma de ejecuci\u00f3n<\/a><\/strong><\/li>\r\n<\/ul>\r\n<ul>\r\n<li><a href=\"https:\/\/www.une.edu.pe\/GESTION_PLANIFICACION_RIESGOS-VIAS_UNE.xlsm\" target=\"_blank\" rel=\"noopener noreferrer\"><strong>Gesti\u00f3n de planificaci\u00f3n de riesgos<\/strong><\/a><\/li>\r\n<\/ul>\r\n<p><a href=\"https:\/\/drive.google.com\/drive\/folders\/1c00p0toEaYOtDvtKYXwUaU52AXe-cUR4?usp=sharing\" target=\"_blank\" rel=\"noopener noreferrer\"><img decoding=\"async\" class=\"alignnone wp-image-11358\" src=\"https:\/\/www.une.edu.pe\/uneweb\/wp-content\/uploads\/2022\/07\/button_planos.png\" alt=\"\" width=\"138\" height=\"49\" \/><\/a><\/p>\r\n<p>&nbsp;<\/p>\r\n<p>[\/vc_column_text][\/vc_column_inner][\/vc_row_inner][vc_row_inner][vc_column_inner][vc_separator color=&#8221;blue&#8221; style=&#8221;shadow&#8221; border_width=&#8221;5&#8243;][\/vc_column_inner][\/vc_row_inner][vc_column_text]<\/p>\r\n<h3 class=\"wp-block-heading\">Mejoramiento de los servicios administrativos como apoyo a la actividad acad\u00e9mica de la UNE<\/h3>\r\n<p>\u00a0<\/p>\r\n\r\n<ul class=\"wp-block-list\">\r\n<li><a href=\"https:\/\/www.une.edu.pe\/uneweb\/wp-content\/uploads\/2022\/04\/Resolucion-N\u00ba-1720-2021-R-UNE_ACTUAL.-EXP..pdf\" target=\"_blank\" rel=\"noreferrer noopener\" aria-label=\"Resoluci\u00f3n N\u00ba 1720-2021-R-UNE: Aprueba la actualizaci\u00f3n del Expediente T\u00e9cnico del Proyecto: &quot;Mejoramiento de los servicios administrativos como apoyo a la actividad acad\u00e9mica de la UNE&quot; (abre en una nueva pesta\u00f1a)\">Resoluci\u00f3n N\u00ba 1720-2021-R-UNE: Aprueba la actualizaci\u00f3n del Expediente T\u00e9cnico del Proyecto: &#8220;Mejoramiento de los servicios administrativos como apoyo a la actividad acad\u00e9mica de la UNE&#8221;<\/a><\/li>\r\n<li><a href=\"https:\/\/www.une.edu.pe\/uneweb\/wp-content\/uploads\/2022\/04\/Presupuesto-obra_escaneado.pdf\" target=\"_blank\" rel=\"noreferrer noopener\" aria-label=\"Presupuesto de obra (abre en una nueva pesta\u00f1a)\">Presupuesto de obra escaneado<\/a><\/li>\r\n<li><a href=\"https:\/\/www.une.edu.pe\/uneweb\/wp-content\/uploads\/2022\/04\/Presupuesto-obra.xlsx\" target=\"_blank\" rel=\"noreferrer noopener\" aria-label=\"Presupuesto de obra (abre en una nueva pesta\u00f1a)\">Presupuesto de obra<\/a><\/li>\r\n<li><a href=\"https:\/\/www.une.edu.pe\/uneweb\/wp-content\/uploads\/2022\/04\/ANEXOS-GESTION-DE-RIESGO-N\u00b0-01-y-03.xlsx\" target=\"_blank\" rel=\"noreferrer noopener\" aria-label=\"ANEXOS GESTION DE RIESGO N\u00b0 01 y 03 (abre en una nueva pesta\u00f1a)\">ANEXOS GESTION DE RIESGO N\u00b0 01 y 03<\/a><\/li>\r\n<li><a href=\"https:\/\/www.une.edu.pe\/uneweb\/wp-content\/uploads\/2022\/04\/TOMO-01.pdf\" target=\"_blank\" rel=\"noreferrer noopener\" aria-label=\"TOMO 01 (abre en una nueva pesta\u00f1a)\">TOMO 01<\/a><\/li>\r\n<li><a href=\"https:\/\/www.une.edu.pe\/uneweb\/wp-content\/uploads\/2022\/04\/TOMO-02.pdf\" target=\"_blank\" rel=\"noreferrer noopener\" aria-label=\"TOMO 02 (abre en una nueva pesta\u00f1a)\">TOMO 02<\/a><\/li>\r\n<li><a href=\"https:\/\/www.une.edu.pe\/uneweb\/wp-content\/uploads\/2022\/04\/TOMO-03.pdf\" target=\"_blank\" rel=\"noreferrer noopener\" aria-label=\"TOMO 03 (abre en una nueva pesta\u00f1a)\">TOMO 03<\/a><\/li>\r\n<\/ul>\r\n<p>[\/vc_column_text][\/vc_column][\/vc_row]<\/p> ","protected":false},"excerpt":{"rendered":"<p>[vc_row][vc_column][vc_column_text] EJECUCI\u00d3N DE LA OBRA: MEJORAMIENTO Y AMPLIACI\u00d3N DE LOS SERVICIOS DEPORTIVOS Y DE RECREACI\u00d3N QUE BRINDA LA UNE ENRIQUE GUZM\u00c1N Y VALLE EN LA LOCALIDAD DE CHOSICA DEL DISTRITO DE LURIGANCHO &#8211; PROVINCIA DE LIMA &#8211; DEPARTAMENTO DE LIMA: CON C\u00d3DIGO \u00daNICO 2465421 [\/vc_column_text][vc_separator color=&#8221;blue&#8221; style=&#8221;shadow&#8221; border_width=&#8221;5&#8243;][vc_column_text] EXPEDIENTE DE CONTRATACI\u00d3N N\u00b0 054 -2023-UP-OA-UNE DEL [&hellip;]<\/p>\n","protected":false},"author":1,"featured_media":0,"parent":0,"menu_order":0,"comment_status":"closed","ping_status":"closed","template":"","meta":{"footnotes":""},"class_list":["post-10805","page","type-page","status-publish","hentry"],"_links":{"self":[{"href":"https:\/\/www.une.edu.pe\/uneweb\/wp-json\/wp\/v2\/pages\/10805","targetHints":{"allow":["GET"]}}],"collection":[{"href":"https:\/\/www.une.edu.pe\/uneweb\/wp-json\/wp\/v2\/pages"}],"about":[{"href":"https:\/\/www.une.edu.pe\/uneweb\/wp-json\/wp\/v2\/types\/page"}],"author":[{"embeddable":true,"href":"https:\/\/www.une.edu.pe\/uneweb\/wp-json\/wp\/v2\/users\/1"}],"replies":[{"embeddable":true,"href":"https:\/\/www.une.edu.pe\/uneweb\/wp-json\/wp\/v2\/comments?post=10805"}],"version-history":[{"count":35,"href":"https:\/\/www.une.edu.pe\/uneweb\/wp-json\/wp\/v2\/pages\/10805\/revisions"}],"predecessor-version":[{"id":17975,"href":"https:\/\/www.une.edu.pe\/uneweb\/wp-json\/wp\/v2\/pages\/10805\/revisions\/17975"}],"wp:attachment":[{"href":"https:\/\/www.une.edu.pe\/uneweb\/wp-json\/wp\/v2\/media?parent=10805"}],"curies":[{"name":"wp","href":"https:\/\/api.w.org\/{rel}","templated":true}]}}