{"id":10243,"date":"2022-01-25T19:51:34","date_gmt":"2022-01-26T00:51:34","guid":{"rendered":"http:\/\/www.une.edu.pe\/uneweb\/?page_id=10243"},"modified":"2022-03-30T18:29:00","modified_gmt":"2022-03-30T23:29:00","slug":"sudune","status":"publish","type":"page","link":"https:\/\/www.une.edu.pe\/uneweb\/sudune\/","title":{"rendered":"SUDUNE &#8211; Sindicato \u00danico de Docentes de la UNE"},"content":{"rendered":"<p>[vc_row][vc_column width=&#8221;1\/2&#8243;][vc_column_text]<span style=\"color: #993300;\"><strong>DOCUMENTOS<\/strong><\/span><\/p>\n<ul>\n<li><a href=\"https:\/\/www.une.edu.pe\/uneweb\/wp-content\/uploads\/2022\/03\/pronunciamiento-diario.pdf\" target=\"_blank\" rel=\"noopener noreferrer\">PRONUNCIAMIENTO DEL SINDICATO PUBLICADO EN EL DIARIO LA REP\u00daBLICA, EL DOMINGO 20-3-22<\/a><\/li>\n<li><a href=\"http:\/\/www.une.edu.pe\/uneweb\/wp-content\/uploads\/2022\/01\/COMUNIC-1-2022-SUDUNE20220125_15530279.pdf\" target=\"_blank\" rel=\"noopener noreferrer\">COMUNICADO 1<\/a><\/li>\n<li><a href=\"http:\/\/www.une.edu.pe\/uneweb\/wp-content\/uploads\/2022\/01\/Estatuto_SUDUNE-1.pdf\" target=\"_blank\" rel=\"noopener noreferrer\">ESTATUTO<\/a><\/li>\n<li><a href=\"http:\/\/www.une.edu.pe\/uneweb\/wp-content\/uploads\/2022\/01\/SOLICITUD-AFILIACION-SUDUNE.docx\" target=\"_blank\" rel=\"noopener noreferrer\">SOLICITUD DE AFILIACI\u00d3N AL SUDUNE<\/a><\/li>\n<li><a href=\"http:\/\/www.une.edu.pe\/uneweb\/wp-content\/uploads\/2022\/01\/AUTORIZO-DESCUENTO-PLANILLA-SUDUNE.docx\" target=\"_blank\" rel=\"noopener noreferrer\">AUTORIZACI\u00d3N DE DESCUENTO EN PLANILLA<\/a><\/li>\n<li><a href=\"http:\/\/www.une.edu.pe\/uneweb\/wp-content\/uploads\/2022\/02\/REGISTRO-MINTRA.pdf\" target=\"_blank\" rel=\"noopener noreferrer\">REGISTRO EN EL MINISTERIO DE TRABAJO Y PROMOCI\u00d3N DEL EMPLEO<\/a><\/li>\n<li><a href=\"http:\/\/www.une.edu.pe\/uneweb\/wp-content\/uploads\/2022\/02\/RESOLUCION-RECTORAL.pdf\" target=\"_blank\" rel=\"noopener noreferrer\">RECONOCIMIENTO INSTITUCIONAL DE LA JUNTA DIRECTIVA DEL SUDUNE<\/a><\/li>\n<li><a href=\"http:\/\/www.une.edu.pe\/uneweb\/wp-content\/uploads\/2022\/02\/PLAN-TRABAJO-2022.pdf\" target=\"_blank\" rel=\"noopener noreferrer\">PLAN DE TRABAJO 2022<\/a><\/li>\n<li><a href=\"http:\/\/www.une.edu.pe\/uneweb\/wp-content\/uploads\/2022\/02\/PLIEGO-DE-RECLAMOS-DEL-SUDUNE-2022.pdf\" target=\"_blank\" rel=\"noopener noreferrer\">PLIEGO DE RECLAMOS DEL SUDUNE 2022<\/a><\/li>\n<\/ul>\n<p>[\/vc_column_text][\/vc_column][vc_column width=&#8221;1\/2&#8243;][vc_btn title=&#8221;CITACI\u00d3N ASAMBLEA GENERAL &#8211; 5 ABRIL 2022&#8243; style=&#8221;3d&#8221; color=&#8221;danger&#8221; align=&#8221;center&#8221; link=&#8221;url:https%3A%2F%2Fwww.une.edu.pe%2Funeweb%2Fwp-content%2Fuploads%2F2022%2F03%2Fcitacion-abril.pdf||target:%20_blank|&#8221;][vc_btn title=&#8221;COMUNICADO 001-2022-SUDUNE&#8221; style=&#8221;3d&#8221; color=&#8221;danger&#8221; align=&#8221;center&#8221; link=&#8221;url:https%3A%2F%2Fwww.une.edu.pe%2Funeweb%2Fwp-content%2Fuploads%2F2022%2F03%2Fcomunicado-1-sunedu.jpg||target:%20_blank|&#8221;][\/vc_column][\/vc_row]<\/p>\n ","protected":false},"excerpt":{"rendered":"<p>[vc_row][vc_column width=&#8221;1\/2&#8243;][vc_column_text]DOCUMENTOS PRONUNCIAMIENTO DEL SINDICATO PUBLICADO EN EL DIARIO LA REP\u00daBLICA, EL DOMINGO 20-3-22 COMUNICADO 1 ESTATUTO SOLICITUD DE AFILIACI\u00d3N AL SUDUNE AUTORIZACI\u00d3N DE DESCUENTO EN PLANILLA REGISTRO EN EL MINISTERIO DE TRABAJO Y PROMOCI\u00d3N DEL EMPLEO RECONOCIMIENTO INSTITUCIONAL DE LA JUNTA DIRECTIVA DEL SUDUNE PLAN DE TRABAJO 2022 PLIEGO DE RECLAMOS DEL SUDUNE 2022 [&hellip;]<\/p>\n","protected":false},"author":1,"featured_media":0,"parent":0,"menu_order":0,"comment_status":"closed","ping_status":"closed","template":"","meta":{"footnotes":""},"class_list":["post-10243","page","type-page","status-publish","hentry"],"_links":{"self":[{"href":"https:\/\/www.une.edu.pe\/uneweb\/wp-json\/wp\/v2\/pages\/10243","targetHints":{"allow":["GET"]}}],"collection":[{"href":"https:\/\/www.une.edu.pe\/uneweb\/wp-json\/wp\/v2\/pages"}],"about":[{"href":"https:\/\/www.une.edu.pe\/uneweb\/wp-json\/wp\/v2\/types\/page"}],"author":[{"embeddable":true,"href":"https:\/\/www.une.edu.pe\/uneweb\/wp-json\/wp\/v2\/users\/1"}],"replies":[{"embeddable":true,"href":"https:\/\/www.une.edu.pe\/uneweb\/wp-json\/wp\/v2\/comments?post=10243"}],"version-history":[{"count":11,"href":"https:\/\/www.une.edu.pe\/uneweb\/wp-json\/wp\/v2\/pages\/10243\/revisions"}],"predecessor-version":[{"id":10754,"href":"https:\/\/www.une.edu.pe\/uneweb\/wp-json\/wp\/v2\/pages\/10243\/revisions\/10754"}],"wp:attachment":[{"href":"https:\/\/www.une.edu.pe\/uneweb\/wp-json\/wp\/v2\/media?parent=10243"}],"curies":[{"name":"wp","href":"https:\/\/api.w.org\/{rel}","templated":true}]}}