{"id":3655,"date":"2019-12-26T14:30:27","date_gmt":"2019-12-26T13:30:27","guid":{"rendered":"http:\/\/www.une.edu.pe\/transparencia-universitaria\/?page_id=3655"},"modified":"2024-02-07T10:11:44","modified_gmt":"2024-02-07T15:11:44","slug":"mision-y-vision","status":"publish","type":"page","link":"https:\/\/www.une.edu.pe\/transparencia-universitaria\/mision-y-vision\/","title":{"rendered":"Misi\u00f3n y Visi\u00f3n"},"content":{"rendered":"\t\t<div data-elementor-type=\"wp-post\" data-elementor-id=\"3655\" class=\"elementor elementor-3655\">\n\t\t\t\t\t\t<section class=\"elementor-section elementor-top-section elementor-element elementor-element-4b4adae elementor-section-boxed elementor-section-height-default elementor-section-height-default\" data-id=\"4b4adae\" data-element_type=\"section\" data-e-type=\"section\">\n\t\t\t\t\t\t<div class=\"elementor-container elementor-column-gap-default\">\n\t\t\t\t\t<div class=\"elementor-column elementor-col-50 elementor-top-column elementor-element elementor-element-d913b70\" data-id=\"d913b70\" data-element_type=\"column\" data-e-type=\"column\">\n\t\t\t<div class=\"elementor-widget-wrap elementor-element-populated\">\n\t\t\t\t\t\t<div class=\"elementor-element elementor-element-19aeda5 elementor-widget elementor-widget-sidebar\" data-id=\"19aeda5\" data-element_type=\"widget\" data-e-type=\"widget\" data-widget_type=\"sidebar.default\">\n\t\t\t\t<div class=\"elementor-widget-container\">\n\t\t\t\t\t<aside id=\"easy_sidebar_menu_widget-3\" class=\"widget widget_easy_sidebar_menu_widget\"><div class=\"menu-barralateral-container\"><ul id=\"menu-barralateral\" class=\"menu\"><li id='menu-item-3490'  class=\"menu-item menu-item-type-custom menu-item-object-custom menu-item-home menu-item-has-children\"><span class='link__wrap'><a  href=\"http:\/\/www.une.edu.pe\/transparencia-universitaria\/\" class=\"easy-sidebar-menu-widget-link\"><img decoding=\"async\" width=\"36\" height=\"36\" src=\"https:\/\/www.une.edu.pe\/transparencia-universitaria\/wp-content\/uploads\/2019\/12\/university-36x36.png\" class=\"menu-image menu-image-title-after\" alt=\"\" \/><span class=\"menu-image-title-after menu-image-title\">Institucional<\/span><\/a> <a href=\"#\" class=\"easy-sidebar-menu-widget-toggler\"><i><\/i><\/a><\/span>\n<ul class=\"sub-menu\">\n<li id='menu-item-3697'  class=\"menu-item menu-item-type-custom menu-item-object-custom\"><span class='link__wrap'><a  target=\"_blank\" href=\"https:\/\/apps.une.net.pe\/home\/directorio\/directorio.php\" class=\"easy-sidebar-menu-widget-link\">Directorio Telef\u00f3nico<\/a> <\/span><\/li>\n<li id='menu-item-3672'  class=\"menu-item menu-item-type-post_type menu-item-object-page\"><span class='link__wrap'><a  href=\"https:\/\/www.une.edu.pe\/transparencia-universitaria\/contacto\/\" class=\"easy-sidebar-menu-widget-link\">Contacto<\/a> <\/span><\/li>\n<li id='menu-item-3660'  class=\"menu-item menu-item-type-post_type menu-item-object-page\"><span class='link__wrap'><a  href=\"https:\/\/www.une.edu.pe\/transparencia-universitaria\/mision-y-vision\/\" class=\"easy-sidebar-menu-widget-link\">Misi\u00f3n y Visi\u00f3n<\/a> <\/span><\/li>\n<li id='menu-item-6405'  class=\"menu-item menu-item-type-custom menu-item-object-custom\"><span class='link__wrap'><a  target=\"_blank\" href=\"https:\/\/www.une.edu.pe\/transparencia\/informacion\/plan-estrategico.html\" class=\"easy-sidebar-menu-widget-link\">Plan estrat\u00e9gico<\/a> <\/span><\/li>\n<li id='menu-item-6406'  class=\"menu-item menu-item-type-custom menu-item-object-custom\"><span class='link__wrap'><a  target=\"_blank\" href=\"https:\/\/www.une.edu.pe\/uneweb\/estatuto-de-la-une\/\" class=\"easy-sidebar-menu-widget-link\">Estatuto<\/a> <\/span><\/li>\n<li id='menu-item-6655'  class=\"menu-item menu-item-type-custom menu-item-object-custom\"><span class='link__wrap'><a  target=\"_blank\" href=\"https:\/\/www.une.edu.pe\/uneweb\/reglamento-general-de-la-une\/\" class=\"easy-sidebar-menu-widget-link\">Reglamento General<\/a> <\/span><\/li>\n<\/ul>\n<\/li>\n<li id='menu-item-3899'  class=\"menu-item menu-item-type-post_type menu-item-object-page\"><span class='link__wrap'><a  href=\"https:\/\/www.une.edu.pe\/transparencia-universitaria\/organizacion-y-gestion\/\" class=\"easy-sidebar-menu-widget-link\"><img decoding=\"async\" width=\"36\" height=\"36\" src=\"https:\/\/www.une.edu.pe\/transparencia-universitaria\/wp-content\/uploads\/2020\/01\/lista-de-verificacion-36x36.png\" class=\"menu-image menu-image-title-after\" alt=\"\" \/><span class=\"menu-image-title-after menu-image-title\">Organizaci\u00f3n y Gesti\u00f3n<\/span><\/a> <\/span><\/li>\n<li id='menu-item-3739'  class=\"menu-item menu-item-type-custom menu-item-object-custom menu-item-has-children\"><span class='link__wrap'><a  href=\"#\" class=\"easy-sidebar-menu-widget-link\"><img decoding=\"async\" width=\"36\" height=\"36\" src=\"https:\/\/www.une.edu.pe\/transparencia-universitaria\/wp-content\/uploads\/2020\/01\/pila-de-libros-de-tres-36x36.png\" class=\"menu-image menu-image-title-after\" alt=\"\" \/><span class=\"menu-image-title-after menu-image-title\">Actas<\/span><\/a> <a href=\"#\" class=\"easy-sidebar-menu-widget-toggler\"><i><\/i><\/a><\/span>\n<ul class=\"sub-menu\">\n<li id='menu-item-3738'  class=\"menu-item menu-item-type-post_type menu-item-object-page\"><span class='link__wrap'><a  href=\"https:\/\/www.une.edu.pe\/transparencia-universitaria\/asamblea-universitaria\/\" class=\"easy-sidebar-menu-widget-link\">Asamblea Universitaria<\/a> <\/span><\/li>\n<li id='menu-item-3785'  class=\"menu-item menu-item-type-post_type menu-item-object-page\"><span class='link__wrap'><a  href=\"https:\/\/www.une.edu.pe\/transparencia-universitaria\/consejo-universitario\/\" class=\"easy-sidebar-menu-widget-link\">Consejo Universitario<\/a> <\/span><\/li>\n<li id='menu-item-4690'  class=\"menu-item menu-item-type-custom menu-item-object-custom menu-item-has-children\"><span class='link__wrap'><a  href=\"#\" class=\"easy-sidebar-menu-widget-link\">Consejo de Facultad<\/a> <a href=\"#\" class=\"easy-sidebar-menu-widget-toggler\"><i><\/i><\/a><\/span>\n\t<ul class=\"sub-menu\">\n<li id='menu-item-4696'  class=\"menu-item menu-item-type-post_type menu-item-object-page\"><span class='link__wrap'><a  href=\"https:\/\/www.une.edu.pe\/transparencia-universitaria\/consejo-de-facultad-fac\/\" class=\"easy-sidebar-menu-widget-link\">CONSEJO DE FACULTAD FAC\u200b<\/a> <\/span><\/li>\n<li id='menu-item-4695'  class=\"menu-item menu-item-type-post_type menu-item-object-page\"><span class='link__wrap'><a  href=\"https:\/\/www.une.edu.pe\/transparencia-universitaria\/consejo-de-facultad-face\/\" class=\"easy-sidebar-menu-widget-link\">CONSEJO DE FACULTAD FACE<\/a> <\/span><\/li>\n<li id='menu-item-4697'  class=\"menu-item menu-item-type-post_type menu-item-object-page\"><span class='link__wrap'><a  href=\"https:\/\/www.une.edu.pe\/transparencia-universitaria\/consejo-de-facultad-fan\/\" class=\"easy-sidebar-menu-widget-link\">CONSEJO DE FACULTAD FAN<\/a> <\/span><\/li>\n<li id='menu-item-4691'  class=\"menu-item menu-item-type-post_type menu-item-object-page\"><span class='link__wrap'><a  href=\"https:\/\/www.une.edu.pe\/transparencia-universitaria\/consejo-de-facultad-fatec\/\" class=\"easy-sidebar-menu-widget-link\">CONSEJO DE FACULTAD FATEC<\/a> <\/span><\/li>\n<li id='menu-item-4694'  class=\"menu-item menu-item-type-post_type menu-item-object-page\"><span class='link__wrap'><a  href=\"https:\/\/www.une.edu.pe\/transparencia-universitaria\/consejo-de-facultad-fcsyh\/\" class=\"easy-sidebar-menu-widget-link\">CONSEJO DE FACULTAD FCSYH<\/a> <\/span><\/li>\n<li id='menu-item-4693'  class=\"menu-item menu-item-type-post_type menu-item-object-page\"><span class='link__wrap'><a  href=\"https:\/\/www.une.edu.pe\/transparencia-universitaria\/consejo-de-facultad-fei\/\" class=\"easy-sidebar-menu-widget-link\">CONSEJO DE FACULTAD FEI<\/a> <\/span><\/li>\n<li id='menu-item-4692'  class=\"menu-item menu-item-type-post_type menu-item-object-page\"><span class='link__wrap'><a  href=\"https:\/\/www.une.edu.pe\/transparencia-universitaria\/consejo-de-facultad-fpycf\/\" class=\"easy-sidebar-menu-widget-link\">CONSEJO DE FACULTAD FPYCF<\/a> <\/span><\/li>\n\t<\/ul>\n<\/li>\n<\/ul>\n<\/li>\n<li id='menu-item-4238'  class=\"menu-item menu-item-type-custom menu-item-object-custom menu-item-has-children\"><span class='link__wrap'><a  href=\"#\" class=\"easy-sidebar-menu-widget-link\"><img loading=\"lazy\" decoding=\"async\" width=\"36\" height=\"36\" src=\"https:\/\/www.une.edu.pe\/transparencia-universitaria\/wp-content\/uploads\/2020\/01\/calculadora-36x36.png\" class=\"menu-image menu-image-title-after\" alt=\"\" \/><span class=\"menu-image-title-after menu-image-title\">Estado Financiero y Presupuesto<\/span><\/a> <a href=\"#\" class=\"easy-sidebar-menu-widget-toggler\"><i><\/i><\/a><\/span>\n<ul class=\"sub-menu\">\n<li id='menu-item-4236'  class=\"menu-item menu-item-type-custom menu-item-object-custom\"><span class='link__wrap'><a  href=\"http:\/\/www.une.edu.pe\/transparencia-universitaria\/estados-financieros\/\" class=\"easy-sidebar-menu-widget-link\">Estados Financieros<\/a> <\/span><\/li>\n<li id='menu-item-4237'  class=\"menu-item menu-item-type-custom menu-item-object-custom\"><span class='link__wrap'><a  href=\"http:\/\/www.une.edu.pe\/transparencia-universitaria\/presupuesto\/\" class=\"easy-sidebar-menu-widget-link\">Presupuesto<\/a> <\/span><\/li>\n<\/ul>\n<\/li>\n<li id='menu-item-4342'  class=\"menu-item menu-item-type-post_type menu-item-object-page\"><span class='link__wrap'><a  href=\"https:\/\/www.une.edu.pe\/transparencia-universitaria\/becas-y-creditos\/\" class=\"easy-sidebar-menu-widget-link\"><img loading=\"lazy\" decoding=\"async\" width=\"36\" height=\"36\" src=\"https:\/\/www.une.edu.pe\/transparencia-universitaria\/wp-content\/uploads\/2020\/01\/sombrero-de-graduacion-y-diploma-36x36.png\" class=\"menu-image menu-image-title-after\" alt=\"\" \/><span class=\"menu-image-title-after menu-image-title\">Becas y Cr\u00e9ditos<\/span><\/a> <\/span><\/li>\n<li id='menu-item-7472'  class=\"menu-item menu-item-type-custom menu-item-object-custom\"><span class='link__wrap'><a  href=\"https:\/\/www.transparencia.gob.pe\/reportes_directos\/pte_transparencia_pro_inv.aspx?id_entidad=10434&amp;id_tema=26&amp;ver=1\" class=\"easy-sidebar-menu-widget-link\"><img loading=\"lazy\" decoding=\"async\" width=\"33\" height=\"36\" src=\"https:\/\/www.une.edu.pe\/transparencia-universitaria\/wp-content\/uploads\/2026\/04\/icono-33x36.jpg\" class=\"menu-image menu-image-title-after\" alt=\"\" \/><span class=\"menu-image-title-after menu-image-title\">Inversiones<\/span><\/a> <\/span><\/li>\n<li id='menu-item-4321'  class=\"menu-item menu-item-type-post_type menu-item-object-page\"><span class='link__wrap'><a  href=\"https:\/\/www.une.edu.pe\/transparencia-universitaria\/proyectos-de-investigacion\/\" class=\"easy-sidebar-menu-widget-link\"><img loading=\"lazy\" decoding=\"async\" width=\"36\" height=\"36\" src=\"https:\/\/www.une.edu.pe\/transparencia-universitaria\/wp-content\/uploads\/2020\/02\/concepto-36x36.png\" class=\"menu-image menu-image-title-after\" alt=\"\" \/><span class=\"menu-image-title-after menu-image-title\">Proyectos de Investigaci\u00f3n<\/span><\/a> <\/span><\/li>\n<li id='menu-item-4266'  class=\"menu-item menu-item-type-custom menu-item-object-custom menu-item-has-children\"><span class='link__wrap'><a  href=\"#\" class=\"easy-sidebar-menu-widget-link\"><img loading=\"lazy\" decoding=\"async\" width=\"36\" height=\"36\" src=\"https:\/\/www.une.edu.pe\/transparencia-universitaria\/wp-content\/uploads\/2020\/02\/ahorrar-dinero-36x36.png\" class=\"menu-image menu-image-title-after\" alt=\"\" \/><span class=\"menu-image-title-after menu-image-title\">Pagos y Remuneraciones<\/span><\/a> <a href=\"#\" class=\"easy-sidebar-menu-widget-toggler\"><i><\/i><\/a><\/span>\n<ul class=\"sub-menu\">\n<li id='menu-item-4070'  class=\"menu-item menu-item-type-post_type menu-item-object-page\"><span class='link__wrap'><a  href=\"https:\/\/www.une.edu.pe\/transparencia-universitaria\/pagos\/\" class=\"easy-sidebar-menu-widget-link\">Pagos<\/a> <\/span><\/li>\n<li id='menu-item-4328'  class=\"menu-item menu-item-type-post_type menu-item-object-page\"><span class='link__wrap'><a  href=\"https:\/\/www.une.edu.pe\/transparencia-universitaria\/remuneraciones\/\" class=\"easy-sidebar-menu-widget-link\">Remuneraciones<\/a> <\/span><\/li>\n<\/ul>\n<\/li>\n<li id='menu-item-4133'  class=\"menu-item menu-item-type-custom menu-item-object-custom\"><span class='link__wrap'><a  href=\"http:\/\/www.une.edu.pe\/transparencia-universitaria\/alumnos-facultades-estudios\/\" class=\"easy-sidebar-menu-widget-link\"><img loading=\"lazy\" decoding=\"async\" width=\"36\" height=\"36\" src=\"https:\/\/www.une.edu.pe\/transparencia-universitaria\/wp-content\/uploads\/2020\/02\/lectura-36x36.png\" class=\"menu-image menu-image-title-after\" alt=\"\" \/><span class=\"menu-image-title-after menu-image-title\">Alumnos<\/span><\/a> <\/span><\/li>\n<li id='menu-item-4408'  class=\"menu-item menu-item-type-post_type menu-item-object-page\"><span class='link__wrap'><a  href=\"https:\/\/www.une.edu.pe\/transparencia-universitaria\/cuerpo-docente\/\" class=\"easy-sidebar-menu-widget-link\"><img loading=\"lazy\" decoding=\"async\" width=\"36\" height=\"36\" src=\"https:\/\/www.une.edu.pe\/transparencia-universitaria\/wp-content\/uploads\/2020\/02\/presentacion-36x36.png\" class=\"menu-image menu-image-title-after\" alt=\"\" \/><span class=\"menu-image-title-after menu-image-title\">Cuerpo Docente<\/span><\/a> <\/span><\/li>\n<li id='menu-item-4445'  class=\"menu-item menu-item-type-post_type menu-item-object-page\"><span class='link__wrap'><a  href=\"https:\/\/www.une.edu.pe\/transparencia-universitaria\/postulantes-ingresantes-matriculados-y-egresados\/\" class=\"easy-sidebar-menu-widget-link\"><img loading=\"lazy\" decoding=\"async\" width=\"36\" height=\"36\" src=\"https:\/\/www.une.edu.pe\/transparencia-universitaria\/wp-content\/uploads\/2020\/02\/investigacion-36x36.png\" class=\"menu-image menu-image-title-after\" alt=\"\" \/><span class=\"menu-image-title-after menu-image-title\">Postulantes, Ingresantes, Matriculados y Egresados<\/span><\/a> <\/span><\/li>\n<li id='menu-item-6624'  class=\"menu-item menu-item-type-post_type menu-item-object-page\"><span class='link__wrap'><a  href=\"https:\/\/www.une.edu.pe\/transparencia-universitaria\/informes-bdi\/\" class=\"easy-sidebar-menu-widget-link\"><img loading=\"lazy\" decoding=\"async\" width=\"36\" height=\"36\" src=\"https:\/\/www.une.edu.pe\/transparencia-universitaria\/wp-content\/uploads\/2025\/01\/lista-de-verificacion-36x36-1.png\" class=\"menu-image menu-image-title-after\" alt=\"\" \/><span class=\"menu-image-title-after menu-image-title\">LISTADO FINAL BDI &#8211; RENACYT<\/span><\/a> <\/span><\/li>\n<li id='menu-item-4373'  class=\"menu-item menu-item-type-custom menu-item-object-custom\"><span class='link__wrap'><a  target=\"_blank\" href=\"http:\/\/www.une.edu.pe\/licenciamiento-institucional\/\" class=\"easy-sidebar-menu-widget-link\"><img loading=\"lazy\" decoding=\"async\" width=\"36\" height=\"36\" src=\"https:\/\/www.une.edu.pe\/transparencia-universitaria\/wp-content\/uploads\/2020\/02\/diploma-36x36.png\" class=\"menu-image menu-image-title-after\" alt=\"\" \/><span class=\"menu-image-title-after menu-image-title\">Licenciamiento Institucional<\/span><\/a> <\/span><\/li>\n<li id='menu-item-4368'  class=\"menu-item menu-item-type-custom menu-item-object-custom\"><span class='link__wrap'><a  target=\"_blank\" href=\"http:\/\/www.une.edu.pe\/uneweb\/\" class=\"easy-sidebar-menu-widget-link\"><img loading=\"lazy\" decoding=\"async\" width=\"36\" height=\"36\" src=\"https:\/\/www.une.edu.pe\/transparencia-universitaria\/wp-content\/uploads\/2020\/02\/lupa-36x36.png\" class=\"menu-image menu-image-title-after\" alt=\"\" \/><span class=\"menu-image-title-after menu-image-title\">Web Principal<\/span><\/a> <\/span><\/li>\n<li id='menu-item-3639'  class=\"menu-item menu-item-type-custom menu-item-object-custom\"><span class='link__wrap'><a  target=\"_blank\" href=\"http:\/\/www.une.edu.pe\/transparencia.html\" class=\"easy-sidebar-menu-widget-link\"><img loading=\"lazy\" decoding=\"async\" width=\"36\" height=\"36\" src=\"https:\/\/www.une.edu.pe\/transparencia-universitaria\/wp-content\/uploads\/2019\/12\/open-book-36x36.png\" class=\"menu-image menu-image-title-after\" alt=\"\" \/><span class=\"menu-image-title-after menu-image-title\">Portal Est\u00e1ndar<\/span><\/a> <\/span><\/li>\n<\/ul><\/div><\/aside>\t\t\t\t<\/div>\n\t\t\t\t<\/div>\n\t\t\t\t\t<\/div>\n\t\t<\/div>\n\t\t\t\t<div class=\"elementor-column elementor-col-50 elementor-top-column elementor-element elementor-element-bfabb9e\" data-id=\"bfabb9e\" data-element_type=\"column\" data-e-type=\"column\" data-settings=\"{&quot;background_background&quot;:&quot;classic&quot;}\">\n\t\t\t<div class=\"elementor-widget-wrap elementor-element-populated\">\n\t\t\t\t\t\t<section class=\"elementor-section elementor-inner-section elementor-element elementor-element-d6a9f54 elementor-section-boxed elementor-section-height-default elementor-section-height-default\" data-id=\"d6a9f54\" data-element_type=\"section\" data-e-type=\"section\" data-settings=\"{&quot;background_background&quot;:&quot;classic&quot;}\">\n\t\t\t\t\t\t<div class=\"elementor-container elementor-column-gap-default\">\n\t\t\t\t\t<div class=\"jet-sticky-column-sticky elementor-column elementor-col-33 elementor-inner-column elementor-element elementor-element-94b19ac\" data-jet-sticky-column-settings=\"{&quot;id&quot;:&quot;94b19ac&quot;,&quot;sticky&quot;:true,&quot;topSpacing&quot;:&quot;&quot;,&quot;bottomSpacing&quot;:&quot;&quot;,&quot;stickyOn&quot;:[&quot;desktop&quot;,&quot;tablet&quot;]}\" data-id=\"94b19ac\" data-element_type=\"column\" data-e-type=\"column\">\n\t\t\t<div class=\"elementor-widget-wrap elementor-element-populated\">\n\t\t\t\t\t\t<div class=\"elementor-element elementor-element-5db428f elementor-widget elementor-widget-image\" data-id=\"5db428f\" data-element_type=\"widget\" data-e-type=\"widget\" data-widget_type=\"image.default\">\n\t\t\t\t<div class=\"elementor-widget-container\">\n\t\t\t\t\t\t\t\t\t\t\t\t\t\t\t<img loading=\"lazy\" decoding=\"async\" width=\"489\" height=\"124\" src=\"https:\/\/www.une.edu.pe\/transparencia-universitaria\/wp-content\/uploads\/2019\/12\/cabezera-small.png\" class=\"attachment-large size-large wp-image-3665\" alt=\"\" srcset=\"https:\/\/www.une.edu.pe\/transparencia-universitaria\/wp-content\/uploads\/2019\/12\/cabezera-small.png 489w, https:\/\/www.une.edu.pe\/transparencia-universitaria\/wp-content\/uploads\/2019\/12\/cabezera-small-300x76.png 300w, https:\/\/www.une.edu.pe\/transparencia-universitaria\/wp-content\/uploads\/2019\/12\/cabezera-small-24x6.png 24w, https:\/\/www.une.edu.pe\/transparencia-universitaria\/wp-content\/uploads\/2019\/12\/cabezera-small-36x9.png 36w, https:\/\/www.une.edu.pe\/transparencia-universitaria\/wp-content\/uploads\/2019\/12\/cabezera-small-48x12.png 48w\" sizes=\"(max-width: 489px) 100vw, 489px\" \/>\t\t\t\t\t\t\t\t\t\t\t\t\t\t\t<\/div>\n\t\t\t\t<\/div>\n\t\t\t\t\t<\/div>\n\t\t<\/div>\n\t\t\t\t<div class=\"elementor-column elementor-col-33 elementor-inner-column elementor-element elementor-element-2a2513a\" data-id=\"2a2513a\" data-element_type=\"column\" data-e-type=\"column\">\n\t\t\t<div class=\"elementor-widget-wrap\">\n\t\t\t\t\t\t\t<\/div>\n\t\t<\/div>\n\t\t\t\t<div class=\"elementor-column elementor-col-33 elementor-inner-column elementor-element elementor-element-a5374a4\" data-id=\"a5374a4\" data-element_type=\"column\" data-e-type=\"column\">\n\t\t\t<div class=\"elementor-widget-wrap elementor-element-populated\">\n\t\t\t\t\t\t<div class=\"elementor-element elementor-element-b206468 elementor-widget elementor-widget-image\" data-id=\"b206468\" data-element_type=\"widget\" data-e-type=\"widget\" data-widget_type=\"image.default\">\n\t\t\t\t<div class=\"elementor-widget-container\">\n\t\t\t\t\t\t\t\t\t\t\t\t\t\t\t<img loading=\"lazy\" decoding=\"async\" width=\"247\" height=\"60\" src=\"https:\/\/www.une.edu.pe\/transparencia-universitaria\/wp-content\/uploads\/2020\/02\/TRANS2.png\" class=\"attachment-large size-large wp-image-4378\" alt=\"\" srcset=\"https:\/\/www.une.edu.pe\/transparencia-universitaria\/wp-content\/uploads\/2020\/02\/TRANS2.png 247w, https:\/\/www.une.edu.pe\/transparencia-universitaria\/wp-content\/uploads\/2020\/02\/TRANS2-24x6.png 24w, https:\/\/www.une.edu.pe\/transparencia-universitaria\/wp-content\/uploads\/2020\/02\/TRANS2-36x9.png 36w, https:\/\/www.une.edu.pe\/transparencia-universitaria\/wp-content\/uploads\/2020\/02\/TRANS2-48x12.png 48w\" sizes=\"(max-width: 247px) 100vw, 247px\" \/>\t\t\t\t\t\t\t\t\t\t\t\t\t\t\t<\/div>\n\t\t\t\t<\/div>\n\t\t\t\t\t<\/div>\n\t\t<\/div>\n\t\t\t\t\t<\/div>\n\t\t<\/section>\n\t\t\t\t<div class=\"elementor-element elementor-element-b895492 elementor-widget elementor-widget-spacer\" data-id=\"b895492\" data-element_type=\"widget\" data-e-type=\"widget\" data-widget_type=\"spacer.default\">\n\t\t\t\t<div class=\"elementor-widget-container\">\n\t\t\t\t\t\t\t<div class=\"elementor-spacer\">\n\t\t\t<div class=\"elementor-spacer-inner\"><\/div>\n\t\t<\/div>\n\t\t\t\t\t\t<\/div>\n\t\t\t\t<\/div>\n\t\t\t\t<section class=\"elementor-section elementor-inner-section elementor-element elementor-element-f84b43f elementor-section-boxed elementor-section-height-default elementor-section-height-default elementor-invisible\" data-id=\"f84b43f\" data-element_type=\"section\" data-e-type=\"section\" data-settings=\"{&quot;background_background&quot;:&quot;classic&quot;,&quot;animation&quot;:&quot;bounceInRight&quot;}\">\n\t\t\t\t\t\t<div class=\"elementor-container elementor-column-gap-default\">\n\t\t\t\t\t<div class=\"elementor-column elementor-col-100 elementor-inner-column elementor-element elementor-element-643a747\" data-id=\"643a747\" data-element_type=\"column\" data-e-type=\"column\">\n\t\t\t<div class=\"elementor-widget-wrap elementor-element-populated\">\n\t\t\t\t\t\t<div class=\"elementor-element elementor-element-45cb689 elementor-widget elementor-widget-heading\" data-id=\"45cb689\" data-element_type=\"widget\" data-e-type=\"widget\" data-widget_type=\"heading.default\">\n\t\t\t\t<div class=\"elementor-widget-container\">\n\t\t\t\t\t<h4 class=\"elementor-heading-title elementor-size-default\">MISI\u00d3N<\/h4>\t\t\t\t<\/div>\n\t\t\t\t<\/div>\n\t\t\t\t<div class=\"elementor-element elementor-element-349cb6c elementor-widget elementor-widget-text-editor\" data-id=\"349cb6c\" data-element_type=\"widget\" data-e-type=\"widget\" data-widget_type=\"text-editor.default\">\n\t\t\t\t<div class=\"elementor-widget-container\">\n\t\t\t\t\t\t\t\t\t<h3 class=\"Estilo82\"><strong>Formar profesionales con sentido human\u00edstico, cient\u00edfico, intercultural, tecnol\u00f3gico, con responsabilidad social y principios \u00e9ticos, enfocado a la mejora continua en la competitividad e innovaci\u00f3n, orientado a contribuir al desarrollo sostenible de la educaci\u00f3n en la sociedad y en nuestro pa\u00eds.<\/strong><\/h3><p class=\"Estilo82\">PEI 2021-2025<\/p>\t\t\t\t\t\t\t\t<\/div>\n\t\t\t\t<\/div>\n\t\t\t\t\t<\/div>\n\t\t<\/div>\n\t\t\t\t\t<\/div>\n\t\t<\/section>\n\t\t\t\t<div class=\"elementor-element elementor-element-31c285b elementor-widget elementor-widget-spacer\" data-id=\"31c285b\" data-element_type=\"widget\" data-e-type=\"widget\" data-widget_type=\"spacer.default\">\n\t\t\t\t<div class=\"elementor-widget-container\">\n\t\t\t\t\t\t\t<div class=\"elementor-spacer\">\n\t\t\t<div class=\"elementor-spacer-inner\"><\/div>\n\t\t<\/div>\n\t\t\t\t\t\t<\/div>\n\t\t\t\t<\/div>\n\t\t\t\t<section class=\"elementor-section elementor-inner-section elementor-element elementor-element-1e1203f elementor-section-boxed elementor-section-height-default elementor-section-height-default elementor-invisible\" data-id=\"1e1203f\" data-element_type=\"section\" data-e-type=\"section\" data-settings=\"{&quot;background_background&quot;:&quot;classic&quot;,&quot;animation&quot;:&quot;bounceInRight&quot;}\">\n\t\t\t\t\t\t<div class=\"elementor-container elementor-column-gap-default\">\n\t\t\t\t\t<div class=\"elementor-column elementor-col-100 elementor-inner-column elementor-element elementor-element-c941cc2\" data-id=\"c941cc2\" data-element_type=\"column\" data-e-type=\"column\">\n\t\t\t<div class=\"elementor-widget-wrap elementor-element-populated\">\n\t\t\t\t\t\t<div class=\"elementor-element elementor-element-aa2ff30 elementor-widget elementor-widget-heading\" data-id=\"aa2ff30\" data-element_type=\"widget\" data-e-type=\"widget\" data-widget_type=\"heading.default\">\n\t\t\t\t<div class=\"elementor-widget-container\">\n\t\t\t\t\t<h4 class=\"elementor-heading-title elementor-size-default\">VISI\u00d3N<\/h4>\t\t\t\t<\/div>\n\t\t\t\t<\/div>\n\t\t\t\t<div class=\"elementor-element elementor-element-f1bba79 elementor-widget elementor-widget-text-editor\" data-id=\"f1bba79\" data-element_type=\"widget\" data-e-type=\"widget\" data-widget_type=\"text-editor.default\">\n\t\t\t\t<div class=\"elementor-widget-container\">\n\t\t\t\t\t\t\t\t\t<h3>\u201cEn la pr\u00f3xima d\u00e9cada vemos una universidad renovada en su Licenciamiento y Acreditada, con niveles adecuados de calidad, pluralismo, gobernanza y pertinencia para abordar con conciencia social, cr\u00edtica y de manera \u00e9ticamente responsable, los desaf\u00edos de la ense\u00f1anza universitaria, la investigaci\u00f3n, la responsabilidad social y la vinculaci\u00f3n con el medio, contribuyendo al desarrollo de sus comunidades y del pa\u00eds\u201d<\/h3>\t\t\t\t\t\t\t\t<\/div>\n\t\t\t\t<\/div>\n\t\t\t\t\t<\/div>\n\t\t<\/div>\n\t\t\t\t\t<\/div>\n\t\t<\/section>\n\t\t\t\t\t<\/div>\n\t\t<\/div>\n\t\t\t\t\t<\/div>\n\t\t<\/section>\n\t\t\t\t<\/div>\n\t\t","protected":false},"excerpt":{"rendered":"<p>MISI\u00d3N Formar profesionales con sentido human\u00edstico, cient\u00edfico, intercultural, tecnol\u00f3gico, con responsabilidad social y principios \u00e9ticos, enfocado a la mejora continua en la competitividad e innovaci\u00f3n, orientado a contribuir al desarrollo sostenible de la educaci\u00f3n en la sociedad y en nuestro <a href=\"https:\/\/www.une.edu.pe\/transparencia-universitaria\/mision-y-vision\/\" class=\"read-more\">Leer m\u00e1s&#8230;<\/a><\/p>\n","protected":false},"author":4,"featured_media":0,"parent":0,"menu_order":0,"comment_status":"closed","ping_status":"closed","template":"elementor_canvas","meta":{"footnotes":""},"class_list":["post-3655","page","type-page","status-publish","hentry"],"_links":{"self":[{"href":"https:\/\/www.une.edu.pe\/transparencia-universitaria\/wp-json\/wp\/v2\/pages\/3655","targetHints":{"allow":["GET"]}}],"collection":[{"href":"https:\/\/www.une.edu.pe\/transparencia-universitaria\/wp-json\/wp\/v2\/pages"}],"about":[{"href":"https:\/\/www.une.edu.pe\/transparencia-universitaria\/wp-json\/wp\/v2\/types\/page"}],"author":[{"embeddable":true,"href":"https:\/\/www.une.edu.pe\/transparencia-universitaria\/wp-json\/wp\/v2\/users\/4"}],"replies":[{"embeddable":true,"href":"https:\/\/www.une.edu.pe\/transparencia-universitaria\/wp-json\/wp\/v2\/comments?post=3655"}],"version-history":[{"count":14,"href":"https:\/\/www.une.edu.pe\/transparencia-universitaria\/wp-json\/wp\/v2\/pages\/3655\/revisions"}],"predecessor-version":[{"id":6239,"href":"https:\/\/www.une.edu.pe\/transparencia-universitaria\/wp-json\/wp\/v2\/pages\/3655\/revisions\/6239"}],"wp:attachment":[{"href":"https:\/\/www.une.edu.pe\/transparencia-universitaria\/wp-json\/wp\/v2\/media?parent=3655"}],"curies":[{"name":"wp","href":"https:\/\/api.w.org\/{rel}","templated":true}]}}