{"id":9559,"date":"2025-10-10T12:15:34","date_gmt":"2025-10-10T17:15:34","guid":{"rendered":"https:\/\/www.une.edu.pe\/tecnologia\/?page_id=9559"},"modified":"2025-10-10T12:32:42","modified_gmt":"2025-10-10T17:32:42","slug":"politicas-y-objetivos-institucionales","status":"publish","type":"page","link":"https:\/\/www.une.edu.pe\/tecnologia\/politicas-y-objetivos-institucionales\/","title":{"rendered":"Pol\u00edticas y objetivos institucionales"},"content":{"rendered":"\t\t<div data-elementor-type=\"wp-page\" data-elementor-id=\"9559\" class=\"elementor elementor-9559\">\n\t\t\t\t<div class=\"elementor-element elementor-element-28d1b6d e-flex e-con-boxed e-con e-parent\" data-id=\"28d1b6d\" data-element_type=\"container\">\n\t\t\t\t\t<div class=\"e-con-inner\">\n\t\t<div class=\"elementor-element elementor-element-e414eab e-con-full e-flex e-con e-child\" data-id=\"e414eab\" data-element_type=\"container\">\n\t\t\t\t<div class=\"elementor-element elementor-element-1c2bdff elementor-widget elementor-widget-heading\" data-id=\"1c2bdff\" data-element_type=\"widget\" data-widget_type=\"heading.default\">\n\t\t\t\t<div class=\"elementor-widget-container\">\n\t\t\t\t\t<h5 class=\"elementor-heading-title elementor-size-default\">Pol\u00edticas institucionales<\/h5>\t\t\t\t<\/div>\n\t\t\t\t<\/div>\n\t\t\t\t<div class=\"elementor-element elementor-element-9dddc44 elementor-widget elementor-widget-text-editor\" data-id=\"9dddc44\" data-element_type=\"widget\" data-widget_type=\"text-editor.default\">\n\t\t\t\t<div class=\"elementor-widget-container\">\n\t\t\t\t\t\t\t\t\t<ul><li><h4>PI-01. Impulsar la Formaci\u00f3n Profesional Sostenible y Socialmente Responsable de los Estudiantes y el Emprendimiento de la Internacionalizaci\u00f3n.<\/h4><\/li><li><h4>PI-02. Asegurar la Calidad de la Educaci\u00f3n Superior Universitaria.<\/h4><\/li><li><h4>PI-03. Promover la Investigaci\u00f3n Cient\u00edfica.<\/h4><\/li><li><h4>PI-04. Desarrollar la Responsabilidad Social Universitaria y la Gesti\u00f3n Ambiental.<\/h4><\/li><li><h4>PI-05. Fortalecer la Educaci\u00f3n Continua.<\/h4><\/li><li><h4>PI-06. Mejorar la gesti\u00f3n Institucional.<\/h4><\/li><li><h4>PI-07. Gestionar los Riesgos Institucionales.<\/h4><\/li><\/ul><h4>\u00a0<\/h4>\t\t\t\t\t\t\t\t<\/div>\n\t\t\t\t<\/div>\n\t\t\t\t<\/div>\n\t\t<div class=\"elementor-element elementor-element-4bdf065 e-con-full e-flex e-con e-child\" data-id=\"4bdf065\" data-element_type=\"container\">\n\t\t\t\t<div class=\"elementor-element elementor-element-fc18d89 elementor-widget elementor-widget-image\" data-id=\"fc18d89\" data-element_type=\"widget\" data-widget_type=\"image.default\">\n\t\t\t\t<div class=\"elementor-widget-container\">\n\t\t\t\t\t\t\t\t\t\t\t\t\t\t\t<img fetchpriority=\"high\" decoding=\"async\" width=\"1024\" height=\"315\" src=\"https:\/\/www.une.edu.pe\/tecnologia\/wp-content\/uploads\/2025\/10\/PolInst-1024x315.png\" class=\"attachment-large size-large wp-image-9566\" alt=\"\" srcset=\"https:\/\/www.une.edu.pe\/tecnologia\/wp-content\/uploads\/2025\/10\/PolInst-1024x315.png 1024w, https:\/\/www.une.edu.pe\/tecnologia\/wp-content\/uploads\/2025\/10\/PolInst-300x92.png 300w, https:\/\/www.une.edu.pe\/tecnologia\/wp-content\/uploads\/2025\/10\/PolInst-768x237.png 768w, https:\/\/www.une.edu.pe\/tecnologia\/wp-content\/uploads\/2025\/10\/PolInst-1536x473.png 1536w, https:\/\/www.une.edu.pe\/tecnologia\/wp-content\/uploads\/2025\/10\/PolInst-600x185.png 600w, https:\/\/www.une.edu.pe\/tecnologia\/wp-content\/uploads\/2025\/10\/PolInst.png 1841w\" sizes=\"(max-width: 1024px) 100vw, 1024px\" \/>\t\t\t\t\t\t\t\t\t\t\t\t\t\t\t<\/div>\n\t\t\t\t<\/div>\n\t\t\t\t<\/div>\n\t\t\t\t\t<\/div>\n\t\t\t\t<\/div>\n\t\t<div class=\"elementor-element elementor-element-4bb199c e-flex e-con-boxed e-con e-parent\" data-id=\"4bb199c\" data-element_type=\"container\">\n\t\t\t\t\t<div class=\"e-con-inner\">\n\t\t<div class=\"elementor-element elementor-element-99fd214 e-con-full e-flex e-con e-child\" data-id=\"99fd214\" data-element_type=\"container\">\n\t\t\t\t<div class=\"elementor-element elementor-element-35cdde2 elementor-widget elementor-widget-heading\" data-id=\"35cdde2\" data-element_type=\"widget\" data-widget_type=\"heading.default\">\n\t\t\t\t<div class=\"elementor-widget-container\">\n\t\t\t\t\t<h5 class=\"elementor-heading-title elementor-size-default\">Objetivos estrat\u00e9gicos institucionales<\/h5>\t\t\t\t<\/div>\n\t\t\t\t<\/div>\n\t\t\t\t<div class=\"elementor-element elementor-element-30d3eea elementor-widget elementor-widget-text-editor\" data-id=\"30d3eea\" data-element_type=\"widget\" data-widget_type=\"text-editor.default\">\n\t\t\t\t<div class=\"elementor-widget-container\">\n\t\t\t\t\t\t\t\t\t<ul><li><h4>OEI-01. Mejorar la formaci\u00f3n acad\u00e9mica integral de los Estudiantes Universitarios.<\/h4><\/li><li><h4>OEI-02. Promover la Investigaci\u00f3n Cient\u00edfica Educativa y Tecnol\u00f3gica en la Comunidad Universitaria.<\/h4><\/li><li><h4>OEI-03. Fortalecer las actividades de extensi\u00f3n cultural y proyecci\u00f3n social aplicado e integrado al conocimiento en la comunidad Universitaria y la Sociedad.<\/h4><\/li><li><h4>OEI-04. Fortalecer la Gesti\u00f3n Institucional.<\/h4><\/li><li><h4>OEI-05. Implementar la gesti\u00f3n de riesgos de desastres.<\/h4><\/li><li><h4>OEI-06. Promover la transformaci\u00f3n digital implementada en la Comunidad Universitaria.<\/h4><\/li><\/ul>\t\t\t\t\t\t\t\t<\/div>\n\t\t\t\t<\/div>\n\t\t\t\t<\/div>\n\t\t<div class=\"elementor-element elementor-element-079f186 e-con-full e-flex e-con e-child\" data-id=\"079f186\" data-element_type=\"container\">\n\t\t\t\t<div class=\"elementor-element elementor-element-b3c5949 elementor-widget elementor-widget-image\" data-id=\"b3c5949\" data-element_type=\"widget\" data-widget_type=\"image.default\">\n\t\t\t\t<div class=\"elementor-widget-container\">\n\t\t\t\t\t\t\t\t\t\t\t\t\t\t\t<img decoding=\"async\" width=\"500\" height=\"291\" src=\"https:\/\/www.une.edu.pe\/tecnologia\/wp-content\/uploads\/2025\/09\/objetivos-1.jpg\" class=\"attachment-large size-large wp-image-9175\" alt=\"\" srcset=\"https:\/\/www.une.edu.pe\/tecnologia\/wp-content\/uploads\/2025\/09\/objetivos-1.jpg 500w, https:\/\/www.une.edu.pe\/tecnologia\/wp-content\/uploads\/2025\/09\/objetivos-1-300x175.jpg 300w\" sizes=\"(max-width: 500px) 100vw, 500px\" \/>\t\t\t\t\t\t\t\t\t\t\t\t\t\t\t<\/div>\n\t\t\t\t<\/div>\n\t\t\t\t<\/div>\n\t\t\t\t\t<\/div>\n\t\t\t\t<\/div>\n\t\t\t\t<\/div>\n\t\t","protected":false},"excerpt":{"rendered":"<p>Pol&iacute;ticas institucionales PI-01. Impulsar la Formaci&oacute;n Profesional Sostenible y Socialmente Responsable de los Estudiantes y el Emprendimiento de la Internacionalizaci&oacute;n. PI-02. Asegurar la Calidad de la Educaci&oacute;n Superior Universitaria. PI-03. Promover la Investigaci&oacute;n Cient&iacute;fica. PI-04. Desarrollar la Responsabilidad Social Universitaria y la Gesti&oacute;n Ambiental. PI-05. Fortalecer la Educaci&oacute;n Continua. PI-06. Mejorar la gesti&oacute;n Institucional. PI-07. [&hellip;]<\/p>\n","protected":false},"author":2,"featured_media":0,"parent":0,"menu_order":0,"comment_status":"closed","ping_status":"closed","template":"","meta":{"footnotes":""},"class_list":["post-9559","page","type-page","status-publish","hentry"],"_links":{"self":[{"href":"https:\/\/www.une.edu.pe\/tecnologia\/wp-json\/wp\/v2\/pages\/9559","targetHints":{"allow":["GET"]}}],"collection":[{"href":"https:\/\/www.une.edu.pe\/tecnologia\/wp-json\/wp\/v2\/pages"}],"about":[{"href":"https:\/\/www.une.edu.pe\/tecnologia\/wp-json\/wp\/v2\/types\/page"}],"author":[{"embeddable":true,"href":"https:\/\/www.une.edu.pe\/tecnologia\/wp-json\/wp\/v2\/users\/2"}],"replies":[{"embeddable":true,"href":"https:\/\/www.une.edu.pe\/tecnologia\/wp-json\/wp\/v2\/comments?post=9559"}],"version-history":[{"count":7,"href":"https:\/\/www.une.edu.pe\/tecnologia\/wp-json\/wp\/v2\/pages\/9559\/revisions"}],"predecessor-version":[{"id":9569,"href":"https:\/\/www.une.edu.pe\/tecnologia\/wp-json\/wp\/v2\/pages\/9559\/revisions\/9569"}],"wp:attachment":[{"href":"https:\/\/www.une.edu.pe\/tecnologia\/wp-json\/wp\/v2\/media?parent=9559"}],"curies":[{"name":"wp","href":"https:\/\/api.w.org\/{rel}","templated":true}]}}