{"id":905,"date":"2025-03-24T13:54:06","date_gmt":"2025-03-24T18:54:06","guid":{"rendered":"https:\/\/www.une.edu.pe\/fatec\/?page_id=905"},"modified":"2025-04-23T15:00:11","modified_gmt":"2025-04-23T20:00:11","slug":"investigacion","status":"publish","type":"page","link":"https:\/\/www.une.edu.pe\/tecnologia\/investigacion\/","title":{"rendered":"Presentacion Investigaci\u00f3n"},"content":{"rendered":"\n<hr class=\"wp-block-separator has-alpha-channel-opacity is-style-wide\"\/>\n\n\n<div class=\"wp-block-image\">\n<figure class=\"aligncenter size-full is-resized\"><img fetchpriority=\"high\" decoding=\"async\" width=\"1336\" height=\"365\" src=\"https:\/\/www.une.edu.pe\/fatec\/wp-content\/uploads\/2025\/03\/PResentacionInvestigacion.jpg\" alt=\"\" class=\"wp-image-965\" style=\"width:1161px;height:auto\" srcset=\"https:\/\/www.une.edu.pe\/tecnologia\/wp-content\/uploads\/2025\/03\/PResentacionInvestigacion.jpg 1336w, https:\/\/www.une.edu.pe\/tecnologia\/wp-content\/uploads\/2025\/03\/PResentacionInvestigacion-300x82.jpg 300w, https:\/\/www.une.edu.pe\/tecnologia\/wp-content\/uploads\/2025\/03\/PResentacionInvestigacion-1024x280.jpg 1024w, https:\/\/www.une.edu.pe\/tecnologia\/wp-content\/uploads\/2025\/03\/PResentacionInvestigacion-768x210.jpg 768w\" sizes=\"(max-width: 1336px) 100vw, 1336px\" \/><\/figure>\n<\/div>\n\n\n<hr class=\"wp-block-separator has-alpha-channel-opacity is-style-wide\"\/>\n\n\n<h2 class=\"wp-block-heading\" id=\"presentacion\">Presentaci\u00f3n<\/h2>\n\n\n<hr class=\"wp-block-separator has-alpha-channel-opacity is-style-wide\"\/>\n\n\n\n<div class=\"wp-block-media-text is-stacked-on-mobile\"><figure class=\"wp-block-media-text__media\"><img decoding=\"async\" width=\"578\" height=\"589\" src=\"https:\/\/www.une.edu.pe\/fatec\/wp-content\/uploads\/2025\/03\/Investigacion_valido2025.jpg\" alt=\"\" class=\"wp-image-972 size-full\" srcset=\"https:\/\/www.une.edu.pe\/tecnologia\/wp-content\/uploads\/2025\/03\/Investigacion_valido2025.jpg 578w, https:\/\/www.une.edu.pe\/tecnologia\/wp-content\/uploads\/2025\/03\/Investigacion_valido2025-294x300.jpg 294w\" sizes=\"(max-width: 578px) 100vw, 578px\" \/><\/figure><div class=\"wp-block-media-text__content\">\n<p>La Unidad de Investigaci\u00f3n de la Facultad de Tecnolog\u00eda (FATEC) les da la bienvenida. Consideramos que esta unidad es un espacio fundamental para los docentes, estudiantes y egresados; quienes cumplen un rol fundamental dentro de nuestra Instituci\u00f3n Formadora de Maestros. La investigaci\u00f3n es uno de los soportes en la formaci\u00f3n profesional de nuestros estudiantes y el desarrollo de la experiencia acad\u00e9mica del docente.<\/p>\n\n\n\n<p>Sobre el desarrollo de las investigaciones, la FATEC cuenta con un equipo de docentes especialistas e investigadores RENACyT, docentes que cuentan con patentes nacionales e internacionales, esta labor incluye a estudiantes investigadores (semilleros) y personal administrativo.<\/p>\n\n\n\n<p>En este sentido la Unidad de Investigaci\u00f3n de la FATEC a trav\u00e9s de esta v\u00eda, brindar\u00e1 informaci\u00f3n pertinente para la orientaci\u00f3n de los procedimientos acad\u00e9micos y administrativos en todo a lo que se refiere a la investigaci\u00f3n; como son: proyectos de investigaci\u00f3n, docentes investigadores asesores, estudiantes ganadores que realizan sus investigaciones con subvenci\u00f3n econ\u00f3mica; as\u00ed como los proyectos que han iniciado el tr\u00e1mite para ser sustentados mediante la modalidad de Tesis. &nbsp;<\/p>\n\n\n\n<p>En los \u00faltimos a\u00f1os se ha implementado y actualizado normas y directivas, as\u00ed como las l\u00edneas de investigaci\u00f3n de car\u00e1cter cient\u00edfico, tecnol\u00f3gico e innovador, protocolo para investigaci\u00f3n, podr\u00e1 encontrarlas en esta p\u00e1gina.<\/p>\n<\/div><\/div>\n\n\n\n<p><\/p>\n","protected":false},"excerpt":{"rendered":"<p>Presentaci&oacute;n La Unidad de Investigaci&oacute;n de la Facultad de Tecnolog&iacute;a (FATEC) les da la bienvenida. Consideramos que esta unidad es un espacio fundamental para los docentes, estudiantes y egresados; quienes cumplen un rol fundamental dentro de nuestra Instituci&oacute;n Formadora de Maestros. La investigaci&oacute;n es uno de los soportes en la formaci&oacute;n profesional de nuestros estudiantes [&hellip;]<\/p>\n","protected":false},"author":1,"featured_media":0,"parent":0,"menu_order":0,"comment_status":"closed","ping_status":"closed","template":"blank","meta":{"footnotes":""},"class_list":["post-905","page","type-page","status-publish","hentry"],"_links":{"self":[{"href":"https:\/\/www.une.edu.pe\/tecnologia\/wp-json\/wp\/v2\/pages\/905","targetHints":{"allow":["GET"]}}],"collection":[{"href":"https:\/\/www.une.edu.pe\/tecnologia\/wp-json\/wp\/v2\/pages"}],"about":[{"href":"https:\/\/www.une.edu.pe\/tecnologia\/wp-json\/wp\/v2\/types\/page"}],"author":[{"embeddable":true,"href":"https:\/\/www.une.edu.pe\/tecnologia\/wp-json\/wp\/v2\/users\/1"}],"replies":[{"embeddable":true,"href":"https:\/\/www.une.edu.pe\/tecnologia\/wp-json\/wp\/v2\/comments?post=905"}],"version-history":[{"count":9,"href":"https:\/\/www.une.edu.pe\/tecnologia\/wp-json\/wp\/v2\/pages\/905\/revisions"}],"predecessor-version":[{"id":4310,"href":"https:\/\/www.une.edu.pe\/tecnologia\/wp-json\/wp\/v2\/pages\/905\/revisions\/4310"}],"wp:attachment":[{"href":"https:\/\/www.une.edu.pe\/tecnologia\/wp-json\/wp\/v2\/media?parent=905"}],"curies":[{"name":"wp","href":"https:\/\/api.w.org\/{rel}","templated":true}]}}