{"id":871,"date":"2025-03-24T10:35:40","date_gmt":"2025-03-24T15:35:40","guid":{"rendered":"https:\/\/www.une.edu.pe\/fatec\/?page_id=871"},"modified":"2025-03-24T11:48:36","modified_gmt":"2025-03-24T16:48:36","slug":"reglamentos","status":"publish","type":"page","link":"https:\/\/www.une.edu.pe\/tecnologia\/reglamentos\/","title":{"rendered":"Reglamentos"},"content":{"rendered":"\n<hr class=\"wp-block-separator has-alpha-channel-opacity is-style-wide\"\/>\n\n\n<div class=\"wp-block-image\">\n<figure class=\"aligncenter size-full is-resized\"><img fetchpriority=\"high\" decoding=\"async\" width=\"1061\" height=\"459\" src=\"https:\/\/www.une.edu.pe\/fatec\/wp-content\/uploads\/2025\/03\/Regla_valido.jpg\" alt=\"\" class=\"wp-image-877\" style=\"width:1161px;height:auto\" srcset=\"https:\/\/www.une.edu.pe\/tecnologia\/wp-content\/uploads\/2025\/03\/Regla_valido.jpg 1061w, https:\/\/www.une.edu.pe\/tecnologia\/wp-content\/uploads\/2025\/03\/Regla_valido-300x130.jpg 300w, https:\/\/www.une.edu.pe\/tecnologia\/wp-content\/uploads\/2025\/03\/Regla_valido-1024x443.jpg 1024w, https:\/\/www.une.edu.pe\/tecnologia\/wp-content\/uploads\/2025\/03\/Regla_valido-768x332.jpg 768w\" sizes=\"(max-width: 1061px) 100vw, 1061px\" \/><\/figure>\n<\/div>\n\n\n<hr class=\"wp-block-separator has-alpha-channel-opacity is-style-wide\"\/>\n\n\n<h2 class=\"wp-block-heading\" id=\"reglamentos\"><mark style=\"background-color:rgba(0, 0, 0, 0)\" class=\"has-inline-color has-hover-color\"><strong>Reglamentos<\/strong><\/mark><\/h2>\n\n\n<hr class=\"wp-block-separator has-alpha-channel-opacity is-style-wide\"\/>\n\n\n\n<figure class=\"wp-block-image size-large\"><img decoding=\"async\" width=\"1024\" height=\"359\" src=\"https:\/\/www.une.edu.pe\/fatec\/wp-content\/uploads\/2025\/03\/Foto-Reglamento-1024x359.jpg\" alt=\"\" class=\"wp-image-883\" srcset=\"https:\/\/www.une.edu.pe\/tecnologia\/wp-content\/uploads\/2025\/03\/Foto-Reglamento-1024x359.jpg 1024w, https:\/\/www.une.edu.pe\/tecnologia\/wp-content\/uploads\/2025\/03\/Foto-Reglamento-300x105.jpg 300w, https:\/\/www.une.edu.pe\/tecnologia\/wp-content\/uploads\/2025\/03\/Foto-Reglamento-768x269.jpg 768w, https:\/\/www.une.edu.pe\/tecnologia\/wp-content\/uploads\/2025\/03\/Foto-Reglamento.jpg 1026w\" sizes=\"(max-width: 1024px) 100vw, 1024px\" \/><\/figure>\n\n\n<h2 class=\"wp-block-heading\" id=\"gt-video-de-documentos-de-organizacion-y-de-gestion-de-la-une\">&#8212;&gt; <mark style=\"background-color:rgba(0, 0, 0, 0)\" class=\"has-inline-color has-body-color\">Video de documentos de organizaci\u00f3n y de gesti\u00f3n de la UNE<\/mark><\/h2>\n\n\n<figure class=\"wp-block-embed is-type-video is-provider-youtube wp-block-embed-youtube wp-embed-aspect-16-9 wp-has-aspect-ratio\"><div class=\"wp-block-embed__wrapper\">\n<iframe title=\"DOCUMENTOS DE ORGANIZACI\u00d3N Y GESTI\u00d3N DE LA UNE\" width=\"1200\" height=\"675\" src=\"https:\/\/www.youtube.com\/embed\/tfZSZ_iAMBM?start=11&#038;feature=oembed\" frameborder=\"0\" allow=\"accelerometer; autoplay; clipboard-write; encrypted-media; gyroscope; picture-in-picture; web-share\" referrerpolicy=\"strict-origin-when-cross-origin\" allowfullscreen><\/iframe>\n<\/div><\/figure>\n\n\n<h2 class=\"wp-block-heading\" id=\"gt-enlaces-de-importancia\">&#8212;&gt; <mark style=\"background-color:rgba(0, 0, 0, 0)\" class=\"has-inline-color has-body-color\">Enlaces de importancia<\/mark><\/h2>\n\n\n<figure class=\"wp-block-table aligncenter\"><table class=\"has-fixed-layout\"><tbody><tr><td><strong>Enlace a directo a la p\u00e1gina de los documentos de organizaci\u00f3n y gesti\u00f3n<\/strong><\/td><td class=\"has-text-align-right\" data-align=\"right\"><a href=\"https:\/\/www.une.edu.pe\/transparencia-universitaria\/organizacion-y-gestion.html\" target=\"_blank\" rel=\"noreferrer noopener\"><img decoding=\"async\" width=\"150\" height=\"35\" class=\"wp-image-892\" style=\"width: 150px;\" src=\"https:\/\/www.une.edu.pe\/fatec\/wp-content\/uploads\/2025\/03\/Mas-Informacion-1.jpg\" alt=\"\" srcset=\"https:\/\/www.une.edu.pe\/tecnologia\/wp-content\/uploads\/2025\/03\/Mas-Informacion-1.jpg 408w, https:\/\/www.une.edu.pe\/tecnologia\/wp-content\/uploads\/2025\/03\/Mas-Informacion-1-300x70.jpg 300w\" sizes=\"(max-width: 150px) 100vw, 150px\" \/><\/a><\/td><\/tr><tr><td><strong>Reglamentos de transparencia<\/strong><\/td><td class=\"has-text-align-right\" data-align=\"right\"><a href=\"https:\/\/www.une.edu.pe\/transparencia\/informacion\/reglamento.html\" target=\"_blank\" rel=\"noreferrer noopener\"><img decoding=\"async\" width=\"150\" height=\"35\" class=\"wp-image-892\" style=\"width: 150px;\" src=\"https:\/\/www.une.edu.pe\/fatec\/wp-content\/uploads\/2025\/03\/Mas-Informacion-1.jpg\" alt=\"\" srcset=\"https:\/\/www.une.edu.pe\/tecnologia\/wp-content\/uploads\/2025\/03\/Mas-Informacion-1.jpg 408w, https:\/\/www.une.edu.pe\/tecnologia\/wp-content\/uploads\/2025\/03\/Mas-Informacion-1-300x70.jpg 300w\" sizes=\"(max-width: 150px) 100vw, 150px\" \/><\/a><\/td><\/tr><\/tbody><\/table><\/figure>\n\n\n\n<hr class=\"wp-block-separator has-alpha-channel-opacity is-style-wide\"\/>\n\n\n\n<hr class=\"wp-block-separator has-alpha-channel-opacity is-style-wide\"\/>\n\n\n\n<p><\/p>\n","protected":false},"excerpt":{"rendered":"<p>Reglamentos &mdash;&gt; Video de documentos de organizaci&oacute;n y de gesti&oacute;n de la UNE &mdash;&gt; Enlaces de importancia Enlace a directo a la p&aacute;gina de los documentos de organizaci&oacute;n y gesti&oacute;n Reglamentos de transparencia<\/p>\n","protected":false},"author":1,"featured_media":0,"parent":0,"menu_order":0,"comment_status":"closed","ping_status":"closed","template":"blank","meta":{"footnotes":""},"class_list":["post-871","page","type-page","status-publish","hentry"],"_links":{"self":[{"href":"https:\/\/www.une.edu.pe\/tecnologia\/wp-json\/wp\/v2\/pages\/871","targetHints":{"allow":["GET"]}}],"collection":[{"href":"https:\/\/www.une.edu.pe\/tecnologia\/wp-json\/wp\/v2\/pages"}],"about":[{"href":"https:\/\/www.une.edu.pe\/tecnologia\/wp-json\/wp\/v2\/types\/page"}],"author":[{"embeddable":true,"href":"https:\/\/www.une.edu.pe\/tecnologia\/wp-json\/wp\/v2\/users\/1"}],"replies":[{"embeddable":true,"href":"https:\/\/www.une.edu.pe\/tecnologia\/wp-json\/wp\/v2\/comments?post=871"}],"version-history":[{"count":23,"href":"https:\/\/www.une.edu.pe\/tecnologia\/wp-json\/wp\/v2\/pages\/871\/revisions"}],"predecessor-version":[{"id":903,"href":"https:\/\/www.une.edu.pe\/tecnologia\/wp-json\/wp\/v2\/pages\/871\/revisions\/903"}],"wp:attachment":[{"href":"https:\/\/www.une.edu.pe\/tecnologia\/wp-json\/wp\/v2\/media?parent=871"}],"curies":[{"name":"wp","href":"https:\/\/api.w.org\/{rel}","templated":true}]}}