{"id":7999,"date":"2025-07-24T14:48:14","date_gmt":"2025-07-24T19:48:14","guid":{"rendered":"https:\/\/www.une.edu.pe\/fatec\/?page_id=7999"},"modified":"2026-03-25T18:24:56","modified_gmt":"2026-03-25T23:24:56","slug":"noticias-de-la-fatec","status":"publish","type":"page","link":"https:\/\/www.une.edu.pe\/tecnologia\/noticias-de-la-fatec\/","title":{"rendered":"Noticias de la FATEC"},"content":{"rendered":"\t\t<div data-elementor-type=\"wp-page\" data-elementor-id=\"7999\" class=\"elementor elementor-7999\">\n\t\t\t\t<div class=\"elementor-element elementor-element-65f633a fatec-news e-flex e-con-boxed e-con e-parent\" data-id=\"65f633a\" data-element_type=\"container\">\n\t\t\t\t\t<div class=\"e-con-inner\">\n\t\t\t\t<div class=\"elementor-element elementor-element-9a8f08e elespare-section-title-elespare-left elementor-widget elementor-widget-post-express-list\" data-id=\"9a8f08e\" data-element_type=\"widget\" data-widget_type=\"post-express-list.default\">\n\t\t\t\t<div class=\"elementor-widget-container\">\n\t\t\t\t\t\n    <div class=\"elespare-express-list-wrap express-layout has-background \">\n      <div class=\"elespare-posts-wrap elementor-express express-style-2  elespare-image-zoom elespare-light\">\n                    <div class=\"elespare-posts-express-post-items\">\n\n              <div class=\"elespare-img-wrapper\">\n                    <a href=\"https:\/\/www.une.edu.pe\/tecnologia\/facultad-de-tecnologia-de-la-une-recibe-colibri-de-la-calidad-educativa-tras-acreditacion-de-tres-programas-de-estudios\/\">\n            <img fetchpriority=\"high\" decoding=\"async\" width=\"1024\" height=\"684\" src=\"https:\/\/www.une.edu.pe\/tecnologia\/wp-content\/uploads\/2026\/03\/1-acreditacion-1024x684.jpg\" class=\"attachment-large size-large wp-post-image\" alt=\"\" srcset=\"https:\/\/www.une.edu.pe\/tecnologia\/wp-content\/uploads\/2026\/03\/1-acreditacion-1024x684.jpg 1024w, https:\/\/www.une.edu.pe\/tecnologia\/wp-content\/uploads\/2026\/03\/1-acreditacion-300x200.jpg 300w, https:\/\/www.une.edu.pe\/tecnologia\/wp-content\/uploads\/2026\/03\/1-acreditacion-768x513.jpg 768w, https:\/\/www.une.edu.pe\/tecnologia\/wp-content\/uploads\/2026\/03\/1-acreditacion-1536x1026.jpg 1536w, https:\/\/www.une.edu.pe\/tecnologia\/wp-content\/uploads\/2026\/03\/1-acreditacion-600x401.jpg 600w, https:\/\/www.une.edu.pe\/tecnologia\/wp-content\/uploads\/2026\/03\/1-acreditacion.jpg 2048w\" sizes=\"(max-width: 1024px) 100vw, 1024px\" \/>        <\/a>\n                  <\/div>\n              <div class=\"elespare-content-wrapper\">\n                \n    <h4 class=\"elespare-post-title\">\n        <a href=\"https:\/\/www.une.edu.pe\/tecnologia\/facultad-de-tecnologia-de-la-une-recibe-colibri-de-la-calidad-educativa-tras-acreditacion-de-tres-programas-de-estudios\/\"> <span>FACULTAD DE TECNOLOG\u00cdA DE LA UNE RECIBE COLIBR\u00cd DE LA CALIDAD EDUCATIVA TRAS ACREDITACI\u00d3N DE TRES PROGRAMAS DE ESTUDIOS<\/span><\/a>\n    <\/h4>\n          <div class=\"elespare-metadata\">\n                          <span class=\"elespare-posts-full-post-author\">\n            <a href=\"https:\/\/www.une.edu.pe\/tecnologia\/2026\/\">\n              <i class=\"demo-icon elespare-icons-clock-regular\" aria-hidden=\"true\"><\/i>\n              marzo 25, 2026            <\/a>\n          <\/span>\n                      <\/div>\n\n    <div class=\"elespare-exceprt\">\n                           <\/div>\n    \n              <\/div>\n            <\/div>\n                    <div class=\"elespare-posts-express-post-items\">\n\n              <div class=\"elespare-img-wrapper\">\n                    <a href=\"https:\/\/www.une.edu.pe\/tecnologia\/une-logra-la-acreditacion-de-tres-programas-de-la-facultad-de-tecnologia-otorgada-por-el-coneau\/\">\n            <img decoding=\"async\" width=\"1024\" height=\"602\" src=\"https:\/\/www.une.edu.pe\/tecnologia\/wp-content\/uploads\/2026\/02\/Diseno-sin-titulo-5-1024x602.png\" class=\"attachment-large size-large wp-post-image\" alt=\"\" srcset=\"https:\/\/www.une.edu.pe\/tecnologia\/wp-content\/uploads\/2026\/02\/Diseno-sin-titulo-5-1024x602.png 1024w, https:\/\/www.une.edu.pe\/tecnologia\/wp-content\/uploads\/2026\/02\/Diseno-sin-titulo-5-300x176.png 300w, https:\/\/www.une.edu.pe\/tecnologia\/wp-content\/uploads\/2026\/02\/Diseno-sin-titulo-5-768x451.png 768w, https:\/\/www.une.edu.pe\/tecnologia\/wp-content\/uploads\/2026\/02\/Diseno-sin-titulo-5-600x353.png 600w, https:\/\/www.une.edu.pe\/tecnologia\/wp-content\/uploads\/2026\/02\/Diseno-sin-titulo-5.png 1091w\" sizes=\"(max-width: 1024px) 100vw, 1024px\" \/>        <\/a>\n                  <\/div>\n              <div class=\"elespare-content-wrapper\">\n                \n    <h4 class=\"elespare-post-title\">\n        <a href=\"https:\/\/www.une.edu.pe\/tecnologia\/une-logra-la-acreditacion-de-tres-programas-de-la-facultad-de-tecnologia-otorgada-por-el-coneau\/\"> <span>UNE, LOGRA LA ACREDITACI\u00d3N DE TRES PROGRAMAS DE LA FACULTAD DE TECNOLOG\u00cdA OTORGADA POR EL CONEAU<\/span><\/a>\n    <\/h4>\n          <div class=\"elespare-metadata\">\n                          <span class=\"elespare-posts-full-post-author\">\n            <a href=\"https:\/\/www.une.edu.pe\/tecnologia\/2026\/\">\n              <i class=\"demo-icon elespare-icons-clock-regular\" aria-hidden=\"true\"><\/i>\n              febrero 4, 2026            <\/a>\n          <\/span>\n                      <\/div>\n\n    <div class=\"elespare-exceprt\">\n                           <\/div>\n    \n              <\/div>\n            <\/div>\n                    <div class=\"elespare-posts-express-post-items\">\n\n              <div class=\"elespare-img-wrapper\">\n                    <a href=\"https:\/\/www.une.edu.pe\/tecnologia\/facultad-de-tecnologia-logra-recomendacion-para-certificacion-iso-90012015\/\">\n            <img decoding=\"async\" width=\"150\" height=\"150\" src=\"https:\/\/www.une.edu.pe\/tecnologia\/wp-content\/uploads\/2026\/01\/1-IMG_1642-150x150.jpg\" class=\"attachment-thumbnail size-thumbnail wp-post-image\" alt=\"\" srcset=\"https:\/\/www.une.edu.pe\/tecnologia\/wp-content\/uploads\/2026\/01\/1-IMG_1642-150x150.jpg 150w, https:\/\/www.une.edu.pe\/tecnologia\/wp-content\/uploads\/2026\/01\/1-IMG_1642-230x230.jpg 230w, https:\/\/www.une.edu.pe\/tecnologia\/wp-content\/uploads\/2026\/01\/1-IMG_1642-400x400.jpg 400w, https:\/\/www.une.edu.pe\/tecnologia\/wp-content\/uploads\/2026\/01\/1-IMG_1642-640x640.jpg 640w\" sizes=\"(max-width: 150px) 100vw, 150px\" \/>        <\/a>\n                  <\/div>\n              <div class=\"elespare-content-wrapper\">\n                \n    <h4 class=\"elespare-post-title\">\n        <a href=\"https:\/\/www.une.edu.pe\/tecnologia\/facultad-de-tecnologia-logra-recomendacion-para-certificacion-iso-90012015\/\"> <span>Facultad de Tecnolog\u00eda logra recomendaci\u00f3n para certificaci\u00f3n ISO 9001:2015<\/span><\/a>\n    <\/h4>\n          <div class=\"elespare-metadata\">\n                          <span class=\"elespare-posts-full-post-author\">\n            <a href=\"https:\/\/www.une.edu.pe\/tecnologia\/2026\/\">\n              <i class=\"demo-icon elespare-icons-clock-regular\" aria-hidden=\"true\"><\/i>\n              enero 27, 2026            <\/a>\n          <\/span>\n                      <\/div>\n\n\n              <\/div>\n            <\/div>\n                    <div class=\"elespare-posts-express-post-items\">\n\n              <div class=\"elespare-img-wrapper\">\n                    <a href=\"https:\/\/www.une.edu.pe\/tecnologia\/docentes-renacyt-de-la-facultad-de-tecnologia-realizaron-conversatorio-sobre-tipos-de-investigacion-cientifica\/\">\n            <img loading=\"lazy\" decoding=\"async\" width=\"150\" height=\"150\" src=\"https:\/\/www.une.edu.pe\/tecnologia\/wp-content\/uploads\/2025\/11\/foto_inv04-150x150.jpg\" class=\"attachment-thumbnail size-thumbnail wp-post-image\" alt=\"\" srcset=\"https:\/\/www.une.edu.pe\/tecnologia\/wp-content\/uploads\/2025\/11\/foto_inv04-150x150.jpg 150w, https:\/\/www.une.edu.pe\/tecnologia\/wp-content\/uploads\/2025\/11\/foto_inv04-230x230.jpg 230w, https:\/\/www.une.edu.pe\/tecnologia\/wp-content\/uploads\/2025\/11\/foto_inv04-400x400.jpg 400w, https:\/\/www.une.edu.pe\/tecnologia\/wp-content\/uploads\/2025\/11\/foto_inv04-640x640.jpg 640w\" sizes=\"(max-width: 150px) 100vw, 150px\" \/>        <\/a>\n                  <\/div>\n              <div class=\"elespare-content-wrapper\">\n                \n    <h4 class=\"elespare-post-title\">\n        <a href=\"https:\/\/www.une.edu.pe\/tecnologia\/docentes-renacyt-de-la-facultad-de-tecnologia-realizaron-conversatorio-sobre-tipos-de-investigacion-cientifica\/\"> <span>Docentes Renacyt de la Facultad de Tecnolog\u00eda realizaron conversatorio sobre tipos de investigaci\u00f3n cient\u00edfica<\/span><\/a>\n    <\/h4>\n          <div class=\"elespare-metadata\">\n                          <span class=\"elespare-posts-full-post-author\">\n            <a href=\"https:\/\/www.une.edu.pe\/tecnologia\/2025\/\">\n              <i class=\"demo-icon elespare-icons-clock-regular\" aria-hidden=\"true\"><\/i>\n              noviembre 10, 2025            <\/a>\n          <\/span>\n                      <\/div>\n\n\n              <\/div>\n            <\/div>\n                    <div class=\"elespare-posts-express-post-items\">\n\n              <div class=\"elespare-img-wrapper\">\n                    <a href=\"https:\/\/www.une.edu.pe\/tecnologia\/capacitacion-docente-domina-el-acceso-a-la-biblioteca-virtual-turnitin-y-el-uso-de-pizarras-interactiva\/\">\n            <img loading=\"lazy\" decoding=\"async\" width=\"150\" height=\"150\" src=\"https:\/\/www.une.edu.pe\/tecnologia\/wp-content\/uploads\/2025\/07\/image-14-150x150.png\" class=\"attachment-thumbnail size-thumbnail wp-post-image\" alt=\"\" srcset=\"https:\/\/www.une.edu.pe\/tecnologia\/wp-content\/uploads\/2025\/07\/image-14-150x150.png 150w, https:\/\/www.une.edu.pe\/tecnologia\/wp-content\/uploads\/2025\/07\/image-14-230x230.png 230w, https:\/\/www.une.edu.pe\/tecnologia\/wp-content\/uploads\/2025\/07\/image-14-400x400.png 400w\" sizes=\"(max-width: 150px) 100vw, 150px\" \/>        <\/a>\n                  <\/div>\n              <div class=\"elespare-content-wrapper\">\n                \n    <h4 class=\"elespare-post-title\">\n        <a href=\"https:\/\/www.une.edu.pe\/tecnologia\/capacitacion-docente-domina-el-acceso-a-la-biblioteca-virtual-turnitin-y-el-uso-de-pizarras-interactiva\/\"> <span>Capacitaci\u00f3n Docente: Domina el acceso a la Biblioteca Virtual, Turnitin y el uso de pizarras interactiva.<\/span><\/a>\n    <\/h4>\n          <div class=\"elespare-metadata\">\n                          <span class=\"elespare-posts-full-post-author\">\n            <a href=\"https:\/\/www.une.edu.pe\/tecnologia\/2025\/\">\n              <i class=\"demo-icon elespare-icons-clock-regular\" aria-hidden=\"true\"><\/i>\n              marzo 24, 2025            <\/a>\n          <\/span>\n                      <\/div>\n\n\n              <\/div>\n            <\/div>\n                    <div class=\"elespare-posts-express-post-items\">\n\n              <div class=\"elespare-img-wrapper\">\n                    <a href=\"https:\/\/www.une.edu.pe\/tecnologia\/docentes-de-la-facultad-de-tecnologia-se-capacitan-en-inteligencia-artificial-para-la-docencia-e-investigacion\/\">\n            <img loading=\"lazy\" decoding=\"async\" width=\"150\" height=\"150\" src=\"https:\/\/www.une.edu.pe\/tecnologia\/wp-content\/uploads\/2025\/07\/image-15-1-150x150.png\" class=\"attachment-thumbnail size-thumbnail wp-post-image\" alt=\"\" srcset=\"https:\/\/www.une.edu.pe\/tecnologia\/wp-content\/uploads\/2025\/07\/image-15-1-150x150.png 150w, https:\/\/www.une.edu.pe\/tecnologia\/wp-content\/uploads\/2025\/07\/image-15-1-230x230.png 230w, https:\/\/www.une.edu.pe\/tecnologia\/wp-content\/uploads\/2025\/07\/image-15-1-400x400.png 400w\" sizes=\"(max-width: 150px) 100vw, 150px\" \/>        <\/a>\n                  <\/div>\n              <div class=\"elespare-content-wrapper\">\n                \n    <h4 class=\"elespare-post-title\">\n        <a href=\"https:\/\/www.une.edu.pe\/tecnologia\/docentes-de-la-facultad-de-tecnologia-se-capacitan-en-inteligencia-artificial-para-la-docencia-e-investigacion\/\"> <span>Docentes de la Facultad de Tecnolog\u00eda se capacitan en Inteligencia Artificial para la Docencia e Investigaci\u00f3n<\/span><\/a>\n    <\/h4>\n          <div class=\"elespare-metadata\">\n                          <span class=\"elespare-posts-full-post-author\">\n            <a href=\"https:\/\/www.une.edu.pe\/tecnologia\/2025\/\">\n              <i class=\"demo-icon elespare-icons-clock-regular\" aria-hidden=\"true\"><\/i>\n              marzo 24, 2025            <\/a>\n          <\/span>\n                      <\/div>\n\n\n              <\/div>\n            <\/div>\n              <\/div>\n    <\/div>\n    \t\t\t\t<\/div>\n\t\t\t\t<\/div>\n\t\t\t\t\t<\/div>\n\t\t\t\t<\/div>\n\t\t<div class=\"elementor-element elementor-element-c3d25cf e-flex e-con-boxed e-con e-parent\" data-id=\"c3d25cf\" data-element_type=\"container\">\n\t\t\t\t\t<div class=\"e-con-inner\">\n\t\t\t\t<div class=\"elementor-element elementor-element-e018e24 elementor-widget elementor-widget-image\" data-id=\"e018e24\" data-element_type=\"widget\" data-widget_type=\"image.default\">\n\t\t\t\t<div class=\"elementor-widget-container\">\n\t\t\t\t\t\t\t\t\t\t\t\t\t\t\t<img loading=\"lazy\" decoding=\"async\" width=\"1024\" height=\"132\" src=\"https:\/\/www.une.edu.pe\/tecnologia\/wp-content\/uploads\/2026\/02\/fatec_cab.png\" class=\"attachment-large size-large wp-image-10569\" alt=\"\" srcset=\"https:\/\/www.une.edu.pe\/tecnologia\/wp-content\/uploads\/2026\/02\/fatec_cab.png 1024w, https:\/\/www.une.edu.pe\/tecnologia\/wp-content\/uploads\/2026\/02\/fatec_cab-300x39.png 300w, https:\/\/www.une.edu.pe\/tecnologia\/wp-content\/uploads\/2026\/02\/fatec_cab-768x99.png 768w, https:\/\/www.une.edu.pe\/tecnologia\/wp-content\/uploads\/2026\/02\/fatec_cab-600x77.png 600w\" sizes=\"(max-width: 1024px) 100vw, 1024px\" \/>\t\t\t\t\t\t\t\t\t\t\t\t\t\t\t<\/div>\n\t\t\t\t<\/div>\n\t\t\t\t\t<\/div>\n\t\t\t\t<\/div>\n\t\t\t\t<\/div>\n\t\t","protected":false},"excerpt":{"rendered":"<p>Facultad de Tecnolog&iacute;a logra recomendaci&oacute;n para certificaci&oacute;n ISO 9001:2015 enero 27, 2026 Docentes Renacyt de la Facultad de Tecnolog&iacute;a realizaron conversatorio sobre tipos de investigaci&oacute;n cient&iacute;fica noviembre 10, 2025 Capacitaci&oacute;n Docente: Domina el acceso a la Biblioteca Virtual, Turnitin y el uso de pizarras interactiva. marzo 24, 2025 Docentes de la Facultad de Tecnolog&iacute;a se [&hellip;]<\/p>\n","protected":false},"author":1,"featured_media":0,"parent":0,"menu_order":0,"comment_status":"closed","ping_status":"closed","template":"","meta":{"footnotes":""},"class_list":["post-7999","page","type-page","status-publish","hentry"],"_links":{"self":[{"href":"https:\/\/www.une.edu.pe\/tecnologia\/wp-json\/wp\/v2\/pages\/7999","targetHints":{"allow":["GET"]}}],"collection":[{"href":"https:\/\/www.une.edu.pe\/tecnologia\/wp-json\/wp\/v2\/pages"}],"about":[{"href":"https:\/\/www.une.edu.pe\/tecnologia\/wp-json\/wp\/v2\/types\/page"}],"author":[{"embeddable":true,"href":"https:\/\/www.une.edu.pe\/tecnologia\/wp-json\/wp\/v2\/users\/1"}],"replies":[{"embeddable":true,"href":"https:\/\/www.une.edu.pe\/tecnologia\/wp-json\/wp\/v2\/comments?post=7999"}],"version-history":[{"count":16,"href":"https:\/\/www.une.edu.pe\/tecnologia\/wp-json\/wp\/v2\/pages\/7999\/revisions"}],"predecessor-version":[{"id":10587,"href":"https:\/\/www.une.edu.pe\/tecnologia\/wp-json\/wp\/v2\/pages\/7999\/revisions\/10587"}],"wp:attachment":[{"href":"https:\/\/www.une.edu.pe\/tecnologia\/wp-json\/wp\/v2\/media?parent=7999"}],"curies":[{"name":"wp","href":"https:\/\/api.w.org\/{rel}","templated":true}]}}