{"id":137,"date":"2025-02-25T13:38:39","date_gmt":"2025-02-25T18:38:39","guid":{"rendered":"https:\/\/www.une.edu.pe\/fatec\/?page_id=137"},"modified":"2026-02-02T21:09:22","modified_gmt":"2026-02-03T02:09:22","slug":"decano","status":"publish","type":"page","link":"https:\/\/www.une.edu.pe\/tecnologia\/decano\/","title":{"rendered":"Dr. Daniel Ram\u00f3n Chirinos Armas"},"content":{"rendered":"\t\t<div data-elementor-type=\"wp-page\" data-elementor-id=\"137\" class=\"elementor elementor-137\">\n\t\t\t\t<div class=\"elementor-element elementor-element-1c0feb6 e-flex e-con-boxed e-con e-parent\" data-id=\"1c0feb6\" data-element_type=\"container\" data-e-type=\"container\">\n\t\t\t\t\t<div class=\"e-con-inner\">\n\t\t<div class=\"elementor-element elementor-element-7131e52 e-con-full e-flex e-con e-child\" data-id=\"7131e52\" data-element_type=\"container\" data-e-type=\"container\">\n\t\t\t\t<div class=\"elementor-element elementor-element-c233137 elementor-widget elementor-widget-image\" data-id=\"c233137\" data-element_type=\"widget\" data-e-type=\"widget\" data-widget_type=\"image.default\">\n\t\t\t\t<div class=\"elementor-widget-container\">\n\t\t\t\t\t\t\t\t\t\t\t\t\t\t\t<img fetchpriority=\"high\" decoding=\"async\" width=\"455\" height=\"548\" src=\"https:\/\/www.une.edu.pe\/tecnologia\/wp-content\/uploads\/2025\/07\/DECANO-removebg-preview.png\" class=\"attachment-large size-large wp-image-7295\" alt=\"\" srcset=\"https:\/\/www.une.edu.pe\/tecnologia\/wp-content\/uploads\/2025\/07\/DECANO-removebg-preview.png 455w, https:\/\/www.une.edu.pe\/tecnologia\/wp-content\/uploads\/2025\/07\/DECANO-removebg-preview-249x300.png 249w\" sizes=\"(max-width: 455px) 100vw, 455px\" \/>\t\t\t\t\t\t\t\t\t\t\t\t\t\t\t<\/div>\n\t\t\t\t<\/div>\n\t\t\t\t<\/div>\n\t\t<div class=\"elementor-element elementor-element-2008d86 e-con-full e-flex e-con e-child\" data-id=\"2008d86\" data-element_type=\"container\" data-e-type=\"container\">\n\t\t\t\t<div class=\"elementor-element elementor-element-7cbde19 elementor-widget elementor-widget-text-editor\" data-id=\"7cbde19\" data-element_type=\"widget\" data-e-type=\"widget\" data-widget_type=\"text-editor.default\">\n\t\t\t\t<div class=\"elementor-widget-container\">\n\t\t\t\t\t\t\t\t\t<p>El Dr. Daniel Ram\u00f3n Chirinos Armas es un profesional con una s\u00f3lida y extensa trayectoria en el sector educativo peruano, particularmente ligado a la Universidad Nacional de Educaci\u00f3n Enrique Guzm\u00e1n y Valle (UNE). Su perfil lo define como un Doctor en Ciencias de la Educaci\u00f3n cuya carrera ha evolucionado a trav\u00e9s de diversos cargos directivos dentro de la misma universidad, donde ha liderado \u00e1reas cr\u00edticas como Inform\u00e1tica, Bienestar Universitario y la Escuela Profesional de Electr\u00f3nica y Telecomunicaciones. Esta hoja de vida pinta la imagen de un acad\u00e9mico y administrador dedicado, cuya experiencia central se ha forjado desde dentro de las aulas y los despachos de la instituci\u00f3n que lo form\u00f3.<\/p><p>Su expertise se sustenta no solo en su gesti\u00f3n administrativa, sino tambi\u00e9n en una activa producci\u00f3n intelectual y cient\u00edfica. Es autor de libros sobre gesti\u00f3n p\u00fablica y proyectos educativos, y ha investigado y publicado art\u00edculos en revistas indexadas sobre la aplicaci\u00f3n de metodolog\u00edas innovadoras como EduScrum y el desarrollo de prototipos tecnol\u00f3gicos para su instituci\u00f3n. Adem\u00e1s, su rol como asesor de m\u00faltiples tesis de posgrado evidencia su compromiso con la formaci\u00f3n de nuevos profesionales y su involucramiento en la investigaci\u00f3n aplicada a problemas concretos del entorno educativo y organizacional.<\/p><p>La trayectoria del Dr. Chirinos se ve complementada por su participaci\u00f3n en comisiones clave para la modernizaci\u00f3n de la UNE, como la implementaci\u00f3n de aulas virtuales, y por reconocimientos que validan su labor, destacando el primer puesto en el Concurso Nacional Crea y Emprende del MINEDU. En conjunto, su curr\u00edculum vitae delineala figura de un educador con un perfil pr\u00e1ctico, orientado a la gesti\u00f3n, la tecnolog\u00eda y la mejora de los procesos acad\u00e9micos, cuyo trabajo ha estado intr\u00ednsecamente vinculado al desarrollo de su alma m\u00e1ter.<\/p>\t\t\t\t\t\t\t\t<\/div>\n\t\t\t\t<\/div>\n\t\t\t\t<\/div>\n\t\t\t\t\t<\/div>\n\t\t\t\t<\/div>\n\t\t<div class=\"elementor-element elementor-element-cf95a65 e-flex e-con-boxed e-con e-parent\" data-id=\"cf95a65\" data-element_type=\"container\" data-e-type=\"container\">\n\t\t\t\t\t<div class=\"e-con-inner\">\n\t\t\t\t<div class=\"elementor-element elementor-element-5b8e37b elementor-widget elementor-widget-image\" data-id=\"5b8e37b\" data-element_type=\"widget\" data-e-type=\"widget\" data-widget_type=\"image.default\">\n\t\t\t\t<div class=\"elementor-widget-container\">\n\t\t\t\t\t\t\t\t\t\t\t\t\t\t\t<img decoding=\"async\" width=\"1024\" height=\"132\" src=\"https:\/\/www.une.edu.pe\/tecnologia\/wp-content\/uploads\/2026\/02\/fatec_cab.png\" class=\"attachment-large size-large wp-image-10569\" alt=\"\" srcset=\"https:\/\/www.une.edu.pe\/tecnologia\/wp-content\/uploads\/2026\/02\/fatec_cab.png 1024w, https:\/\/www.une.edu.pe\/tecnologia\/wp-content\/uploads\/2026\/02\/fatec_cab-300x39.png 300w, https:\/\/www.une.edu.pe\/tecnologia\/wp-content\/uploads\/2026\/02\/fatec_cab-768x99.png 768w, https:\/\/www.une.edu.pe\/tecnologia\/wp-content\/uploads\/2026\/02\/fatec_cab-600x77.png 600w\" sizes=\"(max-width: 1024px) 100vw, 1024px\" \/>\t\t\t\t\t\t\t\t\t\t\t\t\t\t\t<\/div>\n\t\t\t\t<\/div>\n\t\t\t\t\t<\/div>\n\t\t\t\t<\/div>\n\t\t\t\t<\/div>\n\t\t","protected":false},"excerpt":{"rendered":"<p>El Dr. Daniel Ram&oacute;n Chirinos Armas es un profesional con una s&oacute;lida y extensa trayectoria en el sector educativo peruano, particularmente ligado a la Universidad Nacional de Educaci&oacute;n Enrique Guzm&aacute;n y Valle (UNE). Su perfil lo define como un Doctor en Ciencias de la Educaci&oacute;n cuya carrera ha evolucionado a trav&eacute;s de diversos cargos directivos [&hellip;]<\/p>\n","protected":false},"author":1,"featured_media":0,"parent":0,"menu_order":0,"comment_status":"closed","ping_status":"closed","template":"","meta":{"footnotes":""},"class_list":["post-137","page","type-page","status-publish","hentry"],"_links":{"self":[{"href":"https:\/\/www.une.edu.pe\/tecnologia\/wp-json\/wp\/v2\/pages\/137","targetHints":{"allow":["GET"]}}],"collection":[{"href":"https:\/\/www.une.edu.pe\/tecnologia\/wp-json\/wp\/v2\/pages"}],"about":[{"href":"https:\/\/www.une.edu.pe\/tecnologia\/wp-json\/wp\/v2\/types\/page"}],"author":[{"embeddable":true,"href":"https:\/\/www.une.edu.pe\/tecnologia\/wp-json\/wp\/v2\/users\/1"}],"replies":[{"embeddable":true,"href":"https:\/\/www.une.edu.pe\/tecnologia\/wp-json\/wp\/v2\/comments?post=137"}],"version-history":[{"count":8,"href":"https:\/\/www.une.edu.pe\/tecnologia\/wp-json\/wp\/v2\/pages\/137\/revisions"}],"predecessor-version":[{"id":10572,"href":"https:\/\/www.une.edu.pe\/tecnologia\/wp-json\/wp\/v2\/pages\/137\/revisions\/10572"}],"wp:attachment":[{"href":"https:\/\/www.une.edu.pe\/tecnologia\/wp-json\/wp\/v2\/media?parent=137"}],"curies":[{"name":"wp","href":"https:\/\/api.w.org\/{rel}","templated":true}]}}