{"id":112,"date":"2025-02-25T08:43:11","date_gmt":"2025-02-25T13:43:11","guid":{"rendered":"https:\/\/www.une.edu.pe\/fatec\/?page_id=112"},"modified":"2026-02-02T21:12:28","modified_gmt":"2026-02-03T02:12:28","slug":"vision","status":"publish","type":"page","link":"https:\/\/www.une.edu.pe\/tecnologia\/vision\/","title":{"rendered":"Visi\u00f3n y misi\u00f3n"},"content":{"rendered":"\t\t<div data-elementor-type=\"wp-page\" data-elementor-id=\"112\" class=\"elementor elementor-112\">\n\t\t\t\t<div class=\"elementor-element elementor-element-19d84ca e-flex e-con-boxed e-con e-parent\" data-id=\"19d84ca\" data-element_type=\"container\" data-e-type=\"container\">\n\t\t\t\t\t<div class=\"e-con-inner\">\n\t\t\t\t<div class=\"elementor-element elementor-element-6f41665 elementor-widget elementor-widget-heading\" data-id=\"6f41665\" data-element_type=\"widget\" data-e-type=\"widget\" data-widget_type=\"heading.default\">\n\t\t\t\t<div class=\"elementor-widget-container\">\n\t\t\t\t\t<h4 class=\"elementor-heading-title elementor-size-default\">De la Universidad<\/h4>\t\t\t\t<\/div>\n\t\t\t\t<\/div>\n\t\t\t\t\t<\/div>\n\t\t\t\t<\/div>\n\t\t<div class=\"elementor-element elementor-element-3ffd7a0 e-flex e-con-boxed e-con e-parent\" data-id=\"3ffd7a0\" data-element_type=\"container\" data-e-type=\"container\">\n\t\t\t\t\t<div class=\"e-con-inner\">\n\t\t<div class=\"elementor-element elementor-element-c3e5ac6 e-con-full e-flex e-con e-child\" data-id=\"c3e5ac6\" data-element_type=\"container\" data-e-type=\"container\">\n\t\t\t\t<div class=\"elementor-element elementor-element-41a3c74 elementor-widget elementor-widget-heading\" data-id=\"41a3c74\" data-element_type=\"widget\" data-e-type=\"widget\" data-widget_type=\"heading.default\">\n\t\t\t\t<div class=\"elementor-widget-container\">\n\t\t\t\t\t<h4 class=\"elementor-heading-title elementor-size-default\">Visi\u00f3n<\/h4>\t\t\t\t<\/div>\n\t\t\t\t<\/div>\n\t\t\t\t<div class=\"elementor-element elementor-element-b550fe7 elementor-widget elementor-widget-text-editor\" data-id=\"b550fe7\" data-element_type=\"widget\" data-e-type=\"widget\" data-widget_type=\"text-editor.default\">\n\t\t\t\t<div class=\"elementor-widget-container\">\n\t\t\t\t\t\t\t\t\t<blockquote>\n<p><em><strong>En la pr\u00f3xima d\u00e9cada vemos una universidad renovada en su Licenciamiento y Acreditada, con niveles adecuados de calidad, pluralismo, gobernanza y pertinencia para abordar con conciencia social, critica y de manera \u00e9ticamente responsable, los desaf\u00edos de la ense\u00f1anza universitaria, la investigaci\u00f3n, la responsabilidad social y la vinculaci\u00f3n con el medio, contribuyendo al desarrollo de sus comunidades y del pa\u00eds.<\/strong><\/em><\/p>\n<\/blockquote>\t\t\t\t\t\t\t\t<\/div>\n\t\t\t\t<\/div>\n\t\t\t\t<\/div>\n\t\t<div class=\"elementor-element elementor-element-9063bbd e-con-full e-flex e-con e-child\" data-id=\"9063bbd\" data-element_type=\"container\" data-e-type=\"container\">\n\t\t\t\t<div class=\"elementor-element elementor-element-3f171f7 elementor-widget elementor-widget-heading\" data-id=\"3f171f7\" data-element_type=\"widget\" data-e-type=\"widget\" data-widget_type=\"heading.default\">\n\t\t\t\t<div class=\"elementor-widget-container\">\n\t\t\t\t\t<h4 class=\"elementor-heading-title elementor-size-default\">Misi\u00f3n<\/h4>\t\t\t\t<\/div>\n\t\t\t\t<\/div>\n\t\t\t\t<div class=\"elementor-element elementor-element-ae00ff0 elementor-widget elementor-widget-text-editor\" data-id=\"ae00ff0\" data-element_type=\"widget\" data-e-type=\"widget\" data-widget_type=\"text-editor.default\">\n\t\t\t\t<div class=\"elementor-widget-container\">\n\t\t\t\t\t\t\t\t\t<blockquote>\n<p><strong>Formar profesionales con sentido human\u00edstico, cient\u00edfico, intercultural, tecnol\u00f3gico, con responsabilidad social y principios \u00e9ticos, a los estudiantes universitarios, enfocada a la mejora continua en la competitividad e innovaci\u00f3n, orientada a contribuir al desarrollo sostenible de la educaci\u00f3n en la sociedad y en nuestro pa\u00eds.<\/strong><\/p>\n<\/blockquote>\t\t\t\t\t\t\t\t<\/div>\n\t\t\t\t<\/div>\n\t\t\t\t<\/div>\n\t\t\t\t\t<\/div>\n\t\t\t\t<\/div>\n\t\t<div class=\"elementor-element elementor-element-196d89e e-flex e-con-boxed e-con e-parent\" data-id=\"196d89e\" data-element_type=\"container\" data-e-type=\"container\">\n\t\t\t\t\t<div class=\"e-con-inner\">\n\t\t\t\t<div class=\"elementor-element elementor-element-018b905 elementor-widget elementor-widget-heading\" data-id=\"018b905\" data-element_type=\"widget\" data-e-type=\"widget\" data-widget_type=\"heading.default\">\n\t\t\t\t<div class=\"elementor-widget-container\">\n\t\t\t\t\t<h4 class=\"elementor-heading-title elementor-size-default\">De la Facultad<\/h4>\t\t\t\t<\/div>\n\t\t\t\t<\/div>\n\t\t\t\t\t<\/div>\n\t\t\t\t<\/div>\n\t\t<div class=\"elementor-element elementor-element-edfe92f e-flex e-con-boxed e-con e-parent\" data-id=\"edfe92f\" data-element_type=\"container\" data-e-type=\"container\">\n\t\t\t\t\t<div class=\"e-con-inner\">\n\t\t<div class=\"elementor-element elementor-element-a16fa81 e-con-full e-flex e-con e-child\" data-id=\"a16fa81\" data-element_type=\"container\" data-e-type=\"container\">\n\t\t\t\t<div class=\"elementor-element elementor-element-2e0d132 elementor-widget elementor-widget-heading\" data-id=\"2e0d132\" data-element_type=\"widget\" data-e-type=\"widget\" data-widget_type=\"heading.default\">\n\t\t\t\t<div class=\"elementor-widget-container\">\n\t\t\t\t\t<h4 class=\"elementor-heading-title elementor-size-default\">Visi\u00f3n<\/h4>\t\t\t\t<\/div>\n\t\t\t\t<\/div>\n\t\t\t\t<div class=\"elementor-element elementor-element-840fc40 elementor-widget elementor-widget-text-editor\" data-id=\"840fc40\" data-element_type=\"widget\" data-e-type=\"widget\" data-widget_type=\"text-editor.default\">\n\t\t\t\t<div class=\"elementor-widget-container\">\n\t\t\t\t\t\t\t\t\t<blockquote>\n<p><strong>Ser una facultad l\u00edder en la formaci\u00f3n de profesionales de la Educaci\u00f3n Tecnol\u00f3gica con excelencia acad\u00e9mica y responsabilidad social, reconocida por su calidad en producci\u00f3n cient\u00edfica, tecnol\u00f3gica e innovadora, que integre Educaci\u00f3n \u2013 Empresa, con posicionamiento nacional e internacional.<\/strong><\/p>\n<\/blockquote>\t\t\t\t\t\t\t\t<\/div>\n\t\t\t\t<\/div>\n\t\t\t\t<\/div>\n\t\t<div class=\"elementor-element elementor-element-ecb7cc0 e-con-full e-flex e-con e-child\" data-id=\"ecb7cc0\" data-element_type=\"container\" data-e-type=\"container\">\n\t\t\t\t<div class=\"elementor-element elementor-element-5b9f245 elementor-widget elementor-widget-heading\" data-id=\"5b9f245\" data-element_type=\"widget\" data-e-type=\"widget\" data-widget_type=\"heading.default\">\n\t\t\t\t<div class=\"elementor-widget-container\">\n\t\t\t\t\t<h4 class=\"elementor-heading-title elementor-size-default\">Misi\u00f3n<\/h4>\t\t\t\t<\/div>\n\t\t\t\t<\/div>\n\t\t\t\t<div class=\"elementor-element elementor-element-65314e7 elementor-widget elementor-widget-text-editor\" data-id=\"65314e7\" data-element_type=\"widget\" data-e-type=\"widget\" data-widget_type=\"text-editor.default\">\n\t\t\t\t<div class=\"elementor-widget-container\">\n\t\t\t\t\t\t\t\t\t<blockquote>\n<p><strong>Formar profesionales en Educaci\u00f3n Tecnol\u00f3gica con principios y valores \u00e9ticos, morales, l\u00edderes e innovadores con alto nivel cient\u00edfico, tecnol\u00f3gico y human\u00edstico, donde a trav\u00e9s de la investigaci\u00f3n, extensi\u00f3n y proyecci\u00f3n social proporcionamos la producci\u00f3n intelectual al servicio de la educaci\u00f3n nacional.<\/strong><\/p>\n<\/blockquote>\t\t\t\t\t\t\t\t<\/div>\n\t\t\t\t<\/div>\n\t\t\t\t<\/div>\n\t\t\t\t\t<\/div>\n\t\t\t\t<\/div>\n\t\t<div class=\"elementor-element elementor-element-606eabb e-flex e-con-boxed e-con e-parent\" data-id=\"606eabb\" data-element_type=\"container\" data-e-type=\"container\">\n\t\t\t\t\t<div class=\"e-con-inner\">\n\t\t\t\t<div class=\"elementor-element elementor-element-36a68d9 elementor-widget elementor-widget-image\" data-id=\"36a68d9\" data-element_type=\"widget\" data-e-type=\"widget\" data-widget_type=\"image.default\">\n\t\t\t\t<div class=\"elementor-widget-container\">\n\t\t\t\t\t\t\t\t\t\t\t\t\t\t\t<img fetchpriority=\"high\" decoding=\"async\" width=\"1024\" height=\"132\" src=\"https:\/\/www.une.edu.pe\/tecnologia\/wp-content\/uploads\/2026\/02\/fatec_cab.png\" class=\"attachment-large size-large wp-image-10569\" alt=\"\" srcset=\"https:\/\/www.une.edu.pe\/tecnologia\/wp-content\/uploads\/2026\/02\/fatec_cab.png 1024w, https:\/\/www.une.edu.pe\/tecnologia\/wp-content\/uploads\/2026\/02\/fatec_cab-300x39.png 300w, https:\/\/www.une.edu.pe\/tecnologia\/wp-content\/uploads\/2026\/02\/fatec_cab-768x99.png 768w, https:\/\/www.une.edu.pe\/tecnologia\/wp-content\/uploads\/2026\/02\/fatec_cab-600x77.png 600w\" sizes=\"(max-width: 1024px) 100vw, 1024px\" \/>\t\t\t\t\t\t\t\t\t\t\t\t\t\t\t<\/div>\n\t\t\t\t<\/div>\n\t\t\t\t\t<\/div>\n\t\t\t\t<\/div>\n\t\t\t\t<\/div>\n\t\t","protected":false},"excerpt":{"rendered":"<p>De la Universidad Visi&oacute;n En la pr&oacute;xima d&eacute;cada vemos una universidad renovada en su Licenciamiento y Acreditada, con niveles adecuados de calidad, pluralismo, gobernanza y pertinencia para abordar con conciencia social, critica y de manera &eacute;ticamente responsable, los desaf&iacute;os de la ense&ntilde;anza universitaria, la investigaci&oacute;n, la responsabilidad social y la vinculaci&oacute;n con el medio, contribuyendo [&hellip;]<\/p>\n","protected":false},"author":1,"featured_media":0,"parent":0,"menu_order":0,"comment_status":"closed","ping_status":"closed","template":"","meta":{"footnotes":""},"class_list":["post-112","page","type-page","status-publish","hentry"],"_links":{"self":[{"href":"https:\/\/www.une.edu.pe\/tecnologia\/wp-json\/wp\/v2\/pages\/112","targetHints":{"allow":["GET"]}}],"collection":[{"href":"https:\/\/www.une.edu.pe\/tecnologia\/wp-json\/wp\/v2\/pages"}],"about":[{"href":"https:\/\/www.une.edu.pe\/tecnologia\/wp-json\/wp\/v2\/types\/page"}],"author":[{"embeddable":true,"href":"https:\/\/www.une.edu.pe\/tecnologia\/wp-json\/wp\/v2\/users\/1"}],"replies":[{"embeddable":true,"href":"https:\/\/www.une.edu.pe\/tecnologia\/wp-json\/wp\/v2\/comments?post=112"}],"version-history":[{"count":27,"href":"https:\/\/www.une.edu.pe\/tecnologia\/wp-json\/wp\/v2\/pages\/112\/revisions"}],"predecessor-version":[{"id":10575,"href":"https:\/\/www.une.edu.pe\/tecnologia\/wp-json\/wp\/v2\/pages\/112\/revisions\/10575"}],"wp:attachment":[{"href":"https:\/\/www.une.edu.pe\/tecnologia\/wp-json\/wp\/v2\/media?parent=112"}],"curies":[{"name":"wp","href":"https:\/\/api.w.org\/{rel}","templated":true}]}}