{"id":108,"date":"2025-02-24T10:44:29","date_gmt":"2025-02-24T15:44:29","guid":{"rendered":"https:\/\/www.une.edu.pe\/fatec\/?page_id=108"},"modified":"2026-02-02T21:43:45","modified_gmt":"2026-02-03T02:43:45","slug":"resena-historica","status":"publish","type":"page","link":"https:\/\/www.une.edu.pe\/tecnologia\/resena-historica\/","title":{"rendered":"Rese\u00f1a hist\u00f3rica"},"content":{"rendered":"\t\t<div data-elementor-type=\"wp-page\" data-elementor-id=\"108\" class=\"elementor elementor-108\">\n\t\t\t\t<div class=\"elementor-element elementor-element-6c84eca e-flex e-con-boxed e-con e-parent\" data-id=\"6c84eca\" data-element_type=\"container\" data-e-type=\"container\">\n\t\t\t\t\t<div class=\"e-con-inner\">\n\t\t\t\t<div class=\"elementor-element elementor-element-21ecf95 elementor-arrows-position-inside elementor-pagination-position-outside elementor-invisible elementor-widget elementor-widget-image-carousel\" data-id=\"21ecf95\" data-element_type=\"widget\" data-e-type=\"widget\" data-settings=\"{&quot;slides_to_show&quot;:&quot;1&quot;,&quot;_animation&quot;:&quot;fadeInRight&quot;,&quot;navigation&quot;:&quot;both&quot;,&quot;autoplay&quot;:&quot;yes&quot;,&quot;pause_on_hover&quot;:&quot;yes&quot;,&quot;pause_on_interaction&quot;:&quot;yes&quot;,&quot;autoplay_speed&quot;:5000,&quot;infinite&quot;:&quot;yes&quot;,&quot;effect&quot;:&quot;slide&quot;,&quot;speed&quot;:500}\" data-widget_type=\"image-carousel.default\">\n\t\t\t\t<div class=\"elementor-widget-container\">\n\t\t\t\t\t\t\t<div class=\"elementor-image-carousel-wrapper swiper\" role=\"region\" aria-roledescription=\"carousel\" aria-label=\"Carrusel de im\u00e1genes\" dir=\"ltr\">\n\t\t\t<div class=\"elementor-image-carousel swiper-wrapper\" aria-live=\"off\">\n\t\t\t\t\t\t\t\t<div class=\"swiper-slide\" role=\"group\" aria-roledescription=\"slide\" aria-label=\"1 of 3\"><figure class=\"swiper-slide-inner\"><img decoding=\"async\" class=\"swiper-slide-image\" src=\"https:\/\/www.une.edu.pe\/tecnologia\/wp-content\/uploads\/2025\/08\/EditarImagen2_valido.jpg\" alt=\"EditarImagen2_valido\" \/><\/figure><\/div><div class=\"swiper-slide\" role=\"group\" aria-roledescription=\"slide\" aria-label=\"2 of 3\"><figure class=\"swiper-slide-inner\"><img decoding=\"async\" class=\"swiper-slide-image\" src=\"https:\/\/www.une.edu.pe\/tecnologia\/wp-content\/uploads\/2026\/02\/foto_historia.png\" alt=\"foto_historia\" \/><\/figure><\/div><div class=\"swiper-slide\" role=\"group\" aria-roledescription=\"slide\" aria-label=\"3 of 3\"><figure class=\"swiper-slide-inner\"><img decoding=\"async\" class=\"swiper-slide-image\" src=\"https:\/\/www.une.edu.pe\/tecnologia\/wp-content\/uploads\/2025\/08\/EditarImagen1_valido.jpg\" alt=\"EditarImagen1_valido\" \/><\/figure><\/div>\t\t\t<\/div>\n\t\t\t\t\t\t\t\t\t\t\t\t<div class=\"elementor-swiper-button elementor-swiper-button-prev\" role=\"button\" tabindex=\"0\">\n\t\t\t\t\t\t<svg aria-hidden=\"true\" class=\"e-font-icon-svg e-eicon-chevron-left\" viewBox=\"0 0 1000 1000\" xmlns=\"http:\/\/www.w3.org\/2000\/svg\"><path d=\"M646 125C629 125 613 133 604 142L308 442C296 454 292 471 292 487 292 504 296 521 308 533L604 854C617 867 629 875 646 875 663 875 679 871 692 858 704 846 713 829 713 812 713 796 708 779 692 767L438 487 692 225C700 217 708 204 708 187 708 171 704 154 692 142 675 129 663 125 646 125Z\"><\/path><\/svg>\t\t\t\t\t<\/div>\n\t\t\t\t\t<div class=\"elementor-swiper-button elementor-swiper-button-next\" role=\"button\" tabindex=\"0\">\n\t\t\t\t\t\t<svg aria-hidden=\"true\" class=\"e-font-icon-svg e-eicon-chevron-right\" viewBox=\"0 0 1000 1000\" xmlns=\"http:\/\/www.w3.org\/2000\/svg\"><path d=\"M696 533C708 521 713 504 713 487 713 471 708 454 696 446L400 146C388 133 375 125 354 125 338 125 325 129 313 142 300 154 292 171 292 187 292 204 296 221 308 233L563 492 304 771C292 783 288 800 288 817 288 833 296 850 308 863 321 871 338 875 354 875 371 875 388 867 400 854L696 533Z\"><\/path><\/svg>\t\t\t\t\t<\/div>\n\t\t\t\t\n\t\t\t\t\t\t\t\t\t<div class=\"swiper-pagination\"><\/div>\n\t\t\t\t\t\t\t\t\t<\/div>\n\t\t\t\t\t\t<\/div>\n\t\t\t\t<\/div>\n\t\t\t\t\t<\/div>\n\t\t\t\t<\/div>\n\t\t<div class=\"elementor-element elementor-element-a591252 e-flex e-con-boxed e-con e-parent\" data-id=\"a591252\" data-element_type=\"container\" data-e-type=\"container\">\n\t\t\t\t\t<div class=\"e-con-inner\">\n\t\t\t\t<div class=\"elementor-element elementor-element-8da4669 elementor-drop-cap-yes elementor-drop-cap-view-default elementor-widget elementor-widget-text-editor\" data-id=\"8da4669\" data-element_type=\"widget\" data-e-type=\"widget\" data-settings=\"{&quot;drop_cap&quot;:&quot;yes&quot;}\" data-widget_type=\"text-editor.default\">\n\t\t\t\t<div class=\"elementor-widget-container\">\n\t\t\t\t\t\t\t\t\t<p><span style=\"color: #000080;\">LA HISTORIA DE LA FACULTAD DE TECNOLOG\u00cdA se remonta a un 6 de julio de 1953, cuando aqu\u00ed en nuestra sede LA CANTUTA, LA ESCUELA NORMAL DE VARONES, inicia la PREPARACI\u00d3N DE MAESTROS DE EDUCACI\u00d3N T\u00c9CNICA para toda la Rep\u00fablica del Per\u00fa.<\/span><br \/><span style=\"color: #000080;\">De la Memoria del Dr. Walter Pe\u00f1alosa (1953 \u2013 1954) se tiene el siguiente informe:<\/span><br \/><span style=\"color: #000080;\">Los alumnos de las primeras promociones, egresaban despu\u00e9s de dos a\u00f1os en la Escuela m\u00e1s dos cursos de verano, luego, despu\u00e9s de tres a\u00f1os en la escuela m\u00e1s dos cursos de verano.<\/span><br \/><span style=\"color: #000080;\">A partir de 1958 la permanencia de los futuros profesores de Educaci\u00f3n T\u00e9cnica qued\u00f3 regularizada en cuatro a\u00f1os y a partir de 1972 en 5 a\u00f1os.<\/span><\/p><p><span style=\"color: #000080;\">El plan de acci\u00f3n integral puesto en acci\u00f3n, prestigia a la escuela tanto as\u00ed que el 31 de diciembre de 1955 se promulga la ley 12502, mediante el cual esta instituci\u00f3n de educaci\u00f3n normal, se convierte en la primera instituci\u00f3n superior aut\u00f3noma, con categor\u00eda universitaria dedicada exclusivamente a la formaci\u00f3n magisterial, con el nombre de ESCUELA NORMAL SUPERIOR \u201cEnrique Guzm\u00e1n y Valle\u201d, en memoria de quien fuera uno de sus ilustres directores.<\/span><br \/><span style=\"color: #000080;\">El a\u00f1o 1960 con motivo de la promulgaci\u00f3n de la ley universitaria 17437, le quita el rango universitario, hecho que motiva a los diversos estamentos de la instituci\u00f3n levantar su voz de protesta; y, la Federaci\u00f3n Nacional de Educadores del Per\u00fa (FENEP) de reciente formaci\u00f3n, decreta el 1er paro nacional del magisterio, que trajo como consecuencia la emisi\u00f3n de la Resoluci\u00f3n Suprema N\u00ba 256 del 30 de junio de 1960, que restituye la condici\u00f3n universitaria de la Escuela Normal Superior \u201cEnrique Guzm\u00e1n y Valle\u201d.<\/span><br \/><span style=\"color: #000080;\">En 1963 mediante Resoluci\u00f3n Suprema N\u00ba 3800, se somete a la UNE a reorganizaci\u00f3n.<\/span><br \/><span style=\"color: #000080;\">En 1965 mediante ley N\u00ba 15519 se repone a la UNE su categor\u00eda universitaria en forma transitoria, mientras una Comisi\u00f3n Reorganizadora, nombrada por la misma ley, elabora el estatuto que le dotar\u00eda en forma plena el r\u00e9gimen universitario.<\/span><br \/><span style=\"color: #000080;\">El 23 de mayo de 1967 la Comisi\u00f3n Organizadora pone en vigencia el Estatuto de la UNE \u201cEnrique Guzm\u00e1n y Valle\u201d Que reconoce tres Facultades:<\/span><\/p><ul><li><span style=\"color: #000080;\">Facultad de Pedagog\u00eda<\/span><\/li><li><span style=\"color: #000080;\">Facultad de Ciencias y Humanidades<\/span><\/li><li><span style=\"color: #000080;\">Facultad de Estudios Tecnol\u00f3gicos.<\/span><\/li><\/ul><p><span style=\"color: #000080;\">El 18 de febrero de 1969 al promulgarse la nueva ley universitaria 17437, la Universidad Nacional de Educaci\u00f3n figura en la relaci\u00f3n de universidades que dicha ley establece.<\/span><br \/><span style=\"color: #000080;\">El 20 de febrero de 1977, luego de un per\u00edodo de casi una d\u00e9cada de trabajo universitario, la UNE, fue nuevamente recesada.<\/span><br \/><span style=\"color: #000080;\">En 1980, reinicia su tarea formadora de docentes en el Sist.Universitario del Per\u00fa.<\/span><br \/><span style=\"color: #000080;\">A partir del 30 de diciembre de 1992 , mediante Res. N\u00b0 942-92-R-UNE se fusionan las Facultades de Tecnolog\u00eda Electromec\u00e1nica, Tecnolog\u00eda de Construcciones y Textiles y Agropecuaria y Nutrici\u00f3n de la UNE que se denominar\u00e1 a partir del 1\u00b0 de enero de 1993 FACULTAD DE EDUCACI\u00d3N TECNOL\u00d3GICA DE LA UNE<\/span><\/p><p><span style=\"color: #000080;\">A partir de mayo de 1995, por todos conocidos, el gobierno de Fujimori, por disposici\u00f3n de las leyes N\u00ba 26457, N\u00ba 26614, N\u00ba 26797 y N\u00ba 26880, la UNE entra a un proceso de reorganizaci\u00f3n.<\/span><br \/><span style=\"color: #000080;\">A partir del 29 de enero de 1996, mediante Res. N\u00b0 0854-96-PCR. Se aprueba la nueva Estructura Acad\u00e9mica de la UNE. Quedando:<\/span><br \/><span style=\"color: #000080;\">FACULTAD DE TECNOLOG\u00cdA: Con la Escuela Acad\u00e9mico Profesional de Construcciones y Confecciones Industriales. Especialidades: Confecciones Industriales y Construcciones en Metal \u2013 Madera.<\/span><br \/><span style=\"color: #000080;\">Escuela Acad\u00e9mico Profesional de Electromec\u00e1nica. Especialidades: Electricidad , Electr\u00f3nica, Mec\u00e1nica de producci\u00f3n y Fuerza Automotriz.<\/span><br \/><span style=\"color: #000080;\">Departamentos Acad\u00e9micos: Procesos Industriales y Sistemas Electromec\u00e1nicos.<\/span><\/p><p><span style=\"color: #000080;\">El 5 de noviembre del 2000 la UNE, despu\u00e9s de 5 a\u00f1os de dictadura, es gobernada por el Comit\u00e9 Transitorio de Gobierno designado por la Asamblea Nacional de Rectores al amparo de la Ley N\u00b0 27366<\/span><br \/><span style=\"color: #000080;\">A partir del 23 marzo del 2001, retornan los profesores separados por la comisi\u00f3n reorganizadora.<\/span><br \/><span style=\"color: #000080;\">A partir del 12 de setiembre del 2002, mediante Res. N\u00b0 0122-2002-CU-UNE se restituye los 8 Departamentos Acad\u00e9micos de la Facultad de Tecnolog\u00eda:<\/span><\/p><p><span style=\"color: #000080;\">A partir del 30 de diciembre de 1992 , mediante Res. N\u00b0 942-92-R-UNE se fusionan las Facultades de Tecnolog\u00eda Electromec\u00e1nica, Tecnolog\u00eda de Construcciones y Textiles y Agropecuaria y Nutrici\u00f3n de la UNE que se denominar\u00e1 a partir del 1\u00b0 de enero de 1993 FACULTAD DE EDUCACI\u00d3N TECNOL\u00d3GICA DE LA UNE<\/span><\/p><p><span style=\"color: #000080;\">A partir de mayo de 1995, por todos conocidos, el gobierno de Fujimori, por disposici\u00f3n de las leyes N\u00ba 26457, N\u00ba 26614, N\u00ba 26797 y N\u00ba 26880, la UNE entra a un proceso de reorganizaci\u00f3n.<\/span><br \/><span style=\"color: #000080;\">A partir del 29 de enero de 1996, mediante Res. N\u00b0 0854-96-PCR. Se aprueba la nueva Estructura Acad\u00e9mica de la UNE. Quedando: FACULTAD DE TECNOLOG\u00cdA: Con la Escuela Acad\u00e9mico Profesional de Construcciones y Confecciones Industriales. Especialidades: Confecciones Industriales y Construcciones en Metal \u2013 Madera. Escuela Acad\u00e9mico Profesional de Electromec\u00e1nica. Especialidades: Electricidad , Electr\u00f3nica, Mec\u00e1nica de producci\u00f3n y Fuerza Automotriz. Departamentos Acad\u00e9micos: Procesos Industriales y Sistemas Electromec\u00e1nicos.<\/span><\/p><p><span style=\"color: #000080;\">El 5 de noviembre del 2000 la UNE, despu\u00e9s de 5 a\u00f1os de dictadura, es gobernada por el Comit\u00e9 Transitorio de Gobierno designado por la Asamblea Nacional de Rectores al amparo de la Ley N\u00b0 27366<\/span><br \/><span style=\"color: #000080;\">A partir del 23 marzo del 2001, retornan los profesores separados por la comisi\u00f3n reorganizadora.<\/span><br \/><span style=\"color: #000080;\">A partir del 12 de setiembre del 2002, mediante Res. N\u00b0 0122-2002-CU-UNE se restituye los 8 Departamentos Acad\u00e9micos de la Facultad de Tecnolog\u00eda:<\/span><\/p><ul><li><span style=\"color: #000080;\">Dpto Acad. de Construcciones Met\u00e1licas y Metalurgia<\/span><\/li><li><span style=\"color: #000080;\">Dpto Acad. de Dise\u00f1o y Construcci\u00f3n Civil<\/span><\/li><li><span style=\"color: #000080;\">Dpto Acad. de Ebanisteria. y Artes Industriales.<\/span><\/li><li><span style=\"color: #000080;\">Dpto Acad. de Electricidad Industrial<\/span><\/li><li><span style=\"color: #000080;\">Dpto Acad. de Electr\u00f3nica y Telecomunicaciones<\/span><\/li><li><span style=\"color: #000080;\">Dpto Acad. de Fuerza Motriz<\/span><\/li><li><span style=\"color: #000080;\">Dpto Acad. de Mec\u00e1nica de Producci\u00f3n<\/span><\/li><li><span style=\"color: #000080;\">Dpto Acad. de Tecnolog\u00eda Textil y del Vestido<\/span><\/li><\/ul><p><span style=\"color: #000080;\">El 2010, despu\u00e9s de haber esperado 59 a\u00f1os de vigencia de nuestra facultad, se culmin\u00f3 con el proyecto de CONSTRUCCION DE NUEVOS PABELLONES PARA LAS ESPECIALIDADES DE: TV, TT y Ai LA AMPLICACI\u00d3N Y REMODELACI\u00d3N DE LA INFRAESTRUCTURA F\u00cdSICA DE LAS 12 ESPECIALIDADES, LA ENTREGA DE EQUIPOS, MOBILIARIOS Y CAPACITACI\u00d3N DE PROFESORES.<\/span><br \/><span style=\"color: #000080;\">Estos talleres han permitido aprobar los requerimientos del Ministerio de Trabajo y al igual que universidades como la UNI, UNMSM, SAN IGNACIO DE LOYOLA, ESAN, ETC. Son parte de los cursos de capacitaci\u00f3n en los programas como REVALORA Y PROJOVEN.<\/span><br \/><span style=\"color: #000080;\">Desde junio del 2016, en aplicaci\u00f3n de la Reforma del Estatuto aprobado con resoluci\u00f3n N\u00b0 0016-2017-AU-UNE., el 27 de noviembre del 2017. El que fue promulgado con Res.N\u00b0 0377-2015-R-UNE de fecha 2 de febrero del 2015; y, modificado con Res. N\u00b0 009-23016-AU-UNE; y del Reglamento General de la UNE, aprobado con Res. N\u00b0 2663-2016-R-UNE el 04 de octubre; y el Reglamento General de la UNE, aprobado con Res. 0852-2018-R-UNE del 06 de abril del 2018.<\/span><\/p>\t\t\t\t\t\t\t\t<\/div>\n\t\t\t\t<\/div>\n\t\t\t\t\t<\/div>\n\t\t\t\t<\/div>\n\t\t<div class=\"elementor-element elementor-element-ec56f19 e-flex e-con-boxed e-con e-parent\" data-id=\"ec56f19\" data-element_type=\"container\" data-e-type=\"container\">\n\t\t\t\t\t<div class=\"e-con-inner\">\n\t\t\t\t<div class=\"elementor-element elementor-element-87bbe6d elementor-widget elementor-widget-image\" data-id=\"87bbe6d\" data-element_type=\"widget\" data-e-type=\"widget\" data-widget_type=\"image.default\">\n\t\t\t\t<div class=\"elementor-widget-container\">\n\t\t\t\t\t\t\t\t\t\t\t\t\t\t\t<img fetchpriority=\"high\" decoding=\"async\" width=\"1024\" height=\"626\" src=\"https:\/\/www.une.edu.pe\/tecnologia\/wp-content\/uploads\/2025\/07\/RESENA-1024x626.jpg\" class=\"attachment-large size-large wp-image-7342\" alt=\"\" srcset=\"https:\/\/www.une.edu.pe\/tecnologia\/wp-content\/uploads\/2025\/07\/RESENA-1024x626.jpg 1024w, https:\/\/www.une.edu.pe\/tecnologia\/wp-content\/uploads\/2025\/07\/RESENA-300x183.jpg 300w, https:\/\/www.une.edu.pe\/tecnologia\/wp-content\/uploads\/2025\/07\/RESENA-768x470.jpg 768w, https:\/\/www.une.edu.pe\/tecnologia\/wp-content\/uploads\/2025\/07\/RESENA-600x367.jpg 600w, https:\/\/www.une.edu.pe\/tecnologia\/wp-content\/uploads\/2025\/07\/RESENA.jpg 1261w\" sizes=\"(max-width: 1024px) 100vw, 1024px\" \/>\t\t\t\t\t\t\t\t\t\t\t\t\t\t\t<\/div>\n\t\t\t\t<\/div>\n\t\t\t\t\t<\/div>\n\t\t\t\t<\/div>\n\t\t<div class=\"elementor-element elementor-element-c14865e e-flex e-con-boxed e-con e-parent\" data-id=\"c14865e\" data-element_type=\"container\" data-e-type=\"container\">\n\t\t\t\t\t<div class=\"e-con-inner\">\n\t\t\t\t<div class=\"elementor-element elementor-element-a0b4a8f elementor-widget elementor-widget-image\" data-id=\"a0b4a8f\" data-element_type=\"widget\" data-e-type=\"widget\" data-widget_type=\"image.default\">\n\t\t\t\t<div class=\"elementor-widget-container\">\n\t\t\t\t\t\t\t\t\t\t\t\t\t\t\t<img decoding=\"async\" width=\"1024\" height=\"132\" src=\"https:\/\/www.une.edu.pe\/tecnologia\/wp-content\/uploads\/2026\/02\/fatec_cab.png\" class=\"attachment-large size-large wp-image-10569\" alt=\"\" srcset=\"https:\/\/www.une.edu.pe\/tecnologia\/wp-content\/uploads\/2026\/02\/fatec_cab.png 1024w, https:\/\/www.une.edu.pe\/tecnologia\/wp-content\/uploads\/2026\/02\/fatec_cab-300x39.png 300w, https:\/\/www.une.edu.pe\/tecnologia\/wp-content\/uploads\/2026\/02\/fatec_cab-768x99.png 768w, https:\/\/www.une.edu.pe\/tecnologia\/wp-content\/uploads\/2026\/02\/fatec_cab-600x77.png 600w\" sizes=\"(max-width: 1024px) 100vw, 1024px\" \/>\t\t\t\t\t\t\t\t\t\t\t\t\t\t\t<\/div>\n\t\t\t\t<\/div>\n\t\t\t\t\t<\/div>\n\t\t\t\t<\/div>\n\t\t\t\t<\/div>\n\t\t","protected":false},"excerpt":{"rendered":"<p>LA HISTORIA DE LA FACULTAD DE TECNOLOG&Iacute;A se remonta a un 6 de julio de 1953, cuando aqu&iacute; en nuestra sede LA CANTUTA, LA ESCUELA NORMAL DE VARONES, inicia la PREPARACI&Oacute;N DE MAESTROS DE EDUCACI&Oacute;N T&Eacute;CNICA para toda la Rep&uacute;blica del Per&uacute;.De la Memoria del Dr. Walter Pe&ntilde;alosa (1953 &ndash; 1954) se tiene el siguiente [&hellip;]<\/p>\n","protected":false},"author":1,"featured_media":0,"parent":0,"menu_order":0,"comment_status":"closed","ping_status":"closed","template":"","meta":{"footnotes":""},"class_list":["post-108","page","type-page","status-publish","hentry"],"_links":{"self":[{"href":"https:\/\/www.une.edu.pe\/tecnologia\/wp-json\/wp\/v2\/pages\/108","targetHints":{"allow":["GET"]}}],"collection":[{"href":"https:\/\/www.une.edu.pe\/tecnologia\/wp-json\/wp\/v2\/pages"}],"about":[{"href":"https:\/\/www.une.edu.pe\/tecnologia\/wp-json\/wp\/v2\/types\/page"}],"author":[{"embeddable":true,"href":"https:\/\/www.une.edu.pe\/tecnologia\/wp-json\/wp\/v2\/users\/1"}],"replies":[{"embeddable":true,"href":"https:\/\/www.une.edu.pe\/tecnologia\/wp-json\/wp\/v2\/comments?post=108"}],"version-history":[{"count":30,"href":"https:\/\/www.une.edu.pe\/tecnologia\/wp-json\/wp\/v2\/pages\/108\/revisions"}],"predecessor-version":[{"id":10604,"href":"https:\/\/www.une.edu.pe\/tecnologia\/wp-json\/wp\/v2\/pages\/108\/revisions\/10604"}],"wp:attachment":[{"href":"https:\/\/www.une.edu.pe\/tecnologia\/wp-json\/wp\/v2\/media?parent=108"}],"curies":[{"name":"wp","href":"https:\/\/api.w.org\/{rel}","templated":true}]}}