{"id":718,"date":"2022-08-29T10:52:10","date_gmt":"2022-08-29T15:52:10","guid":{"rendered":"https:\/\/www.une.edu.pe\/registro-une\/?page_id=718"},"modified":"2025-03-04T13:10:48","modified_gmt":"2025-03-04T18:10:48","slug":"inscripcion-del-grado-academico-y-titulo-profesional-a-sunedu","status":"publish","type":"page","link":"https:\/\/www.une.edu.pe\/registro-une\/inscripcion-del-grado-academico-y-titulo-profesional-a-sunedu\/","title":{"rendered":"INSCRIPCI\u00d3N DEL\u00a0GRADO ACAD\u00c9MICO Y T\u00cdTULO PROFESIONAL A SUNEDU"},"content":{"rendered":"\t\t<div data-elementor-type=\"wp-page\" data-elementor-id=\"718\" class=\"elementor elementor-718\">\n\t\t\t\t\t\t<section class=\"elementor-section elementor-top-section elementor-element elementor-element-4f1110f elementor-section-boxed elementor-section-height-default elementor-section-height-default\" data-id=\"4f1110f\" data-element_type=\"section\" data-e-type=\"section\">\n\t\t\t\t\t\t<div class=\"elementor-container elementor-column-gap-default\">\n\t\t\t\t\t<div class=\"elementor-column elementor-col-16 elementor-top-column elementor-element elementor-element-5e0224f\" data-id=\"5e0224f\" data-element_type=\"column\" data-e-type=\"column\">\n\t\t\t<div class=\"elementor-widget-wrap elementor-element-populated\">\n\t\t\t\t\t\t<div class=\"elementor-element elementor-element-baaac92 elementor-widget elementor-widget-image\" data-id=\"baaac92\" data-element_type=\"widget\" data-e-type=\"widget\" data-widget_type=\"image.default\">\n\t\t\t\t<div class=\"elementor-widget-container\">\n\t\t\t\t\t\t\t\t\t\t\t\t\t\t\t<img decoding=\"async\" width=\"85\" height=\"85\" src=\"https:\/\/www.une.edu.pe\/registro-une\/wp-content\/uploads\/2022\/08\/icono-3.png\" class=\"attachment-large size-large wp-image-720\" alt=\"\" \/>\t\t\t\t\t\t\t\t\t\t\t\t\t\t\t<\/div>\n\t\t\t\t<\/div>\n\t\t\t\t\t<\/div>\n\t\t<\/div>\n\t\t\t\t<div class=\"elementor-column elementor-col-66 elementor-top-column elementor-element elementor-element-610c60e\" data-id=\"610c60e\" data-element_type=\"column\" data-e-type=\"column\">\n\t\t\t<div class=\"elementor-widget-wrap elementor-element-populated\">\n\t\t\t\t\t\t<div class=\"elementor-element elementor-element-0e2b353 elementor-widget elementor-widget-text-editor\" data-id=\"0e2b353\" data-element_type=\"widget\" data-e-type=\"widget\" data-widget_type=\"text-editor.default\">\n\t\t\t\t<div class=\"elementor-widget-container\">\n\t\t\t\t\t\t\t\t\t<p><strong>INSCRIPCI\u00d3N DEL\u00a0GRADO ACAD\u00c9MICO Y T\u00cdTULO PROFESIONAL A SUNEDU:<\/strong><\/p><p>Se pone en conocimiento a los se\u00f1ores egresados de la UNE lo siguiente:<\/p><ul><li>Para proceder con el registro del Grado Acad\u00e9mico de Maestro y el Grado Acad\u00e9mico de doctor se debe tener registrado el Grado Acad\u00e9mico de Bachiller.<\/li><li>Para registrar el T\u00edtulo Profesional Universitario se debe tener registrado el Grado Acad\u00e9mico de Bachiller.<\/li><li>Para registrar el T\u00edtulo de Segunda Especialidad Profesional, deber\u00e1n estar registrados el Grado Acad\u00e9mico de Bachiller y el T\u00edtulo Profesional.<\/li><\/ul><p>Requisitos:<\/p><ul><li>Pantallazo de la inscripci\u00f3n del grado en la SUNEDU.<\/li><li>Todo en formato PDF.<\/li><\/ul><p>INSCRIPCION A SUNEDU 2015 Y A\u00d1OS ANTERIORES:<\/p><ul><li>Copia del diploma por ambos lados.<\/li><li>Copia de la Resoluci\u00f3n de Facultad que otorga el Grado Acad\u00e9mico o T\u00edtulo Profesional Universitario.<\/li><li>Copia de la Resoluci\u00f3n Rectoral que confiere el Grado Acad\u00e9mico o T\u00edtulo Profesional.<\/li><li>Copia del DNI<\/li><li><a href=\"http:\/\/www.une.edu.pe\/registro-une\/wp-content\/uploads\/2025\/03\/Decla-Jurada-datos-conforme-DNI_2025.pdf\" target=\"_blank\" rel=\"noopener\">Declaraci\u00f3n Jurada de Veracidad de Informaci\u00f3n<\/a><\/li><\/ul><p>Nota:\u00a0Todos los requisitos se deben adjutar en un solo archivo PDF.<\/p><p><span style=\"color: #ff0000;\"><strong>Nota:<\/strong> Los pagos por transferencia deben ser validados en www.une.edu.pe<\/span><\/p><p><span style=\"color: #ff0000;\">M\u00f3dulo de validaci\u00f3n de pagos por transferencia.<\/span><\/p><p>Consultas a:<br \/>Celular, WhatsApp: <strong>958050726<\/strong> (Primero escribir por WhatsApp).<\/p>\t\t\t\t\t\t\t\t<\/div>\n\t\t\t\t<\/div>\n\t\t\t\t\t<\/div>\n\t\t<\/div>\n\t\t\t\t<div class=\"elementor-column elementor-col-16 elementor-top-column elementor-element elementor-element-2d24a82\" data-id=\"2d24a82\" data-element_type=\"column\" data-e-type=\"column\">\n\t\t\t<div class=\"elementor-widget-wrap elementor-element-populated\">\n\t\t\t\t\t\t<div class=\"elementor-element elementor-element-8ead03e elementor-widget elementor-widget-text-editor\" data-id=\"8ead03e\" data-element_type=\"widget\" data-e-type=\"widget\" data-widget_type=\"text-editor.default\">\n\t\t\t\t<div class=\"elementor-widget-container\">\n\t\t\t\t\t\t\t\t\t<p><a href=\"https:\/\/apps.une.net.pe\/mpvf\/vistas\/serviciosacad.php\" target=\"_blank\" rel=\"noopener\"><img decoding=\"async\" class=\"alignnone wp-image-773\" src=\"https:\/\/www.une.edu.pe\/registro-une\/wp-content\/uploads\/2022\/08\/Solicitar.png\" alt=\"\" width=\"125\" height=\"25\" srcset=\"https:\/\/www.une.edu.pe\/registro-une\/wp-content\/uploads\/2022\/08\/Solicitar.png 1200w, https:\/\/www.une.edu.pe\/registro-une\/wp-content\/uploads\/2022\/08\/Solicitar-300x60.png 300w, https:\/\/www.une.edu.pe\/registro-une\/wp-content\/uploads\/2022\/08\/Solicitar-1024x206.png 1024w, https:\/\/www.une.edu.pe\/registro-une\/wp-content\/uploads\/2022\/08\/Solicitar-768x154.png 768w, https:\/\/www.une.edu.pe\/registro-une\/wp-content\/uploads\/2022\/08\/Solicitar-880x177.png 880w\" sizes=\"(max-width: 125px) 100vw, 125px\" \/><\/a><\/p>\t\t\t\t\t\t\t\t<\/div>\n\t\t\t\t<\/div>\n\t\t\t\t\t<\/div>\n\t\t<\/div>\n\t\t\t\t\t<\/div>\n\t\t<\/section>\n\t\t\t\t<\/div>\n\t\t","protected":false},"excerpt":{"rendered":"<p>INSCRIPCI\u00d3N DEL\u00a0GRADO ACAD\u00c9MICO Y T\u00cdTULO PROFESIONAL A SUNEDU: Se pone en conocimiento a los se\u00f1ores egresados de&#8230;<\/p>\n","protected":false},"author":1,"featured_media":0,"parent":0,"menu_order":0,"comment_status":"closed","ping_status":"closed","template":"elementor_header_footer","meta":{"footnotes":""},"class_list":["post-718","page","type-page","status-publish","hentry"],"_links":{"self":[{"href":"https:\/\/www.une.edu.pe\/registro-une\/wp-json\/wp\/v2\/pages\/718","targetHints":{"allow":["GET"]}}],"collection":[{"href":"https:\/\/www.une.edu.pe\/registro-une\/wp-json\/wp\/v2\/pages"}],"about":[{"href":"https:\/\/www.une.edu.pe\/registro-une\/wp-json\/wp\/v2\/types\/page"}],"author":[{"embeddable":true,"href":"https:\/\/www.une.edu.pe\/registro-une\/wp-json\/wp\/v2\/users\/1"}],"replies":[{"embeddable":true,"href":"https:\/\/www.une.edu.pe\/registro-une\/wp-json\/wp\/v2\/comments?post=718"}],"version-history":[{"count":34,"href":"https:\/\/www.une.edu.pe\/registro-une\/wp-json\/wp\/v2\/pages\/718\/revisions"}],"predecessor-version":[{"id":2633,"href":"https:\/\/www.une.edu.pe\/registro-une\/wp-json\/wp\/v2\/pages\/718\/revisions\/2633"}],"wp:attachment":[{"href":"https:\/\/www.une.edu.pe\/registro-une\/wp-json\/wp\/v2\/media?parent=718"}],"curies":[{"name":"wp","href":"https:\/\/api.w.org\/{rel}","templated":true}]}}