{"id":645,"date":"2022-08-26T10:31:33","date_gmt":"2022-08-26T15:31:33","guid":{"rendered":"https:\/\/www.une.edu.pe\/registro-une\/?page_id=645"},"modified":"2025-03-04T13:08:05","modified_gmt":"2025-03-04T18:08:05","slug":"emision-del-duplicado-por-perdida-del-diploma-original","status":"publish","type":"page","link":"https:\/\/www.une.edu.pe\/registro-une\/emision-del-duplicado-por-perdida-del-diploma-original\/","title":{"rendered":"EMISION DEL DUPLICADO POR PERDIDA DEL DIPLOMA ORIGINAL"},"content":{"rendered":"\t\t<div data-elementor-type=\"wp-page\" data-elementor-id=\"645\" class=\"elementor elementor-645\">\n\t\t\t\t\t\t<section class=\"elementor-section elementor-top-section elementor-element elementor-element-b64e930 elementor-section-boxed elementor-section-height-default elementor-section-height-default\" data-id=\"b64e930\" data-element_type=\"section\" data-e-type=\"section\">\n\t\t\t\t\t\t<div class=\"elementor-container elementor-column-gap-default\">\n\t\t\t\t\t<div class=\"elementor-column elementor-col-33 elementor-top-column elementor-element elementor-element-42d0521\" data-id=\"42d0521\" data-element_type=\"column\" data-e-type=\"column\">\n\t\t\t<div class=\"elementor-widget-wrap elementor-element-populated\">\n\t\t\t\t\t\t<div class=\"elementor-element elementor-element-e1c9485 elementor-widget elementor-widget-image\" data-id=\"e1c9485\" data-element_type=\"widget\" data-e-type=\"widget\" data-widget_type=\"image.default\">\n\t\t\t\t<div class=\"elementor-widget-container\">\n\t\t\t\t\t\t\t\t\t\t\t\t\t\t\t<img decoding=\"async\" width=\"85\" height=\"85\" src=\"https:\/\/www.une.edu.pe\/registro-une\/wp-content\/uploads\/2022\/08\/icono-2.png\" class=\"attachment-large size-large wp-image-631\" alt=\"\" \/>\t\t\t\t\t\t\t\t\t\t\t\t\t\t\t<\/div>\n\t\t\t\t<\/div>\n\t\t\t\t\t<\/div>\n\t\t<\/div>\n\t\t\t\t<div class=\"elementor-column elementor-col-33 elementor-top-column elementor-element elementor-element-91476ec\" data-id=\"91476ec\" data-element_type=\"column\" data-e-type=\"column\">\n\t\t\t<div class=\"elementor-widget-wrap elementor-element-populated\">\n\t\t\t\t\t\t<div class=\"elementor-element elementor-element-042f531 elementor-widget elementor-widget-text-editor\" data-id=\"042f531\" data-element_type=\"widget\" data-e-type=\"widget\" data-widget_type=\"text-editor.default\">\n\t\t\t\t<div class=\"elementor-widget-container\">\n\t\t\t\t\t\t\t\t\t<p><strong>EMISION DEL DUPLICADO POR PERDIDA DEL DIPLOMA ORIGINAL:<\/strong><\/p><p><strong>Requisitos:<\/strong><\/p><ul><li>Declaraci\u00f3n Jurada por p\u00e9rdida del diploma.\u00a0<a href=\"http:\/\/www.une.edu.pe\/registro\/ANEXO%20%2001%20DECLARACI%c3%93N%20JURADA.docx\" target=\"_blank\" rel=\"noopener\">Anexo 01<\/a>.<\/li><li>Publicaci\u00f3n en un diario de mayor circulaci\u00f3n del lugar, del aviso de la p\u00e9rdida del diploma y solicitud del duplicado.<\/li><li>Deber\u00e1 presentar la p\u00e1gina completa del diario donde se muestre el nombre del mismo y la fecha seg\u00fan este\u00a0<a href=\"http:\/\/www.une.edu.pe\/registro\/formato-aviso-p%c3%a9rdida-diploma.pdf\" target=\"_blank\" rel=\"noopener\">formato.<\/a><\/li><li>Cuatro (4)\u00a0fotograf\u00edas tama\u00f1o pasaporte a color, con fondo blanco, actual, de estudio, no instant\u00e1nea, sin anteojos. Presentar en formato JPG.<ul><li>DAMAS: terno \u2013 Saco oscuro y blusa blanca.<\/li><li>VARONES: terno \u2013 Saco oscuro y corbata.<\/li><\/ul><\/li><li>Presentaci\u00f3n de la publicaci\u00f3n en el diario oficial El Peruano, la resoluci\u00f3n del Consejo Universitario que aprueba la expedici\u00f3n del duplicado del diploma original por motivo de p\u00e9rdida (original de la hoja completa de la publicaci\u00f3n).<\/li><li>Recibo de pago:<ul><li>Por duplicado de Grado Acad\u00e9mico o T\u00edtulo Profesional .<\/li><li>Formato de Diploma, Autenticado Sunedu y Caligrafiado.<\/li><\/ul><\/li><li>Constancia de Denuncia Policial (vigente en los \u00faltimos 30 d\u00edas).<\/li><li>Copia de la Resoluci\u00f3n de Facultad que otorga el Grado Acad\u00e9mico o T\u00edtulo Profesional universitario (*).<\/li><li>Copia de la Resoluci\u00f3n Rectoral que confiere el Grado Acad\u00e9mico o T\u00edtulo Profesional (*) (*) S\u00f3lo para recoger el Grado Acad\u00e9mico o T\u00edtulo Profesional Universitario (duplicados).<\/li><li>Presentar DNI.<\/li><li>Todo en formato PDF.<\/li><li><a href=\"http:\/\/www.une.edu.pe\/registro-une\/wp-content\/uploads\/2025\/03\/Decla-Jurada-datos-conforme-DNI_2025.pdf\" target=\"_blank\" rel=\"noopener\">Declaraci\u00f3n Jurada de Veracidad de Informaci\u00f3n<\/a><\/li><\/ul><div><span style=\"font-size: 13px; color: var( --e-global-color-text );\">Recibo de pago:<\/span><\/div><p>Por duplicado de Grado Acad\u00e9mico o T\u00edtulo Profesional:<\/p><p>Derecho de tr\u00e1mite:<\/p><p>Formato de Diploma y Caligrafiado:<\/p><p>C\u00d3DIGO DE TRANSACI\u00d3N 9135 BANCO DE LA NACI\u00d3N A NIVEL NACIONAL<\/p><p>Nota: Todos los requisitos se deben adjuntar en un solo archivo PDF.<\/p><p><span style=\"color: #ff0000;\"><strong>Nota:<\/strong> Los pagos por transferencia deben ser validados en www.une.edu.pe<\/span><\/p><p><span style=\"color: #ff0000;\">M\u00f3dulo de validaci\u00f3n de pagos por transferencia.<\/span><\/p><p><strong>Consultas a:<\/strong><br \/>Celular, WhatsApp: <strong>958050726<\/strong> (Primero escribir por WhatsApp).<\/p>\t\t\t\t\t\t\t\t<\/div>\n\t\t\t\t<\/div>\n\t\t\t\t\t<\/div>\n\t\t<\/div>\n\t\t\t\t<div class=\"elementor-column elementor-col-33 elementor-top-column elementor-element elementor-element-bd6e953\" data-id=\"bd6e953\" data-element_type=\"column\" data-e-type=\"column\">\n\t\t\t<div class=\"elementor-widget-wrap elementor-element-populated\">\n\t\t\t\t\t\t<div class=\"elementor-element elementor-element-7f79a58 elementor-widget elementor-widget-text-editor\" data-id=\"7f79a58\" data-element_type=\"widget\" data-e-type=\"widget\" data-widget_type=\"text-editor.default\">\n\t\t\t\t<div class=\"elementor-widget-container\">\n\t\t\t\t\t\t\t\t\t<p><a href=\"https:\/\/apps.une.net.pe\/mpvf\/vistas\/serviciosacad.php\" target=\"_blank\" rel=\"noopener\"><img decoding=\"async\" class=\"alignnone wp-image-773\" src=\"https:\/\/www.une.edu.pe\/registro-une\/wp-content\/uploads\/2022\/08\/Solicitar.png\" alt=\"\" width=\"125\" height=\"25\" srcset=\"https:\/\/www.une.edu.pe\/registro-une\/wp-content\/uploads\/2022\/08\/Solicitar.png 1200w, https:\/\/www.une.edu.pe\/registro-une\/wp-content\/uploads\/2022\/08\/Solicitar-300x60.png 300w, https:\/\/www.une.edu.pe\/registro-une\/wp-content\/uploads\/2022\/08\/Solicitar-1024x206.png 1024w, https:\/\/www.une.edu.pe\/registro-une\/wp-content\/uploads\/2022\/08\/Solicitar-768x154.png 768w, https:\/\/www.une.edu.pe\/registro-une\/wp-content\/uploads\/2022\/08\/Solicitar-880x177.png 880w\" sizes=\"(max-width: 125px) 100vw, 125px\" \/><\/a><\/p>\t\t\t\t\t\t\t\t<\/div>\n\t\t\t\t<\/div>\n\t\t\t\t\t<\/div>\n\t\t<\/div>\n\t\t\t\t\t<\/div>\n\t\t<\/section>\n\t\t\t\t<\/div>\n\t\t","protected":false},"excerpt":{"rendered":"<p>EMISION DEL DUPLICADO POR PERDIDA DEL DIPLOMA ORIGINAL: Requisitos: Declaraci\u00f3n Jurada por p\u00e9rdida del diploma.\u00a0Anexo 01. Publicaci\u00f3n&#8230;<\/p>\n","protected":false},"author":1,"featured_media":0,"parent":0,"menu_order":0,"comment_status":"closed","ping_status":"closed","template":"elementor_header_footer","meta":{"footnotes":""},"class_list":["post-645","page","type-page","status-publish","hentry"],"_links":{"self":[{"href":"https:\/\/www.une.edu.pe\/registro-une\/wp-json\/wp\/v2\/pages\/645","targetHints":{"allow":["GET"]}}],"collection":[{"href":"https:\/\/www.une.edu.pe\/registro-une\/wp-json\/wp\/v2\/pages"}],"about":[{"href":"https:\/\/www.une.edu.pe\/registro-une\/wp-json\/wp\/v2\/types\/page"}],"author":[{"embeddable":true,"href":"https:\/\/www.une.edu.pe\/registro-une\/wp-json\/wp\/v2\/users\/1"}],"replies":[{"embeddable":true,"href":"https:\/\/www.une.edu.pe\/registro-une\/wp-json\/wp\/v2\/comments?post=645"}],"version-history":[{"count":35,"href":"https:\/\/www.une.edu.pe\/registro-une\/wp-json\/wp\/v2\/pages\/645\/revisions"}],"predecessor-version":[{"id":2627,"href":"https:\/\/www.une.edu.pe\/registro-une\/wp-json\/wp\/v2\/pages\/645\/revisions\/2627"}],"wp:attachment":[{"href":"https:\/\/www.une.edu.pe\/registro-une\/wp-json\/wp\/v2\/media?parent=645"}],"curies":[{"name":"wp","href":"https:\/\/api.w.org\/{rel}","templated":true}]}}