{"id":626,"date":"2022-08-26T10:18:50","date_gmt":"2022-08-26T15:18:50","guid":{"rendered":"https:\/\/www.une.edu.pe\/registro-une\/?page_id=626"},"modified":"2025-03-04T13:23:15","modified_gmt":"2025-03-04T18:23:15","slug":"informe-de-expedito-para-segunda-especialidad-profesional","status":"publish","type":"page","link":"https:\/\/www.une.edu.pe\/registro-une\/informe-de-expedito-para-segunda-especialidad-profesional\/","title":{"rendered":"INFORME DE EXPEDITO PARA SEGUNDA ESPECIALIDAD PROFESIONAL"},"content":{"rendered":"\t\t<div data-elementor-type=\"wp-page\" data-elementor-id=\"626\" class=\"elementor elementor-626\">\n\t\t\t\t\t\t<section class=\"elementor-section elementor-top-section elementor-element elementor-element-d1d132f elementor-section-boxed elementor-section-height-default elementor-section-height-default\" data-id=\"d1d132f\" data-element_type=\"section\" data-e-type=\"section\">\n\t\t\t\t\t\t<div class=\"elementor-container elementor-column-gap-default\">\n\t\t\t\t\t<div class=\"elementor-column elementor-col-33 elementor-top-column elementor-element elementor-element-e4227f8\" data-id=\"e4227f8\" data-element_type=\"column\" data-e-type=\"column\">\n\t\t\t<div class=\"elementor-widget-wrap elementor-element-populated\">\n\t\t\t\t\t\t<div class=\"elementor-element elementor-element-68c36ee elementor-widget elementor-widget-image\" data-id=\"68c36ee\" data-element_type=\"widget\" data-e-type=\"widget\" data-widget_type=\"image.default\">\n\t\t\t\t<div class=\"elementor-widget-container\">\n\t\t\t\t\t\t\t\t\t\t\t\t\t\t\t<img decoding=\"async\" width=\"85\" height=\"85\" src=\"https:\/\/www.une.edu.pe\/registro-une\/wp-content\/uploads\/2022\/08\/icono-2.png\" class=\"attachment-large size-large wp-image-631\" alt=\"\" \/>\t\t\t\t\t\t\t\t\t\t\t\t\t\t\t<\/div>\n\t\t\t\t<\/div>\n\t\t\t\t\t<\/div>\n\t\t<\/div>\n\t\t\t\t<div class=\"elementor-column elementor-col-33 elementor-top-column elementor-element elementor-element-83062f6\" data-id=\"83062f6\" data-element_type=\"column\" data-e-type=\"column\">\n\t\t\t<div class=\"elementor-widget-wrap elementor-element-populated\">\n\t\t\t\t\t\t<div class=\"elementor-element elementor-element-16438ef elementor-widget elementor-widget-text-editor\" data-id=\"16438ef\" data-element_type=\"widget\" data-e-type=\"widget\" data-widget_type=\"text-editor.default\">\n\t\t\t\t<div class=\"elementor-widget-container\">\n\t\t\t\t\t\t\t\t\t<p><strong>INFORME DE EXPEDITO PARA SEGUNDA ESPECIALIDAD PROFESIONAL:\u00a0<\/strong><\/p><p><strong>Requisitos:<\/strong><\/p><ul><li>Certificado de estudios original de Segunda Especialidad (si el tr\u00e1mite es virtual, adjuntar recibos para certificado promocional)<\/li><li>Copia de Resoluci\u00f3n de Facultad que aprueba el proyecto de Tesis<\/li><li>Una foto actual digital de estudio fotogr\u00e1fico en formato jpg (grabar jpg en min\u00fascula). Tama\u00f1o pasaporte, con fondo blanco. color: Varones saco y corbata, damas blusa y saco (saco oscuro, camisa o blusa color claro). Cargar la foto en su INTRANET (<span style=\"color: #0000ff;\">www.une.edu.pe<\/span>, INTRANET\/Alumno). Si no cumplen con las especificaciones de este requisito, el tr\u00e1mite no ser\u00e1 atendido.<\/li><li>Adjuntar Formato <span style=\"color: #0000ff;\">HOJA DE NO ADEUDAR<\/span>, solicitarlo en Tesorer\u00eda (CEFOPS-Semipresencial) (Correo: <span style=\"color: #0000ff;\">hna.tesoreria@une.edu.pe<\/span> )<\/li><li><a href=\"http:\/\/www.une.edu.pe\/registro-une\/wp-content\/uploads\/2025\/03\/Decla-Jurada-datos-conforme-DNI_2025.pdf\">Declaraci\u00f3n Jurada de ratificaci\u00f3n de datos de acuerdo al DNI vigente\u00a0<\/a><\/li><li>Pagos a realizar:<\/li><\/ul><p><img fetchpriority=\"high\" decoding=\"async\" class=\"alignnone size-full wp-image-2641\" src=\"http:\/\/www.une.edu.pe\/registro-une\/wp-content\/uploads\/2025\/03\/Expedito.jpg\" alt=\"\" width=\"971\" height=\"287\" srcset=\"https:\/\/www.une.edu.pe\/registro-une\/wp-content\/uploads\/2025\/03\/Expedito.jpg 971w, https:\/\/www.une.edu.pe\/registro-une\/wp-content\/uploads\/2025\/03\/Expedito-300x89.jpg 300w, https:\/\/www.une.edu.pe\/registro-une\/wp-content\/uploads\/2025\/03\/Expedito-768x227.jpg 768w, https:\/\/www.une.edu.pe\/registro-une\/wp-content\/uploads\/2025\/03\/Expedito-880x260.jpg 880w\" sizes=\"(max-width: 971px) 100vw, 971px\" \/><\/p><p><strong>Nota:<\/strong><\/p><p>1. Todos los requisitos se deben adjuntar en un solo archivo PDF.<\/p><p>2. <span style=\"color: #ff0000;\">Los pagos por transferencia deben ser validados en www.une.edu.pe M\u00f3dulo de validaci\u00f3n de pagos por transferencia.<\/span><\/p><p><strong>Canales de atenci\u00f3n:<\/strong><\/p><p>Toda informaci\u00f3n sobre alguna observaci\u00f3n en su expediente se informar\u00e1 a trav\u00e9s de su intranet alumno.<\/p><p>Celular, WhatsApp: 992 069 901 &#8211; Sr. R.Obreg\u00f3n (Si tiene dudas sobre los requisitos. Escribir por WhatsApp).<\/p><p>Nota: Antes de llamar consultar primero en su INTRANET.<\/p>\t\t\t\t\t\t\t\t<\/div>\n\t\t\t\t<\/div>\n\t\t\t\t\t<\/div>\n\t\t<\/div>\n\t\t\t\t<div class=\"elementor-column elementor-col-33 elementor-top-column elementor-element elementor-element-e541d97\" data-id=\"e541d97\" data-element_type=\"column\" data-e-type=\"column\">\n\t\t\t<div class=\"elementor-widget-wrap elementor-element-populated\">\n\t\t\t\t\t\t<div class=\"elementor-element elementor-element-c5305ff elementor-widget elementor-widget-text-editor\" data-id=\"c5305ff\" data-element_type=\"widget\" data-e-type=\"widget\" data-widget_type=\"text-editor.default\">\n\t\t\t\t<div class=\"elementor-widget-container\">\n\t\t\t\t\t\t\t\t\t<p><a href=\"https:\/\/apps.une.net.pe\/mpvf\/vistas\/serviciosacad.php\" target=\"_blank\" rel=\"noopener\"><img decoding=\"async\" class=\"alignnone wp-image-773\" src=\"https:\/\/www.une.edu.pe\/registro-une\/wp-content\/uploads\/2022\/08\/Solicitar.png\" alt=\"\" width=\"124\" height=\"25\" srcset=\"https:\/\/www.une.edu.pe\/registro-une\/wp-content\/uploads\/2022\/08\/Solicitar.png 1200w, https:\/\/www.une.edu.pe\/registro-une\/wp-content\/uploads\/2022\/08\/Solicitar-300x60.png 300w, https:\/\/www.une.edu.pe\/registro-une\/wp-content\/uploads\/2022\/08\/Solicitar-1024x206.png 1024w, https:\/\/www.une.edu.pe\/registro-une\/wp-content\/uploads\/2022\/08\/Solicitar-768x154.png 768w, https:\/\/www.une.edu.pe\/registro-une\/wp-content\/uploads\/2022\/08\/Solicitar-880x177.png 880w\" sizes=\"(max-width: 124px) 100vw, 124px\" \/><\/a><\/p>\t\t\t\t\t\t\t\t<\/div>\n\t\t\t\t<\/div>\n\t\t\t\t\t<\/div>\n\t\t<\/div>\n\t\t\t\t\t<\/div>\n\t\t<\/section>\n\t\t\t\t<\/div>\n\t\t","protected":false},"excerpt":{"rendered":"<p>INFORME DE EXPEDITO PARA SEGUNDA ESPECIALIDAD PROFESIONAL:\u00a0 Requisitos: Certificado de estudios original de Segunda Especialidad (si el&#8230;<\/p>\n","protected":false},"author":1,"featured_media":0,"parent":0,"menu_order":0,"comment_status":"closed","ping_status":"closed","template":"elementor_header_footer","meta":{"footnotes":""},"class_list":["post-626","page","type-page","status-publish","hentry"],"_links":{"self":[{"href":"https:\/\/www.une.edu.pe\/registro-une\/wp-json\/wp\/v2\/pages\/626","targetHints":{"allow":["GET"]}}],"collection":[{"href":"https:\/\/www.une.edu.pe\/registro-une\/wp-json\/wp\/v2\/pages"}],"about":[{"href":"https:\/\/www.une.edu.pe\/registro-une\/wp-json\/wp\/v2\/types\/page"}],"author":[{"embeddable":true,"href":"https:\/\/www.une.edu.pe\/registro-une\/wp-json\/wp\/v2\/users\/1"}],"replies":[{"embeddable":true,"href":"https:\/\/www.une.edu.pe\/registro-une\/wp-json\/wp\/v2\/comments?post=626"}],"version-history":[{"count":55,"href":"https:\/\/www.une.edu.pe\/registro-une\/wp-json\/wp\/v2\/pages\/626\/revisions"}],"predecessor-version":[{"id":2653,"href":"https:\/\/www.une.edu.pe\/registro-une\/wp-json\/wp\/v2\/pages\/626\/revisions\/2653"}],"wp:attachment":[{"href":"https:\/\/www.une.edu.pe\/registro-une\/wp-json\/wp\/v2\/media?parent=626"}],"curies":[{"name":"wp","href":"https:\/\/api.w.org\/{rel}","templated":true}]}}