{"id":615,"date":"2022-08-26T09:44:17","date_gmt":"2022-08-26T14:44:17","guid":{"rendered":"https:\/\/www.une.edu.pe\/registro-une\/?page_id=615"},"modified":"2025-03-04T12:20:27","modified_gmt":"2025-03-04T17:20:27","slug":"bachiller-universitario-con-trabajo-de-investigacion","status":"publish","type":"page","link":"https:\/\/www.une.edu.pe\/registro-une\/bachiller-universitario-con-trabajo-de-investigacion\/","title":{"rendered":"BACHILLER\u00a0UNIVERSITARIO CON TRABAJO DE INVESTIGACI\u00d3N"},"content":{"rendered":"\t\t<div data-elementor-type=\"wp-page\" data-elementor-id=\"615\" class=\"elementor elementor-615\">\n\t\t\t\t\t\t<section class=\"elementor-section elementor-top-section elementor-element elementor-element-5100924 elementor-section-boxed elementor-section-height-default elementor-section-height-default\" data-id=\"5100924\" data-element_type=\"section\" data-e-type=\"section\">\n\t\t\t\t\t\t<div class=\"elementor-container elementor-column-gap-default\">\n\t\t\t\t\t<div class=\"elementor-column elementor-col-33 elementor-top-column elementor-element elementor-element-bd0a20a\" data-id=\"bd0a20a\" data-element_type=\"column\" data-e-type=\"column\">\n\t\t\t<div class=\"elementor-widget-wrap elementor-element-populated\">\n\t\t\t\t\t\t<div class=\"elementor-element elementor-element-fa13c58 elementor-widget elementor-widget-image\" data-id=\"fa13c58\" data-element_type=\"widget\" data-e-type=\"widget\" data-widget_type=\"image.default\">\n\t\t\t\t<div class=\"elementor-widget-container\">\n\t\t\t\t\t\t\t\t\t\t\t\t\t\t\t<img decoding=\"async\" width=\"128\" height=\"128\" src=\"https:\/\/www.une.edu.pe\/registro-une\/wp-content\/uploads\/2022\/08\/Icono-1.png\" class=\"attachment-large size-large wp-image-595\" alt=\"\" \/>\t\t\t\t\t\t\t\t\t\t\t\t\t\t\t<\/div>\n\t\t\t\t<\/div>\n\t\t\t\t\t<\/div>\n\t\t<\/div>\n\t\t\t\t<div class=\"elementor-column elementor-col-33 elementor-top-column elementor-element elementor-element-1c647fe\" data-id=\"1c647fe\" data-element_type=\"column\" data-e-type=\"column\">\n\t\t\t<div class=\"elementor-widget-wrap elementor-element-populated\">\n\t\t\t\t\t\t<div class=\"elementor-element elementor-element-6e3be02 elementor-widget elementor-widget-text-editor\" data-id=\"6e3be02\" data-element_type=\"widget\" data-e-type=\"widget\" data-widget_type=\"text-editor.default\">\n\t\t\t\t<div class=\"elementor-widget-container\">\n\t\t\t\t\t\t\t\t\t<p><strong>BACHILLER\u00a0UNIVERSITARIO CON TRABAJO DE INVESTIGACI\u00d3N<\/strong><span style=\"font-weight: 400;\">\u00a0<\/span><strong>:<\/strong><b>\u00a0<\/b><\/p><p style=\"font-weight: 400;\">Ley N\u00b0 30220. Para los que concluyeron sus estudios hasta el a\u00f1o 2019.<\/p><p style=\"font-weight: 400;\"><strong><u>Requisitos:<\/u><\/strong><\/p><ul><li>Certificado de estudios original (si el tr\u00e1mite es virtual, adjuntar recibos para certificado promocional)<\/li><li>Resoluci\u00f3n de Facultad que aprueba el proyecto de trabajo de investigaci\u00f3n<\/li><li>Una foto actual digital de estudio fotogr\u00e1fico en formato jpg (grabar jpg en min\u00fascula). Tama\u00f1o pasaporte, con fondo blanco. color: Varones saco y corbata, damas blusa y saco (saco oscuro, camisa o blusa color claro). Cargar la foto en su INTRANET (<span style=\"color: #0000ff;\">www.une.edu.pe<\/span>, INTRANET\/Alumno). Si no cumplen con las especificaciones de este requisito, el tr\u00e1mite no ser\u00e1 atendido.<\/li><li>Adjuntar Formato <span style=\"color: #0000ff;\">HOJA DE NO ADEUDAR<\/span>, solicitarlo en Tesorer\u00eda (CEFOPS-Semipresencial) (Correo: <span style=\"color: #0000ff;\">hna.tesoreria@une.edu.pe<\/span> )<\/li><li><a href=\"http:\/\/www.une.edu.pe\/registro-une\/wp-content\/uploads\/2025\/03\/Decla-Jurada-datos-conforme-DNI_2025.pdf\">Declaraci\u00f3n Jurada de ratificaci\u00f3n de datos de acuerdo al DNI vigente<\/a>\u00a0<\/li><li>Pagos a realizar:<\/li><\/ul><p><img fetchpriority=\"high\" decoding=\"async\" class=\"alignnone size-full wp-image-2489\" src=\"http:\/\/www.une.edu.pe\/registro-une\/wp-content\/uploads\/2025\/03\/TrabajoInvestigacion.jpg\" alt=\"\" width=\"902\" height=\"597\" srcset=\"https:\/\/www.une.edu.pe\/registro-une\/wp-content\/uploads\/2025\/03\/TrabajoInvestigacion.jpg 902w, https:\/\/www.une.edu.pe\/registro-une\/wp-content\/uploads\/2025\/03\/TrabajoInvestigacion-300x199.jpg 300w, https:\/\/www.une.edu.pe\/registro-une\/wp-content\/uploads\/2025\/03\/TrabajoInvestigacion-768x508.jpg 768w, https:\/\/www.une.edu.pe\/registro-une\/wp-content\/uploads\/2025\/03\/TrabajoInvestigacion-880x582.jpg 880w\" sizes=\"(max-width: 902px) 100vw, 902px\" \/><\/p><p style=\"font-weight: 400;\"><strong>Nota:<\/strong>\u00a0<\/p><p>1. Todos los requisitos se deben adjuntar en un solo archivo PDF.<\/p><p>2. Los pagos por transferencia deben ser validados en www.une.edu.pe M\u00f3dulo de validaci\u00f3n de pagos por transferencia.<\/p><p><strong><span style=\"text-decoration: underline;\">Canales de atenci\u00f3n:<\/span><\/strong><\/p><p>Toda informaci\u00f3n sobre alguna observaci\u00f3n en su expediente se informar\u00e1 a trav\u00e9s de su intranet alumno.<\/p><p>Celular, WhatsApp: 992 069 901-Sr. R.Obreg\u00f3n (Si tiene dudas sobre los requisitos o acceso a intranet. Escribir por WhatsApp).<\/p><p>Nota: Antes de llamar consultar primero en su INTRANET.<\/p>\t\t\t\t\t\t\t\t<\/div>\n\t\t\t\t<\/div>\n\t\t\t\t\t<\/div>\n\t\t<\/div>\n\t\t\t\t<div class=\"elementor-column elementor-col-33 elementor-top-column elementor-element elementor-element-080e85d\" data-id=\"080e85d\" data-element_type=\"column\" data-e-type=\"column\">\n\t\t\t<div class=\"elementor-widget-wrap elementor-element-populated\">\n\t\t\t\t\t\t<div class=\"elementor-element elementor-element-a16b021 elementor-widget elementor-widget-text-editor\" data-id=\"a16b021\" data-element_type=\"widget\" data-e-type=\"widget\" data-widget_type=\"text-editor.default\">\n\t\t\t\t<div class=\"elementor-widget-container\">\n\t\t\t\t\t\t\t\t\t<p><a href=\"https:\/\/apps.une.net.pe\/mpvf\/vistas\/serviciosacad.php\" target=\"_blank\" rel=\"noopener\"><img decoding=\"async\" class=\"alignnone wp-image-773\" src=\"https:\/\/www.une.edu.pe\/registro-une\/wp-content\/uploads\/2022\/08\/Solicitar.png\" alt=\"\" width=\"124\" height=\"25\" srcset=\"https:\/\/www.une.edu.pe\/registro-une\/wp-content\/uploads\/2022\/08\/Solicitar.png 1200w, https:\/\/www.une.edu.pe\/registro-une\/wp-content\/uploads\/2022\/08\/Solicitar-300x60.png 300w, https:\/\/www.une.edu.pe\/registro-une\/wp-content\/uploads\/2022\/08\/Solicitar-1024x206.png 1024w, https:\/\/www.une.edu.pe\/registro-une\/wp-content\/uploads\/2022\/08\/Solicitar-768x154.png 768w, https:\/\/www.une.edu.pe\/registro-une\/wp-content\/uploads\/2022\/08\/Solicitar-880x177.png 880w\" sizes=\"(max-width: 124px) 100vw, 124px\" \/><\/a><\/p>\t\t\t\t\t\t\t\t<\/div>\n\t\t\t\t<\/div>\n\t\t\t\t\t<\/div>\n\t\t<\/div>\n\t\t\t\t\t<\/div>\n\t\t<\/section>\n\t\t\t\t<\/div>\n\t\t","protected":false},"excerpt":{"rendered":"<p>BACHILLER\u00a0UNIVERSITARIO CON TRABAJO DE INVESTIGACI\u00d3N\u00a0:\u00a0 Ley N\u00b0 30220. Para los que concluyeron sus estudios hasta el a\u00f1o&#8230;<\/p>\n","protected":false},"author":1,"featured_media":0,"parent":0,"menu_order":0,"comment_status":"closed","ping_status":"closed","template":"elementor_header_footer","meta":{"footnotes":""},"class_list":["post-615","page","type-page","status-publish","hentry"],"_links":{"self":[{"href":"https:\/\/www.une.edu.pe\/registro-une\/wp-json\/wp\/v2\/pages\/615","targetHints":{"allow":["GET"]}}],"collection":[{"href":"https:\/\/www.une.edu.pe\/registro-une\/wp-json\/wp\/v2\/pages"}],"about":[{"href":"https:\/\/www.une.edu.pe\/registro-une\/wp-json\/wp\/v2\/types\/page"}],"author":[{"embeddable":true,"href":"https:\/\/www.une.edu.pe\/registro-une\/wp-json\/wp\/v2\/users\/1"}],"replies":[{"embeddable":true,"href":"https:\/\/www.une.edu.pe\/registro-une\/wp-json\/wp\/v2\/comments?post=615"}],"version-history":[{"count":62,"href":"https:\/\/www.une.edu.pe\/registro-une\/wp-json\/wp\/v2\/pages\/615\/revisions"}],"predecessor-version":[{"id":2621,"href":"https:\/\/www.une.edu.pe\/registro-une\/wp-json\/wp\/v2\/pages\/615\/revisions\/2621"}],"wp:attachment":[{"href":"https:\/\/www.une.edu.pe\/registro-une\/wp-json\/wp\/v2\/media?parent=615"}],"curies":[{"name":"wp","href":"https:\/\/api.w.org\/{rel}","templated":true}]}}