{"id":558,"date":"2022-08-25T12:27:49","date_gmt":"2022-08-25T17:27:49","guid":{"rendered":"https:\/\/www.une.edu.pe\/registro-une\/?page_id=558"},"modified":"2025-03-04T12:21:04","modified_gmt":"2025-03-04T17:21:04","slug":"bachiller-automatico-para-pregrado-presencial","status":"publish","type":"page","link":"https:\/\/www.une.edu.pe\/registro-une\/bachiller-automatico-para-pregrado-presencial\/","title":{"rendered":"BACHILLER AUTOM\u00c1TICO PARA PREGRADO PRESENCIAL"},"content":{"rendered":"\t\t<div data-elementor-type=\"wp-page\" data-elementor-id=\"558\" class=\"elementor elementor-558\">\n\t\t\t\t\t\t<section class=\"elementor-section elementor-top-section elementor-element elementor-element-51e9447 elementor-section-boxed elementor-section-height-default elementor-section-height-default\" data-id=\"51e9447\" data-element_type=\"section\" data-e-type=\"section\">\n\t\t\t\t\t\t<div class=\"elementor-container elementor-column-gap-default\">\n\t\t\t\t\t<div class=\"elementor-column elementor-col-33 elementor-top-column elementor-element elementor-element-775c940\" data-id=\"775c940\" data-element_type=\"column\" data-e-type=\"column\">\n\t\t\t<div class=\"elementor-widget-wrap elementor-element-populated\">\n\t\t\t\t\t\t<div class=\"elementor-element elementor-element-fc5c9b3 elementor-widget elementor-widget-image\" data-id=\"fc5c9b3\" data-element_type=\"widget\" data-e-type=\"widget\" data-widget_type=\"image.default\">\n\t\t\t\t<div class=\"elementor-widget-container\">\n\t\t\t\t\t\t\t\t\t\t\t\t\t\t\t<img decoding=\"async\" width=\"128\" height=\"128\" src=\"https:\/\/www.une.edu.pe\/registro-une\/wp-content\/uploads\/2022\/08\/Icono-1.png\" class=\"attachment-large size-large wp-image-595\" alt=\"\" \/>\t\t\t\t\t\t\t\t\t\t\t\t\t\t\t<\/div>\n\t\t\t\t<\/div>\n\t\t\t\t\t<\/div>\n\t\t<\/div>\n\t\t\t\t<div class=\"elementor-column elementor-col-33 elementor-top-column elementor-element elementor-element-d4a4f5e\" data-id=\"d4a4f5e\" data-element_type=\"column\" data-e-type=\"column\">\n\t\t\t<div class=\"elementor-widget-wrap elementor-element-populated\">\n\t\t\t\t\t\t<div class=\"elementor-element elementor-element-0291391 elementor-widget elementor-widget-text-editor\" data-id=\"0291391\" data-element_type=\"widget\" data-e-type=\"widget\" data-widget_type=\"text-editor.default\">\n\t\t\t\t<div class=\"elementor-widget-container\">\n\t\t\t\t\t\t\t\t\t<p><strong>BACHILLER AUTOM\u00c1TICO PARA PREGRADO PRESENCIAL:<\/strong><b>\u00a0<\/b><\/p><ul><li>Certificado de estudios original (si el tr\u00e1mite es virtual, adjuntar recibos para certificado promocional)<\/li><li>Una foto actual digital de estudio fotogr\u00e1fico en formato jpg (grabar jpg en min\u00fascula). Tama\u00f1o pasaporte, con fondo blanco. color: Varones saco y corbata, damas blusa y saco (saco oscuro, camisa o blusa color claro). Cargar la foto en su INTRANET (www.une.edu.pe, INTRANET\/Alumno). Si no cumplen con las especificaciones de este requisito, el tr\u00e1mite no ser\u00e1 atendido.<\/li><li><a href=\"http:\/\/www.une.edu.pe\/registro-une\/wp-content\/uploads\/2025\/03\/Decla-Jurada-datos-conforme-DNI_2025.pdf\">Declaraci\u00f3n Jurada de ratificaci\u00f3n de datos de acuerdo al DNI vigente<\/a><\/li><li>Pagos a realizar:<\/li><\/ul><p><img fetchpriority=\"high\" decoding=\"async\" class=\"alignnone size-full wp-image-2474\" src=\"http:\/\/www.une.edu.pe\/registro-une\/wp-content\/uploads\/2025\/03\/PRegradoPresencial.jpg\" alt=\"\" width=\"971\" height=\"713\" srcset=\"https:\/\/www.une.edu.pe\/registro-une\/wp-content\/uploads\/2025\/03\/PRegradoPresencial.jpg 971w, https:\/\/www.une.edu.pe\/registro-une\/wp-content\/uploads\/2025\/03\/PRegradoPresencial-300x220.jpg 300w, https:\/\/www.une.edu.pe\/registro-une\/wp-content\/uploads\/2025\/03\/PRegradoPresencial-768x564.jpg 768w, https:\/\/www.une.edu.pe\/registro-une\/wp-content\/uploads\/2025\/03\/PRegradoPresencial-880x646.jpg 880w\" sizes=\"(max-width: 971px) 100vw, 971px\" \/><\/p><p style=\"font-weight: 400;\"><strong>Nota:<\/strong>\u00a0<\/p><p style=\"font-weight: 400;\">1. Todos los requisitos se deben adjuntar en un solo archivo PDF.<\/p><p style=\"font-weight: 400;\">2. Los pagos por transferencia deben ser validados en www.une.edu.pe M\u00f3dulo de validaci\u00f3n de pagos por transferencia.<\/p><p style=\"font-weight: 400;\"><strong>Canales de atenci\u00f3n: <\/strong><\/p><p style=\"font-weight: 400;\">Toda informaci\u00f3n sobre alguna observaci\u00f3n en su expediente se informar\u00e1 a trav\u00e9s de su intranet alumno.<\/p><p style=\"font-weight: 400;\">Celular, WhatsApp: 992 069 901 &#8211; Sr. R.Obreg\u00f3n (Si tiene dudas sobre los requisitos., Escribir por WhatsApp).<\/p><p style=\"font-weight: 400;\">Nota: Antes de llamar consultar primero en su INTRANET.<\/p>\t\t\t\t\t\t\t\t<\/div>\n\t\t\t\t<\/div>\n\t\t\t\t\t<\/div>\n\t\t<\/div>\n\t\t\t\t<div class=\"elementor-column elementor-col-33 elementor-top-column elementor-element elementor-element-4451aad\" data-id=\"4451aad\" data-element_type=\"column\" data-e-type=\"column\">\n\t\t\t<div class=\"elementor-widget-wrap elementor-element-populated\">\n\t\t\t\t\t\t<div class=\"elementor-element elementor-element-0cf191b elementor-widget elementor-widget-text-editor\" data-id=\"0cf191b\" data-element_type=\"widget\" data-e-type=\"widget\" data-widget_type=\"text-editor.default\">\n\t\t\t\t<div class=\"elementor-widget-container\">\n\t\t\t\t\t\t\t\t\t<p><a href=\"https:\/\/apps.une.net.pe\/mpvf\/vistas\/serviciosacad.php\" target=\"_blank\" rel=\"noopener\"><img decoding=\"async\" class=\"alignnone wp-image-773\" src=\"https:\/\/www.une.edu.pe\/registro-une\/wp-content\/uploads\/2022\/08\/Solicitar.png\" alt=\"\" width=\"124\" height=\"25\" srcset=\"https:\/\/www.une.edu.pe\/registro-une\/wp-content\/uploads\/2022\/08\/Solicitar.png 1200w, https:\/\/www.une.edu.pe\/registro-une\/wp-content\/uploads\/2022\/08\/Solicitar-300x60.png 300w, https:\/\/www.une.edu.pe\/registro-une\/wp-content\/uploads\/2022\/08\/Solicitar-1024x206.png 1024w, https:\/\/www.une.edu.pe\/registro-une\/wp-content\/uploads\/2022\/08\/Solicitar-768x154.png 768w, https:\/\/www.une.edu.pe\/registro-une\/wp-content\/uploads\/2022\/08\/Solicitar-880x177.png 880w\" sizes=\"(max-width: 124px) 100vw, 124px\" \/><\/a><\/p><p>\u00a0<\/p>\t\t\t\t\t\t\t\t<\/div>\n\t\t\t\t<\/div>\n\t\t\t\t\t<\/div>\n\t\t<\/div>\n\t\t\t\t\t<\/div>\n\t\t<\/section>\n\t\t\t\t<\/div>\n\t\t","protected":false},"excerpt":{"rendered":"<p>BACHILLER AUTOM\u00c1TICO PARA PREGRADO PRESENCIAL:\u00a0 Certificado de estudios original (si el tr\u00e1mite es virtual, adjuntar recibos para&#8230;<\/p>\n","protected":false},"author":1,"featured_media":0,"parent":0,"menu_order":0,"comment_status":"closed","ping_status":"closed","template":"elementor_header_footer","meta":{"footnotes":""},"class_list":["post-558","page","type-page","status-publish","hentry"],"_links":{"self":[{"href":"https:\/\/www.une.edu.pe\/registro-une\/wp-json\/wp\/v2\/pages\/558","targetHints":{"allow":["GET"]}}],"collection":[{"href":"https:\/\/www.une.edu.pe\/registro-une\/wp-json\/wp\/v2\/pages"}],"about":[{"href":"https:\/\/www.une.edu.pe\/registro-une\/wp-json\/wp\/v2\/types\/page"}],"author":[{"embeddable":true,"href":"https:\/\/www.une.edu.pe\/registro-une\/wp-json\/wp\/v2\/users\/1"}],"replies":[{"embeddable":true,"href":"https:\/\/www.une.edu.pe\/registro-une\/wp-json\/wp\/v2\/comments?post=558"}],"version-history":[{"count":93,"href":"https:\/\/www.une.edu.pe\/registro-une\/wp-json\/wp\/v2\/pages\/558\/revisions"}],"predecessor-version":[{"id":2624,"href":"https:\/\/www.une.edu.pe\/registro-une\/wp-json\/wp\/v2\/pages\/558\/revisions\/2624"}],"wp:attachment":[{"href":"https:\/\/www.une.edu.pe\/registro-une\/wp-json\/wp\/v2\/media?parent=558"}],"curies":[{"name":"wp","href":"https:\/\/api.w.org\/{rel}","templated":true}]}}