{"id":538,"date":"2022-08-25T11:53:35","date_gmt":"2022-08-25T16:53:35","guid":{"rendered":"https:\/\/www.une.edu.pe\/registro-une\/?page_id=538"},"modified":"2025-03-04T11:06:59","modified_gmt":"2025-03-04T16:06:59","slug":"certificado-de-estudios-promocional-por-segunda-vez","status":"publish","type":"page","link":"https:\/\/www.une.edu.pe\/registro-une\/certificado-de-estudios-promocional-por-segunda-vez\/","title":{"rendered":"CERTIFICADO DE ESTUDIOS PROMOCIONAL POR SEGUNDA VEZ"},"content":{"rendered":"\t\t<div data-elementor-type=\"wp-page\" data-elementor-id=\"538\" class=\"elementor elementor-538\">\n\t\t\t\t\t\t<section class=\"elementor-section elementor-top-section elementor-element elementor-element-e756d19 elementor-section-boxed elementor-section-height-default elementor-section-height-default\" data-id=\"e756d19\" data-element_type=\"section\" data-e-type=\"section\">\n\t\t\t\t\t\t<div class=\"elementor-container elementor-column-gap-default\">\n\t\t\t\t\t<div class=\"elementor-column elementor-col-33 elementor-top-column elementor-element elementor-element-fbdf897\" data-id=\"fbdf897\" data-element_type=\"column\" data-e-type=\"column\">\n\t\t\t<div class=\"elementor-widget-wrap elementor-element-populated\">\n\t\t\t\t\t\t<div class=\"elementor-element elementor-element-daf1eae elementor-widget elementor-widget-image\" data-id=\"daf1eae\" data-element_type=\"widget\" data-e-type=\"widget\" data-widget_type=\"image.default\">\n\t\t\t\t<div class=\"elementor-widget-container\">\n\t\t\t\t\t\t\t\t\t\t\t\t\t\t\t<img decoding=\"async\" width=\"85\" height=\"85\" src=\"https:\/\/www.une.edu.pe\/registro-une\/wp-content\/uploads\/2022\/08\/icono-1.png\" class=\"attachment-large size-large wp-image-502\" alt=\"\" \/>\t\t\t\t\t\t\t\t\t\t\t\t\t\t\t<\/div>\n\t\t\t\t<\/div>\n\t\t\t\t\t<\/div>\n\t\t<\/div>\n\t\t\t\t<div class=\"elementor-column elementor-col-33 elementor-top-column elementor-element elementor-element-639f60f\" data-id=\"639f60f\" data-element_type=\"column\" data-e-type=\"column\">\n\t\t\t<div class=\"elementor-widget-wrap elementor-element-populated\">\n\t\t\t\t\t\t<div class=\"elementor-element elementor-element-170f3a5 elementor-widget elementor-widget-text-editor\" data-id=\"170f3a5\" data-element_type=\"widget\" data-e-type=\"widget\" data-widget_type=\"text-editor.default\">\n\t\t\t\t<div class=\"elementor-widget-container\">\n\t\t\t\t\t\t\t\t\t<p><b>CERTIFICADO DE ESTUDIOS PROMOCIONAL POR SEGUNDA VEZ:\u00a0<\/b><\/p><p style=\"font-weight: 400;\">Este certificado de estudios promocional por segunda vez se emite cuando el estudiante ya tramit\u00f3 un certificado promocional anteriormente.<\/p><p style=\"font-weight: 400;\"><strong><u>Requisitos:<\/u><\/strong><\/p><ul><li>Una foto actual digital de estudio fotogr\u00e1fico en formato jpg (grabar jpg en min\u00fascula). Tama\u00f1o pasaporte, con fondo blanco. color: Varones saco y corbata, damas blusa y saco (saco oscuro, camisa o blusa color claro).. Cargar la foto en su INTRANET (<span style=\"color: #0000ff;\">www.une.edu.pe<\/span>, INTRANET\/Alumno). Si no cumplen con las especificaciones de este requisito, el tr\u00e1mite estar\u00e1 pendiente.<\/li><li>Pagos a realizar:<\/li><\/ul><p><img fetchpriority=\"high\" decoding=\"async\" class=\"alignnone size-full wp-image-2518\" src=\"http:\/\/www.une.edu.pe\/registro-une\/wp-content\/uploads\/2025\/03\/SegundaVez.jpg\" alt=\"\" width=\"937\" height=\"613\" srcset=\"https:\/\/www.une.edu.pe\/registro-une\/wp-content\/uploads\/2025\/03\/SegundaVez.jpg 937w, https:\/\/www.une.edu.pe\/registro-une\/wp-content\/uploads\/2025\/03\/SegundaVez-300x196.jpg 300w, https:\/\/www.une.edu.pe\/registro-une\/wp-content\/uploads\/2025\/03\/SegundaVez-768x502.jpg 768w, https:\/\/www.une.edu.pe\/registro-une\/wp-content\/uploads\/2025\/03\/SegundaVez-880x576.jpg 880w\" sizes=\"(max-width: 937px) 100vw, 937px\" \/><\/p><p>\u00a0<\/p><p style=\"font-weight: 400;\"><strong>Nota:<\/strong>\u00a0<\/p><p style=\"font-weight: 400;\">1. Todos los requisitos se deben adjuntar en un solo archivo PDF.<\/p><p style=\"font-weight: 400;\">2. Los pagos por transferencia deben ser validados en www.une.edu.pe M\u00f3dulo de validaci\u00f3n de pagos por transferencia.<\/p><p style=\"font-weight: 400;\"><span style=\"text-decoration: underline;\"><strong>Canales de atenci\u00f3n: <\/strong><\/span><\/p><p style=\"font-weight: 400;\">Toda informaci\u00f3n sobre alguna observaci\u00f3n en su expediente se informar\u00e1 a trav\u00e9s de su intranet alumno.<\/p><p style=\"font-weight: 400;\">Celular, WhatsApp: 992 069 901-Sr. R.Obreg\u00f3n (Si tiene dudas sobre los requisitos. Escribir por WhatsApp).<\/p><p style=\"font-weight: 400;\">Nota: Antes de llamar consultar primero en su INTRANET.<\/p>\t\t\t\t\t\t\t\t<\/div>\n\t\t\t\t<\/div>\n\t\t\t\t\t<\/div>\n\t\t<\/div>\n\t\t\t\t<div class=\"elementor-column elementor-col-33 elementor-top-column elementor-element elementor-element-66f2c9d\" data-id=\"66f2c9d\" data-element_type=\"column\" data-e-type=\"column\">\n\t\t\t<div class=\"elementor-widget-wrap elementor-element-populated\">\n\t\t\t\t\t\t<div class=\"elementor-element elementor-element-9afdb4a elementor-widget elementor-widget-text-editor\" data-id=\"9afdb4a\" data-element_type=\"widget\" data-e-type=\"widget\" data-widget_type=\"text-editor.default\">\n\t\t\t\t<div class=\"elementor-widget-container\">\n\t\t\t\t\t\t\t\t\t<p><a href=\"https:\/\/apps.une.net.pe\/mpvf\/vistas\/serviciosacad.php\" target=\"_blank\" rel=\"noopener\"><img decoding=\"async\" class=\"alignnone wp-image-773\" src=\"https:\/\/www.une.edu.pe\/registro-une\/wp-content\/uploads\/2022\/08\/Solicitar.png\" alt=\"\" width=\"124\" height=\"25\" srcset=\"https:\/\/www.une.edu.pe\/registro-une\/wp-content\/uploads\/2022\/08\/Solicitar.png 1200w, https:\/\/www.une.edu.pe\/registro-une\/wp-content\/uploads\/2022\/08\/Solicitar-300x60.png 300w, https:\/\/www.une.edu.pe\/registro-une\/wp-content\/uploads\/2022\/08\/Solicitar-1024x206.png 1024w, https:\/\/www.une.edu.pe\/registro-une\/wp-content\/uploads\/2022\/08\/Solicitar-768x154.png 768w, https:\/\/www.une.edu.pe\/registro-une\/wp-content\/uploads\/2022\/08\/Solicitar-880x177.png 880w\" sizes=\"(max-width: 124px) 100vw, 124px\" \/><\/a><\/p>\t\t\t\t\t\t\t\t<\/div>\n\t\t\t\t<\/div>\n\t\t\t\t\t<\/div>\n\t\t<\/div>\n\t\t\t\t\t<\/div>\n\t\t<\/section>\n\t\t\t\t<\/div>\n\t\t","protected":false},"excerpt":{"rendered":"<p>CERTIFICADO DE ESTUDIOS PROMOCIONAL POR SEGUNDA VEZ:\u00a0 Este certificado de estudios promocional por segunda vez se emite&#8230;<\/p>\n","protected":false},"author":1,"featured_media":0,"parent":0,"menu_order":0,"comment_status":"closed","ping_status":"closed","template":"elementor_header_footer","meta":{"footnotes":""},"class_list":["post-538","page","type-page","status-publish","hentry"],"_links":{"self":[{"href":"https:\/\/www.une.edu.pe\/registro-une\/wp-json\/wp\/v2\/pages\/538","targetHints":{"allow":["GET"]}}],"collection":[{"href":"https:\/\/www.une.edu.pe\/registro-une\/wp-json\/wp\/v2\/pages"}],"about":[{"href":"https:\/\/www.une.edu.pe\/registro-une\/wp-json\/wp\/v2\/types\/page"}],"author":[{"embeddable":true,"href":"https:\/\/www.une.edu.pe\/registro-une\/wp-json\/wp\/v2\/users\/1"}],"replies":[{"embeddable":true,"href":"https:\/\/www.une.edu.pe\/registro-une\/wp-json\/wp\/v2\/comments?post=538"}],"version-history":[{"count":40,"href":"https:\/\/www.une.edu.pe\/registro-une\/wp-json\/wp\/v2\/pages\/538\/revisions"}],"predecessor-version":[{"id":2524,"href":"https:\/\/www.une.edu.pe\/registro-une\/wp-json\/wp\/v2\/pages\/538\/revisions\/2524"}],"wp:attachment":[{"href":"https:\/\/www.une.edu.pe\/registro-une\/wp-json\/wp\/v2\/media?parent=538"}],"curies":[{"name":"wp","href":"https:\/\/api.w.org\/{rel}","templated":true}]}}