{"id":510,"date":"2022-08-25T11:18:23","date_gmt":"2022-08-25T16:18:23","guid":{"rendered":"https:\/\/www.une.edu.pe\/registro-une\/?page_id=510"},"modified":"2025-03-04T11:38:38","modified_gmt":"2025-03-04T16:38:38","slug":"certificado-de-estudios-promocional-que-no-sea-para-el-bachiller-automatico","status":"publish","type":"page","link":"https:\/\/www.une.edu.pe\/registro-une\/certificado-de-estudios-promocional-que-no-sea-para-el-bachiller-automatico\/","title":{"rendered":"CERTIFICADO DE ESTUDIOS PROMOCIONAL QUE NO SEA PARA EL BACHILLER AUTOM\u00c1TICO"},"content":{"rendered":"\t\t<div data-elementor-type=\"wp-page\" data-elementor-id=\"510\" class=\"elementor elementor-510\">\n\t\t\t\t\t\t<section class=\"elementor-section elementor-top-section elementor-element elementor-element-ce528db elementor-section-boxed elementor-section-height-default elementor-section-height-default\" data-id=\"ce528db\" data-element_type=\"section\" data-e-type=\"section\">\n\t\t\t\t\t\t<div class=\"elementor-container elementor-column-gap-default\">\n\t\t\t\t\t<div class=\"elementor-column elementor-col-33 elementor-top-column elementor-element elementor-element-860aada\" data-id=\"860aada\" data-element_type=\"column\" data-e-type=\"column\">\n\t\t\t<div class=\"elementor-widget-wrap elementor-element-populated\">\n\t\t\t\t\t\t<div class=\"elementor-element elementor-element-95b5894 elementor-widget elementor-widget-image\" data-id=\"95b5894\" data-element_type=\"widget\" data-e-type=\"widget\" data-widget_type=\"image.default\">\n\t\t\t\t<div class=\"elementor-widget-container\">\n\t\t\t\t\t\t\t\t\t\t\t\t\t\t\t<img decoding=\"async\" width=\"85\" height=\"85\" src=\"https:\/\/www.une.edu.pe\/registro-une\/wp-content\/uploads\/2022\/08\/icono-1.png\" class=\"attachment-large size-large wp-image-502\" alt=\"\" \/>\t\t\t\t\t\t\t\t\t\t\t\t\t\t\t<\/div>\n\t\t\t\t<\/div>\n\t\t\t\t\t<\/div>\n\t\t<\/div>\n\t\t\t\t<div class=\"elementor-column elementor-col-33 elementor-top-column elementor-element elementor-element-860b6f9\" data-id=\"860b6f9\" data-element_type=\"column\" data-e-type=\"column\">\n\t\t\t<div class=\"elementor-widget-wrap elementor-element-populated\">\n\t\t\t\t\t\t<div class=\"elementor-element elementor-element-42ac25d elementor-widget elementor-widget-text-editor\" data-id=\"42ac25d\" data-element_type=\"widget\" data-e-type=\"widget\" data-widget_type=\"text-editor.default\">\n\t\t\t\t<div class=\"elementor-widget-container\">\n\t\t\t\t\t\t\t\t\t<p style=\"font-weight: 400;\"><b>CERTIFICADO DE ESTUDIOS PROMOCIONAL POR PRIMERA VEZ:<\/b><\/p><p style=\"font-weight: 400;\">Este certificado se emite cuando el estudiante ya egres\u00f3: Si solicita por 1ra. vez debe seguir este procedimiento.<\/p><p style=\"font-weight: 400;\"><strong><u>Requisitos:<\/u><\/strong><\/p><ul><li>Declaraci\u00f3n Jurada de ratificaci\u00f3n de datos de acuerdo al DNI vigente<\/li><li>Una foto actual digital de estudio fotogr\u00e1fico en formato jpg (grabar jpg en min\u00fascula). Tama\u00f1o pasaporte, con fondo blanco. color: Varones saco y corbata, damas blusa y saco (saco oscuro, camisa o blusa color claro). Cargar la foto en su INTRANET (<span style=\"color: #0000ff;\">www.une.edu.pe<\/span>, INTRANET\/Alumno). Si no cumplen con las especificaciones de este requisito, el tr\u00e1mite estar\u00e1 pendiente.<\/li><\/ul><p style=\"font-weight: 400;\">Ej.:<\/p><p><img decoding=\"async\" class=\"alignnone wp-image-516\" src=\"https:\/\/www.une.edu.pe\/registro-une\/wp-content\/uploads\/2022\/08\/fotos.png\" alt=\"\" width=\"258\" height=\"141\" srcset=\"https:\/\/www.une.edu.pe\/registro-une\/wp-content\/uploads\/2022\/08\/fotos.png 443w, https:\/\/www.une.edu.pe\/registro-une\/wp-content\/uploads\/2022\/08\/fotos-300x164.png 300w\" sizes=\"(max-width: 258px) 100vw, 258px\" \/><\/p><ul><li style=\"font-weight: 400;\"><strong>Pagos a realizar:<\/strong><\/li><\/ul><p style=\"font-weight: 400;\"><strong>Nota:<\/strong> Verifique la cantidad de ciclos que estudi\u00f3:<\/p><p style=\"font-weight: 400;\"><span style=\"color: #333333;\">INTRANET ALUMNO -&gt; ACAD\u00c9MICA -&gt; R\u00c9CORD ACAD\u00c9MICO.<\/span><\/p><p><img fetchpriority=\"high\" decoding=\"async\" class=\"alignnone size-full wp-image-2550\" src=\"http:\/\/www.une.edu.pe\/registro-une\/wp-content\/uploads\/2025\/03\/Promocional1eravez_1.jpg\" alt=\"\" width=\"772\" height=\"504\" srcset=\"https:\/\/www.une.edu.pe\/registro-une\/wp-content\/uploads\/2025\/03\/Promocional1eravez_1.jpg 772w, https:\/\/www.une.edu.pe\/registro-une\/wp-content\/uploads\/2025\/03\/Promocional1eravez_1-300x196.jpg 300w, https:\/\/www.une.edu.pe\/registro-une\/wp-content\/uploads\/2025\/03\/Promocional1eravez_1-768x501.jpg 768w\" sizes=\"(max-width: 772px) 100vw, 772px\" \/><\/p><p><img loading=\"lazy\" decoding=\"async\" class=\"alignnone size-full wp-image-2551\" src=\"http:\/\/www.une.edu.pe\/registro-une\/wp-content\/uploads\/2025\/03\/Promocionla1eravez_2.jpg\" alt=\"\" width=\"772\" height=\"766\" srcset=\"https:\/\/www.une.edu.pe\/registro-une\/wp-content\/uploads\/2025\/03\/Promocionla1eravez_2.jpg 772w, https:\/\/www.une.edu.pe\/registro-une\/wp-content\/uploads\/2025\/03\/Promocionla1eravez_2-300x298.jpg 300w, https:\/\/www.une.edu.pe\/registro-une\/wp-content\/uploads\/2025\/03\/Promocionla1eravez_2-150x150.jpg 150w, https:\/\/www.une.edu.pe\/registro-une\/wp-content\/uploads\/2025\/03\/Promocionla1eravez_2-768x762.jpg 768w\" sizes=\"(max-width: 772px) 100vw, 772px\" \/><\/p><p>\u00a0<\/p><p style=\"font-weight: 400;\"><strong>Nota:<\/strong>\u00a0<\/p><p style=\"font-weight: 400;\">1. Todos los requisitos se deben adjuntar en un solo archivo PDF.<\/p><p style=\"font-weight: 400;\">2. <span style=\"color: #ff0000;\">Los pagos por transferencia deben ser validados en www.une.edu.pe M\u00f3dulo de validaci\u00f3n de pagos por transferencia. <\/span><\/p><p style=\"font-weight: 400;\"><span style=\"text-decoration: underline;\"><strong>Canales de atenci\u00f3n: <\/strong><\/span><\/p><p style=\"font-weight: 400;\">Toda informaci\u00f3n sobre alguna observaci\u00f3n en su expediente se informar\u00e1 a trav\u00e9s de su intranet alumno.<\/p><p style=\"font-weight: 400;\">Celular, WhatsApp: 992 069 901 &#8211; Sr. R.Obreg\u00f3n (Si tiene dudas sobre los requisitos. Escribir por WhatsApp).<\/p><p style=\"font-weight: 400;\">Nota: Antes de llamar consultar primero en su INTRANET.<\/p>\t\t\t\t\t\t\t\t<\/div>\n\t\t\t\t<\/div>\n\t\t\t\t\t<\/div>\n\t\t<\/div>\n\t\t\t\t<div class=\"elementor-column elementor-col-33 elementor-top-column elementor-element elementor-element-636cde3\" data-id=\"636cde3\" data-element_type=\"column\" data-e-type=\"column\">\n\t\t\t<div class=\"elementor-widget-wrap elementor-element-populated\">\n\t\t\t\t\t\t<div class=\"elementor-element elementor-element-7c087d7 elementor-widget elementor-widget-text-editor\" data-id=\"7c087d7\" data-element_type=\"widget\" data-e-type=\"widget\" data-widget_type=\"text-editor.default\">\n\t\t\t\t<div class=\"elementor-widget-container\">\n\t\t\t\t\t\t\t\t\t<p><a href=\"https:\/\/apps.une.net.pe\/mpvf\/vistas\/serviciosacad.php\" target=\"_blank\" rel=\"noopener\"><img loading=\"lazy\" decoding=\"async\" class=\"alignnone wp-image-773\" src=\"https:\/\/www.une.edu.pe\/registro-une\/wp-content\/uploads\/2022\/08\/Solicitar.png\" alt=\"\" width=\"124\" height=\"25\" srcset=\"https:\/\/www.une.edu.pe\/registro-une\/wp-content\/uploads\/2022\/08\/Solicitar.png 1200w, https:\/\/www.une.edu.pe\/registro-une\/wp-content\/uploads\/2022\/08\/Solicitar-300x60.png 300w, https:\/\/www.une.edu.pe\/registro-une\/wp-content\/uploads\/2022\/08\/Solicitar-1024x206.png 1024w, https:\/\/www.une.edu.pe\/registro-une\/wp-content\/uploads\/2022\/08\/Solicitar-768x154.png 768w, https:\/\/www.une.edu.pe\/registro-une\/wp-content\/uploads\/2022\/08\/Solicitar-880x177.png 880w\" sizes=\"(max-width: 124px) 100vw, 124px\" \/><\/a><\/p>\t\t\t\t\t\t\t\t<\/div>\n\t\t\t\t<\/div>\n\t\t\t\t\t<\/div>\n\t\t<\/div>\n\t\t\t\t\t<\/div>\n\t\t<\/section>\n\t\t\t\t<\/div>\n\t\t","protected":false},"excerpt":{"rendered":"<p>CERTIFICADO DE ESTUDIOS PROMOCIONAL POR PRIMERA VEZ: Este certificado se emite cuando el estudiante ya egres\u00f3: Si&#8230;<\/p>\n","protected":false},"author":1,"featured_media":0,"parent":0,"menu_order":0,"comment_status":"closed","ping_status":"closed","template":"elementor_header_footer","meta":{"footnotes":""},"class_list":["post-510","page","type-page","status-publish","hentry"],"_links":{"self":[{"href":"https:\/\/www.une.edu.pe\/registro-une\/wp-json\/wp\/v2\/pages\/510","targetHints":{"allow":["GET"]}}],"collection":[{"href":"https:\/\/www.une.edu.pe\/registro-une\/wp-json\/wp\/v2\/pages"}],"about":[{"href":"https:\/\/www.une.edu.pe\/registro-une\/wp-json\/wp\/v2\/types\/page"}],"author":[{"embeddable":true,"href":"https:\/\/www.une.edu.pe\/registro-une\/wp-json\/wp\/v2\/users\/1"}],"replies":[{"embeddable":true,"href":"https:\/\/www.une.edu.pe\/registro-une\/wp-json\/wp\/v2\/comments?post=510"}],"version-history":[{"count":137,"href":"https:\/\/www.une.edu.pe\/registro-une\/wp-json\/wp\/v2\/pages\/510\/revisions"}],"predecessor-version":[{"id":2563,"href":"https:\/\/www.une.edu.pe\/registro-une\/wp-json\/wp\/v2\/pages\/510\/revisions\/2563"}],"wp:attachment":[{"href":"https:\/\/www.une.edu.pe\/registro-une\/wp-json\/wp\/v2\/media?parent=510"}],"curies":[{"name":"wp","href":"https:\/\/api.w.org\/{rel}","templated":true}]}}